{"id":11592,"date":"2025-06-27T14:45:13","date_gmt":"2025-06-27T12:45:13","guid":{"rendered":"https:\/\/www.cailabs.com\/?page_id=11592"},"modified":"2025-11-06T09:29:55","modified_gmt":"2025-11-06T08:29:55","slug":"communications-gouvernementales","status":"publish","type":"page","link":"https:\/\/www.cailabs.com\/fr\/aerospatial-defense\/communications-laser\/communications-gouvernementales\/","title":{"rendered":"Communications gouvernementales"},"content":{"rendered":"\n<div class=\"wp-block-group is-layout-constrained wp-block-group-is-layout-constrained\">\n<h1 class=\"wp-block-heading has-text-align-center\">Communications gouvernementales<\/h1>\n<\/div>\n\n\n\n<div class=\"wp-block-cover alignfull is-light\"><span aria-hidden=\"true\" class=\"wp-block-cover__background has-background-dim\" style=\"background-color:#a08c81\"><\/span><img loading=\"lazy\" decoding=\"async\" width=\"2560\" height=\"917\" src=\"https:\/\/www.cailabs.com\/app\/uploads\/2025\/06\/communications-gouvernementales_adobestock_492063435-2960x917-1.jpg\" class=\"wp-block-cover__image-background wp-post-image\" alt=\"Government communications\" data-object-fit=\"cover\" srcset=\"https:\/\/www.cailabs.com\/app\/uploads\/2025\/06\/communications-gouvernementales_adobestock_492063435-2960x917-1.jpg 2560w, https:\/\/www.cailabs.com\/app\/uploads\/2025\/06\/communications-gouvernementales_adobestock_492063435-2960x917-1-300x107.jpg 300w, https:\/\/www.cailabs.com\/app\/uploads\/2025\/06\/communications-gouvernementales_adobestock_492063435-2960x917-1-1024x367.jpg 1024w, https:\/\/www.cailabs.com\/app\/uploads\/2025\/06\/communications-gouvernementales_adobestock_492063435-2960x917-1-768x275.jpg 768w, https:\/\/www.cailabs.com\/app\/uploads\/2025\/06\/communications-gouvernementales_adobestock_492063435-2960x917-1-1536x550.jpg 1536w, https:\/\/www.cailabs.com\/app\/uploads\/2025\/06\/communications-gouvernementales_adobestock_492063435-2960x917-1-2048x734.jpg 2048w\" sizes=\"auto, (max-width: 2560px) 100vw, 2560px\" \/><div class=\"wp-block-cover__inner-container is-layout-constrained wp-block-cover-is-layout-constrained\">\n<p class=\"has-text-align-center has-blanc-color has-text-color has-link-color has-large-font-size wp-elements-8349413509f9ee083e6fba346acd275a\"><strong>Communications optiques : une solution souveraine pour les institutions de l\u2019\u00c9tat<\/strong><\/p>\n<\/div><\/div>\n\n\n\n<h2 class=\"wp-block-heading has-h-5-font-size\">Enjeux sp\u00e9cifiques aux communications gouvernementales<\/h2>\n\n\n\n<p>Dans les sph\u00e8res de la gouvernance nationale, du renseignement int\u00e9rieur et des affaires \u00e9trang\u00e8res, les communications institutionnelles jouent un r\u00f4le central dans la pr\u00e9servation de la stabilit\u00e9 et de la souverainet\u00e9 de l\u2019\u00c9tat. Par leur nature, ces \u00e9changes sont \u00e0 la fois critiques, confidentiels, strat\u00e9giques et juridiquement non-r\u00e9pudiables. Ils v\u00e9hiculent des donn\u00e9es classifi\u00e9es, des d\u00e9cisions ex\u00e9cutives sensibles, ou encore des messages diplomatiques n\u00e9cessitant un niveau \u00e9lev\u00e9 d\u2019authentification, d\u2019int\u00e9grit\u00e9 et de tra\u00e7abilit\u00e9.<\/p>\n\n\n\n<p><br>Lorsque surviennent des situations de crise, qu&rsquo;elles soient d&rsquo;origine g\u00e9opolitique, cyber ou technologique, la continuit\u00e9 des communications souveraines devient un imp\u00e9ratif op\u00e9rationnel. Elle repose avant tout sur la redondance des moyens de communication, garante de r\u00e9silience et de disponibilit\u00e9. Assurer des liaisons s\u00e9curis\u00e9es et robustes entre minist\u00e8res, services de renseignement et repr\u00e9sentations diplomatiques, sans d\u00e9pendance aux r\u00e9seaux publics ni aux syst\u00e8mes radiofr\u00e9quence vuln\u00e9rables, constitue un facteur d\u00e9terminant de la r\u00e9silience de l\u2019action publique. Cette exigence appelle des infrastructures de communication autonomes, hautement s\u00e9curis\u00e9es et inviolables, adapt\u00e9es aux enjeux contemporains de cybers\u00e9curit\u00e9 et de souverainet\u00e9 informationnelle.<\/p>\n\n\n\n<h2 class=\"wp-block-heading has-h-5-font-size\">TILBA\u00ae-LOS : une solution Cailabs<\/h2>\n\n\n\n<p><a href=\"https:\/\/www.cailabs.com\/fr\/aerospatial-defense\/communications-laser\/terminaux-de-liaisons-optiques-point-a-point\/\">TILBA\u00ae-LOS<\/a> est un syst\u00e8me de liaison de donn\u00e9es optique en espace libre, d\u00e9velopp\u00e9 par Cailabs. Il \u00e9tablit une liaison point-\u00e0-point hautement s\u00e9curis\u00e9e entre deux entit\u00e9s disposant d\u2019une ligne de vue, sans \u00e9mission radio ni d\u00e9pendance au spectre RF.<\/p>\n\n\n\n<h2 class=\"wp-block-heading has-h-5-font-size\">Applications concr\u00e8tes de TILBA\u00ae-LOS pour les communications souveraines<\/h2>\n\n\n\n<ul class=\"wp-block-list\">\n<li>Connexion ultra-s\u00e9curis\u00e9e entre sites d\u2019Etat<\/li>\n\n\n\n<li>Continuit\u00e9 gouvernementale en situation de crise<\/li>\n\n\n\n<li>Communications temporaires lors d\u2019\u00e9v\u00e9nements sensibles<\/li>\n\n\n\n<li>Liaison permanente entre entit\u00e9s institutionnelles sensibles<\/li>\n<\/ul>\n\n\n\n<div class=\"wp-block-buttons is-layout-flex wp-block-buttons-is-layout-flex\">\n<div class=\"wp-block-button\"><a class=\"wp-block-button__link wp-element-button\" href=\"https:\/\/www.calameo.com\/read\/007571876fe72879d7588\" target=\"_blank\" rel=\"noreferrer noopener\">T\u00e9l\u00e9charger l&rsquo;application en pdf<\/a><\/div>\n<\/div>\n\n\n<section class=\"acf slider-dapplications aligncenter is-style-centered wp-block-acf-slider-dapplications\" id=\"block_5ef7600072efa443e4a25262692af08c\">\n\t<div class=\"container container__large\">\n\t\t\t\t\t<h2>Nos autres applications<\/h2>\n\t\t\t\t\t\t\t<div class=\"slider-dapplications__applications swiper\">\n\t\t\t\t<div class=\"swiper-wrapper\">\n\t\t\t\t\t\t\t\t\t\t\t\t\t\t\t\t\t\t<a href=\"https:\/\/www.cailabs.com\/fr\/aerospatial-defense\/communications-laser\/communications-laser-line-of-sight-civiles\/\" class=\"slider-dapplications__application swiper-slide\">\n\t\t\t\t\t\t\t\t<strong class=\"slider-dapplications__application_title\">Communications laser point \u00e0 point civiles<\/strong>\n\t\t\t\t\t\t\t\t<div class=\"slider-dapplications__application_img\">\n\t\t\t\t\t\t\t\t\t<picture>\n\t\t\t\t\t\t\t\t\t\t<source type=\"image\/webp\" srcset=\"https:\/\/www.cailabs.com\/app\/uploads\/2024\/02\/communication-laser-line-of-sight-civiles-1150x500-1-350x500-c-1.webp, https:\/\/www.cailabs.com\/app\/uploads\/2024\/02\/communication-laser-line-of-sight-civiles-1150x500-1-350x500-c-1@2x.webp 2x\">\n\t\t\t\t\t\t\t\t\t\t<source type=\"image\/jpeg\" srcset=\"https:\/\/www.cailabs.com\/app\/uploads\/2024\/02\/communication-laser-line-of-sight-civiles-1150x500-1-350x500-c-1.jpg, https:\/\/www.cailabs.com\/app\/uploads\/2024\/02\/communication-laser-line-of-sight-civiles-1150x500-1-350x500-c-1@2x.jpg 2x\">\n\t\t\t\t\t\t\t\t\t\t<img decoding=\"async\" loading=\"lazy\" src=\"https:\/\/www.cailabs.com\/app\/uploads\/2024\/02\/communication-laser-line-of-sight-civiles-1150x500-1-350x500-c-1.jpg\" alt=\"Communications laser Line-of-Sight civiles\" width=\"320\" height=\"430\"\/>\n\t\t\t\t\t\t\t\t\t<\/picture>\n\t\t\t\t\t\t\t\t<\/div>\n\t\t\t\t\t\t\t<\/a>\n\t\t\t\t\t\t\t\t\t\t\t\t\t\t\t\t\t\t\t\t\t\t\t\t<a href=\"https:\/\/www.cailabs.com\/fr\/aerospatial-defense\/communications-laser\/communications-militaires-terrestres\/\" class=\"slider-dapplications__application swiper-slide\">\n\t\t\t\t\t\t\t\t<strong class=\"slider-dapplications__application_title\">Communications militaires terrestres <\/strong>\n\t\t\t\t\t\t\t\t<div class=\"slider-dapplications__application_img\">\n\t\t\t\t\t\t\t\t\t<picture>\n\t\t\t\t\t\t\t\t\t\t<source type=\"image\/webp\" srcset=\"https:\/\/www.cailabs.com\/app\/uploads\/2025\/06\/communications-militaires-terrestres-2560x917-1-350x500-c-1.webp, https:\/\/www.cailabs.com\/app\/uploads\/2025\/06\/communications-militaires-terrestres-2560x917-1-350x500-c-1@2x.webp 2x\">\n\t\t\t\t\t\t\t\t\t\t<source type=\"image\/jpeg\" srcset=\"https:\/\/www.cailabs.com\/app\/uploads\/2025\/06\/communications-militaires-terrestres-2560x917-1-350x500-c-1.jpg, https:\/\/www.cailabs.com\/app\/uploads\/2025\/06\/communications-militaires-terrestres-2560x917-1-350x500-c-1@2x.jpg 2x\">\n\t\t\t\t\t\t\t\t\t\t<img decoding=\"async\" loading=\"lazy\" src=\"https:\/\/www.cailabs.com\/app\/uploads\/2025\/06\/communications-militaires-terrestres-2560x917-1-350x500-c-1.jpg\" alt=\"Communications militaires terrestres\" width=\"320\" height=\"430\"\/>\n\t\t\t\t\t\t\t\t\t<\/picture>\n\t\t\t\t\t\t\t\t<\/div>\n\t\t\t\t\t\t\t<\/a>\n\t\t\t\t\t\t\t\t\t\t\t\t\t\t\t\t\t\t\t\t\t\t\t\t<a href=\"https:\/\/www.cailabs.com\/fr\/aerospatial-defense\/communications-laser\/communications-en-operations-navales\/\" class=\"slider-dapplications__application swiper-slide\">\n\t\t\t\t\t\t\t\t<strong class=\"slider-dapplications__application_title\">Communications en op\u00e9rations navales<\/strong>\n\t\t\t\t\t\t\t\t<div class=\"slider-dapplications__application_img\">\n\t\t\t\t\t\t\t\t\t<picture>\n\t\t\t\t\t\t\t\t\t\t<source type=\"image\/webp\" srcset=\"https:\/\/www.cailabs.com\/app\/uploads\/2025\/06\/communications-en-operations-navales-2560x917-1-350x500-c-1.webp, https:\/\/www.cailabs.com\/app\/uploads\/2025\/06\/communications-en-operations-navales-2560x917-1-350x500-c-1@2x.webp 2x\">\n\t\t\t\t\t\t\t\t\t\t<source type=\"image\/jpeg\" srcset=\"https:\/\/www.cailabs.com\/app\/uploads\/2025\/06\/communications-en-operations-navales-2560x917-1-350x500-c-1.jpg, https:\/\/www.cailabs.com\/app\/uploads\/2025\/06\/communications-en-operations-navales-2560x917-1-350x500-c-1@2x.jpg 2x\">\n\t\t\t\t\t\t\t\t\t\t<img decoding=\"async\" loading=\"lazy\" src=\"https:\/\/www.cailabs.com\/app\/uploads\/2025\/06\/communications-en-operations-navales-2560x917-1-350x500-c-1.jpg\" alt=\"Communications en op\u00e9rations navales\" width=\"320\" height=\"430\"\/>\n\t\t\t\t\t\t\t\t\t<\/picture>\n\t\t\t\t\t\t\t\t<\/div>\n\t\t\t\t\t\t\t<\/a>\n\t\t\t\t\t\t\t\t\t\t\t\t\t\t\t<\/div>\n\t\t\t\t<div class=\"swiper-pagination\"><\/div>\n\t\t\t<\/div>\n\t\t\t<\/div>\n<\/section>\n\n<section class=\"acf bandeau-avec-bouton align wp-block-acf-bandeau-avec-bouton\" id=\"block_163f7c1b1a72503fa3050ed38731126e\">\n\t<div class=\"container\">\n\t\t\t\t\t<h2>Prenez contact avec Cailabs<\/h2>\n\t\t\t\t\t\t\t<div class=\"txt\"><p>Vous souhaitez en apprendre plus sur l\u2019une de nos solutions ?<\/p>\n<\/div>\n\t\t\t\t\t\t\t<a href=\"https:\/\/www.cailabs.com\/fr\/contact\/\" target=\"_blank\" class=\"btn btn__outline\">Contactez nous !<\/a>\n\t\t\t<\/div>\n\t\t\t<div class=\"bandeau-avec-bouton__bg\">\n\t\t\t<picture>\n\t\t\t\t<source type=\"image\/webp\" srcset=\"https:\/\/www.cailabs.com\/app\/uploads\/2024\/11\/bandeau-contact-us-aerospace-defense-2-1920x600-1.webp, https:\/\/www.cailabs.com\/app\/uploads\/2024\/11\/bandeau-contact-us-aerospace-defense-2-1920x600-1@2x.webp 2x\">\n\t\t\t\t<source type=\"image\/jpeg\" srcset=\"https:\/\/www.cailabs.com\/app\/uploads\/2024\/11\/bandeau-contact-us-aerospace-defense-2-1920x600-1.jpg, https:\/\/www.cailabs.com\/app\/uploads\/2024\/11\/bandeau-contact-us-aerospace-defense-2-1920x600-1@2x.jpg 2x\">\n\t\t\t\t<img decoding=\"async\" loading=\"lazy\" src=\"https:\/\/www.cailabs.com\/app\/uploads\/2024\/11\/bandeau-contact-us-aerospace-defense-2-1920x600-1.jpg\" alt=\"Contact Us\" width=\"1920\" height=\"600\"\/>\n\t\t\t<\/picture>\n\t\t<\/div>\n\t<\/section>","protected":false},"excerpt":{"rendered":"<p>Communications gouvernementales Enjeux sp\u00e9cifiques aux communications gouvernementales Dans les sph\u00e8res de la gouvernance nationale, du renseignement int\u00e9rieur et des affaires \u00e9trang\u00e8res, les communications institutionnelles jouent un r\u00f4le central dans la pr\u00e9servation de la stabilit\u00e9 et de la souverainet\u00e9 de l\u2019\u00c9tat. Par leur nature, ces \u00e9changes sont \u00e0 la fois critiques, confidentiels, strat\u00e9giques et juridiquement non-r\u00e9pudiables. [&hellip;]<\/p>\n","protected":false},"author":2,"featured_media":11598,"parent":2615,"menu_order":0,"comment_status":"closed","ping_status":"closed","template":"","meta":{"_acf_changed":false,"content-type":"","_schema_org_content_json":"","footnotes":""},"class_list":["post-11592","page","type-page","status-publish","has-post-thumbnail","hentry"],"acf":[],"yoast_head":"<!-- This site is optimized with the Yoast SEO plugin v27.3 - https:\/\/yoast.com\/product\/yoast-seo-wordpress\/ -->\n<title>Application | Communications gouvernementales<\/title>\n<meta name=\"description\" content=\"TILBA\u00ae-LOS de Cailabs permet des communications souveraines, ultra-s\u00e9curis\u00e9es et sans RF entre minist\u00e8res, ambassades et services de renseignement.\" \/>\n<meta name=\"robots\" content=\"index, follow, max-snippet:-1, max-image-preview:large, max-video-preview:-1\" \/>\n<link rel=\"canonical\" href=\"https:\/\/www.cailabs.com\/fr\/aerospatial-defense\/communications-laser\/communications-gouvernementales\/\" \/>\n<meta property=\"og:locale\" content=\"fr_FR\" \/>\n<meta property=\"og:type\" content=\"article\" \/>\n<meta property=\"og:title\" content=\"Application | Communications gouvernementales\" \/>\n<meta property=\"og:description\" content=\"TILBA\u00ae-LOS de Cailabs permet des communications souveraines, ultra-s\u00e9curis\u00e9es et sans RF entre minist\u00e8res, ambassades et services de renseignement.\" \/>\n<meta property=\"og:url\" content=\"https:\/\/www.cailabs.com\/fr\/aerospatial-defense\/communications-laser\/communications-gouvernementales\/\" \/>\n<meta property=\"og:site_name\" content=\"Cailabs\" \/>\n<meta property=\"article:modified_time\" content=\"2025-11-06T08:29:55+00:00\" \/>\n<meta property=\"og:image\" content=\"https:\/\/www.cailabs.com\/app\/uploads\/2025\/06\/communications-gouvernementales_adobestock_492063435-2960x917-1.jpg\" \/>\n\t<meta property=\"og:image:width\" content=\"2560\" \/>\n\t<meta property=\"og:image:height\" content=\"917\" \/>\n\t<meta property=\"og:image:type\" content=\"image\/jpeg\" \/>\n<meta name=\"twitter:card\" content=\"summary_large_image\" \/>\n<meta name=\"twitter:label1\" content=\"Dur\u00e9e de lecture estim\u00e9e\" \/>\n\t<meta name=\"twitter:data1\" content=\"2 minutes\" \/>\n<script type=\"application\/ld+json\" class=\"yoast-schema-graph\">{\"@context\":\"https:\\\/\\\/schema.org\",\"@graph\":[{\"@type\":\"WebPage\",\"@id\":\"https:\\\/\\\/www.cailabs.com\\\/fr\\\/aerospatial-defense\\\/communications-laser\\\/communications-gouvernementales\\\/\",\"url\":\"https:\\\/\\\/www.cailabs.com\\\/fr\\\/aerospatial-defense\\\/communications-laser\\\/communications-gouvernementales\\\/\",\"name\":\"Application | Communications gouvernementales\",\"isPartOf\":{\"@id\":\"https:\\\/\\\/www.cailabs.com\\\/fr\\\/#website\"},\"primaryImageOfPage\":{\"@id\":\"https:\\\/\\\/www.cailabs.com\\\/fr\\\/aerospatial-defense\\\/communications-laser\\\/communications-gouvernementales\\\/#primaryimage\"},\"image\":{\"@id\":\"https:\\\/\\\/www.cailabs.com\\\/fr\\\/aerospatial-defense\\\/communications-laser\\\/communications-gouvernementales\\\/#primaryimage\"},\"thumbnailUrl\":\"https:\\\/\\\/www.cailabs.com\\\/app\\\/uploads\\\/2025\\\/06\\\/communications-gouvernementales_adobestock_492063435-2960x917-1.jpg\",\"datePublished\":\"2025-06-27T12:45:13+00:00\",\"dateModified\":\"2025-11-06T08:29:55+00:00\",\"description\":\"TILBA\u00ae-LOS de Cailabs permet des communications souveraines, ultra-s\u00e9curis\u00e9es et sans RF entre minist\u00e8res, ambassades et services de renseignement.\",\"breadcrumb\":{\"@id\":\"https:\\\/\\\/www.cailabs.com\\\/fr\\\/aerospatial-defense\\\/communications-laser\\\/communications-gouvernementales\\\/#breadcrumb\"},\"inLanguage\":\"fr-FR\",\"potentialAction\":[{\"@type\":\"ReadAction\",\"target\":[\"https:\\\/\\\/www.cailabs.com\\\/fr\\\/aerospatial-defense\\\/communications-laser\\\/communications-gouvernementales\\\/\"]}]},{\"@type\":\"ImageObject\",\"inLanguage\":\"fr-FR\",\"@id\":\"https:\\\/\\\/www.cailabs.com\\\/fr\\\/aerospatial-defense\\\/communications-laser\\\/communications-gouvernementales\\\/#primaryimage\",\"url\":\"https:\\\/\\\/www.cailabs.com\\\/app\\\/uploads\\\/2025\\\/06\\\/communications-gouvernementales_adobestock_492063435-2960x917-1.jpg\",\"contentUrl\":\"https:\\\/\\\/www.cailabs.com\\\/app\\\/uploads\\\/2025\\\/06\\\/communications-gouvernementales_adobestock_492063435-2960x917-1.jpg\",\"width\":2560,\"height\":917,\"caption\":\"Government communications\"},{\"@type\":\"BreadcrumbList\",\"@id\":\"https:\\\/\\\/www.cailabs.com\\\/fr\\\/aerospatial-defense\\\/communications-laser\\\/communications-gouvernementales\\\/#breadcrumb\",\"itemListElement\":[{\"@type\":\"ListItem\",\"position\":1,\"name\":\"Home\",\"item\":\"https:\\\/\\\/www.cailabs.com\\\/fr\\\/\"},{\"@type\":\"ListItem\",\"position\":2,\"name\":\"A\u00e9rospatial &amp; D\u00e9fense\",\"item\":\"https:\\\/\\\/www.cailabs.com\\\/fr\\\/aerospatial-defense\\\/\"},{\"@type\":\"ListItem\",\"position\":3,\"name\":\"Communications laser\",\"item\":\"https:\\\/\\\/www.cailabs.com\\\/fr\\\/aerospatial-defense\\\/communications-laser\\\/\"},{\"@type\":\"ListItem\",\"position\":4,\"name\":\"Communications gouvernementales\"}]},{\"@type\":\"WebSite\",\"@id\":\"https:\\\/\\\/www.cailabs.com\\\/fr\\\/#website\",\"url\":\"https:\\\/\\\/www.cailabs.com\\\/fr\\\/\",\"name\":\"Cailabs\",\"description\":\"\",\"potentialAction\":[{\"@type\":\"SearchAction\",\"target\":{\"@type\":\"EntryPoint\",\"urlTemplate\":\"https:\\\/\\\/www.cailabs.com\\\/fr\\\/?s={search_term_string}\"},\"query-input\":{\"@type\":\"PropertyValueSpecification\",\"valueRequired\":true,\"valueName\":\"search_term_string\"}}],\"inLanguage\":\"fr-FR\"}]}<\/script>\n<!-- \/ Yoast SEO plugin. -->","yoast_head_json":{"title":"Application | Communications gouvernementales","description":"TILBA\u00ae-LOS de Cailabs permet des communications souveraines, ultra-s\u00e9curis\u00e9es et sans RF entre minist\u00e8res, ambassades et services de renseignement.","robots":{"index":"index","follow":"follow","max-snippet":"max-snippet:-1","max-image-preview":"max-image-preview:large","max-video-preview":"max-video-preview:-1"},"canonical":"https:\/\/www.cailabs.com\/fr\/aerospatial-defense\/communications-laser\/communications-gouvernementales\/","og_locale":"fr_FR","og_type":"article","og_title":"Application | Communications gouvernementales","og_description":"TILBA\u00ae-LOS de Cailabs permet des communications souveraines, ultra-s\u00e9curis\u00e9es et sans RF entre minist\u00e8res, ambassades et services de renseignement.","og_url":"https:\/\/www.cailabs.com\/fr\/aerospatial-defense\/communications-laser\/communications-gouvernementales\/","og_site_name":"Cailabs","article_modified_time":"2025-11-06T08:29:55+00:00","og_image":[{"width":2560,"height":917,"url":"https:\/\/www.cailabs.com\/app\/uploads\/2025\/06\/communications-gouvernementales_adobestock_492063435-2960x917-1.jpg","type":"image\/jpeg"}],"twitter_card":"summary_large_image","twitter_misc":{"Dur\u00e9e de lecture estim\u00e9e":"2 minutes"},"schema":{"@context":"https:\/\/schema.org","@graph":[{"@type":"WebPage","@id":"https:\/\/www.cailabs.com\/fr\/aerospatial-defense\/communications-laser\/communications-gouvernementales\/","url":"https:\/\/www.cailabs.com\/fr\/aerospatial-defense\/communications-laser\/communications-gouvernementales\/","name":"Application | Communications gouvernementales","isPartOf":{"@id":"https:\/\/www.cailabs.com\/fr\/#website"},"primaryImageOfPage":{"@id":"https:\/\/www.cailabs.com\/fr\/aerospatial-defense\/communications-laser\/communications-gouvernementales\/#primaryimage"},"image":{"@id":"https:\/\/www.cailabs.com\/fr\/aerospatial-defense\/communications-laser\/communications-gouvernementales\/#primaryimage"},"thumbnailUrl":"https:\/\/www.cailabs.com\/app\/uploads\/2025\/06\/communications-gouvernementales_adobestock_492063435-2960x917-1.jpg","datePublished":"2025-06-27T12:45:13+00:00","dateModified":"2025-11-06T08:29:55+00:00","description":"TILBA\u00ae-LOS de Cailabs permet des communications souveraines, ultra-s\u00e9curis\u00e9es et sans RF entre minist\u00e8res, ambassades et services de renseignement.","breadcrumb":{"@id":"https:\/\/www.cailabs.com\/fr\/aerospatial-defense\/communications-laser\/communications-gouvernementales\/#breadcrumb"},"inLanguage":"fr-FR","potentialAction":[{"@type":"ReadAction","target":["https:\/\/www.cailabs.com\/fr\/aerospatial-defense\/communications-laser\/communications-gouvernementales\/"]}]},{"@type":"ImageObject","inLanguage":"fr-FR","@id":"https:\/\/www.cailabs.com\/fr\/aerospatial-defense\/communications-laser\/communications-gouvernementales\/#primaryimage","url":"https:\/\/www.cailabs.com\/app\/uploads\/2025\/06\/communications-gouvernementales_adobestock_492063435-2960x917-1.jpg","contentUrl":"https:\/\/www.cailabs.com\/app\/uploads\/2025\/06\/communications-gouvernementales_adobestock_492063435-2960x917-1.jpg","width":2560,"height":917,"caption":"Government communications"},{"@type":"BreadcrumbList","@id":"https:\/\/www.cailabs.com\/fr\/aerospatial-defense\/communications-laser\/communications-gouvernementales\/#breadcrumb","itemListElement":[{"@type":"ListItem","position":1,"name":"Home","item":"https:\/\/www.cailabs.com\/fr\/"},{"@type":"ListItem","position":2,"name":"A\u00e9rospatial &amp; D\u00e9fense","item":"https:\/\/www.cailabs.com\/fr\/aerospatial-defense\/"},{"@type":"ListItem","position":3,"name":"Communications laser","item":"https:\/\/www.cailabs.com\/fr\/aerospatial-defense\/communications-laser\/"},{"@type":"ListItem","position":4,"name":"Communications gouvernementales"}]},{"@type":"WebSite","@id":"https:\/\/www.cailabs.com\/fr\/#website","url":"https:\/\/www.cailabs.com\/fr\/","name":"Cailabs","description":"","potentialAction":[{"@type":"SearchAction","target":{"@type":"EntryPoint","urlTemplate":"https:\/\/www.cailabs.com\/fr\/?s={search_term_string}"},"query-input":{"@type":"PropertyValueSpecification","valueRequired":true,"valueName":"search_term_string"}}],"inLanguage":"fr-FR"}]}},"_links":{"self":[{"href":"https:\/\/www.cailabs.com\/fr\/wp-json\/wp\/v2\/pages\/11592","targetHints":{"allow":["GET"]}}],"collection":[{"href":"https:\/\/www.cailabs.com\/fr\/wp-json\/wp\/v2\/pages"}],"about":[{"href":"https:\/\/www.cailabs.com\/fr\/wp-json\/wp\/v2\/types\/page"}],"author":[{"embeddable":true,"href":"https:\/\/www.cailabs.com\/fr\/wp-json\/wp\/v2\/users\/2"}],"replies":[{"embeddable":true,"href":"https:\/\/www.cailabs.com\/fr\/wp-json\/wp\/v2\/comments?post=11592"}],"version-history":[{"count":9,"href":"https:\/\/www.cailabs.com\/fr\/wp-json\/wp\/v2\/pages\/11592\/revisions"}],"predecessor-version":[{"id":12129,"href":"https:\/\/www.cailabs.com\/fr\/wp-json\/wp\/v2\/pages\/11592\/revisions\/12129"}],"up":[{"embeddable":true,"href":"https:\/\/www.cailabs.com\/fr\/wp-json\/wp\/v2\/pages\/2615"}],"wp:featuredmedia":[{"embeddable":true,"href":"https:\/\/www.cailabs.com\/fr\/wp-json\/wp\/v2\/media\/11598"}],"wp:attachment":[{"href":"https:\/\/www.cailabs.com\/fr\/wp-json\/wp\/v2\/media?parent=11592"}],"curies":[{"name":"wp","href":"https:\/\/api.w.org\/{rel}","templated":true}]}}