{"id":11618,"date":"2025-06-27T16:10:49","date_gmt":"2025-06-27T14:10:49","guid":{"rendered":"https:\/\/www.cailabs.com\/?page_id=11618"},"modified":"2025-11-06T09:27:45","modified_gmt":"2025-11-06T08:27:45","slug":"communications-en-operations-navales","status":"publish","type":"page","link":"https:\/\/www.cailabs.com\/fr\/aerospatial-defense\/communications-laser\/communications-en-operations-navales\/","title":{"rendered":"Communications en op\u00e9rations navales"},"content":{"rendered":"\n<div class=\"wp-block-group is-layout-constrained wp-block-group-is-layout-constrained\">\n<h1 class=\"wp-block-heading has-text-align-center\">Communications en op\u00e9rations navales<\/h1>\n<\/div>\n\n\n\n<div class=\"wp-block-cover alignfull is-light\"><span aria-hidden=\"true\" class=\"wp-block-cover__background has-background-dim\" style=\"background-color:#9dacbc\"><\/span><img loading=\"lazy\" decoding=\"async\" width=\"2560\" height=\"917\" src=\"https:\/\/www.cailabs.com\/app\/uploads\/2025\/06\/communications-en-operations-navales-2560x917-1.jpg\" class=\"wp-block-cover__image-background wp-post-image\" alt=\"Communications en op\u00e9rations navales\" data-object-fit=\"cover\" srcset=\"https:\/\/www.cailabs.com\/app\/uploads\/2025\/06\/communications-en-operations-navales-2560x917-1.jpg 2560w, https:\/\/www.cailabs.com\/app\/uploads\/2025\/06\/communications-en-operations-navales-2560x917-1-300x107.jpg 300w, https:\/\/www.cailabs.com\/app\/uploads\/2025\/06\/communications-en-operations-navales-2560x917-1-1024x367.jpg 1024w, https:\/\/www.cailabs.com\/app\/uploads\/2025\/06\/communications-en-operations-navales-2560x917-1-768x275.jpg 768w, https:\/\/www.cailabs.com\/app\/uploads\/2025\/06\/communications-en-operations-navales-2560x917-1-1536x550.jpg 1536w, https:\/\/www.cailabs.com\/app\/uploads\/2025\/06\/communications-en-operations-navales-2560x917-1-2048x734.jpg 2048w\" sizes=\"auto, (max-width: 2560px) 100vw, 2560px\" \/><div class=\"wp-block-cover__inner-container is-layout-constrained wp-block-cover-is-layout-constrained\">\n<p class=\"has-text-align-center has-blanc-color has-text-color has-link-color has-large-font-size wp-elements-ae39f4c3479514bf8a7a84b5ced3dd87\"><strong>Communications optiques : s\u00e9curit\u00e9, r\u00e9silience et discr\u00e9tion pour les op\u00e9rations navales<\/strong><\/p>\n<\/div><\/div>\n\n\n\n<h2 class=\"wp-block-heading has-h-5-font-size\">Enjeux des communications op\u00e9rationnelles en environnement naval<\/h2>\n\n\n\n<p>Les op\u00e9rations militaires terrestres s\u2019exercent dans des environnements \u00e0 forte contrainte : zones faiblement structur\u00e9es (d\u00e9serts, for\u00eats, montagnes), milieux urbains denses ou hostiles, ou encore espaces conflictuels sous forte surveillance \u00e9lectromagn\u00e9tique. Dans chacun de ces contextes, la ma\u00eetrise des communications tactiques est un levier d\u00e9terminant pour l\u2019efficacit\u00e9 des man\u0153uvres, la coordination inter-unit\u00e9s et la sup\u00e9riorit\u00e9 informationnelle.<\/p>\n\n\n\n<p>La connectivit\u00e9 doit permettre le transfert instantan\u00e9 de donn\u00e9es critiques, images ISR, ordres de mission, g\u00e9olocalisation, t\u00e9l\u00e9op\u00e9rations, entre diff\u00e9rents postes de commandement, unit\u00e9s mobiles ou capteurs avanc\u00e9s. Ces \u00e9changes doivent se faire en temps r\u00e9el, m\u00eame dans un th\u00e9\u00e2tre satur\u00e9, brouill\u00e9 ou \u00e0 haut risque d\u2019interception. La communication constitue l\u2019un des vecteurs les plus expos\u00e9s : chaque signal radio peut \u00eatre intercept\u00e9 et localis\u00e9. La cyber\u00e9lectromagn\u00e9tique devient un champ de confrontation \u00e0 part enti\u00e8re. Il est donc imp\u00e9ratif que les moyens de transmission offrent une discr\u00e9tion maximale.<\/p>\n\n\n\n<h2 class=\"wp-block-heading has-h-5-font-size\">TILBA\u00ae-LOS : une solution Cailabs<\/h2>\n\n\n\n<p><a href=\"https:\/\/www.cailabs.com\/fr\/aerospatial-defense\/communications-laser\/communications-laser-line-of-sight-civiles\/\">TILBA\u00ae-LOS est un syst\u00e8me de liaison de donn\u00e9es optique<\/a> en espace libre, d\u00e9velopp\u00e9 par Cailabs. Il r\u00e9pond aux exigences de fiabilit\u00e9 et de discr\u00e9tion des op\u00e9rations navales modernes. En \u00e9tablissant une liaison point-\u00e0-point hautement s\u00e9curis\u00e9e entre deux b\u00e2timents ou en zone portuaire disposant d\u2019une ligne de vue, il offre un canal de communication fiable et s\u00e9curis\u00e9, sans \u00e9mission radio ni d\u00e9pendance au spectre RF.<\/p>\n\n\n\n<h2 class=\"wp-block-heading has-h-5-font-size\">Applications concr\u00e8tes de TILBA\u00ae-LOS en zones maritimes sensibles<\/h2>\n\n\n\n<ul class=\"wp-block-list\">\n<li>Liaison navire-infrastructure terrestre en environnement sensible<\/li>\n\n\n\n<li>Coordination navire-navire en silence radio tactique<\/li>\n\n\n\n<li>Liaison discr\u00e8te entre installations portuaires class\u00e9es ou sensibles<\/li>\n\n\n\n<li>Communications confidentielles en environnement portuaire<\/li>\n<\/ul>\n\n\n\n<div class=\"wp-block-buttons is-layout-flex wp-block-buttons-is-layout-flex\">\n<div class=\"wp-block-button\"><a class=\"wp-block-button__link wp-element-button\" href=\"https:\/\/www.calameo.com\/read\/0075718764809061d005e\" target=\"_blank\" rel=\"noreferrer noopener\">T\u00e9l\u00e9charger l&rsquo;application en pdf<\/a><\/div>\n<\/div>\n\n\n<section class=\"acf slider-dapplications aligncenter is-style-centered wp-block-acf-slider-dapplications\" id=\"block_e4c9a9e3dfc50b98c2e0d2b622e0bcc2\">\n\t<div class=\"container container__large\">\n\t\t\t\t\t<h2>Nos autres applications<\/h2>\n\t\t\t\t\t\t\t<div class=\"slider-dapplications__applications swiper\">\n\t\t\t\t<div class=\"swiper-wrapper\">\n\t\t\t\t\t\t\t\t\t\t\t\t\t\t\t\t\t\t<a href=\"https:\/\/www.cailabs.com\/fr\/aerospatial-defense\/communications-laser\/communications-laser-line-of-sight-civiles\/\" class=\"slider-dapplications__application swiper-slide\">\n\t\t\t\t\t\t\t\t<strong class=\"slider-dapplications__application_title\">Communications laser point \u00e0 point civiles<\/strong>\n\t\t\t\t\t\t\t\t<div class=\"slider-dapplications__application_img\">\n\t\t\t\t\t\t\t\t\t<picture>\n\t\t\t\t\t\t\t\t\t\t<source type=\"image\/webp\" srcset=\"https:\/\/www.cailabs.com\/app\/uploads\/2024\/02\/communication-laser-line-of-sight-civiles-1150x500-1-350x500-c-1.webp, https:\/\/www.cailabs.com\/app\/uploads\/2024\/02\/communication-laser-line-of-sight-civiles-1150x500-1-350x500-c-1@2x.webp 2x\">\n\t\t\t\t\t\t\t\t\t\t<source type=\"image\/jpeg\" srcset=\"https:\/\/www.cailabs.com\/app\/uploads\/2024\/02\/communication-laser-line-of-sight-civiles-1150x500-1-350x500-c-1.jpg, https:\/\/www.cailabs.com\/app\/uploads\/2024\/02\/communication-laser-line-of-sight-civiles-1150x500-1-350x500-c-1@2x.jpg 2x\">\n\t\t\t\t\t\t\t\t\t\t<img decoding=\"async\" loading=\"lazy\" src=\"https:\/\/www.cailabs.com\/app\/uploads\/2024\/02\/communication-laser-line-of-sight-civiles-1150x500-1-350x500-c-1.jpg\" alt=\"Communications laser Line-of-Sight civiles\" width=\"320\" height=\"430\"\/>\n\t\t\t\t\t\t\t\t\t<\/picture>\n\t\t\t\t\t\t\t\t<\/div>\n\t\t\t\t\t\t\t<\/a>\n\t\t\t\t\t\t\t\t\t\t\t\t\t\t\t\t\t\t\t\t\t\t\t\t<a href=\"https:\/\/www.cailabs.com\/fr\/aerospatial-defense\/communications-laser\/communications-militaires-terrestres\/\" class=\"slider-dapplications__application swiper-slide\">\n\t\t\t\t\t\t\t\t<strong class=\"slider-dapplications__application_title\">Communications militaires terrestres <\/strong>\n\t\t\t\t\t\t\t\t<div class=\"slider-dapplications__application_img\">\n\t\t\t\t\t\t\t\t\t<picture>\n\t\t\t\t\t\t\t\t\t\t<source type=\"image\/webp\" srcset=\"https:\/\/www.cailabs.com\/app\/uploads\/2025\/06\/communications-militaires-terrestres-2560x917-1-350x500-c-1.webp, https:\/\/www.cailabs.com\/app\/uploads\/2025\/06\/communications-militaires-terrestres-2560x917-1-350x500-c-1@2x.webp 2x\">\n\t\t\t\t\t\t\t\t\t\t<source type=\"image\/jpeg\" srcset=\"https:\/\/www.cailabs.com\/app\/uploads\/2025\/06\/communications-militaires-terrestres-2560x917-1-350x500-c-1.jpg, https:\/\/www.cailabs.com\/app\/uploads\/2025\/06\/communications-militaires-terrestres-2560x917-1-350x500-c-1@2x.jpg 2x\">\n\t\t\t\t\t\t\t\t\t\t<img decoding=\"async\" loading=\"lazy\" src=\"https:\/\/www.cailabs.com\/app\/uploads\/2025\/06\/communications-militaires-terrestres-2560x917-1-350x500-c-1.jpg\" alt=\"Communications militaires terrestres\" width=\"320\" height=\"430\"\/>\n\t\t\t\t\t\t\t\t\t<\/picture>\n\t\t\t\t\t\t\t\t<\/div>\n\t\t\t\t\t\t\t<\/a>\n\t\t\t\t\t\t\t\t\t\t\t\t\t\t\t\t\t\t\t\t\t\t\t\t<a href=\"https:\/\/www.cailabs.com\/fr\/aerospatial-defense\/communications-laser\/communications-gouvernementales\/\" class=\"slider-dapplications__application swiper-slide\">\n\t\t\t\t\t\t\t\t<strong class=\"slider-dapplications__application_title\">Communications gouvernementales <\/strong>\n\t\t\t\t\t\t\t\t<div class=\"slider-dapplications__application_img\">\n\t\t\t\t\t\t\t\t\t<picture>\n\t\t\t\t\t\t\t\t\t\t<source type=\"image\/webp\" srcset=\"https:\/\/www.cailabs.com\/app\/uploads\/2025\/06\/communications-gouvernementales_adobestock_492063435-2960x917-1-350x500-c-1.webp, https:\/\/www.cailabs.com\/app\/uploads\/2025\/06\/communications-gouvernementales_adobestock_492063435-2960x917-1-350x500-c-1@2x.webp 2x\">\n\t\t\t\t\t\t\t\t\t\t<source type=\"image\/jpeg\" srcset=\"https:\/\/www.cailabs.com\/app\/uploads\/2025\/06\/communications-gouvernementales_adobestock_492063435-2960x917-1-350x500-c-1.jpg, https:\/\/www.cailabs.com\/app\/uploads\/2025\/06\/communications-gouvernementales_adobestock_492063435-2960x917-1-350x500-c-1@2x.jpg 2x\">\n\t\t\t\t\t\t\t\t\t\t<img decoding=\"async\" loading=\"lazy\" src=\"https:\/\/www.cailabs.com\/app\/uploads\/2025\/06\/communications-gouvernementales_adobestock_492063435-2960x917-1-350x500-c-1.jpg\" alt=\"Government communications\" width=\"320\" height=\"430\"\/>\n\t\t\t\t\t\t\t\t\t<\/picture>\n\t\t\t\t\t\t\t\t<\/div>\n\t\t\t\t\t\t\t<\/a>\n\t\t\t\t\t\t\t\t\t\t\t\t\t\t\t<\/div>\n\t\t\t\t<div class=\"swiper-pagination\"><\/div>\n\t\t\t<\/div>\n\t\t\t<\/div>\n<\/section>\n\n<section class=\"acf bandeau-avec-bouton align wp-block-acf-bandeau-avec-bouton\" id=\"block_dc2a19fc505095aa67af4996787dd9fd\">\n\t<div class=\"container\">\n\t\t\t\t\t<h2>Prenez contact avec Cailabs<\/h2>\n\t\t\t\t\t\t\t<div class=\"txt\"><p>Vous souhaitez en apprendre plus sur l\u2019une de nos solutions ?<\/p>\n<\/div>\n\t\t\t\t\t\t\t<a href=\"https:\/\/www.cailabs.com\/fr\/contact\/\" target=\"_blank\" class=\"btn btn__outline\">Contactez nous !<\/a>\n\t\t\t<\/div>\n\t\t\t<div class=\"bandeau-avec-bouton__bg\">\n\t\t\t<picture>\n\t\t\t\t<source type=\"image\/webp\" srcset=\"https:\/\/www.cailabs.com\/app\/uploads\/2024\/11\/bandeau-contact-us-aerospace-defense-2-1920x600-1.webp, https:\/\/www.cailabs.com\/app\/uploads\/2024\/11\/bandeau-contact-us-aerospace-defense-2-1920x600-1@2x.webp 2x\">\n\t\t\t\t<source type=\"image\/jpeg\" srcset=\"https:\/\/www.cailabs.com\/app\/uploads\/2024\/11\/bandeau-contact-us-aerospace-defense-2-1920x600-1.jpg, https:\/\/www.cailabs.com\/app\/uploads\/2024\/11\/bandeau-contact-us-aerospace-defense-2-1920x600-1@2x.jpg 2x\">\n\t\t\t\t<img decoding=\"async\" loading=\"lazy\" src=\"https:\/\/www.cailabs.com\/app\/uploads\/2024\/11\/bandeau-contact-us-aerospace-defense-2-1920x600-1.jpg\" alt=\"Contact Us\" width=\"1920\" height=\"600\"\/>\n\t\t\t<\/picture>\n\t\t<\/div>\n\t<\/section>","protected":false},"excerpt":{"rendered":"<p>Communications en op\u00e9rations navales Enjeux des communications op\u00e9rationnelles en environnement naval Les op\u00e9rations militaires terrestres s\u2019exercent dans des environnements \u00e0 forte contrainte : zones faiblement structur\u00e9es (d\u00e9serts, for\u00eats, montagnes), milieux urbains denses ou hostiles, ou encore espaces conflictuels sous forte surveillance \u00e9lectromagn\u00e9tique. Dans chacun de ces contextes, la ma\u00eetrise des communications tactiques est un levier [&hellip;]<\/p>\n","protected":false},"author":2,"featured_media":11622,"parent":2615,"menu_order":0,"comment_status":"closed","ping_status":"closed","template":"","meta":{"_acf_changed":false,"content-type":"","_schema_org_content_json":"","footnotes":""},"class_list":["post-11618","page","type-page","status-publish","has-post-thumbnail","hentry"],"acf":[],"yoast_head":"<!-- This site is optimized with the Yoast SEO plugin v27.3 - https:\/\/yoast.com\/product\/yoast-seo-wordpress\/ -->\n<title>Application | Communications en op\u00e9rations navales<\/title>\n<meta name=\"description\" content=\"TILBA\u00ae-LOS de Cailabs assure des communications navire-navire et navire-terre discr\u00e8tes, fiables et sans \u00e9mission RF, m\u00eame en silence radio tactique.\" \/>\n<meta name=\"robots\" content=\"index, follow, max-snippet:-1, max-image-preview:large, max-video-preview:-1\" \/>\n<link rel=\"canonical\" href=\"https:\/\/www.cailabs.com\/fr\/aerospatial-defense\/communications-laser\/communications-en-operations-navales\/\" \/>\n<meta property=\"og:locale\" content=\"fr_FR\" \/>\n<meta property=\"og:type\" content=\"article\" \/>\n<meta property=\"og:title\" content=\"Application | Communications en op\u00e9rations navales\" \/>\n<meta property=\"og:description\" content=\"TILBA\u00ae-LOS de Cailabs assure des communications navire-navire et navire-terre discr\u00e8tes, fiables et sans \u00e9mission RF, m\u00eame en silence radio tactique.\" \/>\n<meta property=\"og:url\" content=\"https:\/\/www.cailabs.com\/fr\/aerospatial-defense\/communications-laser\/communications-en-operations-navales\/\" \/>\n<meta property=\"og:site_name\" content=\"Cailabs\" \/>\n<meta property=\"article:modified_time\" content=\"2025-11-06T08:27:45+00:00\" \/>\n<meta property=\"og:image\" content=\"https:\/\/www.cailabs.com\/app\/uploads\/2025\/06\/communications-en-operations-navales-2560x917-1.jpg\" \/>\n\t<meta property=\"og:image:width\" content=\"2560\" \/>\n\t<meta property=\"og:image:height\" content=\"917\" \/>\n\t<meta property=\"og:image:type\" content=\"image\/jpeg\" \/>\n<meta name=\"twitter:card\" content=\"summary_large_image\" \/>\n<meta name=\"twitter:label1\" content=\"Dur\u00e9e de lecture estim\u00e9e\" \/>\n\t<meta name=\"twitter:data1\" content=\"2 minutes\" \/>\n<script type=\"application\/ld+json\" class=\"yoast-schema-graph\">{\"@context\":\"https:\\\/\\\/schema.org\",\"@graph\":[{\"@type\":\"WebPage\",\"@id\":\"https:\\\/\\\/www.cailabs.com\\\/fr\\\/aerospatial-defense\\\/communications-laser\\\/communications-en-operations-navales\\\/\",\"url\":\"https:\\\/\\\/www.cailabs.com\\\/fr\\\/aerospatial-defense\\\/communications-laser\\\/communications-en-operations-navales\\\/\",\"name\":\"Application | Communications en op\u00e9rations navales\",\"isPartOf\":{\"@id\":\"https:\\\/\\\/www.cailabs.com\\\/fr\\\/#website\"},\"primaryImageOfPage\":{\"@id\":\"https:\\\/\\\/www.cailabs.com\\\/fr\\\/aerospatial-defense\\\/communications-laser\\\/communications-en-operations-navales\\\/#primaryimage\"},\"image\":{\"@id\":\"https:\\\/\\\/www.cailabs.com\\\/fr\\\/aerospatial-defense\\\/communications-laser\\\/communications-en-operations-navales\\\/#primaryimage\"},\"thumbnailUrl\":\"https:\\\/\\\/www.cailabs.com\\\/app\\\/uploads\\\/2025\\\/06\\\/communications-en-operations-navales-2560x917-1.jpg\",\"datePublished\":\"2025-06-27T14:10:49+00:00\",\"dateModified\":\"2025-11-06T08:27:45+00:00\",\"description\":\"TILBA\u00ae-LOS de Cailabs assure des communications navire-navire et navire-terre discr\u00e8tes, fiables et sans \u00e9mission RF, m\u00eame en silence radio tactique.\",\"breadcrumb\":{\"@id\":\"https:\\\/\\\/www.cailabs.com\\\/fr\\\/aerospatial-defense\\\/communications-laser\\\/communications-en-operations-navales\\\/#breadcrumb\"},\"inLanguage\":\"fr-FR\",\"potentialAction\":[{\"@type\":\"ReadAction\",\"target\":[\"https:\\\/\\\/www.cailabs.com\\\/fr\\\/aerospatial-defense\\\/communications-laser\\\/communications-en-operations-navales\\\/\"]}]},{\"@type\":\"ImageObject\",\"inLanguage\":\"fr-FR\",\"@id\":\"https:\\\/\\\/www.cailabs.com\\\/fr\\\/aerospatial-defense\\\/communications-laser\\\/communications-en-operations-navales\\\/#primaryimage\",\"url\":\"https:\\\/\\\/www.cailabs.com\\\/app\\\/uploads\\\/2025\\\/06\\\/communications-en-operations-navales-2560x917-1.jpg\",\"contentUrl\":\"https:\\\/\\\/www.cailabs.com\\\/app\\\/uploads\\\/2025\\\/06\\\/communications-en-operations-navales-2560x917-1.jpg\",\"width\":2560,\"height\":917,\"caption\":\"Communications en op\u00e9rations navales\"},{\"@type\":\"BreadcrumbList\",\"@id\":\"https:\\\/\\\/www.cailabs.com\\\/fr\\\/aerospatial-defense\\\/communications-laser\\\/communications-en-operations-navales\\\/#breadcrumb\",\"itemListElement\":[{\"@type\":\"ListItem\",\"position\":1,\"name\":\"Home\",\"item\":\"https:\\\/\\\/www.cailabs.com\\\/fr\\\/\"},{\"@type\":\"ListItem\",\"position\":2,\"name\":\"A\u00e9rospatial &amp; D\u00e9fense\",\"item\":\"https:\\\/\\\/www.cailabs.com\\\/fr\\\/aerospatial-defense\\\/\"},{\"@type\":\"ListItem\",\"position\":3,\"name\":\"Communications laser\",\"item\":\"https:\\\/\\\/www.cailabs.com\\\/fr\\\/aerospatial-defense\\\/communications-laser\\\/\"},{\"@type\":\"ListItem\",\"position\":4,\"name\":\"Communications en op\u00e9rations navales\"}]},{\"@type\":\"WebSite\",\"@id\":\"https:\\\/\\\/www.cailabs.com\\\/fr\\\/#website\",\"url\":\"https:\\\/\\\/www.cailabs.com\\\/fr\\\/\",\"name\":\"Cailabs\",\"description\":\"\",\"potentialAction\":[{\"@type\":\"SearchAction\",\"target\":{\"@type\":\"EntryPoint\",\"urlTemplate\":\"https:\\\/\\\/www.cailabs.com\\\/fr\\\/?s={search_term_string}\"},\"query-input\":{\"@type\":\"PropertyValueSpecification\",\"valueRequired\":true,\"valueName\":\"search_term_string\"}}],\"inLanguage\":\"fr-FR\"}]}<\/script>\n<!-- \/ Yoast SEO plugin. -->","yoast_head_json":{"title":"Application | Communications en op\u00e9rations navales","description":"TILBA\u00ae-LOS de Cailabs assure des communications navire-navire et navire-terre discr\u00e8tes, fiables et sans \u00e9mission RF, m\u00eame en silence radio tactique.","robots":{"index":"index","follow":"follow","max-snippet":"max-snippet:-1","max-image-preview":"max-image-preview:large","max-video-preview":"max-video-preview:-1"},"canonical":"https:\/\/www.cailabs.com\/fr\/aerospatial-defense\/communications-laser\/communications-en-operations-navales\/","og_locale":"fr_FR","og_type":"article","og_title":"Application | Communications en op\u00e9rations navales","og_description":"TILBA\u00ae-LOS de Cailabs assure des communications navire-navire et navire-terre discr\u00e8tes, fiables et sans \u00e9mission RF, m\u00eame en silence radio tactique.","og_url":"https:\/\/www.cailabs.com\/fr\/aerospatial-defense\/communications-laser\/communications-en-operations-navales\/","og_site_name":"Cailabs","article_modified_time":"2025-11-06T08:27:45+00:00","og_image":[{"width":2560,"height":917,"url":"https:\/\/www.cailabs.com\/app\/uploads\/2025\/06\/communications-en-operations-navales-2560x917-1.jpg","type":"image\/jpeg"}],"twitter_card":"summary_large_image","twitter_misc":{"Dur\u00e9e de lecture estim\u00e9e":"2 minutes"},"schema":{"@context":"https:\/\/schema.org","@graph":[{"@type":"WebPage","@id":"https:\/\/www.cailabs.com\/fr\/aerospatial-defense\/communications-laser\/communications-en-operations-navales\/","url":"https:\/\/www.cailabs.com\/fr\/aerospatial-defense\/communications-laser\/communications-en-operations-navales\/","name":"Application | Communications en op\u00e9rations navales","isPartOf":{"@id":"https:\/\/www.cailabs.com\/fr\/#website"},"primaryImageOfPage":{"@id":"https:\/\/www.cailabs.com\/fr\/aerospatial-defense\/communications-laser\/communications-en-operations-navales\/#primaryimage"},"image":{"@id":"https:\/\/www.cailabs.com\/fr\/aerospatial-defense\/communications-laser\/communications-en-operations-navales\/#primaryimage"},"thumbnailUrl":"https:\/\/www.cailabs.com\/app\/uploads\/2025\/06\/communications-en-operations-navales-2560x917-1.jpg","datePublished":"2025-06-27T14:10:49+00:00","dateModified":"2025-11-06T08:27:45+00:00","description":"TILBA\u00ae-LOS de Cailabs assure des communications navire-navire et navire-terre discr\u00e8tes, fiables et sans \u00e9mission RF, m\u00eame en silence radio tactique.","breadcrumb":{"@id":"https:\/\/www.cailabs.com\/fr\/aerospatial-defense\/communications-laser\/communications-en-operations-navales\/#breadcrumb"},"inLanguage":"fr-FR","potentialAction":[{"@type":"ReadAction","target":["https:\/\/www.cailabs.com\/fr\/aerospatial-defense\/communications-laser\/communications-en-operations-navales\/"]}]},{"@type":"ImageObject","inLanguage":"fr-FR","@id":"https:\/\/www.cailabs.com\/fr\/aerospatial-defense\/communications-laser\/communications-en-operations-navales\/#primaryimage","url":"https:\/\/www.cailabs.com\/app\/uploads\/2025\/06\/communications-en-operations-navales-2560x917-1.jpg","contentUrl":"https:\/\/www.cailabs.com\/app\/uploads\/2025\/06\/communications-en-operations-navales-2560x917-1.jpg","width":2560,"height":917,"caption":"Communications en op\u00e9rations navales"},{"@type":"BreadcrumbList","@id":"https:\/\/www.cailabs.com\/fr\/aerospatial-defense\/communications-laser\/communications-en-operations-navales\/#breadcrumb","itemListElement":[{"@type":"ListItem","position":1,"name":"Home","item":"https:\/\/www.cailabs.com\/fr\/"},{"@type":"ListItem","position":2,"name":"A\u00e9rospatial &amp; D\u00e9fense","item":"https:\/\/www.cailabs.com\/fr\/aerospatial-defense\/"},{"@type":"ListItem","position":3,"name":"Communications laser","item":"https:\/\/www.cailabs.com\/fr\/aerospatial-defense\/communications-laser\/"},{"@type":"ListItem","position":4,"name":"Communications en op\u00e9rations navales"}]},{"@type":"WebSite","@id":"https:\/\/www.cailabs.com\/fr\/#website","url":"https:\/\/www.cailabs.com\/fr\/","name":"Cailabs","description":"","potentialAction":[{"@type":"SearchAction","target":{"@type":"EntryPoint","urlTemplate":"https:\/\/www.cailabs.com\/fr\/?s={search_term_string}"},"query-input":{"@type":"PropertyValueSpecification","valueRequired":true,"valueName":"search_term_string"}}],"inLanguage":"fr-FR"}]}},"_links":{"self":[{"href":"https:\/\/www.cailabs.com\/fr\/wp-json\/wp\/v2\/pages\/11618","targetHints":{"allow":["GET"]}}],"collection":[{"href":"https:\/\/www.cailabs.com\/fr\/wp-json\/wp\/v2\/pages"}],"about":[{"href":"https:\/\/www.cailabs.com\/fr\/wp-json\/wp\/v2\/types\/page"}],"author":[{"embeddable":true,"href":"https:\/\/www.cailabs.com\/fr\/wp-json\/wp\/v2\/users\/2"}],"replies":[{"embeddable":true,"href":"https:\/\/www.cailabs.com\/fr\/wp-json\/wp\/v2\/comments?post=11618"}],"version-history":[{"count":7,"href":"https:\/\/www.cailabs.com\/fr\/wp-json\/wp\/v2\/pages\/11618\/revisions"}],"predecessor-version":[{"id":12128,"href":"https:\/\/www.cailabs.com\/fr\/wp-json\/wp\/v2\/pages\/11618\/revisions\/12128"}],"up":[{"embeddable":true,"href":"https:\/\/www.cailabs.com\/fr\/wp-json\/wp\/v2\/pages\/2615"}],"wp:featuredmedia":[{"embeddable":true,"href":"https:\/\/www.cailabs.com\/fr\/wp-json\/wp\/v2\/media\/11622"}],"wp:attachment":[{"href":"https:\/\/www.cailabs.com\/fr\/wp-json\/wp\/v2\/media?parent=11618"}],"curies":[{"name":"wp","href":"https:\/\/api.w.org\/{rel}","templated":true}]}}