{"id":118,"date":"2024-01-08T14:53:10","date_gmt":"2024-01-08T13:53:10","guid":{"rendered":"https:\/\/www.cailabs.com?page_id=118"},"modified":"2025-01-03T15:14:27","modified_gmt":"2025-01-03T14:14:27","slug":"contact","status":"publish","type":"page","link":"https:\/\/www.cailabs.com\/fr\/contact\/","title":{"rendered":"Contact"},"content":{"rendered":"\n<h1 class=\"wp-block-heading alignwide has-text-align-center\" style=\"margin-top:60px;margin-right:0;margin-bottom:0px\">Des questions sur nos solutions ?<\/h1>\n\n\n\n<p class=\"has-text-align-center\" style=\"margin-top:0;margin-bottom:0\">Ce formulaire sera automatiquement envoy\u00e9 \u00e0 notre \u00e9quipe commerciale qui vous r\u00e9pondra dans les plus brefs d\u00e9lais.<\/p>\n\n\n<section class=\"acf formulaire-hubspot align wp-block-acf-formulaire-hubspot\" id=\"block_378a9ad7043c61e6a4dbc245a7810bdd\">\n\t<div class=\"container\">\n\t\t<div class=\"formulaire-hubspot__form\">\n\t\t\t<div class=\"form-wrapper\">\n\t\t\t\t<script charset=\"utf-8\" type=\"text\/javascript\" src=\"\/\/js.hsforms.net\/forms\/embed\/v2.js\"><\/script>\n\t\t\t\t<script>\n\t\t\t\t\thbspt.forms.create({\n\t\t\t\t\t\tregion: \"na1\",\n\t\t\t\t\t\tportalId: \"4424788\",\n\t\t\t\t\t\tformId: \"bf418985-5857-4f9c-accb-18fd305d8f19\"\n\t\t\t\t\t});\n\t\t\t\t<\/script>\n\t\t\t<\/div>\n\t\t<\/div>\n\t<\/div>\n<\/section>","protected":false},"excerpt":{"rendered":"<p>Des questions sur nos solutions ? Ce formulaire sera automatiquement envoy\u00e9 \u00e0 notre \u00e9quipe commerciale qui vous r\u00e9pondra dans les plus brefs d\u00e9lais.<\/p>\n","protected":false},"author":1,"featured_media":0,"parent":0,"menu_order":0,"comment_status":"closed","ping_status":"closed","template":"","meta":{"_acf_changed":false,"content-type":"","_schema_org_content_json":"","footnotes":""},"class_list":["post-118","page","type-page","status-publish","hentry"],"acf":[],"yoast_head":"<!-- This site is optimized with the Yoast SEO plugin v27.4 - https:\/\/yoast.com\/product\/yoast-seo-wordpress\/ -->\n<title>Contactez-nous | Cailabs<\/title>\n<meta name=\"description\" content=\"Contactez-nous ! Pour toute question, assistance ou information sur nos solutions, retrouvez nos coordonn\u00e9es et \u00e9changez avec notre \u00e9quipe d\u00e8s aujourd\u2019hui.\" \/>\n<meta name=\"robots\" content=\"index, follow, max-snippet:-1, max-image-preview:large, max-video-preview:-1\" \/>\n<link rel=\"canonical\" href=\"https:\/\/www.cailabs.com\/fr\/contact\/\" \/>\n<meta property=\"og:locale\" content=\"fr_FR\" \/>\n<meta property=\"og:type\" content=\"article\" \/>\n<meta property=\"og:title\" content=\"Contactez-nous | Cailabs\" \/>\n<meta property=\"og:description\" content=\"Contactez-nous ! Pour toute question, assistance ou information sur nos solutions, retrouvez nos coordonn\u00e9es et \u00e9changez avec notre \u00e9quipe d\u00e8s aujourd\u2019hui.\" \/>\n<meta property=\"og:url\" content=\"https:\/\/www.cailabs.com\/fr\/contact\/\" \/>\n<meta property=\"og:site_name\" content=\"Cailabs\" \/>\n<meta property=\"article:modified_time\" content=\"2025-01-03T14:14:27+00:00\" \/>\n<meta name=\"twitter:card\" content=\"summary_large_image\" \/>\n<meta name=\"twitter:label1\" content=\"Dur\u00e9e de lecture estim\u00e9e\" \/>\n\t<meta name=\"twitter:data1\" content=\"1 minute\" \/>\n<script type=\"application\/ld+json\" class=\"yoast-schema-graph\">{\"@context\":\"https:\\\/\\\/schema.org\",\"@graph\":[{\"@type\":\"WebPage\",\"@id\":\"https:\\\/\\\/www.cailabs.com\\\/fr\\\/contact\\\/\",\"url\":\"https:\\\/\\\/www.cailabs.com\\\/fr\\\/contact\\\/\",\"name\":\"Contactez-nous | Cailabs\",\"isPartOf\":{\"@id\":\"https:\\\/\\\/www.cailabs.com\\\/fr\\\/#website\"},\"datePublished\":\"2024-01-08T13:53:10+00:00\",\"dateModified\":\"2025-01-03T14:14:27+00:00\",\"description\":\"Contactez-nous ! Pour toute question, assistance ou information sur nos solutions, retrouvez nos coordonn\u00e9es et \u00e9changez avec notre \u00e9quipe d\u00e8s aujourd\u2019hui.\",\"breadcrumb\":{\"@id\":\"https:\\\/\\\/www.cailabs.com\\\/fr\\\/contact\\\/#breadcrumb\"},\"inLanguage\":\"fr-FR\",\"potentialAction\":[{\"@type\":\"ReadAction\",\"target\":[\"https:\\\/\\\/www.cailabs.com\\\/fr\\\/contact\\\/\"]}]},{\"@type\":\"BreadcrumbList\",\"@id\":\"https:\\\/\\\/www.cailabs.com\\\/fr\\\/contact\\\/#breadcrumb\",\"itemListElement\":[{\"@type\":\"ListItem\",\"position\":1,\"name\":\"Home\",\"item\":\"https:\\\/\\\/www.cailabs.com\\\/fr\\\/\"},{\"@type\":\"ListItem\",\"position\":2,\"name\":\"Contact\"}]},{\"@type\":\"WebSite\",\"@id\":\"https:\\\/\\\/www.cailabs.com\\\/fr\\\/#website\",\"url\":\"https:\\\/\\\/www.cailabs.com\\\/fr\\\/\",\"name\":\"Cailabs\",\"description\":\"\",\"potentialAction\":[{\"@type\":\"SearchAction\",\"target\":{\"@type\":\"EntryPoint\",\"urlTemplate\":\"https:\\\/\\\/www.cailabs.com\\\/fr\\\/?s={search_term_string}\"},\"query-input\":{\"@type\":\"PropertyValueSpecification\",\"valueRequired\":true,\"valueName\":\"search_term_string\"}}],\"inLanguage\":\"fr-FR\"}]}<\/script>\n<!-- \/ Yoast SEO plugin. -->","yoast_head_json":{"title":"Contactez-nous | Cailabs","description":"Contactez-nous ! Pour toute question, assistance ou information sur nos solutions, retrouvez nos coordonn\u00e9es et \u00e9changez avec notre \u00e9quipe d\u00e8s aujourd\u2019hui.","robots":{"index":"index","follow":"follow","max-snippet":"max-snippet:-1","max-image-preview":"max-image-preview:large","max-video-preview":"max-video-preview:-1"},"canonical":"https:\/\/www.cailabs.com\/fr\/contact\/","og_locale":"fr_FR","og_type":"article","og_title":"Contactez-nous | Cailabs","og_description":"Contactez-nous ! Pour toute question, assistance ou information sur nos solutions, retrouvez nos coordonn\u00e9es et \u00e9changez avec notre \u00e9quipe d\u00e8s aujourd\u2019hui.","og_url":"https:\/\/www.cailabs.com\/fr\/contact\/","og_site_name":"Cailabs","article_modified_time":"2025-01-03T14:14:27+00:00","twitter_card":"summary_large_image","twitter_misc":{"Dur\u00e9e de lecture estim\u00e9e":"1 minute"},"schema":{"@context":"https:\/\/schema.org","@graph":[{"@type":"WebPage","@id":"https:\/\/www.cailabs.com\/fr\/contact\/","url":"https:\/\/www.cailabs.com\/fr\/contact\/","name":"Contactez-nous | Cailabs","isPartOf":{"@id":"https:\/\/www.cailabs.com\/fr\/#website"},"datePublished":"2024-01-08T13:53:10+00:00","dateModified":"2025-01-03T14:14:27+00:00","description":"Contactez-nous ! Pour toute question, assistance ou information sur nos solutions, retrouvez nos coordonn\u00e9es et \u00e9changez avec notre \u00e9quipe d\u00e8s aujourd\u2019hui.","breadcrumb":{"@id":"https:\/\/www.cailabs.com\/fr\/contact\/#breadcrumb"},"inLanguage":"fr-FR","potentialAction":[{"@type":"ReadAction","target":["https:\/\/www.cailabs.com\/fr\/contact\/"]}]},{"@type":"BreadcrumbList","@id":"https:\/\/www.cailabs.com\/fr\/contact\/#breadcrumb","itemListElement":[{"@type":"ListItem","position":1,"name":"Home","item":"https:\/\/www.cailabs.com\/fr\/"},{"@type":"ListItem","position":2,"name":"Contact"}]},{"@type":"WebSite","@id":"https:\/\/www.cailabs.com\/fr\/#website","url":"https:\/\/www.cailabs.com\/fr\/","name":"Cailabs","description":"","potentialAction":[{"@type":"SearchAction","target":{"@type":"EntryPoint","urlTemplate":"https:\/\/www.cailabs.com\/fr\/?s={search_term_string}"},"query-input":{"@type":"PropertyValueSpecification","valueRequired":true,"valueName":"search_term_string"}}],"inLanguage":"fr-FR"}]}},"_links":{"self":[{"href":"https:\/\/www.cailabs.com\/fr\/wp-json\/wp\/v2\/pages\/118","targetHints":{"allow":["GET"]}}],"collection":[{"href":"https:\/\/www.cailabs.com\/fr\/wp-json\/wp\/v2\/pages"}],"about":[{"href":"https:\/\/www.cailabs.com\/fr\/wp-json\/wp\/v2\/types\/page"}],"author":[{"embeddable":true,"href":"https:\/\/www.cailabs.com\/fr\/wp-json\/wp\/v2\/users\/1"}],"replies":[{"embeddable":true,"href":"https:\/\/www.cailabs.com\/fr\/wp-json\/wp\/v2\/comments?post=118"}],"version-history":[{"count":8,"href":"https:\/\/www.cailabs.com\/fr\/wp-json\/wp\/v2\/pages\/118\/revisions"}],"predecessor-version":[{"id":7852,"href":"https:\/\/www.cailabs.com\/fr\/wp-json\/wp\/v2\/pages\/118\/revisions\/7852"}],"wp:attachment":[{"href":"https:\/\/www.cailabs.com\/fr\/wp-json\/wp\/v2\/media?parent=118"}],"curies":[{"name":"wp","href":"https:\/\/api.w.org\/{rel}","templated":true}]}}