{"id":12150,"date":"2025-11-13T16:43:43","date_gmt":"2025-11-13T15:43:43","guid":{"rendered":"https:\/\/www.cailabs.com\/?page_id=12150"},"modified":"2026-01-22T11:53:30","modified_gmt":"2026-01-22T10:53:30","slug":"injection-dans-une-fibre","status":"publish","type":"page","link":"https:\/\/www.cailabs.com\/fr\/procedes-laser-industriels\/micro-usinage\/injection-dans-une-fibre\/","title":{"rendered":"Injection dans une fibre"},"content":{"rendered":"\n<h1 class=\"wp-block-heading has-text-align-center\">Injection dans une fibre<\/h1>\n\n\n\n<p class=\"has-text-align-center has-h-5-font-size\"><strong><strong>CANUNDA-USP PureBeam \u2013 Pure stabilit\u00e9. Pure r\u00e9volution.<\/strong><\/strong><\/p>\n\n\n\n<p class=\"has-text-align-center\">L&rsquo;injection dans une fibre fa\u00e7onne l\u2019avenir du micro-usinage et des lasers femtosecondes, mais obtenir une injection robuste dans des fibres \u00e0 c\u0153ur creux reste un d\u00e9fi majeur. Nous avons d\u00e9velopp\u00e9 une solution unique \u2014 <strong>CANUNDA-USP PureBeam<\/strong> \u2014 offrant une stabilit\u00e9 exceptionnelle, m\u00eame \u00e0 haute puissance, ouvrant ainsi la voie \u00e0 une utilisation massive des lasers ultrarapides fibr\u00e9s.<\/p>\n\n\n\n<figure class=\"wp-block-image alignfull size-large is-style-gradient-image\"><picture><source srcset=\"https:\/\/www.cailabs.com\/app\/uploads\/2025\/03\/bandeau-page-other-micro-processing-1-1024x284.webp 1x, https:\/\/www.cailabs.com\/app\/uploads\/2025\/03\/bandeau-page-other-micro-processing-1-1024x284@2x.webp 2x\" type=\"image\/webp\"><img loading=\"lazy\" decoding=\"async\" width=\"1024\" height=\"284\" src=\"https:\/\/www.cailabs.com\/app\/uploads\/2025\/03\/bandeau-page-other-micro-processing-1-1024x284.webp\" alt=\"Bandeau Page Other Micro Processing\" class=\"wp-image-11093\" srcset=\"https:\/\/www.cailabs.com\/app\/uploads\/2025\/03\/bandeau-page-other-micro-processing-1-1024x284.webp 1024w, https:\/\/www.cailabs.com\/app\/uploads\/2025\/03\/bandeau-page-other-micro-processing-1-300x83.webp 300w, https:\/\/www.cailabs.com\/app\/uploads\/2025\/03\/bandeau-page-other-micro-processing-1-768x213.webp 768w, https:\/\/www.cailabs.com\/app\/uploads\/2025\/03\/bandeau-page-other-micro-processing-1-1536x426.webp 1536w, https:\/\/www.cailabs.com\/app\/uploads\/2025\/03\/bandeau-page-other-micro-processing-1-2048x568.webp 2048w\" sizes=\"auto, (max-width: 1024px) 100vw, 1024px\" \/><\/picture><\/figure>\n\n\n\n<hr class=\"wp-block-separator has-alpha-channel-opacity\"\/>\n\n\n\n<div class=\"wp-block-columns alignwide is-layout-flex wp-container-core-columns-is-layout-28f84493 wp-block-columns-is-layout-flex\">\n<div class=\"wp-block-column is-layout-flow wp-block-column-is-layout-flow\">\n<h2 class=\"wp-block-heading\">CANUNDA-USP PureBeam<\/h2>\n\n\n\n<p>Les lasers \u00e0 impulsions ultra-courtes (USP) transforment l\u2019industrie, mais un obstacle critique limite depuis longtemps leur potentiel : <strong>le couplage en fibre fiable<\/strong>. Lever ce verrou ouvre la porte \u00e0 de nouvelles applications, simplifie les environnements industriels et marque une v\u00e9ritable r\u00e9volution dans l\u2019utilisation des lasers USP.<\/p>\n\n\n\n<p><strong>CANUNDA-USP PureBeam supprime cet obstacle.<\/strong><br>Bas\u00e9 sur une technologie MPLC (Multi-Plane Light Conversion) enti\u00e8rement passive, il offre une stabilit\u00e9 et une qualit\u00e9 de faisceau in\u00e9gal\u00e9es, permettant &#8211; pour la premi\u00e8re fois &#8211; un couplage en fibre de niveau industriel pour les lasers USP.<\/p>\n\n\n\n<p>Plus qu\u2019un produit, <strong>PureBeam est un catalyseur<\/strong>.<br>Il acc\u00e9l\u00e8re la transition vers une utilisation des lasers ultrarapides plus flexible, scalable et v\u00e9ritablement industriel.<\/p>\n\n\n\n<div class=\"wp-block-buttons is-layout-flex wp-block-buttons-is-layout-flex\">\n<div class=\"wp-block-button is-style-download-button\"><a class=\"wp-block-button__link wp-element-button\" href=\"https:\/\/www.calameo.com\/read\/00757187627a7f4072e01\" target=\"_blank\" rel=\"noreferrer noopener\">Note d&rsquo;application CANUNDA-USP PureBeam<\/a><\/div>\n<\/div>\n<\/div>\n\n\n\n<div class=\"wp-block-column is-layout-flow wp-block-column-is-layout-flow\">\t<section class=\"acf slider-dimages align wp-block-acf-slider-dimages\" id=\"block_0be233df1c07b5b4ae49e1c929bc8ec8\">\n\t\t<div class=\"container\">\n\t\t\t<div class=\"swiper slider-dimages__slider\">\n\t\t\t\t<div class=\"swiper-button-prev\"><\/div>\n\t\t\t\t<div class=\"swiper-wrapper\">\n\t\t\t\t\t\t\t\t\t\t\t<div class=\"slider-dimages__image swiper-slide\">\n\t\t\t\t\t\t\t<picture>\n\t\t\t\t\t\t\t\t<source type=\"image\/webp\" srcset=\"https:\/\/www.cailabs.com\/app\/uploads\/2025\/12\/canunda-usp-pure-beam_fiber-launching-1024x670.webp, https:\/\/www.cailabs.com\/app\/uploads\/2025\/12\/canunda-usp-pure-beam_fiber-launching-1024x670.webp 2x\">\n\t\t\t\t\t\t\t\t<source type=\"image\/jpeg\" srcset=\"https:\/\/www.cailabs.com\/app\/uploads\/2025\/12\/canunda-usp-pure-beam_fiber-launching-1024x670.jpg, https:\/\/www.cailabs.com\/app\/uploads\/2025\/12\/canunda-usp-pure-beam_fiber-launching-1024x670.jpg 2x\">\n\t\t\t\t\t\t\t\t<img decoding=\"async\" loading=\"lazy\" src=\"https:\/\/www.cailabs.com\/app\/uploads\/2025\/12\/canunda-usp-pure-beam_fiber-launching-1024x670.jpg\" alt=\"CANUNDA-USP Pure Beam Fiber Launching\" width=\"1024\" height=\"596\"\/>\n\t\t\t\t\t\t\t\t\t\t\t\t\t\t\t\t\t<figcaption>Module CANUNDA-USP Pure Beam Fiber Launching<\/figcaption>\n\t\t\t\t\t\t\t\t\t\t\t\t\t\t\t<\/picture>\n\t\t\t\t\t\t<\/div>\n\t\t\t\t\t\t\t\t\t\t\t<div class=\"slider-dimages__image swiper-slide\">\n\t\t\t\t\t\t\t<picture>\n\t\t\t\t\t\t\t\t<source type=\"image\/webp\" srcset=\"https:\/\/www.cailabs.com\/app\/uploads\/2024\/02\/canunda-pulse.webp, https:\/\/www.cailabs.com\/app\/uploads\/2024\/02\/canunda-pulse.webp 2x\">\n\t\t\t\t\t\t\t\t<source type=\"image\/jpeg\" srcset=\"https:\/\/www.cailabs.com\/app\/uploads\/2024\/02\/canunda-pulse.jpg, https:\/\/www.cailabs.com\/app\/uploads\/2024\/02\/canunda-pulse.jpg 2x\">\n\t\t\t\t\t\t\t\t<img decoding=\"async\" loading=\"lazy\" src=\"https:\/\/www.cailabs.com\/app\/uploads\/2024\/02\/canunda-pulse.jpg\" alt=\"CANUNDA-PULSE\" width=\"1024\" height=\"596\"\/>\n\t\t\t\t\t\t\t\t\t\t\t\t\t\t\t\t\t<figcaption>CANUNDA-USP<\/figcaption>\n\t\t\t\t\t\t\t\t\t\t\t\t\t\t\t<\/picture>\n\t\t\t\t\t\t<\/div>\n\t\t\t\t\t\t\t\t\t\t\t<div class=\"slider-dimages__image swiper-slide\">\n\t\t\t\t\t\t\t<picture>\n\t\t\t\t\t\t\t\t<source type=\"image\/webp\" srcset=\"https:\/\/www.cailabs.com\/app\/uploads\/2025\/12\/canunda-usp-pure-beam-1024x687.webp, https:\/\/www.cailabs.com\/app\/uploads\/2025\/12\/canunda-usp-pure-beam-1024x687.webp 2x\">\n\t\t\t\t\t\t\t\t<source type=\"image\/jpeg\" srcset=\"https:\/\/www.cailabs.com\/app\/uploads\/2025\/12\/canunda-usp-pure-beam-1024x687.jpg, https:\/\/www.cailabs.com\/app\/uploads\/2025\/12\/canunda-usp-pure-beam-1024x687.jpg 2x\">\n\t\t\t\t\t\t\t\t<img decoding=\"async\" loading=\"lazy\" src=\"https:\/\/www.cailabs.com\/app\/uploads\/2025\/12\/canunda-usp-pure-beam-1024x687.jpg\" alt=\"CANUNDA-USP Pure Beam\" width=\"1024\" height=\"596\"\/>\n\t\t\t\t\t\t\t\t\t\t\t\t\t\t\t\t\t<figcaption>Module CANUNDA-USP Pure Beam<\/figcaption>\n\t\t\t\t\t\t\t\t\t\t\t\t\t\t\t<\/picture>\n\t\t\t\t\t\t<\/div>\n\t\t\t\t\t\t\t\t\t<\/div>\n\t\t\t\t<div class=\"swiper-button-next\"><\/div>\n\t\t\t<\/div>\n\t\t<\/div>\n\t<\/section>\n<\/div>\n<\/div>\n\n\n\n<h2 class=\"wp-block-heading has-text-align-center has-h-2-font-size\">D\u00e9monstration du syst\u00e8me passif CANUNDA-USP PureBeam<\/h2>\n\n\n\n        <div class=\"youtube-lazy-container\" data-youtube-id=\"Ja5u-gOcD_8\" data-youtube-url=\"https:\/\/youtu.be\/Ja5u-gOcD_8\">\n            <div class=\"youtube-lazy-placeholder\">\n                <img decoding=\"async\" src=\"https:\/\/img.youtube.com\/vi\/Ja5u-gOcD_8\/maxresdefault.jpg\" alt=\"YouTube Video\" class=\"youtube-lazy-thumbnail\" loading=\"lazy\">\n                <div class=\"youtube-lazy-overlay\">\n                    <div class=\"youtube-lazy-play-button\">\n                        <svg width=\"68\" height=\"48\" viewBox=\"0 0 68 48\">\n                            <path d=\"M66.52,7.74c-0.78-2.93-2.49-5.41-5.42-6.19C55.79,.13,34,0,34,0S12.21,.13,6.9,1.55 C3.97,2.33,2.27,4.81,1.48,7.74C0.06,13.05,0,24,0,24s0.06,10.95,1.48,16.26c0.78,2.93,2.49,5.41,5.42,6.19 C12.21,47.87,34,48,34,48s21.79-0.13,27.1-1.55c2.93-0.78,4.64-3.26,5.42-6.19C67.94,34.95,68,24,68,24S67.94,13.05,66.52,7.74z\" fill=\"#f00\"><\/path>\n                            <path d=\"M 45,24 27,14 27,34\" fill=\"#fff\"><\/path>\n                        <\/svg>\n                    <\/div>\n                <\/div>\n            <\/div>\n        <\/div>\n\n<section class=\"acf slider-dapplications align wp-block-acf-slider-dapplications\" id=\"block_75e6d7527fe11c501b9732f42931be4b\">\n\t<div class=\"container container__large\">\n\t\t\t\t\t<h2>Autres applications<\/h2>\n\t\t\t\t\t\t\t<div class=\"slider-dapplications__applications swiper\">\n\t\t\t\t<div class=\"swiper-wrapper\">\n\t\t\t\t\t\t\t\t\t\t\t\t\t\t\t\t\t\t<a href=\"https:\/\/www.cailabs.com\/fr\/procedes-laser-industriels\/micro-usinage\/structuration-de-surface\/\" class=\"slider-dapplications__application swiper-slide\">\n\t\t\t\t\t\t\t\t<strong class=\"slider-dapplications__application_title\">Structuration de surface<\/strong>\n\t\t\t\t\t\t\t\t<div class=\"slider-dapplications__application_img\">\n\t\t\t\t\t\t\t\t\t<picture>\n\t\t\t\t\t\t\t\t\t\t<source type=\"image\/webp\" srcset=\"https:\/\/www.cailabs.com\/app\/uploads\/2024\/02\/surface-texturing-390x320-1-350x500-c-1.webp, https:\/\/www.cailabs.com\/app\/uploads\/2024\/02\/surface-texturing-390x320-1-350x500-c-1@2x.webp 2x\">\n\t\t\t\t\t\t\t\t\t\t<source type=\"image\/jpeg\" srcset=\"https:\/\/www.cailabs.com\/app\/uploads\/2024\/02\/surface-texturing-390x320-1-350x500-c-1.jpg, https:\/\/www.cailabs.com\/app\/uploads\/2024\/02\/surface-texturing-390x320-1-350x500-c-1@2x.jpg 2x\">\n\t\t\t\t\t\t\t\t\t\t<img decoding=\"async\" loading=\"lazy\" src=\"https:\/\/www.cailabs.com\/app\/uploads\/2024\/02\/surface-texturing-390x320-1-350x500-c-1.jpg\" alt=\"Surface texturing\" width=\"320\" height=\"430\"\/>\n\t\t\t\t\t\t\t\t\t<\/picture>\n\t\t\t\t\t\t\t\t<\/div>\n\t\t\t\t\t\t\t<\/a>\n\t\t\t\t\t\t\t\t\t\t\t\t\t\t\t\t\t\t\t\t\t\t\t\t<a href=\"https:\/\/www.cailabs.com\/fr\/procedes-laser-industriels\/micro-usinage\/usinage-des-metaux\/\" class=\"slider-dapplications__application swiper-slide\">\n\t\t\t\t\t\t\t\t<strong class=\"slider-dapplications__application_title\">Usinage des m\u00e9taux<\/strong>\n\t\t\t\t\t\t\t\t<div class=\"slider-dapplications__application_img\">\n\t\t\t\t\t\t\t\t\t<picture>\n\t\t\t\t\t\t\t\t\t\t<source type=\"image\/webp\" srcset=\"https:\/\/www.cailabs.com\/app\/uploads\/2024\/02\/metal-processing-1-1-350x500-c-1.webp, https:\/\/www.cailabs.com\/app\/uploads\/2024\/02\/metal-processing-1-1-350x500-c-1@2x.webp 2x\">\n\t\t\t\t\t\t\t\t\t\t<source type=\"image\/jpeg\" srcset=\"https:\/\/www.cailabs.com\/app\/uploads\/2024\/02\/metal-processing-1-1-350x500-c-1.jpg, https:\/\/www.cailabs.com\/app\/uploads\/2024\/02\/metal-processing-1-1-350x500-c-1@2x.jpg 2x\">\n\t\t\t\t\t\t\t\t\t\t<img decoding=\"async\" loading=\"lazy\" src=\"https:\/\/www.cailabs.com\/app\/uploads\/2024\/02\/metal-processing-1-1-350x500-c-1.jpg\" alt=\"Metal Processing\" width=\"320\" height=\"430\"\/>\n\t\t\t\t\t\t\t\t\t<\/picture>\n\t\t\t\t\t\t\t\t<\/div>\n\t\t\t\t\t\t\t<\/a>\n\t\t\t\t\t\t\t\t\t\t\t\t\t\t\t\t\t\t\t\t\t\t\t\t<a href=\"https:\/\/www.cailabs.com\/fr\/procedes-laser-industriels\/micro-usinage\/usinage-du-verre\/\" class=\"slider-dapplications__application swiper-slide\">\n\t\t\t\t\t\t\t\t<strong class=\"slider-dapplications__application_title\">Usinage du verre<\/strong>\n\t\t\t\t\t\t\t\t<div class=\"slider-dapplications__application_img\">\n\t\t\t\t\t\t\t\t\t<picture>\n\t\t\t\t\t\t\t\t\t\t<source type=\"image\/webp\" srcset=\"https:\/\/www.cailabs.com\/app\/uploads\/2024\/02\/lzh-01-350x500-c-1.webp, https:\/\/www.cailabs.com\/app\/uploads\/2024\/02\/lzh-01-350x500-c-1@2x.webp 2x\">\n\t\t\t\t\t\t\t\t\t\t<source type=\"image\/jpeg\" srcset=\"https:\/\/www.cailabs.com\/app\/uploads\/2024\/02\/lzh-01-350x500-c-1.jpg, https:\/\/www.cailabs.com\/app\/uploads\/2024\/02\/lzh-01-350x500-c-1@2x.jpg 2x\">\n\t\t\t\t\t\t\t\t\t\t<img decoding=\"async\" loading=\"lazy\" src=\"https:\/\/www.cailabs.com\/app\/uploads\/2024\/02\/lzh-01-350x500-c-1.jpg\" alt=\"LZH-01\" width=\"320\" height=\"430\"\/>\n\t\t\t\t\t\t\t\t\t<\/picture>\n\t\t\t\t\t\t\t\t<\/div>\n\t\t\t\t\t\t\t<\/a>\n\t\t\t\t\t\t\t\t\t\t\t\t\t\t\t<\/div>\n\t\t\t\t<div class=\"swiper-pagination\"><\/div>\n\t\t\t<\/div>\n\t\t\t<\/div>\n<\/section>\n\n<section class=\"acf bandeau-avec-bouton align wp-block-acf-bandeau-avec-bouton\" id=\"block_f3e41b5633512e2fea6fbb4605f385bd\">\n\t<div class=\"container\">\n\t\t\t\t\t<h2>Vous souhaitez am\u00e9liorer les performances de proc\u00e9d\u00e9s d\u2019usinage laser ?<\/h2>\n\t\t\t\t\t\t\t\t\t<a href=\"https:\/\/www.cailabs.com\/fr\/contact\/\" target=\"\" class=\"btn btn__outline\">Contactez-nous<\/a>\n\t\t\t<\/div>\n\t\t\t<div class=\"bandeau-avec-bouton__bg\">\n\t\t\t<picture>\n\t\t\t\t<source type=\"image\/webp\" srcset=\"https:\/\/www.cailabs.com\/app\/uploads\/2025\/03\/bandeau-contact-us-industrial-laser-processing-1-1920x600.webp, https:\/\/www.cailabs.com\/app\/uploads\/2025\/03\/bandeau-contact-us-industrial-laser-processing-1-1920x600@2x.webp 2x\">\n\t\t\t\t<source type=\"image\/jpeg\" srcset=\"https:\/\/www.cailabs.com\/app\/uploads\/2025\/03\/bandeau-contact-us-industrial-laser-processing-1-1920x600.jpg, https:\/\/www.cailabs.com\/app\/uploads\/2025\/03\/bandeau-contact-us-industrial-laser-processing-1-1920x600@2x.jpg 2x\">\n\t\t\t\t<img decoding=\"async\" loading=\"lazy\" src=\"https:\/\/www.cailabs.com\/app\/uploads\/2025\/03\/bandeau-contact-us-industrial-laser-processing-1-1920x600.jpg\" alt=\"Industrial Laser Processing\" width=\"1920\" height=\"600\"\/>\n\t\t\t<\/picture>\n\t\t<\/div>\n\t<\/section>","protected":false},"excerpt":{"rendered":"<p>Injection dans une fibre CANUNDA-USP PureBeam \u2013 Pure stabilit\u00e9. Pure r\u00e9volution. L&rsquo;injection dans une fibre fa\u00e7onne l\u2019avenir du micro-usinage et des lasers femtosecondes, mais obtenir une injection robuste dans des fibres \u00e0 c\u0153ur creux reste un d\u00e9fi majeur. Nous avons d\u00e9velopp\u00e9 une solution unique \u2014 CANUNDA-USP PureBeam \u2014 offrant une stabilit\u00e9 exceptionnelle, m\u00eame \u00e0 haute [&hellip;]<\/p>\n","protected":false},"author":2,"featured_media":0,"parent":2522,"menu_order":4,"comment_status":"closed","ping_status":"closed","template":"","meta":{"_acf_changed":false,"content-type":"","_schema_org_content_json":"","footnotes":""},"class_list":["post-12150","page","type-page","status-publish","hentry"],"acf":[],"yoast_head":"<!-- This site is optimized with the Yoast SEO plugin v27.6 - https:\/\/yoast.com\/product\/yoast-seo-wordpress\/ -->\n<title>Proc\u00e9d\u00e9s laser industriels | Injection dans une fibre<\/title>\n<meta name=\"description\" content=\"D\u00e9couvrez CANUNDA-USP PureBeam, qui garantit une stabilit\u00e9 de faisceau in\u00e9gal\u00e9e et un couplage en fibre industriel pour les lasers \u00e0 impulsions ultra-courtes.\" \/>\n<meta name=\"robots\" content=\"index, follow, max-snippet:-1, max-image-preview:large, max-video-preview:-1\" \/>\n<link rel=\"canonical\" href=\"https:\/\/www.cailabs.com\/fr\/procedes-laser-industriels\/micro-usinage\/injection-dans-une-fibre\/\" \/>\n<meta property=\"og:locale\" content=\"fr_FR\" \/>\n<meta property=\"og:type\" content=\"article\" \/>\n<meta property=\"og:title\" content=\"Proc\u00e9d\u00e9s laser industriels | Injection dans une fibre\" \/>\n<meta property=\"og:description\" content=\"D\u00e9couvrez CANUNDA-USP PureBeam, qui garantit une stabilit\u00e9 de faisceau in\u00e9gal\u00e9e et un couplage en fibre industriel pour les lasers \u00e0 impulsions ultra-courtes.\" \/>\n<meta property=\"og:url\" content=\"https:\/\/www.cailabs.com\/fr\/procedes-laser-industriels\/micro-usinage\/injection-dans-une-fibre\/\" \/>\n<meta property=\"og:site_name\" content=\"Cailabs\" \/>\n<meta property=\"article:modified_time\" content=\"2026-01-22T10:53:30+00:00\" \/>\n<meta property=\"og:image\" content=\"https:\/\/www.cailabs.com\/app\/uploads\/2025\/03\/bandeau-page-other-micro-processing-1-scaled.webp\" \/>\n\t<meta property=\"og:image:width\" content=\"2560\" \/>\n\t<meta property=\"og:image:height\" content=\"710\" \/>\n\t<meta property=\"og:image:type\" content=\"image\/webp\" \/>\n<meta name=\"twitter:card\" content=\"summary_large_image\" \/>\n<meta name=\"twitter:label1\" content=\"Dur\u00e9e de lecture estim\u00e9e\" \/>\n\t<meta name=\"twitter:data1\" content=\"2 minutes\" \/>\n<script type=\"application\/ld+json\" class=\"yoast-schema-graph\">{\"@context\":\"https:\\\/\\\/schema.org\",\"@graph\":[{\"@type\":\"WebPage\",\"@id\":\"https:\\\/\\\/www.cailabs.com\\\/fr\\\/procedes-laser-industriels\\\/micro-usinage\\\/injection-dans-une-fibre\\\/\",\"url\":\"https:\\\/\\\/www.cailabs.com\\\/fr\\\/procedes-laser-industriels\\\/micro-usinage\\\/injection-dans-une-fibre\\\/\",\"name\":\"Proc\u00e9d\u00e9s laser industriels | Injection dans une fibre\",\"isPartOf\":{\"@id\":\"https:\\\/\\\/www.cailabs.com\\\/fr\\\/#website\"},\"primaryImageOfPage\":{\"@id\":\"https:\\\/\\\/www.cailabs.com\\\/fr\\\/procedes-laser-industriels\\\/micro-usinage\\\/injection-dans-une-fibre\\\/#primaryimage\"},\"image\":{\"@id\":\"https:\\\/\\\/www.cailabs.com\\\/fr\\\/procedes-laser-industriels\\\/micro-usinage\\\/injection-dans-une-fibre\\\/#primaryimage\"},\"thumbnailUrl\":\"https:\\\/\\\/www.cailabs.com\\\/app\\\/uploads\\\/2025\\\/03\\\/bandeau-page-other-micro-processing-1-1024x284.webp\",\"datePublished\":\"2025-11-13T15:43:43+00:00\",\"dateModified\":\"2026-01-22T10:53:30+00:00\",\"description\":\"D\u00e9couvrez CANUNDA-USP PureBeam, qui garantit une stabilit\u00e9 de faisceau in\u00e9gal\u00e9e et un couplage en fibre industriel pour les lasers \u00e0 impulsions ultra-courtes.\",\"breadcrumb\":{\"@id\":\"https:\\\/\\\/www.cailabs.com\\\/fr\\\/procedes-laser-industriels\\\/micro-usinage\\\/injection-dans-une-fibre\\\/#breadcrumb\"},\"inLanguage\":\"fr-FR\",\"potentialAction\":[{\"@type\":\"ReadAction\",\"target\":[\"https:\\\/\\\/www.cailabs.com\\\/fr\\\/procedes-laser-industriels\\\/micro-usinage\\\/injection-dans-une-fibre\\\/\"]}]},{\"@type\":\"ImageObject\",\"inLanguage\":\"fr-FR\",\"@id\":\"https:\\\/\\\/www.cailabs.com\\\/fr\\\/procedes-laser-industriels\\\/micro-usinage\\\/injection-dans-une-fibre\\\/#primaryimage\",\"url\":\"https:\\\/\\\/www.cailabs.com\\\/app\\\/uploads\\\/2025\\\/03\\\/bandeau-page-other-micro-processing-1-1024x284.webp\",\"contentUrl\":\"https:\\\/\\\/www.cailabs.com\\\/app\\\/uploads\\\/2025\\\/03\\\/bandeau-page-other-micro-processing-1-1024x284.webp\"},{\"@type\":\"BreadcrumbList\",\"@id\":\"https:\\\/\\\/www.cailabs.com\\\/fr\\\/procedes-laser-industriels\\\/micro-usinage\\\/injection-dans-une-fibre\\\/#breadcrumb\",\"itemListElement\":[{\"@type\":\"ListItem\",\"position\":1,\"name\":\"Home\",\"item\":\"https:\\\/\\\/www.cailabs.com\\\/fr\\\/\"},{\"@type\":\"ListItem\",\"position\":2,\"name\":\"Proc\u00e9d\u00e9s laser industriels\",\"item\":\"https:\\\/\\\/www.cailabs.com\\\/fr\\\/procedes-laser-industriels\\\/\"},{\"@type\":\"ListItem\",\"position\":3,\"name\":\"Micro usinage\",\"item\":\"https:\\\/\\\/www.cailabs.com\\\/fr\\\/procedes-laser-industriels\\\/micro-usinage\\\/\"},{\"@type\":\"ListItem\",\"position\":4,\"name\":\"Injection dans une fibre\"}]},{\"@type\":\"WebSite\",\"@id\":\"https:\\\/\\\/www.cailabs.com\\\/fr\\\/#website\",\"url\":\"https:\\\/\\\/www.cailabs.com\\\/fr\\\/\",\"name\":\"Cailabs\",\"description\":\"\",\"potentialAction\":[{\"@type\":\"SearchAction\",\"target\":{\"@type\":\"EntryPoint\",\"urlTemplate\":\"https:\\\/\\\/www.cailabs.com\\\/fr\\\/?s={search_term_string}\"},\"query-input\":{\"@type\":\"PropertyValueSpecification\",\"valueRequired\":true,\"valueName\":\"search_term_string\"}}],\"inLanguage\":\"fr-FR\"}]}<\/script>\n<!-- \/ Yoast SEO plugin. -->","yoast_head_json":{"title":"Proc\u00e9d\u00e9s laser industriels | Injection dans une fibre","description":"D\u00e9couvrez CANUNDA-USP PureBeam, qui garantit une stabilit\u00e9 de faisceau in\u00e9gal\u00e9e et un couplage en fibre industriel pour les lasers \u00e0 impulsions ultra-courtes.","robots":{"index":"index","follow":"follow","max-snippet":"max-snippet:-1","max-image-preview":"max-image-preview:large","max-video-preview":"max-video-preview:-1"},"canonical":"https:\/\/www.cailabs.com\/fr\/procedes-laser-industriels\/micro-usinage\/injection-dans-une-fibre\/","og_locale":"fr_FR","og_type":"article","og_title":"Proc\u00e9d\u00e9s laser industriels | Injection dans une fibre","og_description":"D\u00e9couvrez CANUNDA-USP PureBeam, qui garantit une stabilit\u00e9 de faisceau in\u00e9gal\u00e9e et un couplage en fibre industriel pour les lasers \u00e0 impulsions ultra-courtes.","og_url":"https:\/\/www.cailabs.com\/fr\/procedes-laser-industriels\/micro-usinage\/injection-dans-une-fibre\/","og_site_name":"Cailabs","article_modified_time":"2026-01-22T10:53:30+00:00","og_image":[{"width":2560,"height":710,"url":"https:\/\/www.cailabs.com\/app\/uploads\/2025\/03\/bandeau-page-other-micro-processing-1-scaled.webp","type":"image\/webp"}],"twitter_card":"summary_large_image","twitter_misc":{"Dur\u00e9e de lecture estim\u00e9e":"2 minutes"},"schema":{"@context":"https:\/\/schema.org","@graph":[{"@type":"WebPage","@id":"https:\/\/www.cailabs.com\/fr\/procedes-laser-industriels\/micro-usinage\/injection-dans-une-fibre\/","url":"https:\/\/www.cailabs.com\/fr\/procedes-laser-industriels\/micro-usinage\/injection-dans-une-fibre\/","name":"Proc\u00e9d\u00e9s laser industriels | Injection dans une fibre","isPartOf":{"@id":"https:\/\/www.cailabs.com\/fr\/#website"},"primaryImageOfPage":{"@id":"https:\/\/www.cailabs.com\/fr\/procedes-laser-industriels\/micro-usinage\/injection-dans-une-fibre\/#primaryimage"},"image":{"@id":"https:\/\/www.cailabs.com\/fr\/procedes-laser-industriels\/micro-usinage\/injection-dans-une-fibre\/#primaryimage"},"thumbnailUrl":"https:\/\/www.cailabs.com\/app\/uploads\/2025\/03\/bandeau-page-other-micro-processing-1-1024x284.webp","datePublished":"2025-11-13T15:43:43+00:00","dateModified":"2026-01-22T10:53:30+00:00","description":"D\u00e9couvrez CANUNDA-USP PureBeam, qui garantit une stabilit\u00e9 de faisceau in\u00e9gal\u00e9e et un couplage en fibre industriel pour les lasers \u00e0 impulsions ultra-courtes.","breadcrumb":{"@id":"https:\/\/www.cailabs.com\/fr\/procedes-laser-industriels\/micro-usinage\/injection-dans-une-fibre\/#breadcrumb"},"inLanguage":"fr-FR","potentialAction":[{"@type":"ReadAction","target":["https:\/\/www.cailabs.com\/fr\/procedes-laser-industriels\/micro-usinage\/injection-dans-une-fibre\/"]}]},{"@type":"ImageObject","inLanguage":"fr-FR","@id":"https:\/\/www.cailabs.com\/fr\/procedes-laser-industriels\/micro-usinage\/injection-dans-une-fibre\/#primaryimage","url":"https:\/\/www.cailabs.com\/app\/uploads\/2025\/03\/bandeau-page-other-micro-processing-1-1024x284.webp","contentUrl":"https:\/\/www.cailabs.com\/app\/uploads\/2025\/03\/bandeau-page-other-micro-processing-1-1024x284.webp"},{"@type":"BreadcrumbList","@id":"https:\/\/www.cailabs.com\/fr\/procedes-laser-industriels\/micro-usinage\/injection-dans-une-fibre\/#breadcrumb","itemListElement":[{"@type":"ListItem","position":1,"name":"Home","item":"https:\/\/www.cailabs.com\/fr\/"},{"@type":"ListItem","position":2,"name":"Proc\u00e9d\u00e9s laser industriels","item":"https:\/\/www.cailabs.com\/fr\/procedes-laser-industriels\/"},{"@type":"ListItem","position":3,"name":"Micro usinage","item":"https:\/\/www.cailabs.com\/fr\/procedes-laser-industriels\/micro-usinage\/"},{"@type":"ListItem","position":4,"name":"Injection dans une fibre"}]},{"@type":"WebSite","@id":"https:\/\/www.cailabs.com\/fr\/#website","url":"https:\/\/www.cailabs.com\/fr\/","name":"Cailabs","description":"","potentialAction":[{"@type":"SearchAction","target":{"@type":"EntryPoint","urlTemplate":"https:\/\/www.cailabs.com\/fr\/?s={search_term_string}"},"query-input":{"@type":"PropertyValueSpecification","valueRequired":true,"valueName":"search_term_string"}}],"inLanguage":"fr-FR"}]}},"_links":{"self":[{"href":"https:\/\/www.cailabs.com\/fr\/wp-json\/wp\/v2\/pages\/12150","targetHints":{"allow":["GET"]}}],"collection":[{"href":"https:\/\/www.cailabs.com\/fr\/wp-json\/wp\/v2\/pages"}],"about":[{"href":"https:\/\/www.cailabs.com\/fr\/wp-json\/wp\/v2\/types\/page"}],"author":[{"embeddable":true,"href":"https:\/\/www.cailabs.com\/fr\/wp-json\/wp\/v2\/users\/2"}],"replies":[{"embeddable":true,"href":"https:\/\/www.cailabs.com\/fr\/wp-json\/wp\/v2\/comments?post=12150"}],"version-history":[{"count":18,"href":"https:\/\/www.cailabs.com\/fr\/wp-json\/wp\/v2\/pages\/12150\/revisions"}],"predecessor-version":[{"id":12384,"href":"https:\/\/www.cailabs.com\/fr\/wp-json\/wp\/v2\/pages\/12150\/revisions\/12384"}],"up":[{"embeddable":true,"href":"https:\/\/www.cailabs.com\/fr\/wp-json\/wp\/v2\/pages\/2522"}],"wp:attachment":[{"href":"https:\/\/www.cailabs.com\/fr\/wp-json\/wp\/v2\/media?parent=12150"}],"curies":[{"name":"wp","href":"https:\/\/api.w.org\/{rel}","templated":true}]}}