{"id":1314,"date":"2024-02-09T20:29:18","date_gmt":"2024-02-09T19:29:18","guid":{"rendered":"https:\/\/www.cailabs.com?page_id=1314"},"modified":"2024-11-21T13:53:43","modified_gmt":"2024-11-21T12:53:43","slug":"communications-lasers-avec-des-aeronefs","status":"publish","type":"page","link":"https:\/\/www.cailabs.com\/fr\/aerospatial-defense\/communications-laser\/communications-lasers-avec-des-aeronefs\/","title":{"rendered":"Communications lasers avec des a\u00e9ronefs"},"content":{"rendered":"\n<div class=\"wp-block-group is-layout-constrained wp-block-group-is-layout-constrained\">\n<h1 class=\"wp-block-heading has-text-align-center\">Communications lasers avec des a\u00e9ronefs<\/h1>\n<\/div>\n\n\n\n<div class=\"wp-block-cover alignfull\" style=\"margin-top:0.67rem;margin-bottom:var(--wp--preset--spacing--60);min-height:350px;aspect-ratio:unset;\"><span aria-hidden=\"true\" class=\"wp-block-cover__background has-background-dim\"><\/span><img loading=\"lazy\" decoding=\"async\" width=\"1150\" height=\"500\" class=\"wp-block-cover__image-background wp-image-1316\" alt=\"\" src=\"https:\/\/www.cailabs.com\/app\/uploads\/2024\/02\/communications-lasers-avec-des-aeronefs-1150x500-1.jpg\" data-object-fit=\"cover\" srcset=\"https:\/\/www.cailabs.com\/app\/uploads\/2024\/02\/communications-lasers-avec-des-aeronefs-1150x500-1.jpg 1150w, https:\/\/www.cailabs.com\/app\/uploads\/2024\/02\/communications-lasers-avec-des-aeronefs-1150x500-1-300x130.jpg 300w, https:\/\/www.cailabs.com\/app\/uploads\/2024\/02\/communications-lasers-avec-des-aeronefs-1150x500-1-1024x445.jpg 1024w, https:\/\/www.cailabs.com\/app\/uploads\/2024\/02\/communications-lasers-avec-des-aeronefs-1150x500-1-768x334.jpg 768w\" sizes=\"auto, (max-width: 1150px) 100vw, 1150px\" \/><div class=\"wp-block-cover__inner-container is-layout-constrained wp-container-core-cover-is-layout-6bb38fc7 wp-block-cover-is-layout-constrained\">\n<p class=\"has-text-align-center has-large-font-size\"><strong>TILBA<strong>\u00ae<\/strong> am\u00e9liore la fiabilit\u00e9 des communications lasers pour les a\u00e9ronefs<\/strong><\/p>\n<\/div><\/div>\n\n\n\n<p style=\"margin-top:var(--wp--preset--spacing--20);margin-bottom:0\"><strong>Plus qu\u2019un simple trajet en avion, les compagnies a\u00e9riennes proposent d\u00e9sormais une v\u00e9ritable exp\u00e9rience passager \u00e0 leurs clients. In-flight Entertainment, services mobiles, Wifi et IoT, sont d\u00e9j\u00e0 des r\u00e9alit\u00e9s en vol, tandis que demain, la demande s\u2019oriente vers une connexion internet \u00e9quivalente au FTTH. Outre les besoins passagers, les avions \u00e9changent aussi des quantit\u00e9s importantes d\u2019informations n\u00e9cessaires \u00e0 la s\u00e9curit\u00e9 et \u00e0 la navigation, par exemple pour le monitoring des \u00e9quipements et la maintenance en vol.<\/strong><\/p>\n\n\n\n<p>L\u2019augmentation du d\u00e9bit associ\u00e9 \u00e0 ces nouveaux usages n\u00e9cessite le d\u00e9ploiement de communications tr\u00e8s haut d\u00e9bit sans support physique vers ou depuis les a\u00e9ronefs. Les technologies de communications optiques en espace libre, aussi appel\u00e9e&nbsp;<em>Communications Laser,<\/em>&nbsp;sont les seules permettant d\u2019assurer le d\u00e9bit sup\u00e9rieur \u00e0 10 Gb\/s n\u00e9cessaire pour que les 500 passagers d\u2019un A380 visionnent une s\u00e9rie UHD en streaming.<\/p>\n\n\n\n<p>Etudi\u00e9es aussi largement pour les applications militaires, comme pour les drones ou les avions espions qui \u00e9changent des quantit\u00e9s \u00e9normes d\u2019informations<sup>1<\/sup>&nbsp;avec des stations au sol, les communications laser \u00e9mergent comme la solution aux probl\u00e8mes de d\u00e9bits.<\/p>\n\n\n\n<p>Pouvant relier des constellations de satellites, de ballons, de drones et d\u2019avions \u00e0 des stations aux sols, les communications lasers pourront \u00e9tendre les r\u00e9seaux de t\u00e9l\u00e9communication \u00e0 tr\u00e8s haut d\u00e9bit, actuellement fibr\u00e9s et statiques, en tout point du globe, et m\u00eame en orbite.<\/p>\n\n\n\n<p>Malheureusement, ces technologies sont encore limit\u00e9es par les perturbations atmosph\u00e9riques. Les fluctuations et les inhomog\u00e9n\u00e9it\u00e9s de l\u2019air att\u00e9nuent le faisceau et modifient son front d\u2019onde. La cons\u00e9quence est une connexion restreinte \u00e0 la fois en port\u00e9e et en d\u00e9bit. Des technologies de correction du front d\u2019onde existent bien, mais n\u00e9cessitent des \u00e9l\u00e9ments opto-m\u00e9caniques actifs difficilement embarquables, par exemple dans des a\u00e9ronefs.<\/p>\n\n\n\n<p><strong>La solution&nbsp;TILBA<strong><strong>\u00ae<\/strong><\/strong>&nbsp;de Cailabs permet une am\u00e9lioration de la fiabilit\u00e9 des communications optiques en espace libre gr\u00e2ce \u00e0&nbsp;:<\/strong><\/p>\n\n\n\n<ul class=\"wp-block-list\">\n<li>Une augmentation de la port\u00e9e et de la robustesse des liens optiques en espace libre.<\/li>\n\n\n\n<li>Un design embarqu\u00e9, \u00e0 la fois miniaturis\u00e9, robuste aux contraintes environnementales et m\u00e9caniquement passive.<\/li>\n\n\n\n<li>Des entr\u00e9es fibr\u00e9es compatibles avec les composants t\u00e9l\u00e9coms standards favorisant le traitement optique de l\u2019information.<\/li>\n<\/ul>\n\n\n\n<p><em><sup>1<\/sup>&nbsp;Notamment le projet Fly-Over Terabyte Offload<\/em><\/p>\n\n\n<section class=\"acf slider-dapplications aligncenter is-style-centered wp-block-acf-slider-dapplications\" id=\"block_4a6e1e562fa55f620e1c96e37d70f8ce\">\n\t<div class=\"container container__large\">\n\t\t\t\t\t<h2>Nos autres applications<\/h2>\n\t\t\t\t\t\t\t<div class=\"slider-dapplications__applications swiper\">\n\t\t\t\t<div class=\"swiper-wrapper\">\n\t\t\t\t\t\t\t\t\t\t\t\t\t\t\t\t\t\t<a href=\"https:\/\/www.cailabs.com\/fr\/aerospatial-defense\/communications-laser\/communications-securisees\/\" class=\"slider-dapplications__application swiper-slide\">\n\t\t\t\t\t\t\t\t<strong class=\"slider-dapplications__application_title\">Les t\u00e9l\u00e9communications spatiales<\/strong>\n\t\t\t\t\t\t\t\t<div class=\"slider-dapplications__application_img\">\n\t\t\t\t\t\t\t\t\t<picture>\n\t\t\t\t\t\t\t\t\t\t<source type=\"image\/webp\" srcset=\"https:\/\/www.cailabs.com\/app\/uploads\/2024\/02\/applications-for-secure-communications-1150x500-1-350x500-c-1.webp, https:\/\/www.cailabs.com\/app\/uploads\/2024\/02\/applications-for-secure-communications-1150x500-1-350x500-c-1@2x.webp 2x\">\n\t\t\t\t\t\t\t\t\t\t<source type=\"image\/jpeg\" srcset=\"https:\/\/www.cailabs.com\/app\/uploads\/2024\/02\/applications-for-secure-communications-1150x500-1-350x500-c-1.jpg, https:\/\/www.cailabs.com\/app\/uploads\/2024\/02\/applications-for-secure-communications-1150x500-1-350x500-c-1@2x.jpg 2x\">\n\t\t\t\t\t\t\t\t\t\t<img decoding=\"async\" loading=\"lazy\" src=\"https:\/\/www.cailabs.com\/app\/uploads\/2024\/02\/applications-for-secure-communications-1150x500-1-350x500-c-1.jpg\" alt=\"Military Surveillance Officer Working on a City Tracking Operati\" width=\"320\" height=\"430\"\/>\n\t\t\t\t\t\t\t\t\t<\/picture>\n\t\t\t\t\t\t\t\t<\/div>\n\t\t\t\t\t\t\t<\/a>\n\t\t\t\t\t\t\t\t\t\t\t\t\t\t\t\t\t\t\t\t\t\t\t\t<a href=\"https:\/\/www.cailabs.com\/fr\/aerospatial-defense\/communications-laser\/les-telecommunications-spatiales\/\" class=\"slider-dapplications__application swiper-slide\">\n\t\t\t\t\t\t\t\t<strong class=\"slider-dapplications__application_title\">Les t\u00e9l\u00e9communications spatiales<\/strong>\n\t\t\t\t\t\t\t\t<div class=\"slider-dapplications__application_img\">\n\t\t\t\t\t\t\t\t\t<picture>\n\t\t\t\t\t\t\t\t\t\t<source type=\"image\/webp\" srcset=\"https:\/\/www.cailabs.com\/app\/uploads\/2024\/02\/adobestock_342961057-1150x500-1-350x500-c-1.webp, https:\/\/www.cailabs.com\/app\/uploads\/2024\/02\/adobestock_342961057-1150x500-1-350x500-c-1@2x.webp 2x\">\n\t\t\t\t\t\t\t\t\t\t<source type=\"image\/jpeg\" srcset=\"https:\/\/www.cailabs.com\/app\/uploads\/2024\/02\/adobestock_342961057-1150x500-1-350x500-c-1.jpg, https:\/\/www.cailabs.com\/app\/uploads\/2024\/02\/adobestock_342961057-1150x500-1-350x500-c-1@2x.jpg 2x\">\n\t\t\t\t\t\t\t\t\t\t<img decoding=\"async\" loading=\"lazy\" src=\"https:\/\/www.cailabs.com\/app\/uploads\/2024\/02\/adobestock_342961057-1150x500-1-350x500-c-1.jpg\" alt=\"Spatial telecommunications\" width=\"320\" height=\"430\"\/>\n\t\t\t\t\t\t\t\t\t<\/picture>\n\t\t\t\t\t\t\t\t<\/div>\n\t\t\t\t\t\t\t<\/a>\n\t\t\t\t\t\t\t\t\t\t\t\t\t\t\t\t\t\t\t\t\t\t\t\t<a href=\"https:\/\/www.cailabs.com\/fr\/aerospatial-defense\/communications-laser\/observation-de-la-terre-par-satellite\/\" class=\"slider-dapplications__application swiper-slide\">\n\t\t\t\t\t\t\t\t<strong class=\"slider-dapplications__application_title\">Observation de la Terre par satellite<\/strong>\n\t\t\t\t\t\t\t\t<div class=\"slider-dapplications__application_img\">\n\t\t\t\t\t\t\t\t\t<picture>\n\t\t\t\t\t\t\t\t\t\t<source type=\"image\/webp\" srcset=\"https:\/\/www.cailabs.com\/app\/uploads\/2024\/02\/earth-observation-350x500-c-1.webp, https:\/\/www.cailabs.com\/app\/uploads\/2024\/02\/earth-observation-350x500-c-1@2x.webp 2x\">\n\t\t\t\t\t\t\t\t\t\t<source type=\"image\/jpeg\" srcset=\"https:\/\/www.cailabs.com\/app\/uploads\/2024\/02\/earth-observation-350x500-c-1.jpg, https:\/\/www.cailabs.com\/app\/uploads\/2024\/02\/earth-observation-350x500-c-1@2x.jpg 2x\">\n\t\t\t\t\t\t\t\t\t\t<img decoding=\"async\" loading=\"lazy\" src=\"https:\/\/www.cailabs.com\/app\/uploads\/2024\/02\/earth-observation-350x500-c-1.jpg\" alt=\"Earth Observation\" width=\"320\" height=\"430\"\/>\n\t\t\t\t\t\t\t\t\t<\/picture>\n\t\t\t\t\t\t\t\t<\/div>\n\t\t\t\t\t\t\t<\/a>\n\t\t\t\t\t\t\t\t\t\t\t\t\t\t\t\t\t\t\t\t\t\t\t\t<a href=\"https:\/\/www.cailabs.com\/fr\/aerospatial-defense\/communications-laser\/communications-laser-line-of-sight-civiles\/\" class=\"slider-dapplications__application swiper-slide\">\n\t\t\t\t\t\t\t\t<strong class=\"slider-dapplications__application_title\">Communications laser Line-of-Sight civiles<\/strong>\n\t\t\t\t\t\t\t\t<div class=\"slider-dapplications__application_img\">\n\t\t\t\t\t\t\t\t\t<picture>\n\t\t\t\t\t\t\t\t\t\t<source type=\"image\/webp\" srcset=\"https:\/\/www.cailabs.com\/app\/uploads\/2024\/02\/communication-laser-line-of-sight-civiles-1150x500-1-350x500-c-1.webp, https:\/\/www.cailabs.com\/app\/uploads\/2024\/02\/communication-laser-line-of-sight-civiles-1150x500-1-350x500-c-1@2x.webp 2x\">\n\t\t\t\t\t\t\t\t\t\t<source type=\"image\/jpeg\" srcset=\"https:\/\/www.cailabs.com\/app\/uploads\/2024\/02\/communication-laser-line-of-sight-civiles-1150x500-1-350x500-c-1.jpg, https:\/\/www.cailabs.com\/app\/uploads\/2024\/02\/communication-laser-line-of-sight-civiles-1150x500-1-350x500-c-1@2x.jpg 2x\">\n\t\t\t\t\t\t\t\t\t\t<img decoding=\"async\" loading=\"lazy\" src=\"https:\/\/www.cailabs.com\/app\/uploads\/2024\/02\/communication-laser-line-of-sight-civiles-1150x500-1-350x500-c-1.jpg\" alt=\"Communications laser Line-of-Sight civiles\" width=\"320\" height=\"430\"\/>\n\t\t\t\t\t\t\t\t\t<\/picture>\n\t\t\t\t\t\t\t\t<\/div>\n\t\t\t\t\t\t\t<\/a>\n\t\t\t\t\t\t\t\t\t\t\t\t\t\t\t<\/div>\n\t\t\t\t<div class=\"swiper-pagination\"><\/div>\n\t\t\t<\/div>\n\t\t\t<\/div>\n<\/section>\n\n<section class=\"acf bandeau-avec-bouton align wp-block-acf-bandeau-avec-bouton\" id=\"block_024f06dc937f7975788f81efb9802d94\">\n\t<div class=\"container\">\n\t\t\t\t\t<h2>Prenez contact avec Cailabs<\/h2>\n\t\t\t\t\t\t\t<div class=\"txt\"><p>Vous souhaitez en apprendre plus sur l\u2019une de nos solutions ?<\/p>\n<\/div>\n\t\t\t\t\t\t\t<a href=\"https:\/\/www.cailabs.com\/fr\/contact\/\" target=\"_blank\" class=\"btn btn__outline\">Contactez nous !<\/a>\n\t\t\t<\/div>\n\t\t\t<div class=\"bandeau-avec-bouton__bg\">\n\t\t\t<picture>\n\t\t\t\t<source type=\"image\/webp\" srcset=\"https:\/\/www.cailabs.com\/app\/uploads\/2024\/11\/bandeau-contact-us-aerospace-defense-2-1920x600-1.webp, https:\/\/www.cailabs.com\/app\/uploads\/2024\/11\/bandeau-contact-us-aerospace-defense-2-1920x600-1@2x.webp 2x\">\n\t\t\t\t<source type=\"image\/jpeg\" srcset=\"https:\/\/www.cailabs.com\/app\/uploads\/2024\/11\/bandeau-contact-us-aerospace-defense-2-1920x600-1.jpg, https:\/\/www.cailabs.com\/app\/uploads\/2024\/11\/bandeau-contact-us-aerospace-defense-2-1920x600-1@2x.jpg 2x\">\n\t\t\t\t<img decoding=\"async\" loading=\"lazy\" src=\"https:\/\/www.cailabs.com\/app\/uploads\/2024\/11\/bandeau-contact-us-aerospace-defense-2-1920x600-1.jpg\" alt=\"Contact Us\" width=\"1920\" height=\"600\"\/>\n\t\t\t<\/picture>\n\t\t<\/div>\n\t<\/section>","protected":false},"excerpt":{"rendered":"<p>Observation de la Terre par satellite<\/p>\n","protected":false},"author":2,"featured_media":1316,"parent":2615,"menu_order":1,"comment_status":"closed","ping_status":"closed","template":"","meta":{"_acf_changed":false,"content-type":"","_schema_org_content_json":"","footnotes":""},"class_list":["post-1314","page","type-page","status-publish","has-post-thumbnail","hentry"],"acf":[],"yoast_head":"<!-- This site is optimized with the Yoast SEO plugin v27.5 - https:\/\/yoast.com\/product\/yoast-seo-wordpress\/ -->\n<title>Application | Communications lasers avec des a\u00e9ronefs<\/title>\n<meta name=\"description\" content=\"TILBA\u00ae am\u00e9liore la fiabilit\u00e9 des communications lasers pour les a\u00e9ronefs\" \/>\n<meta name=\"robots\" content=\"index, follow, max-snippet:-1, max-image-preview:large, max-video-preview:-1\" \/>\n<link rel=\"canonical\" href=\"https:\/\/www.cailabs.com\/fr\/aerospatial-defense\/communications-laser\/communications-lasers-avec-des-aeronefs\/\" \/>\n<meta property=\"og:locale\" content=\"fr_FR\" \/>\n<meta property=\"og:type\" content=\"article\" \/>\n<meta property=\"og:title\" content=\"Application | Communications lasers avec des a\u00e9ronefs\" \/>\n<meta property=\"og:description\" content=\"TILBA\u00ae am\u00e9liore la fiabilit\u00e9 des communications lasers pour les a\u00e9ronefs\" \/>\n<meta property=\"og:url\" content=\"https:\/\/www.cailabs.com\/fr\/aerospatial-defense\/communications-laser\/communications-lasers-avec-des-aeronefs\/\" \/>\n<meta property=\"og:site_name\" content=\"Cailabs\" \/>\n<meta property=\"article:modified_time\" content=\"2024-11-21T12:53:43+00:00\" \/>\n<meta property=\"og:image\" content=\"https:\/\/www.cailabs.com\/app\/uploads\/2024\/02\/communications-lasers-avec-des-aeronefs-1150x500-1.jpg\" \/>\n\t<meta property=\"og:image:width\" content=\"1150\" \/>\n\t<meta property=\"og:image:height\" content=\"500\" \/>\n\t<meta property=\"og:image:type\" content=\"image\/jpeg\" \/>\n<meta name=\"twitter:card\" content=\"summary_large_image\" \/>\n<meta name=\"twitter:label1\" content=\"Dur\u00e9e de lecture estim\u00e9e\" \/>\n\t<meta name=\"twitter:data1\" content=\"2 minutes\" \/>\n<script type=\"application\/ld+json\" class=\"yoast-schema-graph\">{\"@context\":\"https:\\\/\\\/schema.org\",\"@graph\":[{\"@type\":\"WebPage\",\"@id\":\"https:\\\/\\\/www.cailabs.com\\\/fr\\\/aerospatial-defense\\\/communications-laser\\\/communications-lasers-avec-des-aeronefs\\\/\",\"url\":\"https:\\\/\\\/www.cailabs.com\\\/fr\\\/aerospatial-defense\\\/communications-laser\\\/communications-lasers-avec-des-aeronefs\\\/\",\"name\":\"Application | Communications lasers avec des a\u00e9ronefs\",\"isPartOf\":{\"@id\":\"https:\\\/\\\/www.cailabs.com\\\/fr\\\/#website\"},\"primaryImageOfPage\":{\"@id\":\"https:\\\/\\\/www.cailabs.com\\\/fr\\\/aerospatial-defense\\\/communications-laser\\\/communications-lasers-avec-des-aeronefs\\\/#primaryimage\"},\"image\":{\"@id\":\"https:\\\/\\\/www.cailabs.com\\\/fr\\\/aerospatial-defense\\\/communications-laser\\\/communications-lasers-avec-des-aeronefs\\\/#primaryimage\"},\"thumbnailUrl\":\"https:\\\/\\\/www.cailabs.com\\\/app\\\/uploads\\\/2024\\\/02\\\/communications-lasers-avec-des-aeronefs-1150x500-1.jpg\",\"datePublished\":\"2024-02-09T19:29:18+00:00\",\"dateModified\":\"2024-11-21T12:53:43+00:00\",\"description\":\"TILBA\u00ae am\u00e9liore la fiabilit\u00e9 des communications lasers pour les a\u00e9ronefs\",\"breadcrumb\":{\"@id\":\"https:\\\/\\\/www.cailabs.com\\\/fr\\\/aerospatial-defense\\\/communications-laser\\\/communications-lasers-avec-des-aeronefs\\\/#breadcrumb\"},\"inLanguage\":\"fr-FR\",\"potentialAction\":[{\"@type\":\"ReadAction\",\"target\":[\"https:\\\/\\\/www.cailabs.com\\\/fr\\\/aerospatial-defense\\\/communications-laser\\\/communications-lasers-avec-des-aeronefs\\\/\"]}]},{\"@type\":\"ImageObject\",\"inLanguage\":\"fr-FR\",\"@id\":\"https:\\\/\\\/www.cailabs.com\\\/fr\\\/aerospatial-defense\\\/communications-laser\\\/communications-lasers-avec-des-aeronefs\\\/#primaryimage\",\"url\":\"https:\\\/\\\/www.cailabs.com\\\/app\\\/uploads\\\/2024\\\/02\\\/communications-lasers-avec-des-aeronefs-1150x500-1.jpg\",\"contentUrl\":\"https:\\\/\\\/www.cailabs.com\\\/app\\\/uploads\\\/2024\\\/02\\\/communications-lasers-avec-des-aeronefs-1150x500-1.jpg\",\"width\":1150,\"height\":500,\"caption\":\"Communications lasers avec des a\u00e9ronefs\"},{\"@type\":\"BreadcrumbList\",\"@id\":\"https:\\\/\\\/www.cailabs.com\\\/fr\\\/aerospatial-defense\\\/communications-laser\\\/communications-lasers-avec-des-aeronefs\\\/#breadcrumb\",\"itemListElement\":[{\"@type\":\"ListItem\",\"position\":1,\"name\":\"Home\",\"item\":\"https:\\\/\\\/www.cailabs.com\\\/fr\\\/\"},{\"@type\":\"ListItem\",\"position\":2,\"name\":\"A\u00e9rospatial &amp; D\u00e9fense\",\"item\":\"https:\\\/\\\/www.cailabs.com\\\/fr\\\/aerospatial-defense\\\/\"},{\"@type\":\"ListItem\",\"position\":3,\"name\":\"Communications laser\",\"item\":\"https:\\\/\\\/www.cailabs.com\\\/fr\\\/aerospatial-defense\\\/communications-laser\\\/\"},{\"@type\":\"ListItem\",\"position\":4,\"name\":\"Communications lasers avec des a\u00e9ronefs\"}]},{\"@type\":\"WebSite\",\"@id\":\"https:\\\/\\\/www.cailabs.com\\\/fr\\\/#website\",\"url\":\"https:\\\/\\\/www.cailabs.com\\\/fr\\\/\",\"name\":\"Cailabs\",\"description\":\"\",\"potentialAction\":[{\"@type\":\"SearchAction\",\"target\":{\"@type\":\"EntryPoint\",\"urlTemplate\":\"https:\\\/\\\/www.cailabs.com\\\/fr\\\/?s={search_term_string}\"},\"query-input\":{\"@type\":\"PropertyValueSpecification\",\"valueRequired\":true,\"valueName\":\"search_term_string\"}}],\"inLanguage\":\"fr-FR\"}]}<\/script>\n<!-- \/ Yoast SEO plugin. -->","yoast_head_json":{"title":"Application | Communications lasers avec des a\u00e9ronefs","description":"TILBA\u00ae am\u00e9liore la fiabilit\u00e9 des communications lasers pour les a\u00e9ronefs","robots":{"index":"index","follow":"follow","max-snippet":"max-snippet:-1","max-image-preview":"max-image-preview:large","max-video-preview":"max-video-preview:-1"},"canonical":"https:\/\/www.cailabs.com\/fr\/aerospatial-defense\/communications-laser\/communications-lasers-avec-des-aeronefs\/","og_locale":"fr_FR","og_type":"article","og_title":"Application | Communications lasers avec des a\u00e9ronefs","og_description":"TILBA\u00ae am\u00e9liore la fiabilit\u00e9 des communications lasers pour les a\u00e9ronefs","og_url":"https:\/\/www.cailabs.com\/fr\/aerospatial-defense\/communications-laser\/communications-lasers-avec-des-aeronefs\/","og_site_name":"Cailabs","article_modified_time":"2024-11-21T12:53:43+00:00","og_image":[{"width":1150,"height":500,"url":"https:\/\/www.cailabs.com\/app\/uploads\/2024\/02\/communications-lasers-avec-des-aeronefs-1150x500-1.jpg","type":"image\/jpeg"}],"twitter_card":"summary_large_image","twitter_misc":{"Dur\u00e9e de lecture estim\u00e9e":"2 minutes"},"schema":{"@context":"https:\/\/schema.org","@graph":[{"@type":"WebPage","@id":"https:\/\/www.cailabs.com\/fr\/aerospatial-defense\/communications-laser\/communications-lasers-avec-des-aeronefs\/","url":"https:\/\/www.cailabs.com\/fr\/aerospatial-defense\/communications-laser\/communications-lasers-avec-des-aeronefs\/","name":"Application | Communications lasers avec des a\u00e9ronefs","isPartOf":{"@id":"https:\/\/www.cailabs.com\/fr\/#website"},"primaryImageOfPage":{"@id":"https:\/\/www.cailabs.com\/fr\/aerospatial-defense\/communications-laser\/communications-lasers-avec-des-aeronefs\/#primaryimage"},"image":{"@id":"https:\/\/www.cailabs.com\/fr\/aerospatial-defense\/communications-laser\/communications-lasers-avec-des-aeronefs\/#primaryimage"},"thumbnailUrl":"https:\/\/www.cailabs.com\/app\/uploads\/2024\/02\/communications-lasers-avec-des-aeronefs-1150x500-1.jpg","datePublished":"2024-02-09T19:29:18+00:00","dateModified":"2024-11-21T12:53:43+00:00","description":"TILBA\u00ae am\u00e9liore la fiabilit\u00e9 des communications lasers pour les a\u00e9ronefs","breadcrumb":{"@id":"https:\/\/www.cailabs.com\/fr\/aerospatial-defense\/communications-laser\/communications-lasers-avec-des-aeronefs\/#breadcrumb"},"inLanguage":"fr-FR","potentialAction":[{"@type":"ReadAction","target":["https:\/\/www.cailabs.com\/fr\/aerospatial-defense\/communications-laser\/communications-lasers-avec-des-aeronefs\/"]}]},{"@type":"ImageObject","inLanguage":"fr-FR","@id":"https:\/\/www.cailabs.com\/fr\/aerospatial-defense\/communications-laser\/communications-lasers-avec-des-aeronefs\/#primaryimage","url":"https:\/\/www.cailabs.com\/app\/uploads\/2024\/02\/communications-lasers-avec-des-aeronefs-1150x500-1.jpg","contentUrl":"https:\/\/www.cailabs.com\/app\/uploads\/2024\/02\/communications-lasers-avec-des-aeronefs-1150x500-1.jpg","width":1150,"height":500,"caption":"Communications lasers avec des a\u00e9ronefs"},{"@type":"BreadcrumbList","@id":"https:\/\/www.cailabs.com\/fr\/aerospatial-defense\/communications-laser\/communications-lasers-avec-des-aeronefs\/#breadcrumb","itemListElement":[{"@type":"ListItem","position":1,"name":"Home","item":"https:\/\/www.cailabs.com\/fr\/"},{"@type":"ListItem","position":2,"name":"A\u00e9rospatial &amp; D\u00e9fense","item":"https:\/\/www.cailabs.com\/fr\/aerospatial-defense\/"},{"@type":"ListItem","position":3,"name":"Communications laser","item":"https:\/\/www.cailabs.com\/fr\/aerospatial-defense\/communications-laser\/"},{"@type":"ListItem","position":4,"name":"Communications lasers avec des a\u00e9ronefs"}]},{"@type":"WebSite","@id":"https:\/\/www.cailabs.com\/fr\/#website","url":"https:\/\/www.cailabs.com\/fr\/","name":"Cailabs","description":"","potentialAction":[{"@type":"SearchAction","target":{"@type":"EntryPoint","urlTemplate":"https:\/\/www.cailabs.com\/fr\/?s={search_term_string}"},"query-input":{"@type":"PropertyValueSpecification","valueRequired":true,"valueName":"search_term_string"}}],"inLanguage":"fr-FR"}]}},"_links":{"self":[{"href":"https:\/\/www.cailabs.com\/fr\/wp-json\/wp\/v2\/pages\/1314","targetHints":{"allow":["GET"]}}],"collection":[{"href":"https:\/\/www.cailabs.com\/fr\/wp-json\/wp\/v2\/pages"}],"about":[{"href":"https:\/\/www.cailabs.com\/fr\/wp-json\/wp\/v2\/types\/page"}],"author":[{"embeddable":true,"href":"https:\/\/www.cailabs.com\/fr\/wp-json\/wp\/v2\/users\/2"}],"replies":[{"embeddable":true,"href":"https:\/\/www.cailabs.com\/fr\/wp-json\/wp\/v2\/comments?post=1314"}],"version-history":[{"count":20,"href":"https:\/\/www.cailabs.com\/fr\/wp-json\/wp\/v2\/pages\/1314\/revisions"}],"predecessor-version":[{"id":10627,"href":"https:\/\/www.cailabs.com\/fr\/wp-json\/wp\/v2\/pages\/1314\/revisions\/10627"}],"up":[{"embeddable":true,"href":"https:\/\/www.cailabs.com\/fr\/wp-json\/wp\/v2\/pages\/2615"}],"wp:featuredmedia":[{"embeddable":true,"href":"https:\/\/www.cailabs.com\/fr\/wp-json\/wp\/v2\/media\/1316"}],"wp:attachment":[{"href":"https:\/\/www.cailabs.com\/fr\/wp-json\/wp\/v2\/media?parent=1314"}],"curies":[{"name":"wp","href":"https:\/\/api.w.org\/{rel}","templated":true}]}}