{"id":1356,"date":"2024-02-12T14:14:46","date_gmt":"2024-02-12T13:14:46","guid":{"rendered":"https:\/\/www.cailabs.com?page_id=1356"},"modified":"2024-11-21T13:56:01","modified_gmt":"2024-11-21T12:56:01","slug":"bulles-de-communication-navales","status":"publish","type":"page","link":"https:\/\/www.cailabs.com\/fr\/aerospatial-defense\/communications-laser\/bulles-de-communication-navales\/","title":{"rendered":"Bulles de communication navales"},"content":{"rendered":"\n<div class=\"wp-block-group is-layout-constrained wp-block-group-is-layout-constrained\">\n<h1 class=\"wp-block-heading has-text-align-center\">Bulles de communication navales<\/h1>\n<\/div>\n\n\n\n<div class=\"wp-block-cover alignfull\"><span aria-hidden=\"true\" class=\"wp-block-cover__background has-background-dim\"><\/span><img loading=\"lazy\" decoding=\"async\" width=\"1150\" height=\"500\" class=\"wp-block-cover__image-background wp-image-1359\" alt=\"Bulles De Communication Navale\" src=\"https:\/\/www.cailabs.com\/app\/uploads\/2024\/02\/bulles-de-communication-navale-1150x500-1.png\" data-object-fit=\"cover\" srcset=\"https:\/\/www.cailabs.com\/app\/uploads\/2024\/02\/bulles-de-communication-navale-1150x500-1.png 1150w, https:\/\/www.cailabs.com\/app\/uploads\/2024\/02\/bulles-de-communication-navale-1150x500-1-300x130.png 300w, https:\/\/www.cailabs.com\/app\/uploads\/2024\/02\/bulles-de-communication-navale-1150x500-1-1024x445.png 1024w, https:\/\/www.cailabs.com\/app\/uploads\/2024\/02\/bulles-de-communication-navale-1150x500-1-768x334.png 768w\" sizes=\"auto, (max-width: 1150px) 100vw, 1150px\" \/><div class=\"wp-block-cover__inner-container is-layout-constrained wp-block-cover-is-layout-constrained\">\n<p class=\"has-text-align-center has-large-font-size\"><strong>TILBA<strong>\u00ae<\/strong> renforce la furtivit\u00e9 et la capacit\u00e9 des communications navales<\/strong> <strong>en fiabilisant les communications laser<\/strong><\/p>\n<\/div><\/div>\n\n\n\n<p>La connectivit\u00e9 des forces navales est un enjeu majeur de souverainet\u00e9 nationale. Au travers de l\u2019<em>Information Warfare,<\/em>&nbsp;ou infoguerre, la donn\u00e9e prend une place croissante en p\u00e9riode de conflit mais aussi de paix. Comme pour les usages civils les outils de t\u00e9l\u00e9communications sont au c\u0153ur de cette guerre de l\u2019information. Renseignement, interop\u00e9rabilit\u00e9, combat collaboratif, calcul tactique en cloud mais aussi connexion des marins avec leurs familles sont autant d\u2019\u00e9l\u00e9ments qui garantissent les sup\u00e9riorit\u00e9s informationnelles, d\u00e9cisionnelles et op\u00e9rationnelles autant que le bien-\u00eatre des personnels engag\u00e9s.<\/p>\n\n\n\n<p>Pour garantir des r\u00e9seaux de communications \u00e0 haut d\u00e9bits et faible latence, r\u00e9silients et modulables, il est n\u00e9cessaire de s\u2019appuyer sur plusieurs techniques compl\u00e9mentaires. Les technologies radiofr\u00e9quence et acoustique, sont historiquement bien d\u00e9velopp\u00e9es dans la marine. Elles permettent des \u00e9changes sous-marins, inter-navires et m\u00eame satellitaires de mani\u00e8re relativement robuste. Malheureusement, les ondes acoustiques pr\u00e9sentent un tr\u00e8s faible d\u00e9bit et une latence importante. D\u2019un autre c\u00f4t\u00e9, les radiofr\u00e9quences arrivent en limite de capacit\u00e9 pour les nouveaux usages, comme le cloud, et sont en outre vuln\u00e9rables aux attaques par brouillage ou interception.<\/p>\n\n\n\n<p>Les communications laser, ou communications optiques en espace libre, permettent de transmettre l\u2019information \u00e0 la vitesse de la lumi\u00e8re avec des d\u00e9bits extr\u00eamement importants, et ce, directement dans l\u2019air. Contrairement aux radiofr\u00e9quences, les communications laser sont difficiles \u00e0 d\u00e9tecter ou \u00e0 intercepter et ne sont pas sensibles aux brouillages \u00e9lectromagn\u00e9tiques. Les technologies optiques se positionnent donc parfaitement en compl\u00e9ment des approches existantes pour assurer des liens furtifs tr\u00e8s haut d\u00e9bits avec la m\u00e9tropole, entre navires ou avec des unit\u00e9s a\u00e9roport\u00e9es.<\/p>\n\n\n\n<p>Malheureusement, les communications lasers sont fortement limit\u00e9es par les turbulences atmosph\u00e9riques. Ces perturbations, caus\u00e9es par l\u2019inhomog\u00e9n\u00e9it\u00e9 et les mouvements permanents de l\u2019air, influent sur la phase et l\u2019intensit\u00e9 du faisceau lumineux. Or, pour \u00eatre comp\u00e9titifs, \u00e0 la fois en termes de co\u00fbt et de performances, il est n\u00e9cessaire d\u2019utiliser les composants standards issus de l\u2019industrie t\u00e9l\u00e9com, compatibles uniquement sur fibre monomode (SMF). Lorsque le front d\u2019onde est perturb\u00e9, celui-ci se couple moins bien dans ces fibres monomodes, entra\u00eenant des pertes qui d\u00e9gradent d\u2019autant la qualit\u00e9 du signal.<\/p>\n\n\n\n<p>A<strong>vec notre ligne de produits&nbsp;TILBA<strong><strong>\u00ae<\/strong><\/strong>, nous proposons\u202f<\/strong>:<\/p>\n\n\n\n<ul class=\"wp-block-list\">\n<li>D\u2019am\u00e9liorer la robustesse du lien en compensant la turbulence atmosph\u00e9rique \u00e0 la r\u00e9ception gr\u00e2ce \u00e0 des composants standard, sur \u00e9tag\u00e8re et embarquables.<\/li>\n\n\n\n<li>D\u2019augmenter la port\u00e9e des liens \u00e0 l\u2019\u00e9mission, en combinant plusieurs sources lasers de mani\u00e8re coh\u00e9rente.<\/li>\n\n\n\n<li>D\u2019\u00eatre compatibles avec les architectures t\u00e9l\u00e9com standard.<\/li>\n<\/ul>\n\n\n\n<p><strong>Pour aller plus loin :<\/strong><\/p>\n\n\n\n<ul class=\"wp-block-list\">\n<li>Besoin d\u2019une solution pour compenser les turbulences atmosph\u00e9riques ?<strong>&nbsp;<a href=\"https:\/\/blog.cailabs.com\/besoin-dune-solution-pour-compenser-les-turbulences-atmospheriques\" target=\"_blank\" rel=\"noreferrer noopener\">D\u00e9couvrez le fonctionnement de TILBA\u00ae-ATMO dans notre vid\u00e9o<\/a><\/strong><\/li>\n\n\n\n<li>Comment les turbulences atmosph\u00e9riques impactent les communications laser ?&nbsp;<strong><a href=\"https:\/\/www.cailabs.com\/fr\/blog\/aerospatial-et-defense\/comment-les-turbulences-atmospheriques-impactent-les-communications-laser\/\" target=\"_blank\" rel=\"noreferrer noopener\">Lire notre article de blog<\/a><\/strong><\/li>\n\n\n\n<li>How to improve laser communication through atmospheric turbulence ?<strong>&nbsp;<a href=\"http:\/\/info.cailabs.com\/how-to-improve-laser-communication-through-atmospheric-turbulence-webinar-replay\" target=\"_blank\" rel=\"noreferrer noopener\">Voir notre webinar TILBA\u00ae en replay<\/a><\/strong><\/li>\n\n\n\n<li>Alternative passive fiber coupling system based on MPLC for satellite-to-ground communications.&nbsp;<strong><a href=\"http:\/\/info.cailabs.com\/en\/alternative-passive-fiber-coupling-system-based-on-mplc-for-satellite-to-ground-communications-webinar-replay\" target=\"_blank\" rel=\"noreferrer noopener\">Voir le replay de notre webinar TILBA\u00ae en collaboration avec le DLR<\/a><\/strong><\/li>\n\n\n\n<li>Multiple beam laser combination based on the MPLC technique in the defense field.<strong>&nbsp;<a href=\"http:\/\/info.cailabs.com\/en\/multiple-beam-laser-combination-based-on-the-mplc-technique-in-the-defense-field\" target=\"_blank\" rel=\"noreferrer noopener\">Voir le replay de notre webinar CUSTOM en collaboration avec l\u2019ONERA<\/a><\/strong><\/li>\n<\/ul>\n\n\n<section class=\"acf slider-dapplications aligncenter is-style-centered wp-block-acf-slider-dapplications\" id=\"block_e469f6a67ce51e171ab20cc864a61de3\">\n\t<div class=\"container container__large\">\n\t\t\t\t\t<h2>Nos autres applications<\/h2>\n\t\t\t\t\t\t\t<div class=\"slider-dapplications__applications swiper\">\n\t\t\t\t<div class=\"swiper-wrapper\">\n\t\t\t\t\t\t\t\t\t\t\t\t\t\t\t\t\t\t<a href=\"https:\/\/www.cailabs.com\/fr\/aerospatial-defense\/communications-laser\/communications-securisees\/\" class=\"slider-dapplications__application swiper-slide\">\n\t\t\t\t\t\t\t\t<strong class=\"slider-dapplications__application_title\">Les t\u00e9l\u00e9communications spatiales<\/strong>\n\t\t\t\t\t\t\t\t<div class=\"slider-dapplications__application_img\">\n\t\t\t\t\t\t\t\t\t<picture>\n\t\t\t\t\t\t\t\t\t\t<source type=\"image\/webp\" srcset=\"https:\/\/www.cailabs.com\/app\/uploads\/2024\/02\/applications-for-secure-communications-1150x500-1-350x500-c-1.webp, https:\/\/www.cailabs.com\/app\/uploads\/2024\/02\/applications-for-secure-communications-1150x500-1-350x500-c-1@2x.webp 2x\">\n\t\t\t\t\t\t\t\t\t\t<source type=\"image\/jpeg\" srcset=\"https:\/\/www.cailabs.com\/app\/uploads\/2024\/02\/applications-for-secure-communications-1150x500-1-350x500-c-1.jpg, https:\/\/www.cailabs.com\/app\/uploads\/2024\/02\/applications-for-secure-communications-1150x500-1-350x500-c-1@2x.jpg 2x\">\n\t\t\t\t\t\t\t\t\t\t<img decoding=\"async\" loading=\"lazy\" src=\"https:\/\/www.cailabs.com\/app\/uploads\/2024\/02\/applications-for-secure-communications-1150x500-1-350x500-c-1.jpg\" alt=\"Military Surveillance Officer Working on a City Tracking Operati\" width=\"320\" height=\"430\"\/>\n\t\t\t\t\t\t\t\t\t<\/picture>\n\t\t\t\t\t\t\t\t<\/div>\n\t\t\t\t\t\t\t<\/a>\n\t\t\t\t\t\t\t\t\t\t\t\t\t\t\t\t\t\t\t\t\t\t\t\t<a href=\"https:\/\/www.cailabs.com\/fr\/aerospatial-defense\/communications-laser\/les-telecommunications-spatiales\/\" class=\"slider-dapplications__application swiper-slide\">\n\t\t\t\t\t\t\t\t<strong class=\"slider-dapplications__application_title\">Les t\u00e9l\u00e9communications spatiales<\/strong>\n\t\t\t\t\t\t\t\t<div class=\"slider-dapplications__application_img\">\n\t\t\t\t\t\t\t\t\t<picture>\n\t\t\t\t\t\t\t\t\t\t<source type=\"image\/webp\" srcset=\"https:\/\/www.cailabs.com\/app\/uploads\/2024\/02\/adobestock_342961057-1150x500-1-350x500-c-1.webp, https:\/\/www.cailabs.com\/app\/uploads\/2024\/02\/adobestock_342961057-1150x500-1-350x500-c-1@2x.webp 2x\">\n\t\t\t\t\t\t\t\t\t\t<source type=\"image\/jpeg\" srcset=\"https:\/\/www.cailabs.com\/app\/uploads\/2024\/02\/adobestock_342961057-1150x500-1-350x500-c-1.jpg, https:\/\/www.cailabs.com\/app\/uploads\/2024\/02\/adobestock_342961057-1150x500-1-350x500-c-1@2x.jpg 2x\">\n\t\t\t\t\t\t\t\t\t\t<img decoding=\"async\" loading=\"lazy\" src=\"https:\/\/www.cailabs.com\/app\/uploads\/2024\/02\/adobestock_342961057-1150x500-1-350x500-c-1.jpg\" alt=\"Spatial telecommunications\" width=\"320\" height=\"430\"\/>\n\t\t\t\t\t\t\t\t\t<\/picture>\n\t\t\t\t\t\t\t\t<\/div>\n\t\t\t\t\t\t\t<\/a>\n\t\t\t\t\t\t\t\t\t\t\t\t\t\t\t\t\t\t\t\t\t\t\t\t<a href=\"https:\/\/www.cailabs.com\/fr\/aerospatial-defense\/communications-laser\/observation-de-la-terre-par-satellite\/\" class=\"slider-dapplications__application swiper-slide\">\n\t\t\t\t\t\t\t\t<strong class=\"slider-dapplications__application_title\">Observation de la Terre par satellite<\/strong>\n\t\t\t\t\t\t\t\t<div class=\"slider-dapplications__application_img\">\n\t\t\t\t\t\t\t\t\t<picture>\n\t\t\t\t\t\t\t\t\t\t<source type=\"image\/webp\" srcset=\"https:\/\/www.cailabs.com\/app\/uploads\/2024\/02\/earth-observation-350x500-c-1.webp, https:\/\/www.cailabs.com\/app\/uploads\/2024\/02\/earth-observation-350x500-c-1@2x.webp 2x\">\n\t\t\t\t\t\t\t\t\t\t<source type=\"image\/jpeg\" srcset=\"https:\/\/www.cailabs.com\/app\/uploads\/2024\/02\/earth-observation-350x500-c-1.jpg, https:\/\/www.cailabs.com\/app\/uploads\/2024\/02\/earth-observation-350x500-c-1@2x.jpg 2x\">\n\t\t\t\t\t\t\t\t\t\t<img decoding=\"async\" loading=\"lazy\" src=\"https:\/\/www.cailabs.com\/app\/uploads\/2024\/02\/earth-observation-350x500-c-1.jpg\" alt=\"Earth Observation\" width=\"320\" height=\"430\"\/>\n\t\t\t\t\t\t\t\t\t<\/picture>\n\t\t\t\t\t\t\t\t<\/div>\n\t\t\t\t\t\t\t<\/a>\n\t\t\t\t\t\t\t\t\t\t\t\t\t\t\t\t\t\t\t\t\t\t\t\t<a href=\"https:\/\/www.cailabs.com\/fr\/aerospatial-defense\/communications-laser\/communications-laser-line-of-sight-civiles\/\" class=\"slider-dapplications__application swiper-slide\">\n\t\t\t\t\t\t\t\t<strong class=\"slider-dapplications__application_title\">Communications laser Line-of-Sight civiles<\/strong>\n\t\t\t\t\t\t\t\t<div class=\"slider-dapplications__application_img\">\n\t\t\t\t\t\t\t\t\t<picture>\n\t\t\t\t\t\t\t\t\t\t<source type=\"image\/webp\" srcset=\"https:\/\/www.cailabs.com\/app\/uploads\/2024\/02\/communication-laser-line-of-sight-civiles-1150x500-1-350x500-c-1.webp, https:\/\/www.cailabs.com\/app\/uploads\/2024\/02\/communication-laser-line-of-sight-civiles-1150x500-1-350x500-c-1@2x.webp 2x\">\n\t\t\t\t\t\t\t\t\t\t<source type=\"image\/jpeg\" srcset=\"https:\/\/www.cailabs.com\/app\/uploads\/2024\/02\/communication-laser-line-of-sight-civiles-1150x500-1-350x500-c-1.jpg, https:\/\/www.cailabs.com\/app\/uploads\/2024\/02\/communication-laser-line-of-sight-civiles-1150x500-1-350x500-c-1@2x.jpg 2x\">\n\t\t\t\t\t\t\t\t\t\t<img decoding=\"async\" loading=\"lazy\" src=\"https:\/\/www.cailabs.com\/app\/uploads\/2024\/02\/communication-laser-line-of-sight-civiles-1150x500-1-350x500-c-1.jpg\" alt=\"Communications laser Line-of-Sight civiles\" width=\"320\" height=\"430\"\/>\n\t\t\t\t\t\t\t\t\t<\/picture>\n\t\t\t\t\t\t\t\t<\/div>\n\t\t\t\t\t\t\t<\/a>\n\t\t\t\t\t\t\t\t\t\t\t\t\t\t\t\t\t\t\t\t\t\t\t\t<a href=\"https:\/\/www.cailabs.com\/fr\/aerospatial-defense\/communications-laser\/communications-lasers-avec-des-aeronefs\/\" class=\"slider-dapplications__application swiper-slide\">\n\t\t\t\t\t\t\t\t<strong class=\"slider-dapplications__application_title\">Communications lasers avec des a\u00e9ronefs<\/strong>\n\t\t\t\t\t\t\t\t<div class=\"slider-dapplications__application_img\">\n\t\t\t\t\t\t\t\t\t<picture>\n\t\t\t\t\t\t\t\t\t\t<source type=\"image\/webp\" srcset=\"https:\/\/www.cailabs.com\/app\/uploads\/2024\/02\/communications-lasers-avec-des-aeronefs-1150x500-1-350x500-c-1.webp, https:\/\/www.cailabs.com\/app\/uploads\/2024\/02\/communications-lasers-avec-des-aeronefs-1150x500-1-350x500-c-1@2x.webp 2x\">\n\t\t\t\t\t\t\t\t\t\t<source type=\"image\/jpeg\" srcset=\"https:\/\/www.cailabs.com\/app\/uploads\/2024\/02\/communications-lasers-avec-des-aeronefs-1150x500-1-350x500-c-1.jpg, https:\/\/www.cailabs.com\/app\/uploads\/2024\/02\/communications-lasers-avec-des-aeronefs-1150x500-1-350x500-c-1@2x.jpg 2x\">\n\t\t\t\t\t\t\t\t\t\t<img decoding=\"async\" loading=\"lazy\" src=\"https:\/\/www.cailabs.com\/app\/uploads\/2024\/02\/communications-lasers-avec-des-aeronefs-1150x500-1-350x500-c-1.jpg\" alt=\"Communications lasers avec des a\u00e9ronefs\" width=\"320\" height=\"430\"\/>\n\t\t\t\t\t\t\t\t\t<\/picture>\n\t\t\t\t\t\t\t\t<\/div>\n\t\t\t\t\t\t\t<\/a>\n\t\t\t\t\t\t\t\t\t\t\t\t\t\t\t<\/div>\n\t\t\t\t<div class=\"swiper-pagination\"><\/div>\n\t\t\t<\/div>\n\t\t\t<\/div>\n<\/section>\n\n<section class=\"acf bandeau-avec-bouton align wp-block-acf-bandeau-avec-bouton\" id=\"block_1abfbe117dacd43e738a2b12f54a4e3e\">\n\t<div class=\"container\">\n\t\t\t\t\t<h2>Prenez contact avec Cailabs<\/h2>\n\t\t\t\t\t\t\t<div class=\"txt\"><p>Vous souhaitez en apprendre plus sur l\u2019une de nos solutions ?<\/p>\n<\/div>\n\t\t\t\t\t\t\t<a href=\"https:\/\/www.cailabs.com\/fr\/des-questions-sur-nos-solutions\/\" target=\"_blank\" class=\"btn btn__outline\">Contactez nous !<\/a>\n\t\t\t<\/div>\n\t\t\t<div class=\"bandeau-avec-bouton__bg\">\n\t\t\t<picture>\n\t\t\t\t<source type=\"image\/webp\" srcset=\"https:\/\/www.cailabs.com\/app\/uploads\/2024\/11\/bandeau-contact-us-aerospace-defense-2-1920x600-1.webp, https:\/\/www.cailabs.com\/app\/uploads\/2024\/11\/bandeau-contact-us-aerospace-defense-2-1920x600-1@2x.webp 2x\">\n\t\t\t\t<source type=\"image\/jpeg\" srcset=\"https:\/\/www.cailabs.com\/app\/uploads\/2024\/11\/bandeau-contact-us-aerospace-defense-2-1920x600-1.jpg, https:\/\/www.cailabs.com\/app\/uploads\/2024\/11\/bandeau-contact-us-aerospace-defense-2-1920x600-1@2x.jpg 2x\">\n\t\t\t\t<img decoding=\"async\" loading=\"lazy\" src=\"https:\/\/www.cailabs.com\/app\/uploads\/2024\/11\/bandeau-contact-us-aerospace-defense-2-1920x600-1.jpg\" alt=\"Contact Us\" width=\"1920\" height=\"600\"\/>\n\t\t\t<\/picture>\n\t\t<\/div>\n\t<\/section>","protected":false},"excerpt":{"rendered":"<p>Observation de la Terre par satellite<\/p>\n","protected":false},"author":2,"featured_media":1359,"parent":2615,"menu_order":1,"comment_status":"closed","ping_status":"closed","template":"","meta":{"_acf_changed":false,"content-type":"","_schema_org_content_json":"","footnotes":""},"class_list":["post-1356","page","type-page","status-publish","has-post-thumbnail","hentry"],"acf":[],"yoast_head":"<!-- This site is optimized with the Yoast SEO plugin v27.5 - https:\/\/yoast.com\/product\/yoast-seo-wordpress\/ -->\n<title>Application | Bulles de communication navales<\/title>\n<meta name=\"description\" content=\"TILBA\u00ae enforce la furtivit\u00e9 et la capacit\u00e9 des communications navales\" \/>\n<meta name=\"robots\" content=\"index, follow, max-snippet:-1, max-image-preview:large, max-video-preview:-1\" \/>\n<link rel=\"canonical\" href=\"https:\/\/www.cailabs.com\/fr\/aerospatial-defense\/communications-laser\/bulles-de-communication-navales\/\" \/>\n<meta property=\"og:locale\" content=\"fr_FR\" \/>\n<meta property=\"og:type\" content=\"article\" \/>\n<meta property=\"og:title\" content=\"Application | Bulles de communication navales\" \/>\n<meta property=\"og:description\" content=\"TILBA\u00ae enforce la furtivit\u00e9 et la capacit\u00e9 des communications navales\" \/>\n<meta property=\"og:url\" content=\"https:\/\/www.cailabs.com\/fr\/aerospatial-defense\/communications-laser\/bulles-de-communication-navales\/\" \/>\n<meta property=\"og:site_name\" content=\"Cailabs\" \/>\n<meta property=\"article:modified_time\" content=\"2024-11-21T12:56:01+00:00\" \/>\n<meta property=\"og:image\" content=\"https:\/\/www.cailabs.com\/app\/uploads\/2024\/02\/bulles-de-communication-navale-1150x500-1.png\" \/>\n\t<meta property=\"og:image:width\" content=\"1150\" \/>\n\t<meta property=\"og:image:height\" content=\"500\" \/>\n\t<meta property=\"og:image:type\" content=\"image\/png\" \/>\n<meta name=\"twitter:card\" content=\"summary_large_image\" \/>\n<meta name=\"twitter:label1\" content=\"Dur\u00e9e de lecture estim\u00e9e\" \/>\n\t<meta name=\"twitter:data1\" content=\"3 minutes\" \/>\n<script type=\"application\/ld+json\" class=\"yoast-schema-graph\">{\"@context\":\"https:\\\/\\\/schema.org\",\"@graph\":[{\"@type\":\"WebPage\",\"@id\":\"https:\\\/\\\/www.cailabs.com\\\/fr\\\/aerospatial-defense\\\/communications-laser\\\/bulles-de-communication-navales\\\/\",\"url\":\"https:\\\/\\\/www.cailabs.com\\\/fr\\\/aerospatial-defense\\\/communications-laser\\\/bulles-de-communication-navales\\\/\",\"name\":\"Application | Bulles de communication navales\",\"isPartOf\":{\"@id\":\"https:\\\/\\\/www.cailabs.com\\\/fr\\\/#website\"},\"primaryImageOfPage\":{\"@id\":\"https:\\\/\\\/www.cailabs.com\\\/fr\\\/aerospatial-defense\\\/communications-laser\\\/bulles-de-communication-navales\\\/#primaryimage\"},\"image\":{\"@id\":\"https:\\\/\\\/www.cailabs.com\\\/fr\\\/aerospatial-defense\\\/communications-laser\\\/bulles-de-communication-navales\\\/#primaryimage\"},\"thumbnailUrl\":\"https:\\\/\\\/www.cailabs.com\\\/app\\\/uploads\\\/2024\\\/02\\\/bulles-de-communication-navale-1150x500-1.png\",\"datePublished\":\"2024-02-12T13:14:46+00:00\",\"dateModified\":\"2024-11-21T12:56:01+00:00\",\"description\":\"TILBA\u00ae enforce la furtivit\u00e9 et la capacit\u00e9 des communications navales\",\"breadcrumb\":{\"@id\":\"https:\\\/\\\/www.cailabs.com\\\/fr\\\/aerospatial-defense\\\/communications-laser\\\/bulles-de-communication-navales\\\/#breadcrumb\"},\"inLanguage\":\"fr-FR\",\"potentialAction\":[{\"@type\":\"ReadAction\",\"target\":[\"https:\\\/\\\/www.cailabs.com\\\/fr\\\/aerospatial-defense\\\/communications-laser\\\/bulles-de-communication-navales\\\/\"]}]},{\"@type\":\"ImageObject\",\"inLanguage\":\"fr-FR\",\"@id\":\"https:\\\/\\\/www.cailabs.com\\\/fr\\\/aerospatial-defense\\\/communications-laser\\\/bulles-de-communication-navales\\\/#primaryimage\",\"url\":\"https:\\\/\\\/www.cailabs.com\\\/app\\\/uploads\\\/2024\\\/02\\\/bulles-de-communication-navale-1150x500-1.png\",\"contentUrl\":\"https:\\\/\\\/www.cailabs.com\\\/app\\\/uploads\\\/2024\\\/02\\\/bulles-de-communication-navale-1150x500-1.png\",\"width\":1150,\"height\":500,\"caption\":\"Bulles De Communication Navale\"},{\"@type\":\"BreadcrumbList\",\"@id\":\"https:\\\/\\\/www.cailabs.com\\\/fr\\\/aerospatial-defense\\\/communications-laser\\\/bulles-de-communication-navales\\\/#breadcrumb\",\"itemListElement\":[{\"@type\":\"ListItem\",\"position\":1,\"name\":\"Home\",\"item\":\"https:\\\/\\\/www.cailabs.com\\\/fr\\\/\"},{\"@type\":\"ListItem\",\"position\":2,\"name\":\"A\u00e9rospatial &amp; D\u00e9fense\",\"item\":\"https:\\\/\\\/www.cailabs.com\\\/fr\\\/aerospatial-defense\\\/\"},{\"@type\":\"ListItem\",\"position\":3,\"name\":\"Communications laser\",\"item\":\"https:\\\/\\\/www.cailabs.com\\\/fr\\\/aerospatial-defense\\\/communications-laser\\\/\"},{\"@type\":\"ListItem\",\"position\":4,\"name\":\"Bulles de communication navales\"}]},{\"@type\":\"WebSite\",\"@id\":\"https:\\\/\\\/www.cailabs.com\\\/fr\\\/#website\",\"url\":\"https:\\\/\\\/www.cailabs.com\\\/fr\\\/\",\"name\":\"Cailabs\",\"description\":\"\",\"potentialAction\":[{\"@type\":\"SearchAction\",\"target\":{\"@type\":\"EntryPoint\",\"urlTemplate\":\"https:\\\/\\\/www.cailabs.com\\\/fr\\\/?s={search_term_string}\"},\"query-input\":{\"@type\":\"PropertyValueSpecification\",\"valueRequired\":true,\"valueName\":\"search_term_string\"}}],\"inLanguage\":\"fr-FR\"}]}<\/script>\n<!-- \/ Yoast SEO plugin. -->","yoast_head_json":{"title":"Application | Bulles de communication navales","description":"TILBA\u00ae enforce la furtivit\u00e9 et la capacit\u00e9 des communications navales","robots":{"index":"index","follow":"follow","max-snippet":"max-snippet:-1","max-image-preview":"max-image-preview:large","max-video-preview":"max-video-preview:-1"},"canonical":"https:\/\/www.cailabs.com\/fr\/aerospatial-defense\/communications-laser\/bulles-de-communication-navales\/","og_locale":"fr_FR","og_type":"article","og_title":"Application | Bulles de communication navales","og_description":"TILBA\u00ae enforce la furtivit\u00e9 et la capacit\u00e9 des communications navales","og_url":"https:\/\/www.cailabs.com\/fr\/aerospatial-defense\/communications-laser\/bulles-de-communication-navales\/","og_site_name":"Cailabs","article_modified_time":"2024-11-21T12:56:01+00:00","og_image":[{"width":1150,"height":500,"url":"https:\/\/www.cailabs.com\/app\/uploads\/2024\/02\/bulles-de-communication-navale-1150x500-1.png","type":"image\/png"}],"twitter_card":"summary_large_image","twitter_misc":{"Dur\u00e9e de lecture estim\u00e9e":"3 minutes"},"schema":{"@context":"https:\/\/schema.org","@graph":[{"@type":"WebPage","@id":"https:\/\/www.cailabs.com\/fr\/aerospatial-defense\/communications-laser\/bulles-de-communication-navales\/","url":"https:\/\/www.cailabs.com\/fr\/aerospatial-defense\/communications-laser\/bulles-de-communication-navales\/","name":"Application | Bulles de communication navales","isPartOf":{"@id":"https:\/\/www.cailabs.com\/fr\/#website"},"primaryImageOfPage":{"@id":"https:\/\/www.cailabs.com\/fr\/aerospatial-defense\/communications-laser\/bulles-de-communication-navales\/#primaryimage"},"image":{"@id":"https:\/\/www.cailabs.com\/fr\/aerospatial-defense\/communications-laser\/bulles-de-communication-navales\/#primaryimage"},"thumbnailUrl":"https:\/\/www.cailabs.com\/app\/uploads\/2024\/02\/bulles-de-communication-navale-1150x500-1.png","datePublished":"2024-02-12T13:14:46+00:00","dateModified":"2024-11-21T12:56:01+00:00","description":"TILBA\u00ae enforce la furtivit\u00e9 et la capacit\u00e9 des communications navales","breadcrumb":{"@id":"https:\/\/www.cailabs.com\/fr\/aerospatial-defense\/communications-laser\/bulles-de-communication-navales\/#breadcrumb"},"inLanguage":"fr-FR","potentialAction":[{"@type":"ReadAction","target":["https:\/\/www.cailabs.com\/fr\/aerospatial-defense\/communications-laser\/bulles-de-communication-navales\/"]}]},{"@type":"ImageObject","inLanguage":"fr-FR","@id":"https:\/\/www.cailabs.com\/fr\/aerospatial-defense\/communications-laser\/bulles-de-communication-navales\/#primaryimage","url":"https:\/\/www.cailabs.com\/app\/uploads\/2024\/02\/bulles-de-communication-navale-1150x500-1.png","contentUrl":"https:\/\/www.cailabs.com\/app\/uploads\/2024\/02\/bulles-de-communication-navale-1150x500-1.png","width":1150,"height":500,"caption":"Bulles De Communication Navale"},{"@type":"BreadcrumbList","@id":"https:\/\/www.cailabs.com\/fr\/aerospatial-defense\/communications-laser\/bulles-de-communication-navales\/#breadcrumb","itemListElement":[{"@type":"ListItem","position":1,"name":"Home","item":"https:\/\/www.cailabs.com\/fr\/"},{"@type":"ListItem","position":2,"name":"A\u00e9rospatial &amp; D\u00e9fense","item":"https:\/\/www.cailabs.com\/fr\/aerospatial-defense\/"},{"@type":"ListItem","position":3,"name":"Communications laser","item":"https:\/\/www.cailabs.com\/fr\/aerospatial-defense\/communications-laser\/"},{"@type":"ListItem","position":4,"name":"Bulles de communication navales"}]},{"@type":"WebSite","@id":"https:\/\/www.cailabs.com\/fr\/#website","url":"https:\/\/www.cailabs.com\/fr\/","name":"Cailabs","description":"","potentialAction":[{"@type":"SearchAction","target":{"@type":"EntryPoint","urlTemplate":"https:\/\/www.cailabs.com\/fr\/?s={search_term_string}"},"query-input":{"@type":"PropertyValueSpecification","valueRequired":true,"valueName":"search_term_string"}}],"inLanguage":"fr-FR"}]}},"_links":{"self":[{"href":"https:\/\/www.cailabs.com\/fr\/wp-json\/wp\/v2\/pages\/1356","targetHints":{"allow":["GET"]}}],"collection":[{"href":"https:\/\/www.cailabs.com\/fr\/wp-json\/wp\/v2\/pages"}],"about":[{"href":"https:\/\/www.cailabs.com\/fr\/wp-json\/wp\/v2\/types\/page"}],"author":[{"embeddable":true,"href":"https:\/\/www.cailabs.com\/fr\/wp-json\/wp\/v2\/users\/2"}],"replies":[{"embeddable":true,"href":"https:\/\/www.cailabs.com\/fr\/wp-json\/wp\/v2\/comments?post=1356"}],"version-history":[{"count":10,"href":"https:\/\/www.cailabs.com\/fr\/wp-json\/wp\/v2\/pages\/1356\/revisions"}],"predecessor-version":[{"id":10631,"href":"https:\/\/www.cailabs.com\/fr\/wp-json\/wp\/v2\/pages\/1356\/revisions\/10631"}],"up":[{"embeddable":true,"href":"https:\/\/www.cailabs.com\/fr\/wp-json\/wp\/v2\/pages\/2615"}],"wp:featuredmedia":[{"embeddable":true,"href":"https:\/\/www.cailabs.com\/fr\/wp-json\/wp\/v2\/media\/1359"}],"wp:attachment":[{"href":"https:\/\/www.cailabs.com\/fr\/wp-json\/wp\/v2\/media?parent=1356"}],"curies":[{"name":"wp","href":"https:\/\/api.w.org\/{rel}","templated":true}]}}