{"id":1372,"date":"2024-02-12T14:26:06","date_gmt":"2024-02-12T13:26:06","guid":{"rendered":"https:\/\/www.cailabs.com?page_id=1372"},"modified":"2024-04-17T14:07:55","modified_gmt":"2024-04-17T12:07:55","slug":"sante","status":"publish","type":"page","link":"https:\/\/www.cailabs.com\/fr\/reseaux-fibres\/reseaux-locaux\/sante\/","title":{"rendered":"Sant\u00e9"},"content":{"rendered":"\n<div class=\"wp-block-group is-layout-constrained wp-block-group-is-layout-constrained\">\n<h1 class=\"wp-block-heading has-text-align-center\">Sant\u00e9<\/h1>\n<\/div>\n\n\n\n<div class=\"wp-block-cover alignfull\"><span aria-hidden=\"true\" class=\"wp-block-cover__background has-background-dim\"><\/span><img loading=\"lazy\" decoding=\"async\" width=\"1150\" height=\"500\" class=\"wp-block-cover__image-background wp-image-1374\" alt=\"\" src=\"https:\/\/www.cailabs.com\/app\/uploads\/2024\/02\/healthcare.jpg\" data-object-fit=\"cover\" srcset=\"https:\/\/www.cailabs.com\/app\/uploads\/2024\/02\/healthcare.jpg 1150w, https:\/\/www.cailabs.com\/app\/uploads\/2024\/02\/healthcare-300x130.jpg 300w, https:\/\/www.cailabs.com\/app\/uploads\/2024\/02\/healthcare-1024x445.jpg 1024w, https:\/\/www.cailabs.com\/app\/uploads\/2024\/02\/healthcare-768x334.jpg 768w\" sizes=\"auto, (max-width: 1150px) 100vw, 1150px\" \/><div class=\"wp-block-cover__inner-container is-layout-constrained wp-block-cover-is-layout-constrained\">\n<p class=\"has-text-align-center has-large-font-size\"><strong>AROONA facilite le d\u00e9ploiement de solutions num\u00e9riques dans les h\u00f4pitaux<\/strong><\/p>\n<\/div><\/div>\n\n\n\n<p><strong>La modernisation des h\u00f4pitaux et la volont\u00e9 de mieux servir les patients n\u00e9cessitent une bande passante de plus en plus importante dans le r\u00e9seau interne.<\/strong><\/p>\n\n\n\n<p>En effet, les&nbsp;<strong>syst\u00e8mes d\u2019imagerie m\u00e9dicale<\/strong>&nbsp;g\u00e9n\u00e8rent des images en haute d\u00e9finition et des fichiers tr\u00e8s lourds. Le<strong>&nbsp;monitoring des signes vitaux<\/strong>&nbsp;s\u2019effectue via des outils de diagnostics connect\u00e9s au r\u00e9seau, le Wifi est maintenant fr\u00e9quemment propos\u00e9 aux patients hospitalis\u00e9s. La&nbsp;<strong>d\u00e9mat\u00e9rialisation et la centralisation des donn\u00e9es de sant\u00e9<\/strong>&nbsp;est \u00e9galement un d\u00e9fi majeur pour de nombreux centres hospitaliers.<\/p>\n\n\n\n<p>Toutefois, le d\u00e9bit n\u00e9cessaire pour g\u00e9rer ces fonctionnalit\u00e9s requiert une bande passante des fibres optiques multimodes bien plus \u00e9lev\u00e9e que ce que propose le r\u00e9seau actuel des structures hospitali\u00e8res (d\u00e9bit souvent limit\u00e9 \u00e0 1 Gb\/s voire 100 Mb\/s). De plus, les h\u00f4pitaux s\u2019\u00e9tendent souvent sur plusieurs b\u00e2timents et la distance pour implanter de nouvelles fibres impose plusieurs jours de travaux.<\/p>\n\n\n\n<p>Les travaux g\u00e9n\u00e8rent trop de d\u00e9rangement (bruit, poussi\u00e8res, etc.) pour les patients et pour le bon fonctionnement des services.<\/p>\n\n\n\n<ul class=\"wp-block-list\">\n<li>L\u2019installation d\u2019<strong>AROONA<\/strong>&nbsp;se fait&nbsp;<strong>rapidement<\/strong>, en 3 heures environ<\/li>\n\n\n\n<li><strong>L\u2019absence de travaux \u00e9vite bruit et poussi\u00e8re<\/strong><\/li>\n\n\n\n<li>La&nbsp;<strong>solution AROONA co\u00fbte environ 3 fois moins qu\u2019un d\u00e9ploiement de nouvelles fibres<\/strong><\/li>\n<\/ul>\n\n\n<section class=\"acf slider-dapplications aligncenter is-style-centered wp-block-acf-slider-dapplications\" id=\"block_264fd45cad474b6795678dc82ee295a6\">\n\t<div class=\"container container__large\">\n\t\t\t\t\t<h2>Nos autres applications<\/h2>\n\t\t\t\t\t\t\t<div class=\"slider-dapplications__applications swiper\">\n\t\t\t\t<div class=\"swiper-wrapper\">\n\t\t\t\t\t\t\t\t\t\t\t\t\t\t\t\t\t\t<a href=\"https:\/\/www.cailabs.com\/fr\/reseaux-fibres\/reseaux-locaux\/batiments-historiques\/\" class=\"slider-dapplications__application swiper-slide\">\n\t\t\t\t\t\t\t\t<strong class=\"slider-dapplications__application_title\">B\u00e2timents historiques<\/strong>\n\t\t\t\t\t\t\t\t<div class=\"slider-dapplications__application_img\">\n\t\t\t\t\t\t\t\t\t<picture>\n\t\t\t\t\t\t\t\t\t\t<source type=\"image\/webp\" srcset=\"https:\/\/www.cailabs.com\/app\/uploads\/2024\/02\/historic-buildings-350x500-c-1.webp, https:\/\/www.cailabs.com\/app\/uploads\/2024\/02\/historic-buildings-350x500-c-1@2x.webp 2x\">\n\t\t\t\t\t\t\t\t\t\t<source type=\"image\/jpeg\" srcset=\"https:\/\/www.cailabs.com\/app\/uploads\/2024\/02\/historic-buildings-350x500-c-1.jpg, https:\/\/www.cailabs.com\/app\/uploads\/2024\/02\/historic-buildings-350x500-c-1@2x.jpg 2x\">\n\t\t\t\t\t\t\t\t\t\t<img decoding=\"async\" loading=\"lazy\" src=\"https:\/\/www.cailabs.com\/app\/uploads\/2024\/02\/historic-buildings-350x500-c-1.jpg\" alt=\"A woman in the museum uses the touchscreen monitor electronic guide, the concept of modern education\" width=\"320\" height=\"430\"\/>\n\t\t\t\t\t\t\t\t\t<\/picture>\n\t\t\t\t\t\t\t\t<\/div>\n\t\t\t\t\t\t\t<\/a>\n\t\t\t\t\t\t\t\t\t\t\t\t\t\t\t\t\t\t\t\t\t\t\t\t<a href=\"https:\/\/www.cailabs.com\/fr\/reseaux-fibres\/reseaux-locaux\/education\/\" class=\"slider-dapplications__application swiper-slide\">\n\t\t\t\t\t\t\t\t<strong class=\"slider-dapplications__application_title\">Education<\/strong>\n\t\t\t\t\t\t\t\t<div class=\"slider-dapplications__application_img\">\n\t\t\t\t\t\t\t\t\t<picture>\n\t\t\t\t\t\t\t\t\t\t<source type=\"image\/webp\" srcset=\"https:\/\/www.cailabs.com\/app\/uploads\/2024\/02\/education-350x500-c-1.webp, https:\/\/www.cailabs.com\/app\/uploads\/2024\/02\/education-350x500-c-1@2x.webp 2x\">\n\t\t\t\t\t\t\t\t\t\t<source type=\"image\/jpeg\" srcset=\"https:\/\/www.cailabs.com\/app\/uploads\/2024\/02\/education-350x500-c-1.jpg, https:\/\/www.cailabs.com\/app\/uploads\/2024\/02\/education-350x500-c-1@2x.jpg 2x\">\n\t\t\t\t\t\t\t\t\t\t<img decoding=\"async\" loading=\"lazy\" src=\"https:\/\/www.cailabs.com\/app\/uploads\/2024\/02\/education-350x500-c-1.jpg\" alt=\"University of Rennes\" width=\"320\" height=\"430\"\/>\n\t\t\t\t\t\t\t\t\t<\/picture>\n\t\t\t\t\t\t\t\t<\/div>\n\t\t\t\t\t\t\t<\/a>\n\t\t\t\t\t\t\t\t\t\t\t\t\t\t\t\t\t\t\t\t\t\t\t\t<a href=\"https:\/\/www.cailabs.com\/fr\/reseaux-fibres\/reseaux-locaux\/stations-de-ski\/\" class=\"slider-dapplications__application swiper-slide\">\n\t\t\t\t\t\t\t\t<strong class=\"slider-dapplications__application_title\">Stations de ski<\/strong>\n\t\t\t\t\t\t\t\t<div class=\"slider-dapplications__application_img\">\n\t\t\t\t\t\t\t\t\t<picture>\n\t\t\t\t\t\t\t\t\t\t<source type=\"image\/webp\" srcset=\"https:\/\/www.cailabs.com\/app\/uploads\/2024\/02\/2-alpes-ski-resort-1150x500-1-350x500-c-1.webp, https:\/\/www.cailabs.com\/app\/uploads\/2024\/02\/2-alpes-ski-resort-1150x500-1-350x500-c-1@2x.webp 2x\">\n\t\t\t\t\t\t\t\t\t\t<source type=\"image\/jpeg\" srcset=\"https:\/\/www.cailabs.com\/app\/uploads\/2024\/02\/2-alpes-ski-resort-1150x500-1-350x500-c-1.jpg, https:\/\/www.cailabs.com\/app\/uploads\/2024\/02\/2-alpes-ski-resort-1150x500-1-350x500-c-1@2x.jpg 2x\">\n\t\t\t\t\t\t\t\t\t\t<img decoding=\"async\" loading=\"lazy\" src=\"https:\/\/www.cailabs.com\/app\/uploads\/2024\/02\/2-alpes-ski-resort-1150x500-1-350x500-c-1.jpg\" alt=\"AROONA au service de la transition num\u00e9rique des stations de ski\" width=\"320\" height=\"430\"\/>\n\t\t\t\t\t\t\t\t\t<\/picture>\n\t\t\t\t\t\t\t\t<\/div>\n\t\t\t\t\t\t\t<\/a>\n\t\t\t\t\t\t\t\t\t\t\t\t\t\t\t\t\t\t\t\t\t\t\t\t<a href=\"https:\/\/www.cailabs.com\/fr\/reseaux-fibres\/reseaux-locaux\/gouvernement\/\" class=\"slider-dapplications__application swiper-slide\">\n\t\t\t\t\t\t\t\t<strong class=\"slider-dapplications__application_title\">Gouvernement<\/strong>\n\t\t\t\t\t\t\t\t<div class=\"slider-dapplications__application_img\">\n\t\t\t\t\t\t\t\t\t<picture>\n\t\t\t\t\t\t\t\t\t\t<source type=\"image\/webp\" srcset=\"https:\/\/www.cailabs.com\/app\/uploads\/2024\/02\/cailabs_aroona_lan_gouvernement_1150x500-350x500-c-1.webp, https:\/\/www.cailabs.com\/app\/uploads\/2024\/02\/cailabs_aroona_lan_gouvernement_1150x500-350x500-c-1@2x.webp 2x\">\n\t\t\t\t\t\t\t\t\t\t<source type=\"image\/jpeg\" srcset=\"https:\/\/www.cailabs.com\/app\/uploads\/2024\/02\/cailabs_aroona_lan_gouvernement_1150x500-350x500-c-1.jpg, https:\/\/www.cailabs.com\/app\/uploads\/2024\/02\/cailabs_aroona_lan_gouvernement_1150x500-350x500-c-1@2x.jpg 2x\">\n\t\t\t\t\t\t\t\t\t\t<img decoding=\"async\" loading=\"lazy\" src=\"https:\/\/www.cailabs.com\/app\/uploads\/2024\/02\/cailabs_aroona_lan_gouvernement_1150x500-350x500-c-1.jpg\" alt=\"Panoramic View Of The Famous Court Of Appeal With Statue In Aix\" width=\"320\" height=\"430\"\/>\n\t\t\t\t\t\t\t\t\t<\/picture>\n\t\t\t\t\t\t\t\t<\/div>\n\t\t\t\t\t\t\t<\/a>\n\t\t\t\t\t\t\t\t\t\t\t\t\t\t\t\t\t\t\t\t\t\t\t\t<a href=\"https:\/\/www.cailabs.com\/fr\/reseaux-fibres\/reseaux-locaux\/industrie\/\" class=\"slider-dapplications__application swiper-slide\">\n\t\t\t\t\t\t\t\t<strong class=\"slider-dapplications__application_title\">Industrie<\/strong>\n\t\t\t\t\t\t\t\t<div class=\"slider-dapplications__application_img\">\n\t\t\t\t\t\t\t\t\t<picture>\n\t\t\t\t\t\t\t\t\t\t<source type=\"image\/webp\" srcset=\"https:\/\/www.cailabs.com\/app\/uploads\/2024\/02\/1150x500_usine-350x500-c-1.webp, https:\/\/www.cailabs.com\/app\/uploads\/2024\/02\/1150x500_usine-350x500-c-1@2x.webp 2x\">\n\t\t\t\t\t\t\t\t\t\t<source type=\"image\/jpeg\" srcset=\"https:\/\/www.cailabs.com\/app\/uploads\/2024\/02\/1150x500_usine-350x500-c-1.jpg, https:\/\/www.cailabs.com\/app\/uploads\/2024\/02\/1150x500_usine-350x500-c-1@2x.jpg 2x\">\n\t\t\t\t\t\t\t\t\t\t<img decoding=\"async\" loading=\"lazy\" src=\"https:\/\/www.cailabs.com\/app\/uploads\/2024\/02\/1150x500_usine-350x500-c-1.jpg\" alt=\"1150x500 Car Manufacturing Factory\" width=\"320\" height=\"430\"\/>\n\t\t\t\t\t\t\t\t\t<\/picture>\n\t\t\t\t\t\t\t\t<\/div>\n\t\t\t\t\t\t\t<\/a>\n\t\t\t\t\t\t\t\t\t\t\t\t\t\t\t\t\t\t\t\t\t\t\t\t<a href=\"https:\/\/www.cailabs.com\/fr\/reseaux-fibres\/reseaux-locaux\/passive-optical-lan\/\" class=\"slider-dapplications__application swiper-slide\">\n\t\t\t\t\t\t\t\t<strong class=\"slider-dapplications__application_title\">Passive Optical Lan<\/strong>\n\t\t\t\t\t\t\t\t<div class=\"slider-dapplications__application_img\">\n\t\t\t\t\t\t\t\t\t<picture>\n\t\t\t\t\t\t\t\t\t\t<source type=\"image\/webp\" srcset=\"https:\/\/www.cailabs.com\/app\/uploads\/2024\/02\/cailabs_aroona-pol-mm-sm_mmftosplice_1150x500-350x500-c-1.webp, https:\/\/www.cailabs.com\/app\/uploads\/2024\/02\/cailabs_aroona-pol-mm-sm_mmftosplice_1150x500-350x500-c-1@2x.webp 2x\">\n\t\t\t\t\t\t\t\t\t\t<source type=\"image\/jpeg\" srcset=\"https:\/\/www.cailabs.com\/app\/uploads\/2024\/02\/cailabs_aroona-pol-mm-sm_mmftosplice_1150x500-350x500-c-1.jpg, https:\/\/www.cailabs.com\/app\/uploads\/2024\/02\/cailabs_aroona-pol-mm-sm_mmftosplice_1150x500-350x500-c-1@2x.jpg 2x\">\n\t\t\t\t\t\t\t\t\t\t<img decoding=\"async\" loading=\"lazy\" src=\"https:\/\/www.cailabs.com\/app\/uploads\/2024\/02\/cailabs_aroona-pol-mm-sm_mmftosplice_1150x500-350x500-c-1.jpg\" alt=\"AROONA-POL\" width=\"320\" height=\"430\"\/>\n\t\t\t\t\t\t\t\t\t<\/picture>\n\t\t\t\t\t\t\t\t<\/div>\n\t\t\t\t\t\t\t<\/a>\n\t\t\t\t\t\t\t\t\t\t\t\t\t\t\t<\/div>\n\t\t\t\t<div class=\"swiper-pagination\"><\/div>\n\t\t\t<\/div>\n\t\t\t<\/div>\n<\/section>\n\n<section class=\"acf bandeau-avec-bouton align wp-block-acf-bandeau-avec-bouton\" id=\"block_202e16831b17584cef96355415101461\">\n\t<div class=\"container\">\n\t\t\t\t\t<h2>Des questions sur le produit AROONA ?<\/h2>\n\t\t\t\t\t\t\t<div class=\"txt\"><p>Vous souhaitez savoir comment la solution AROONA peut p\u00e9renniser votre r\u00e9seau fibre optique multimode ?<\/p>\n<\/div>\n\t\t\t\t\t\t\t<a href=\"https:\/\/www.cailabs.com\/fr\/des-questions-sur-nos-solutions\/\" target=\"\" class=\"btn btn__outline\">Discutons de votre projet<\/a>\n\t\t\t<\/div>\n\t<\/section>","protected":false},"excerpt":{"rendered":"<p>Sant\u00e9 La modernisation des h\u00f4pitaux et la volont\u00e9 de mieux servir les patients n\u00e9cessitent une bande passante de plus en plus importante dans le r\u00e9seau interne. En effet, les&nbsp;syst\u00e8mes d\u2019imagerie m\u00e9dicale&nbsp;g\u00e9n\u00e8rent des images en haute d\u00e9finition et des fichiers tr\u00e8s lourds. Le&nbsp;monitoring des signes vitaux&nbsp;s\u2019effectue via des outils de diagnostics connect\u00e9s au r\u00e9seau, le Wifi [&hellip;]<\/p>\n","protected":false},"author":2,"featured_media":1374,"parent":1860,"menu_order":0,"comment_status":"closed","ping_status":"closed","template":"","meta":{"_acf_changed":false,"content-type":"","_schema_org_content_json":"","footnotes":""},"class_list":["post-1372","page","type-page","status-publish","has-post-thumbnail","hentry"],"acf":[],"yoast_head":"<!-- This site is optimized with the Yoast SEO plugin v27.5 - https:\/\/yoast.com\/product\/yoast-seo-wordpress\/ -->\n<title>R\u00e9seaux Fibr\u00e9s | Sant\u00e9<\/title>\n<meta name=\"description\" content=\"AROONA facilite le d\u00e9ploiement de solutions num\u00e9riques dans les h\u00f4pitaux\" \/>\n<meta name=\"robots\" content=\"index, follow, max-snippet:-1, max-image-preview:large, max-video-preview:-1\" \/>\n<link rel=\"canonical\" href=\"https:\/\/www.cailabs.com\/fr\/reseaux-fibres\/reseaux-locaux\/sante\/\" \/>\n<meta property=\"og:locale\" content=\"fr_FR\" \/>\n<meta property=\"og:type\" content=\"article\" \/>\n<meta property=\"og:title\" content=\"R\u00e9seaux Fibr\u00e9s | Sant\u00e9\" \/>\n<meta property=\"og:description\" content=\"AROONA facilite le d\u00e9ploiement de solutions num\u00e9riques dans les h\u00f4pitaux\" \/>\n<meta property=\"og:url\" content=\"https:\/\/www.cailabs.com\/fr\/reseaux-fibres\/reseaux-locaux\/sante\/\" \/>\n<meta property=\"og:site_name\" content=\"Cailabs\" \/>\n<meta property=\"article:modified_time\" content=\"2024-04-17T12:07:55+00:00\" \/>\n<meta property=\"og:image\" content=\"https:\/\/www.cailabs.com\/app\/uploads\/2024\/02\/healthcare.jpg\" \/>\n\t<meta property=\"og:image:width\" content=\"1150\" \/>\n\t<meta property=\"og:image:height\" content=\"500\" \/>\n\t<meta property=\"og:image:type\" content=\"image\/jpeg\" \/>\n<meta name=\"twitter:card\" content=\"summary_large_image\" \/>\n<meta name=\"twitter:label1\" content=\"Dur\u00e9e de lecture estim\u00e9e\" \/>\n\t<meta name=\"twitter:data1\" content=\"2 minutes\" \/>\n<script type=\"application\/ld+json\" class=\"yoast-schema-graph\">{\"@context\":\"https:\\\/\\\/schema.org\",\"@graph\":[{\"@type\":\"WebPage\",\"@id\":\"https:\\\/\\\/www.cailabs.com\\\/fr\\\/reseaux-fibres\\\/reseaux-locaux\\\/sante\\\/\",\"url\":\"https:\\\/\\\/www.cailabs.com\\\/fr\\\/reseaux-fibres\\\/reseaux-locaux\\\/sante\\\/\",\"name\":\"R\u00e9seaux Fibr\u00e9s | Sant\u00e9\",\"isPartOf\":{\"@id\":\"https:\\\/\\\/www.cailabs.com\\\/fr\\\/#website\"},\"primaryImageOfPage\":{\"@id\":\"https:\\\/\\\/www.cailabs.com\\\/fr\\\/reseaux-fibres\\\/reseaux-locaux\\\/sante\\\/#primaryimage\"},\"image\":{\"@id\":\"https:\\\/\\\/www.cailabs.com\\\/fr\\\/reseaux-fibres\\\/reseaux-locaux\\\/sante\\\/#primaryimage\"},\"thumbnailUrl\":\"https:\\\/\\\/www.cailabs.com\\\/app\\\/uploads\\\/2024\\\/02\\\/healthcare.jpg\",\"datePublished\":\"2024-02-12T13:26:06+00:00\",\"dateModified\":\"2024-04-17T12:07:55+00:00\",\"description\":\"AROONA facilite le d\u00e9ploiement de solutions num\u00e9riques dans les h\u00f4pitaux\",\"breadcrumb\":{\"@id\":\"https:\\\/\\\/www.cailabs.com\\\/fr\\\/reseaux-fibres\\\/reseaux-locaux\\\/sante\\\/#breadcrumb\"},\"inLanguage\":\"fr-FR\",\"potentialAction\":[{\"@type\":\"ReadAction\",\"target\":[\"https:\\\/\\\/www.cailabs.com\\\/fr\\\/reseaux-fibres\\\/reseaux-locaux\\\/sante\\\/\"]}]},{\"@type\":\"ImageObject\",\"inLanguage\":\"fr-FR\",\"@id\":\"https:\\\/\\\/www.cailabs.com\\\/fr\\\/reseaux-fibres\\\/reseaux-locaux\\\/sante\\\/#primaryimage\",\"url\":\"https:\\\/\\\/www.cailabs.com\\\/app\\\/uploads\\\/2024\\\/02\\\/healthcare.jpg\",\"contentUrl\":\"https:\\\/\\\/www.cailabs.com\\\/app\\\/uploads\\\/2024\\\/02\\\/healthcare.jpg\",\"width\":1150,\"height\":500,\"caption\":\"MRI machine and screens with doctor and nurse\"},{\"@type\":\"BreadcrumbList\",\"@id\":\"https:\\\/\\\/www.cailabs.com\\\/fr\\\/reseaux-fibres\\\/reseaux-locaux\\\/sante\\\/#breadcrumb\",\"itemListElement\":[{\"@type\":\"ListItem\",\"position\":1,\"name\":\"Home\",\"item\":\"https:\\\/\\\/www.cailabs.com\\\/fr\\\/\"},{\"@type\":\"ListItem\",\"position\":2,\"name\":\"R\u00e9seaux fibr\u00e9s\",\"item\":\"https:\\\/\\\/www.cailabs.com\\\/fr\\\/reseaux-fibres\\\/\"},{\"@type\":\"ListItem\",\"position\":3,\"name\":\"R\u00e9seaux locaux\",\"item\":\"https:\\\/\\\/www.cailabs.com\\\/fr\\\/reseaux-fibres\\\/reseaux-locaux\\\/\"},{\"@type\":\"ListItem\",\"position\":4,\"name\":\"Sant\u00e9\"}]},{\"@type\":\"WebSite\",\"@id\":\"https:\\\/\\\/www.cailabs.com\\\/fr\\\/#website\",\"url\":\"https:\\\/\\\/www.cailabs.com\\\/fr\\\/\",\"name\":\"Cailabs\",\"description\":\"\",\"potentialAction\":[{\"@type\":\"SearchAction\",\"target\":{\"@type\":\"EntryPoint\",\"urlTemplate\":\"https:\\\/\\\/www.cailabs.com\\\/fr\\\/?s={search_term_string}\"},\"query-input\":{\"@type\":\"PropertyValueSpecification\",\"valueRequired\":true,\"valueName\":\"search_term_string\"}}],\"inLanguage\":\"fr-FR\"}]}<\/script>\n<!-- \/ Yoast SEO plugin. -->","yoast_head_json":{"title":"R\u00e9seaux Fibr\u00e9s | Sant\u00e9","description":"AROONA facilite le d\u00e9ploiement de solutions num\u00e9riques dans les h\u00f4pitaux","robots":{"index":"index","follow":"follow","max-snippet":"max-snippet:-1","max-image-preview":"max-image-preview:large","max-video-preview":"max-video-preview:-1"},"canonical":"https:\/\/www.cailabs.com\/fr\/reseaux-fibres\/reseaux-locaux\/sante\/","og_locale":"fr_FR","og_type":"article","og_title":"R\u00e9seaux Fibr\u00e9s | Sant\u00e9","og_description":"AROONA facilite le d\u00e9ploiement de solutions num\u00e9riques dans les h\u00f4pitaux","og_url":"https:\/\/www.cailabs.com\/fr\/reseaux-fibres\/reseaux-locaux\/sante\/","og_site_name":"Cailabs","article_modified_time":"2024-04-17T12:07:55+00:00","og_image":[{"width":1150,"height":500,"url":"https:\/\/www.cailabs.com\/app\/uploads\/2024\/02\/healthcare.jpg","type":"image\/jpeg"}],"twitter_card":"summary_large_image","twitter_misc":{"Dur\u00e9e de lecture estim\u00e9e":"2 minutes"},"schema":{"@context":"https:\/\/schema.org","@graph":[{"@type":"WebPage","@id":"https:\/\/www.cailabs.com\/fr\/reseaux-fibres\/reseaux-locaux\/sante\/","url":"https:\/\/www.cailabs.com\/fr\/reseaux-fibres\/reseaux-locaux\/sante\/","name":"R\u00e9seaux Fibr\u00e9s | Sant\u00e9","isPartOf":{"@id":"https:\/\/www.cailabs.com\/fr\/#website"},"primaryImageOfPage":{"@id":"https:\/\/www.cailabs.com\/fr\/reseaux-fibres\/reseaux-locaux\/sante\/#primaryimage"},"image":{"@id":"https:\/\/www.cailabs.com\/fr\/reseaux-fibres\/reseaux-locaux\/sante\/#primaryimage"},"thumbnailUrl":"https:\/\/www.cailabs.com\/app\/uploads\/2024\/02\/healthcare.jpg","datePublished":"2024-02-12T13:26:06+00:00","dateModified":"2024-04-17T12:07:55+00:00","description":"AROONA facilite le d\u00e9ploiement de solutions num\u00e9riques dans les h\u00f4pitaux","breadcrumb":{"@id":"https:\/\/www.cailabs.com\/fr\/reseaux-fibres\/reseaux-locaux\/sante\/#breadcrumb"},"inLanguage":"fr-FR","potentialAction":[{"@type":"ReadAction","target":["https:\/\/www.cailabs.com\/fr\/reseaux-fibres\/reseaux-locaux\/sante\/"]}]},{"@type":"ImageObject","inLanguage":"fr-FR","@id":"https:\/\/www.cailabs.com\/fr\/reseaux-fibres\/reseaux-locaux\/sante\/#primaryimage","url":"https:\/\/www.cailabs.com\/app\/uploads\/2024\/02\/healthcare.jpg","contentUrl":"https:\/\/www.cailabs.com\/app\/uploads\/2024\/02\/healthcare.jpg","width":1150,"height":500,"caption":"MRI machine and screens with doctor and nurse"},{"@type":"BreadcrumbList","@id":"https:\/\/www.cailabs.com\/fr\/reseaux-fibres\/reseaux-locaux\/sante\/#breadcrumb","itemListElement":[{"@type":"ListItem","position":1,"name":"Home","item":"https:\/\/www.cailabs.com\/fr\/"},{"@type":"ListItem","position":2,"name":"R\u00e9seaux fibr\u00e9s","item":"https:\/\/www.cailabs.com\/fr\/reseaux-fibres\/"},{"@type":"ListItem","position":3,"name":"R\u00e9seaux locaux","item":"https:\/\/www.cailabs.com\/fr\/reseaux-fibres\/reseaux-locaux\/"},{"@type":"ListItem","position":4,"name":"Sant\u00e9"}]},{"@type":"WebSite","@id":"https:\/\/www.cailabs.com\/fr\/#website","url":"https:\/\/www.cailabs.com\/fr\/","name":"Cailabs","description":"","potentialAction":[{"@type":"SearchAction","target":{"@type":"EntryPoint","urlTemplate":"https:\/\/www.cailabs.com\/fr\/?s={search_term_string}"},"query-input":{"@type":"PropertyValueSpecification","valueRequired":true,"valueName":"search_term_string"}}],"inLanguage":"fr-FR"}]}},"_links":{"self":[{"href":"https:\/\/www.cailabs.com\/fr\/wp-json\/wp\/v2\/pages\/1372","targetHints":{"allow":["GET"]}}],"collection":[{"href":"https:\/\/www.cailabs.com\/fr\/wp-json\/wp\/v2\/pages"}],"about":[{"href":"https:\/\/www.cailabs.com\/fr\/wp-json\/wp\/v2\/types\/page"}],"author":[{"embeddable":true,"href":"https:\/\/www.cailabs.com\/fr\/wp-json\/wp\/v2\/users\/2"}],"replies":[{"embeddable":true,"href":"https:\/\/www.cailabs.com\/fr\/wp-json\/wp\/v2\/comments?post=1372"}],"version-history":[{"count":10,"href":"https:\/\/www.cailabs.com\/fr\/wp-json\/wp\/v2\/pages\/1372\/revisions"}],"predecessor-version":[{"id":9059,"href":"https:\/\/www.cailabs.com\/fr\/wp-json\/wp\/v2\/pages\/1372\/revisions\/9059"}],"up":[{"embeddable":true,"href":"https:\/\/www.cailabs.com\/fr\/wp-json\/wp\/v2\/pages\/1860"}],"wp:featuredmedia":[{"embeddable":true,"href":"https:\/\/www.cailabs.com\/fr\/wp-json\/wp\/v2\/media\/1374"}],"wp:attachment":[{"href":"https:\/\/www.cailabs.com\/fr\/wp-json\/wp\/v2\/media?parent=1372"}],"curies":[{"name":"wp","href":"https:\/\/api.w.org\/{rel}","templated":true}]}}