{"id":1731,"date":"2024-01-08T17:00:34","date_gmt":"2024-01-08T16:00:34","guid":{"rendered":"https:\/\/www.cailabs.com\/fiber-networks\/"},"modified":"2025-03-04T15:47:07","modified_gmt":"2025-03-04T14:47:07","slug":"reseaux-fibres","status":"publish","type":"page","link":"https:\/\/www.cailabs.com\/fr\/reseaux-fibres\/","title":{"rendered":"R\u00e9seaux fibr\u00e9s"},"content":{"rendered":"<section class=\"acf top-page align wp-block-acf-top-page\" id=\"block_b457db1e23fbf512bf3c152fb5bbe256\">\n\t<div class=\"container container__large\">\n\t\t<div class=\"top-page__content\">\n\t\t\t\t\t\t\t<h1>R\u00e9seaux Fibr\u00e9s<\/h1>\n\t\t\t\t\t\t\t\t\t\t<div class=\"top-page__txt\">\n\t\t\t\t\t<p><span class=\"ui-provider a b c d e f g h i j k l m n o p q r s t u v w x y z ab ac ae af ag ah ai aj ak\" dir=\"ltr\">Optimisez l&rsquo;efficacit\u00e9 de vos r\u00e9seaux de fibre optique et restez \u00e0 la pointe du progr\u00e8s gr\u00e2ce aux solutions innovantes de Cailabs.<\/span><\/p>\n\n\t\t\t\t<\/div>\n\t\t\t\t\t\t\t\t\t\t<div class=\"top-page__buttons\">\n\t\t\t\t\t\t\t\t\t\t\t<a href=\"#Reseaux-locaux\" class=\"top-page__button btn btn__outline\" target=\"\">R\u00e9seaux locaux Entreprises &amp; campus<\/a>\n\t\t\t\t\t\t\t\t\t\t\t<a href=\"#Reseaux-du-futur\" class=\"top-page__button btn btn__outline\" target=\"\">R\u00e9seaux du futur <\/a>\n\t\t\t\t\t\t\t\t\t<\/div>\n\t\t\t\t\t<\/div>\n\t<\/div>\n\t        <div class=\"top-page__video\">\n            <video width=\"1280\" height=\"720\" preload=\"auto\" loop autoplay muted playsinline>\n                <source src=\"https:\/\/www.cailabs.com\/app\/uploads\/2024\/02\/fiber-networks.mp4\" type=\"video\/mp4\">\n            <\/video>\n        <\/div>\n\t<\/section>\n\n<section class=\"acf liste-de-produits align is-style-with-background wp-block-acf-liste-de-produits\" id=\"Reseaux-locaux\">\n\t<div class=\"container container__large\">\n\t\t\t\t\t<a class=\"liste-de-produits__top\" href=\"https:\/\/www.cailabs.com\/fr\/reseaux-fibres\/reseaux-locaux\/\" target=\"\">\n\t\t\t\t\t\t\t\t\t<h2>R\u00e9seaux locaux entreprises &#038; campus<\/h2>\n\t\t\t\t\t\t\t\t<span class=\"liste-de-produits__top_link link-underline\">En savoir plus<\/span>\n\t\t\t<\/a>\n\t\t\t\t\t\t\t<div class=\"liste-de-produits__txt\"><p>Boostez les performances de votre infrastructure de c\u00e2blage optique existant gr\u00e2ce \u00e0 la gamme de produit AROONA. Avec un simple bo\u00eetier, obtenez les performances d\u2019une fibre neuve sans les inconv\u00e9nients du remplacement du c\u00e2blage.<\/p>\n<\/div>\n\t\t\t\t\t\t\t<div class=\"liste-de-produits__products\">\n\t\t\t\t<div class=\"liste-de-produits__products_slider swiper\">\n\t\t\t\t\t<div class=\"swiper-wrapper\">\n\t\t\t\t\t\t\t\t\t\t\t\t\t\t\t\t\t\t\t\t\t<a class=\"swiper-slide liste-de-produits__products_product\" href=\"https:\/\/www.cailabs.com\/fr\/reseaux-fibres\/reseaux-locaux\/aroona\/\" target=\"\">\n\t\t\t\t\t\t\t\t\t<h3>AROONA<\/h3>\n\t\t\t\t\t\t\t\t\t<div class=\"liste-de-produits__products_product_laser is-laser-color-orange\"><span><\/span><\/div>\n\t\t\t\t\t\t\t\t\t\t\t\t\t\t\t\t\t\t\t<div class=\"liste-de-produits__products_product_txt\">AROONA est une gamme de convertisseur passif permettant de transformer une fibre multimode en fibre monomode. Selon la longueur de la fibre, et jusqu\u2019\u00e0 plusieurs kilom\u00e8tres, deux produits sont disponibles : AROONA-STAR (\u00e0 souder) pour les grandes distances (>550m) ou AROONA-CONNECT (connectoris\u00e9)<\/div>\n\t\t\t\t\t\t\t\t\t\t\t\t\t\t\t\t\t\t<span class=\"liste-de-produits__products_product_link\">Plus d&rsquo;info<\/span>\n\t\t\t\t\t\t\t\t<\/a>\n\t\t\t\t\t\t\t\t\t\t\t\t\t\t\t\t\t\t<\/div>\n\t\t\t\t\t<div class=\"swiper-pagination\"><\/div>\n\t\t\t\t<\/div>\n\t\t\t<\/div>\n\t\t\t<\/div>\n\t\t\t<div class=\"liste-de-produits__wallpaper\">\n\t\t\t<picture>\n\t\t\t\t<source type=\"image\/webp\" srcset=\"https:\/\/www.cailabs.com\/app\/uploads\/2025\/03\/bandeau-local-area-networks-1920x815.webp, https:\/\/www.cailabs.com\/app\/uploads\/2025\/03\/bandeau-local-area-networks-1920x815@2x.webp 2x\" media=\"(max-width: 480px)\">\n\t\t\t\t<source srcset=\"https:\/\/www.cailabs.com\/app\/uploads\/2025\/03\/bandeau-local-area-networks-1920x815.webp, https:\/\/www.cailabs.com\/app\/uploads\/2025\/03\/bandeau-local-area-networks-1920x815@2x.webp 2x\" media=\"(max-width: 480px)\">\n\t\t\t\t                <source type=\"image\/webp\" srcset=\"https:\/\/www.cailabs.com\/app\/uploads\/2025\/03\/bandeau-local-area-networks-scaled-1920x0-c-default.webp, https:\/\/www.cailabs.com\/app\/uploads\/2025\/03\/bandeau-local-area-networks-scaled-3840x0-c-default.webp 2x\" media=\"(min-width: 481px)\">\n\t\t\t\t<source srcset=\"https:\/\/www.cailabs.com\/app\/uploads\/2025\/03\/bandeau-local-area-networks-1920x815.webp, https:\/\/www.cailabs.com\/app\/uploads\/2025\/03\/bandeau-local-area-networks-1920x815@2x.webp 2x\" media=\"(min-width: 481px)\">\n\t\t\t\t<img decoding=\"async\" loading=\"lazy\" src=\"https:\/\/www.cailabs.com\/app\/uploads\/2025\/03\/bandeau-local-area-networks-1920x815.webp\" alt=\"Local Area Networks\" width=\"1920\" height=\"815\"\/>\n\t\t\t<\/picture>\n\t\t<\/div>\n\t<\/section>\n\n<section class=\"acf liste-de-produits align is-style-with-background wp-block-acf-liste-de-produits\" id=\"Reseaux-du-futur\">\n\t<div class=\"container container__large\">\n\t\t\t\t\t<a class=\"liste-de-produits__top\" href=\"https:\/\/www.cailabs.com\/fr\/reseaux-fibres\/reseaux-du-futur\/\" target=\"\">\n\t\t\t\t\t\t\t\t\t<h2>R\u00e9seaux du futur <\/h2>\n\t\t\t\t\t\t\t\t<span class=\"liste-de-produits__top_link link-underline\">En savoir plus<\/span>\n\t\t\t<\/a>\n\t\t\t\t\t\t\t<div class=\"liste-de-produits__txt\"><p>PROTEUS est une gamme de multiplexeur spatial offrant de larges possibilit\u00e9s de caract\u00e9ristiques. Profitez de la gamme standard pour tester rapidement vos applications SDM ou contactez nous pour conna\u00eetre les possibilit\u00e9s de design original<\/p>\n<\/div>\n\t\t\t\t\t\t\t<div class=\"liste-de-produits__products\">\n\t\t\t\t<div class=\"liste-de-produits__products_slider swiper\">\n\t\t\t\t\t<div class=\"swiper-wrapper\">\n\t\t\t\t\t\t\t\t\t\t\t\t\t\t\t\t\t\t\t\t\t<a class=\"swiper-slide liste-de-produits__products_product\" href=\"https:\/\/www.cailabs.com\/fr\/reseaux-fibres\/reseaux-du-futur\/proteus\/\" target=\"\">\n\t\t\t\t\t\t\t\t\t<h3>PROTEUS<\/h3>\n\t\t\t\t\t\t\t\t\t<div class=\"liste-de-produits__products_product_laser is-laser-color-orange\"><span><\/span><\/div>\n\t\t\t\t\t\t\t\t\t\t\t\t\t\t\t\t\t\t\t<div class=\"liste-de-produits__products_product_txt\">La solution PROTEUS est un multiplexeur spatial robuste et versatile destin\u00e9 au Space Division Multiplexing (ou multiplexage spatial). Unique en son genre car b\u00e9n\u00e9ficiant de la technologie Multi-Plane Light Conversion de Cailabs, elle offre le plus grand nombre de modes sur le march\u00e9 avec les plus faibles pertes optiques et la meilleure s\u00e9lectivit\u00e9 modale. Elle permet de r\u00e9pondre \u00e0 tous les besoins de mise en forme et de multiplexage pour les t\u00e9l\u00e9communications, ouvrant la voie \u00e0 une augmentation sans pr\u00e9c\u00e9dent de capacit\u00e9 optique dans les fibres optiques.<\/div>\n\t\t\t\t\t\t\t\t\t\t\t\t\t\t\t\t\t\t<span class=\"liste-de-produits__products_product_link\">Plus d&rsquo;info<\/span>\n\t\t\t\t\t\t\t\t<\/a>\n\t\t\t\t\t\t\t\t\t\t\t\t\t\t\t\t\t\t<\/div>\n\t\t\t\t\t<div class=\"swiper-pagination\"><\/div>\n\t\t\t\t<\/div>\n\t\t\t<\/div>\n\t\t\t<\/div>\n\t\t\t<div class=\"liste-de-produits__wallpaper\">\n\t\t\t<picture>\n\t\t\t\t<source type=\"image\/webp\" srcset=\"https:\/\/www.cailabs.com\/app\/uploads\/2025\/03\/bandeau-optical-networks-of-the-future-4-1920x815.webp, https:\/\/www.cailabs.com\/app\/uploads\/2025\/03\/bandeau-optical-networks-of-the-future-4-1920x815@2x.webp 2x\" media=\"(max-width: 480px)\">\n\t\t\t\t<source srcset=\"https:\/\/www.cailabs.com\/app\/uploads\/2025\/03\/bandeau-optical-networks-of-the-future-4-1920x815.webp, https:\/\/www.cailabs.com\/app\/uploads\/2025\/03\/bandeau-optical-networks-of-the-future-4-1920x815@2x.webp 2x\" media=\"(max-width: 480px)\">\n\t\t\t\t                <source type=\"image\/webp\" srcset=\"https:\/\/www.cailabs.com\/app\/uploads\/2025\/03\/bandeau-optical-networks-of-the-future-4-scaled-1920x0-c-default.webp, https:\/\/www.cailabs.com\/app\/uploads\/2025\/03\/bandeau-optical-networks-of-the-future-4-scaled-3840x0-c-default.webp 2x\" media=\"(min-width: 481px)\">\n\t\t\t\t<source srcset=\"https:\/\/www.cailabs.com\/app\/uploads\/2025\/03\/bandeau-optical-networks-of-the-future-4-1920x815.webp, https:\/\/www.cailabs.com\/app\/uploads\/2025\/03\/bandeau-optical-networks-of-the-future-4-1920x815@2x.webp 2x\" media=\"(min-width: 481px)\">\n\t\t\t\t<img decoding=\"async\" loading=\"lazy\" src=\"https:\/\/www.cailabs.com\/app\/uploads\/2025\/03\/bandeau-optical-networks-of-the-future-4-1920x815.webp\" alt=\"Optical Networks Of The Future\" width=\"1920\" height=\"815\"\/>\n\t\t\t<\/picture>\n\t\t<\/div>\n\t<\/section>","protected":false},"excerpt":{"rendered":"","protected":false},"author":1,"featured_media":0,"parent":0,"menu_order":0,"comment_status":"closed","ping_status":"closed","template":"","meta":{"_acf_changed":false,"content-type":"","_schema_org_content_json":"","footnotes":""},"class_list":["post-1731","page","type-page","status-publish","hentry"],"acf":[],"yoast_head":"<!-- This site is optimized with the Yoast SEO plugin v27.5 - https:\/\/yoast.com\/product\/yoast-seo-wordpress\/ -->\n<title>R\u00e9seaux fibr\u00e9s - Cailabs<\/title>\n<meta name=\"robots\" content=\"index, follow, max-snippet:-1, max-image-preview:large, max-video-preview:-1\" \/>\n<link rel=\"canonical\" href=\"https:\/\/www.cailabs.com\/fr\/reseaux-fibres\/\" \/>\n<meta property=\"og:locale\" content=\"fr_FR\" \/>\n<meta property=\"og:type\" content=\"article\" \/>\n<meta property=\"og:title\" content=\"R\u00e9seaux fibr\u00e9s - Cailabs\" \/>\n<meta property=\"og:url\" content=\"https:\/\/www.cailabs.com\/fr\/reseaux-fibres\/\" \/>\n<meta property=\"og:site_name\" content=\"Cailabs\" \/>\n<meta property=\"article:modified_time\" content=\"2025-03-04T14:47:07+00:00\" \/>\n<meta name=\"twitter:card\" content=\"summary_large_image\" \/>\n<script type=\"application\/ld+json\" class=\"yoast-schema-graph\">{\"@context\":\"https:\\\/\\\/schema.org\",\"@graph\":[{\"@type\":\"WebPage\",\"@id\":\"https:\\\/\\\/www.cailabs.com\\\/fr\\\/reseaux-fibres\\\/\",\"url\":\"https:\\\/\\\/www.cailabs.com\\\/fr\\\/reseaux-fibres\\\/\",\"name\":\"R\u00e9seaux fibr\u00e9s - Cailabs\",\"isPartOf\":{\"@id\":\"https:\\\/\\\/www.cailabs.com\\\/fr\\\/#website\"},\"datePublished\":\"2024-01-08T16:00:34+00:00\",\"dateModified\":\"2025-03-04T14:47:07+00:00\",\"breadcrumb\":{\"@id\":\"https:\\\/\\\/www.cailabs.com\\\/fr\\\/reseaux-fibres\\\/#breadcrumb\"},\"inLanguage\":\"fr-FR\",\"potentialAction\":[{\"@type\":\"ReadAction\",\"target\":[\"https:\\\/\\\/www.cailabs.com\\\/fr\\\/reseaux-fibres\\\/\"]}]},{\"@type\":\"BreadcrumbList\",\"@id\":\"https:\\\/\\\/www.cailabs.com\\\/fr\\\/reseaux-fibres\\\/#breadcrumb\",\"itemListElement\":[{\"@type\":\"ListItem\",\"position\":1,\"name\":\"Home\",\"item\":\"https:\\\/\\\/www.cailabs.com\\\/fr\\\/\"},{\"@type\":\"ListItem\",\"position\":2,\"name\":\"R\u00e9seaux fibr\u00e9s\"}]},{\"@type\":\"WebSite\",\"@id\":\"https:\\\/\\\/www.cailabs.com\\\/fr\\\/#website\",\"url\":\"https:\\\/\\\/www.cailabs.com\\\/fr\\\/\",\"name\":\"Cailabs\",\"description\":\"\",\"potentialAction\":[{\"@type\":\"SearchAction\",\"target\":{\"@type\":\"EntryPoint\",\"urlTemplate\":\"https:\\\/\\\/www.cailabs.com\\\/fr\\\/?s={search_term_string}\"},\"query-input\":{\"@type\":\"PropertyValueSpecification\",\"valueRequired\":true,\"valueName\":\"search_term_string\"}}],\"inLanguage\":\"fr-FR\"}]}<\/script>\n<!-- \/ Yoast SEO plugin. -->","yoast_head_json":{"title":"R\u00e9seaux fibr\u00e9s - Cailabs","robots":{"index":"index","follow":"follow","max-snippet":"max-snippet:-1","max-image-preview":"max-image-preview:large","max-video-preview":"max-video-preview:-1"},"canonical":"https:\/\/www.cailabs.com\/fr\/reseaux-fibres\/","og_locale":"fr_FR","og_type":"article","og_title":"R\u00e9seaux fibr\u00e9s - Cailabs","og_url":"https:\/\/www.cailabs.com\/fr\/reseaux-fibres\/","og_site_name":"Cailabs","article_modified_time":"2025-03-04T14:47:07+00:00","twitter_card":"summary_large_image","schema":{"@context":"https:\/\/schema.org","@graph":[{"@type":"WebPage","@id":"https:\/\/www.cailabs.com\/fr\/reseaux-fibres\/","url":"https:\/\/www.cailabs.com\/fr\/reseaux-fibres\/","name":"R\u00e9seaux fibr\u00e9s - Cailabs","isPartOf":{"@id":"https:\/\/www.cailabs.com\/fr\/#website"},"datePublished":"2024-01-08T16:00:34+00:00","dateModified":"2025-03-04T14:47:07+00:00","breadcrumb":{"@id":"https:\/\/www.cailabs.com\/fr\/reseaux-fibres\/#breadcrumb"},"inLanguage":"fr-FR","potentialAction":[{"@type":"ReadAction","target":["https:\/\/www.cailabs.com\/fr\/reseaux-fibres\/"]}]},{"@type":"BreadcrumbList","@id":"https:\/\/www.cailabs.com\/fr\/reseaux-fibres\/#breadcrumb","itemListElement":[{"@type":"ListItem","position":1,"name":"Home","item":"https:\/\/www.cailabs.com\/fr\/"},{"@type":"ListItem","position":2,"name":"R\u00e9seaux fibr\u00e9s"}]},{"@type":"WebSite","@id":"https:\/\/www.cailabs.com\/fr\/#website","url":"https:\/\/www.cailabs.com\/fr\/","name":"Cailabs","description":"","potentialAction":[{"@type":"SearchAction","target":{"@type":"EntryPoint","urlTemplate":"https:\/\/www.cailabs.com\/fr\/?s={search_term_string}"},"query-input":{"@type":"PropertyValueSpecification","valueRequired":true,"valueName":"search_term_string"}}],"inLanguage":"fr-FR"}]}},"_links":{"self":[{"href":"https:\/\/www.cailabs.com\/fr\/wp-json\/wp\/v2\/pages\/1731","targetHints":{"allow":["GET"]}}],"collection":[{"href":"https:\/\/www.cailabs.com\/fr\/wp-json\/wp\/v2\/pages"}],"about":[{"href":"https:\/\/www.cailabs.com\/fr\/wp-json\/wp\/v2\/types\/page"}],"author":[{"embeddable":true,"href":"https:\/\/www.cailabs.com\/fr\/wp-json\/wp\/v2\/users\/1"}],"replies":[{"embeddable":true,"href":"https:\/\/www.cailabs.com\/fr\/wp-json\/wp\/v2\/comments?post=1731"}],"version-history":[{"count":20,"href":"https:\/\/www.cailabs.com\/fr\/wp-json\/wp\/v2\/pages\/1731\/revisions"}],"predecessor-version":[{"id":11177,"href":"https:\/\/www.cailabs.com\/fr\/wp-json\/wp\/v2\/pages\/1731\/revisions\/11177"}],"wp:attachment":[{"href":"https:\/\/www.cailabs.com\/fr\/wp-json\/wp\/v2\/media?parent=1731"}],"curies":[{"name":"wp","href":"https:\/\/api.w.org\/{rel}","templated":true}]}}