{"id":2234,"date":"2024-02-14T15:42:51","date_gmt":"2024-02-14T14:42:51","guid":{"rendered":"https:\/\/www.cailabs.com\/optronics\/"},"modified":"2024-11-20T16:07:30","modified_gmt":"2024-11-20T15:07:30","slug":"optronique","status":"publish","type":"page","link":"https:\/\/www.cailabs.com\/fr\/aerospatial-defense\/optronique\/","title":{"rendered":"Optronique"},"content":{"rendered":"\n<div class=\"wp-block-columns alignwide are-vertically-aligned-bottom is-layout-flex wp-container-core-columns-is-layout-cf05694f wp-block-columns-is-layout-flex\">\n<div class=\"wp-block-column is-vertically-aligned-bottom is-layout-flow wp-block-column-is-layout-flow\">\n<h1 class=\"wp-block-heading\">Optronique<\/h1>\n\n\n\n<p>Les lasers jouent un r\u00f4le cl\u00e9 dans les applications de d\u00e9fense. La technologie de mise en forme du faisceau de Cailabs am\u00e9liore les performances optiques de toutes les applications de d\u00e9fense laser.<\/p>\n<\/div>\n\n\n\n<div class=\"wp-block-column is-vertically-aligned-bottom is-layout-flow wp-block-column-is-layout-flow\">\n<figure class=\"wp-block-image size-full is-style-gradient-image\"><picture><source srcset=\"https:\/\/www.cailabs.com\/app\/uploads\/2024\/02\/1024x683_famille-defense.webp 1x, https:\/\/www.cailabs.com\/app\/uploads\/2024\/02\/1024x683_famille-defense@2x.webp 2x\" type=\"image\/webp\"><img loading=\"lazy\" decoding=\"async\" width=\"1024\" height=\"683\" src=\"https:\/\/www.cailabs.com\/app\/uploads\/2024\/02\/1024x683_famille-defense.png\" alt=\"Optronique\" class=\"wp-image-4933\" srcset=\"https:\/\/www.cailabs.com\/app\/uploads\/2024\/02\/1024x683_famille-defense.png 1024w, https:\/\/www.cailabs.com\/app\/uploads\/2024\/02\/1024x683_famille-defense-300x200.png 300w, https:\/\/www.cailabs.com\/app\/uploads\/2024\/02\/1024x683_famille-defense-768x512.png 768w\" sizes=\"auto, (max-width: 1024px) 100vw, 1024px\" \/><\/picture><\/figure>\n<\/div>\n<\/div>\n\n\n<section class=\"acf lignes-de-produits align wp-block-acf-lignes-de-produits\" id=\"block_e65bda63c299c041f48ed0358ba7da26\">\n\t<div class=\"container\">\n\t\t<div class=\"lignes-de-produits__top\">\n\t\t\t\t\t\t\t<h2>Nos offres<\/h2>\n\t\t\t\t\t<\/div>\n\t\t\t\t\t<div class=\"lignes-de-produits__products\">\n\t\t\t\t\t\t\t\t\t\t\t\t\t\t\t<a class=\"lignes-de-produits__product\" href=\"https:\/\/www.cailabs.com\/fr\/aerospatial-defense\/optronique\/moyen-infrarouge\/\" target=\"\">\n\t\t\t\t\t\t\t\t\t\t\t\t\t\t\t<div class=\"lignes-de-produits__product_image\">\n\t\t\t\t\t\t\t\t\t<picture>\n\t\t\t\t\t\t\t\t\t\t<source type=\"image\/webp\" srcset=\"https:\/\/www.cailabs.com\/app\/uploads\/2024\/02\/dircm_eblouissement-1150-x-500-400x0-c-default.webp, https:\/\/www.cailabs.com\/app\/uploads\/2024\/02\/dircm_eblouissement-1150-x-500-400x0-c-default@2x.webp 2x\">\n\t\t\t\t\t\t\t\t\t\t<source type=\"image\/jpeg\" srcset=\"https:\/\/www.cailabs.com\/app\/uploads\/2024\/02\/dircm_eblouissement-1150-x-500-400x0-c-default.jpg, https:\/\/www.cailabs.com\/app\/uploads\/2024\/02\/dircm_eblouissement-1150-x-500-400x0-c-default@2x.jpg 2x\">\n\t\t\t\t\t\t\t\t\t\t<img decoding=\"async\" loading=\"lazy\" src=\"https:\/\/www.cailabs.com\/app\/uploads\/2024\/02\/dircm_eblouissement-1150-x-500-400x0-c-default.jpg\" alt=\"DIRCM\" width=\"390\" height=\"320\"\/>\n\t\t\t\t\t\t\t\t\t<\/picture>\n\t\t\t\t\t\t\t\t<\/div>\n\t\t\t\t\t\t\t\t\t\t\t\t\t\t<div class=\"lignes-de-produits__product_content\">\n\t\t\t\t\t\t\t\t<h3>Moyen Infrarouge (MIR)<\/h3>\n\t\t\t\t\t\t\t\t<div class=\"lignes-de-produits__product_laser is-laser-color-orange\"><span><\/span><\/div>\n\t\t\t\t\t\t\t\t\t\t\t\t\t\t\t\t\t<div class=\"lignes-de-produits__product_txt\"><p>Cailabs propose une solution compacte de combinaison incoh\u00e9rente de sources laser de spectre moyen infrarouge, d\u00e9livrant un faisceau de forte puissance, de qualit\u00e9 optimale et avec une possibilit\u00e9 de mise en forme sp\u00e9cifique<\/p>\n<\/div>\n\t\t\t\t\t\t\t\t\t\t\t\t\t\t\t\t\t\t\t\t\t\t\t\t\t<span class=\"lignes-de-produits__product_link\">Plus d&rsquo;information<\/span>\n\t\t\t\t\t\t\t\t\t\t\t\t\t\t\t<\/div>\n\t\t\t\t\t\t<\/a>\n\t\t\t\t\t\t\t\t\t\t\t\t\t\t\t\t\t\t\t\t<a class=\"lignes-de-produits__product\" href=\"https:\/\/www.cailabs.com\/fr\/aerospatial-defense\/optronique\/armes-a-energie-dirigee-aed\/\" target=\"\">\n\t\t\t\t\t\t\t\t\t\t\t\t\t\t\t<div class=\"lignes-de-produits__product_image\">\n\t\t\t\t\t\t\t\t\t<picture>\n\t\t\t\t\t\t\t\t\t\t<source type=\"image\/webp\" srcset=\"https:\/\/www.cailabs.com\/app\/uploads\/2024\/02\/dew_drone-endomage-1150x500-1-400x0-c-default.webp, https:\/\/www.cailabs.com\/app\/uploads\/2024\/02\/dew_drone-endomage-1150x500-1-400x0-c-default@2x.webp 2x\">\n\t\t\t\t\t\t\t\t\t\t<source type=\"image\/jpeg\" srcset=\"https:\/\/www.cailabs.com\/app\/uploads\/2024\/02\/dew_drone-endomage-1150x500-1-400x0-c-default.jpg, https:\/\/www.cailabs.com\/app\/uploads\/2024\/02\/dew_drone-endomage-1150x500-1-400x0-c-default@2x.jpg 2x\">\n\t\t\t\t\t\t\t\t\t\t<img decoding=\"async\" loading=\"lazy\" src=\"https:\/\/www.cailabs.com\/app\/uploads\/2024\/02\/dew_drone-endomage-1150x500-1-400x0-c-default.jpg\" alt=\"Optronique - Damaged Drones\" width=\"390\" height=\"320\"\/>\n\t\t\t\t\t\t\t\t\t<\/picture>\n\t\t\t\t\t\t\t\t<\/div>\n\t\t\t\t\t\t\t\t\t\t\t\t\t\t<div class=\"lignes-de-produits__product_content\">\n\t\t\t\t\t\t\t\t<h3>Armes \u00e0 Energie Dirig\u00e9e (AED) <\/h3>\n\t\t\t\t\t\t\t\t<div class=\"lignes-de-produits__product_laser is-laser-color-orange\"><span><\/span><\/div>\n\t\t\t\t\t\t\t\t\t\t\t\t\t\t\t\t\t<div class=\"lignes-de-produits__product_txt\"><p>La technologie MPLC et la solution de mise en phase Cailabs permettent la combinaison coh\u00e9rence efficace de sources lasers fibr\u00e9es en un faisceau combin\u00e9 de forte puissance et de qualit\u00e9 optimale pour neutraliser des drones<\/p>\n<\/div>\n\t\t\t\t\t\t\t\t\t\t\t\t\t\t\t\t\t\t\t\t\t\t\t\t\t<span class=\"lignes-de-produits__product_link\">Plus d&rsquo;information<\/span>\n\t\t\t\t\t\t\t\t\t\t\t\t\t\t\t<\/div>\n\t\t\t\t\t\t<\/a>\n\t\t\t\t\t\t\t\t\t\t\t\t\t\t\t\t\t\t\t\t<a class=\"lignes-de-produits__product\" href=\"https:\/\/www.cailabs.com\/fr\/aerospatial-defense\/optronique\/telemetrie-laser\/\" target=\"\">\n\t\t\t\t\t\t\t\t\t\t\t\t\t\t\t<div class=\"lignes-de-produits__product_image\">\n\t\t\t\t\t\t\t\t\t<picture>\n\t\t\t\t\t\t\t\t\t\t<source type=\"image\/webp\" srcset=\"https:\/\/www.cailabs.com\/app\/uploads\/2024\/02\/lidar-1150x500-2-400x0-c-default.webp, https:\/\/www.cailabs.com\/app\/uploads\/2024\/02\/lidar-1150x500-2-400x0-c-default@2x.webp 2x\">\n\t\t\t\t\t\t\t\t\t\t<source type=\"image\/jpeg\" srcset=\"https:\/\/www.cailabs.com\/app\/uploads\/2024\/02\/lidar-1150x500-2-400x0-c-default.jpg, https:\/\/www.cailabs.com\/app\/uploads\/2024\/02\/lidar-1150x500-2-400x0-c-default@2x.jpg 2x\">\n\t\t\t\t\t\t\t\t\t\t<img decoding=\"async\" loading=\"lazy\" src=\"https:\/\/www.cailabs.com\/app\/uploads\/2024\/02\/lidar-1150x500-2-400x0-c-default.jpg\" alt=\"laser sight and rangefinder mounted on military equipment\" width=\"390\" height=\"320\"\/>\n\t\t\t\t\t\t\t\t\t<\/picture>\n\t\t\t\t\t\t\t\t<\/div>\n\t\t\t\t\t\t\t\t\t\t\t\t\t\t<div class=\"lignes-de-produits__product_content\">\n\t\t\t\t\t\t\t\t<h3>T\u00e9l\u00e9m\u00e9trie laser<\/h3>\n\t\t\t\t\t\t\t\t<div class=\"lignes-de-produits__product_laser is-laser-color-orange\"><span><\/span><\/div>\n\t\t\t\t\t\t\t\t\t\t\t\t\t\t\t\t\t<div class=\"lignes-de-produits__product_txt\"><p>Cailabs propose des modules compacts de couplage et mise en forme optimis\u00e9e de faisceaux \u00e0 diff\u00e9rentes longueurs d\u2019onde pour des applications de t\u00e9l\u00e9m\u00e9trie laser.<\/p>\n<p>&nbsp;<\/p>\n<\/div>\n\t\t\t\t\t\t\t\t\t\t\t\t\t\t\t\t\t\t\t\t\t\t\t\t\t<span class=\"lignes-de-produits__product_link\">Plus d&rsquo;information<\/span>\n\t\t\t\t\t\t\t\t\t\t\t\t\t\t\t<\/div>\n\t\t\t\t\t\t<\/a>\n\t\t\t\t\t\t\t\t\t\t\t\t<\/div>\n\t\t\t<\/div>\n<\/section>","protected":false},"excerpt":{"rendered":"<p>Optronique Les lasers jouent un r\u00f4le cl\u00e9 dans les applications de d\u00e9fense. La technologie de mise en forme du faisceau de Cailabs am\u00e9liore les performances optiques de toutes les applications de d\u00e9fense laser.<\/p>\n","protected":false},"author":2,"featured_media":0,"parent":2594,"menu_order":0,"comment_status":"closed","ping_status":"closed","template":"","meta":{"_acf_changed":false,"content-type":"","_schema_org_content_json":"","footnotes":""},"class_list":["post-2234","page","type-page","status-publish","hentry"],"acf":[],"yoast_head":"<!-- This site is optimized with the Yoast SEO plugin v27.6 - https:\/\/yoast.com\/product\/yoast-seo-wordpress\/ -->\n<title>Cailabs | Optronique<\/title>\n<meta name=\"description\" content=\"Les lasers jouent un r\u00f4le cl\u00e9 dans les applications de d\u00e9fense. La technologie de mise en forme du faisceau de Cailabs am\u00e9liore les performances optiques de toutes les applications de d\u00e9fense laser.\" \/>\n<meta name=\"robots\" content=\"index, follow, max-snippet:-1, max-image-preview:large, max-video-preview:-1\" \/>\n<link rel=\"canonical\" href=\"https:\/\/www.cailabs.com\/fr\/aerospatial-defense\/optronique\/\" \/>\n<meta property=\"og:locale\" content=\"fr_FR\" \/>\n<meta property=\"og:type\" content=\"article\" \/>\n<meta property=\"og:title\" content=\"Cailabs | Optronique\" \/>\n<meta property=\"og:description\" content=\"Les lasers jouent un r\u00f4le cl\u00e9 dans les applications de d\u00e9fense. La technologie de mise en forme du faisceau de Cailabs am\u00e9liore les performances optiques de toutes les applications de d\u00e9fense laser.\" \/>\n<meta property=\"og:url\" content=\"https:\/\/www.cailabs.com\/fr\/aerospatial-defense\/optronique\/\" \/>\n<meta property=\"og:site_name\" content=\"Cailabs\" \/>\n<meta property=\"article:modified_time\" content=\"2024-11-20T15:07:30+00:00\" \/>\n<meta property=\"og:image\" content=\"https:\/\/www.cailabs.com\/app\/uploads\/2024\/02\/1024x683_famille-defense.png\" \/>\n\t<meta property=\"og:image:width\" content=\"1024\" \/>\n\t<meta property=\"og:image:height\" content=\"683\" \/>\n\t<meta property=\"og:image:type\" content=\"image\/png\" \/>\n<meta name=\"twitter:card\" content=\"summary_large_image\" \/>\n<meta name=\"twitter:label1\" content=\"Dur\u00e9e de lecture estim\u00e9e\" \/>\n\t<meta name=\"twitter:data1\" content=\"1 minute\" \/>\n<script type=\"application\/ld+json\" class=\"yoast-schema-graph\">{\"@context\":\"https:\\\/\\\/schema.org\",\"@graph\":[{\"@type\":\"WebPage\",\"@id\":\"https:\\\/\\\/www.cailabs.com\\\/fr\\\/aerospatial-defense\\\/optronique\\\/\",\"url\":\"https:\\\/\\\/www.cailabs.com\\\/fr\\\/aerospatial-defense\\\/optronique\\\/\",\"name\":\"Cailabs | Optronique\",\"isPartOf\":{\"@id\":\"https:\\\/\\\/www.cailabs.com\\\/fr\\\/#website\"},\"primaryImageOfPage\":{\"@id\":\"https:\\\/\\\/www.cailabs.com\\\/fr\\\/aerospatial-defense\\\/optronique\\\/#primaryimage\"},\"image\":{\"@id\":\"https:\\\/\\\/www.cailabs.com\\\/fr\\\/aerospatial-defense\\\/optronique\\\/#primaryimage\"},\"thumbnailUrl\":\"https:\\\/\\\/www.cailabs.com\\\/app\\\/uploads\\\/2024\\\/02\\\/1024x683_famille-defense.png\",\"datePublished\":\"2024-02-14T14:42:51+00:00\",\"dateModified\":\"2024-11-20T15:07:30+00:00\",\"description\":\"Les lasers jouent un r\u00f4le cl\u00e9 dans les applications de d\u00e9fense. La technologie de mise en forme du faisceau de Cailabs am\u00e9liore les performances optiques de toutes les applications de d\u00e9fense laser.\",\"breadcrumb\":{\"@id\":\"https:\\\/\\\/www.cailabs.com\\\/fr\\\/aerospatial-defense\\\/optronique\\\/#breadcrumb\"},\"inLanguage\":\"fr-FR\",\"potentialAction\":[{\"@type\":\"ReadAction\",\"target\":[\"https:\\\/\\\/www.cailabs.com\\\/fr\\\/aerospatial-defense\\\/optronique\\\/\"]}]},{\"@type\":\"ImageObject\",\"inLanguage\":\"fr-FR\",\"@id\":\"https:\\\/\\\/www.cailabs.com\\\/fr\\\/aerospatial-defense\\\/optronique\\\/#primaryimage\",\"url\":\"https:\\\/\\\/www.cailabs.com\\\/app\\\/uploads\\\/2024\\\/02\\\/1024x683_famille-defense.png\",\"contentUrl\":\"https:\\\/\\\/www.cailabs.com\\\/app\\\/uploads\\\/2024\\\/02\\\/1024x683_famille-defense.png\"},{\"@type\":\"BreadcrumbList\",\"@id\":\"https:\\\/\\\/www.cailabs.com\\\/fr\\\/aerospatial-defense\\\/optronique\\\/#breadcrumb\",\"itemListElement\":[{\"@type\":\"ListItem\",\"position\":1,\"name\":\"Home\",\"item\":\"https:\\\/\\\/www.cailabs.com\\\/fr\\\/\"},{\"@type\":\"ListItem\",\"position\":2,\"name\":\"A\u00e9rospatial &amp; D\u00e9fense\",\"item\":\"https:\\\/\\\/www.cailabs.com\\\/fr\\\/aerospatial-defense\\\/\"},{\"@type\":\"ListItem\",\"position\":3,\"name\":\"Optronique\"}]},{\"@type\":\"WebSite\",\"@id\":\"https:\\\/\\\/www.cailabs.com\\\/fr\\\/#website\",\"url\":\"https:\\\/\\\/www.cailabs.com\\\/fr\\\/\",\"name\":\"Cailabs\",\"description\":\"\",\"potentialAction\":[{\"@type\":\"SearchAction\",\"target\":{\"@type\":\"EntryPoint\",\"urlTemplate\":\"https:\\\/\\\/www.cailabs.com\\\/fr\\\/?s={search_term_string}\"},\"query-input\":{\"@type\":\"PropertyValueSpecification\",\"valueRequired\":true,\"valueName\":\"search_term_string\"}}],\"inLanguage\":\"fr-FR\"}]}<\/script>\n<!-- \/ Yoast SEO plugin. -->","yoast_head_json":{"title":"Cailabs | Optronique","description":"Les lasers jouent un r\u00f4le cl\u00e9 dans les applications de d\u00e9fense. La technologie de mise en forme du faisceau de Cailabs am\u00e9liore les performances optiques de toutes les applications de d\u00e9fense laser.","robots":{"index":"index","follow":"follow","max-snippet":"max-snippet:-1","max-image-preview":"max-image-preview:large","max-video-preview":"max-video-preview:-1"},"canonical":"https:\/\/www.cailabs.com\/fr\/aerospatial-defense\/optronique\/","og_locale":"fr_FR","og_type":"article","og_title":"Cailabs | Optronique","og_description":"Les lasers jouent un r\u00f4le cl\u00e9 dans les applications de d\u00e9fense. La technologie de mise en forme du faisceau de Cailabs am\u00e9liore les performances optiques de toutes les applications de d\u00e9fense laser.","og_url":"https:\/\/www.cailabs.com\/fr\/aerospatial-defense\/optronique\/","og_site_name":"Cailabs","article_modified_time":"2024-11-20T15:07:30+00:00","og_image":[{"width":1024,"height":683,"url":"https:\/\/www.cailabs.com\/app\/uploads\/2024\/02\/1024x683_famille-defense.png","type":"image\/png"}],"twitter_card":"summary_large_image","twitter_misc":{"Dur\u00e9e de lecture estim\u00e9e":"1 minute"},"schema":{"@context":"https:\/\/schema.org","@graph":[{"@type":"WebPage","@id":"https:\/\/www.cailabs.com\/fr\/aerospatial-defense\/optronique\/","url":"https:\/\/www.cailabs.com\/fr\/aerospatial-defense\/optronique\/","name":"Cailabs | Optronique","isPartOf":{"@id":"https:\/\/www.cailabs.com\/fr\/#website"},"primaryImageOfPage":{"@id":"https:\/\/www.cailabs.com\/fr\/aerospatial-defense\/optronique\/#primaryimage"},"image":{"@id":"https:\/\/www.cailabs.com\/fr\/aerospatial-defense\/optronique\/#primaryimage"},"thumbnailUrl":"https:\/\/www.cailabs.com\/app\/uploads\/2024\/02\/1024x683_famille-defense.png","datePublished":"2024-02-14T14:42:51+00:00","dateModified":"2024-11-20T15:07:30+00:00","description":"Les lasers jouent un r\u00f4le cl\u00e9 dans les applications de d\u00e9fense. La technologie de mise en forme du faisceau de Cailabs am\u00e9liore les performances optiques de toutes les applications de d\u00e9fense laser.","breadcrumb":{"@id":"https:\/\/www.cailabs.com\/fr\/aerospatial-defense\/optronique\/#breadcrumb"},"inLanguage":"fr-FR","potentialAction":[{"@type":"ReadAction","target":["https:\/\/www.cailabs.com\/fr\/aerospatial-defense\/optronique\/"]}]},{"@type":"ImageObject","inLanguage":"fr-FR","@id":"https:\/\/www.cailabs.com\/fr\/aerospatial-defense\/optronique\/#primaryimage","url":"https:\/\/www.cailabs.com\/app\/uploads\/2024\/02\/1024x683_famille-defense.png","contentUrl":"https:\/\/www.cailabs.com\/app\/uploads\/2024\/02\/1024x683_famille-defense.png"},{"@type":"BreadcrumbList","@id":"https:\/\/www.cailabs.com\/fr\/aerospatial-defense\/optronique\/#breadcrumb","itemListElement":[{"@type":"ListItem","position":1,"name":"Home","item":"https:\/\/www.cailabs.com\/fr\/"},{"@type":"ListItem","position":2,"name":"A\u00e9rospatial &amp; D\u00e9fense","item":"https:\/\/www.cailabs.com\/fr\/aerospatial-defense\/"},{"@type":"ListItem","position":3,"name":"Optronique"}]},{"@type":"WebSite","@id":"https:\/\/www.cailabs.com\/fr\/#website","url":"https:\/\/www.cailabs.com\/fr\/","name":"Cailabs","description":"","potentialAction":[{"@type":"SearchAction","target":{"@type":"EntryPoint","urlTemplate":"https:\/\/www.cailabs.com\/fr\/?s={search_term_string}"},"query-input":{"@type":"PropertyValueSpecification","valueRequired":true,"valueName":"search_term_string"}}],"inLanguage":"fr-FR"}]}},"_links":{"self":[{"href":"https:\/\/www.cailabs.com\/fr\/wp-json\/wp\/v2\/pages\/2234","targetHints":{"allow":["GET"]}}],"collection":[{"href":"https:\/\/www.cailabs.com\/fr\/wp-json\/wp\/v2\/pages"}],"about":[{"href":"https:\/\/www.cailabs.com\/fr\/wp-json\/wp\/v2\/types\/page"}],"author":[{"embeddable":true,"href":"https:\/\/www.cailabs.com\/fr\/wp-json\/wp\/v2\/users\/2"}],"replies":[{"embeddable":true,"href":"https:\/\/www.cailabs.com\/fr\/wp-json\/wp\/v2\/comments?post=2234"}],"version-history":[{"count":7,"href":"https:\/\/www.cailabs.com\/fr\/wp-json\/wp\/v2\/pages\/2234\/revisions"}],"predecessor-version":[{"id":10666,"href":"https:\/\/www.cailabs.com\/fr\/wp-json\/wp\/v2\/pages\/2234\/revisions\/10666"}],"up":[{"embeddable":true,"href":"https:\/\/www.cailabs.com\/fr\/wp-json\/wp\/v2\/pages\/2594"}],"wp:attachment":[{"href":"https:\/\/www.cailabs.com\/fr\/wp-json\/wp\/v2\/media?parent=2234"}],"curies":[{"name":"wp","href":"https:\/\/api.w.org\/{rel}","templated":true}]}}