{"id":2277,"date":"2024-02-14T17:01:57","date_gmt":"2024-02-14T16:01:57","guid":{"rendered":"https:\/\/www.cailabs.com\/optronique\/directed-energy-weapons-dew\/"},"modified":"2024-11-21T17:44:43","modified_gmt":"2024-11-21T16:44:43","slug":"armes-a-energie-dirigee-aed","status":"publish","type":"page","link":"https:\/\/www.cailabs.com\/fr\/aerospatial-defense\/optronique\/armes-a-energie-dirigee-aed\/","title":{"rendered":"Armes \u00e0 Energie Dirig\u00e9e (AED)"},"content":{"rendered":"\n<h1 class=\"wp-block-heading has-text-align-center has-h-2-font-size\"><strong>Armes \u00e0 \u00e9nergie dirig\u00e9e<\/strong> <strong>(AED)<\/strong><\/h1>\n\n\n\n<p class=\"has-text-align-center has-paragraph-font-size\"><strong>La technologie MPLC et la solution de mise en phase Cailabs permettent la combinaison coh\u00e9rence efficace de sources lasers fibr\u00e9es en un faisceau combin\u00e9 de forte puissance et de qualit\u00e9 optimale pour neutraliser des drones<\/strong><\/p>\n\n\n\n<hr class=\"wp-block-separator has-alpha-channel-opacity\"\/>\n\n\n\n<figure class=\"wp-block-image alignfull size-full is-style-gradient-image\"><picture><source srcset=\"https:\/\/www.cailabs.com\/app\/uploads\/2024\/11\/cailabs_dew_1024x284-72ppi.webp 1x, https:\/\/www.cailabs.com\/app\/uploads\/2024\/11\/cailabs_dew_1024x284-72ppi@2x.webp 2x\" type=\"image\/webp\"><img loading=\"lazy\" decoding=\"async\" width=\"1024\" height=\"284\" src=\"https:\/\/www.cailabs.com\/app\/uploads\/2024\/11\/cailabs_dew_1024x284-72ppi.png\" alt=\"Cailabs Dew 1024x284 72ppi\" class=\"wp-image-10652\" srcset=\"https:\/\/www.cailabs.com\/app\/uploads\/2024\/11\/cailabs_dew_1024x284-72ppi.png 1024w, https:\/\/www.cailabs.com\/app\/uploads\/2024\/11\/cailabs_dew_1024x284-72ppi-300x83.png 300w, https:\/\/www.cailabs.com\/app\/uploads\/2024\/11\/cailabs_dew_1024x284-72ppi-768x213.png 768w\" sizes=\"auto, (max-width: 1024px) 100vw, 1024px\" \/><\/picture><\/figure>\n\n\n\n<hr class=\"wp-block-separator has-alpha-channel-opacity\"\/>\n\n\n\n<div class=\"wp-block-columns alignwide is-layout-flex wp-container-core-columns-is-layout-28f84493 wp-block-columns-is-layout-flex\">\n<div class=\"wp-block-column is-layout-flow wp-block-column-is-layout-flow\">\n<h2 class=\"wp-block-heading has-h-6-font-size\">Combinaison coh\u00e9rente et contr\u00f4le de la phase pour AED<\/h2>\n\n\n\n<p>Les programmes de d\u00e9veloppement d\u2019armes laser anti-structures (DEW pour Directed Energy Weapon) ont gagn\u00e9 en importance avec l\u2019\u00e9mergence de nouvelles sources lasers faciles \u00e0 mettre en \u0153uvre et la pr\u00e9valence croissante des drones sur les champs de bataille. Le laser solide \u00e0 fibres, offre de nombreux avantages comme l\u2019\u00e9limination d\u2019optique en espace libre, la stabilit\u00e9 thermique, le rendement et surtout la bonne qualit\u00e9 de faisceau gr\u00e2ce au guide d\u2019onde. Cependant, obtenir une source fibr\u00e9e de forte puissance, de l\u2019ordre de 10kW pour d\u00e9truire un drone, tout en maintenant une qualit\u00e9 de faisceau optimale reste un d\u00e9fi. Une solution consiste \u00e0 combiner des sources fibr\u00e9es moyenne puissance et spectralement fines. L\u2019efficacit\u00e9 des techniques conventionnelles de combinaison est limit\u00e9e (de l\u2019ordre de 50 \u00e0 65% pour la technique des pupilles juxtapos\u00e9es). Cailabs participe activement \u00e0 la recherche de solutions pour les besoins des DEW en permettant une combinaison coh\u00e9rente tr\u00e8s efficace des sources avec un contr\u00f4le actif de la phase entre les sources. Le faisceau combin\u00e9 ainsi obtenu cumule une forte puissance et une qualit\u00e9 optimale. Cailabs propose aujourd\u2019hui une solution avec mise en phase permettant d\u2019atteindre 80% d\u2019efficacit\u00e9 de combinaison sur cible \u00e0 1\u00b5m.<\/p>\n\n\n\n<hr class=\"wp-block-separator has-alpha-channel-opacity\"\/>\n\n\n\n<hr class=\"wp-block-separator has-alpha-channel-opacity\"\/>\n<\/div>\n\n\n\n<div class=\"wp-block-column is-layout-flow wp-block-column-is-layout-flow\">\t<section class=\"acf slider-dimages align wp-block-acf-slider-dimages\" id=\"block_3dd94d7f79e29cd3d9ee528ccdc641d5\">\n\t\t<div class=\"container\">\n\t\t\t<div class=\"swiper slider-dimages__slider\">\n\t\t\t\t<div class=\"swiper-button-prev\"><\/div>\n\t\t\t\t<div class=\"swiper-wrapper\">\n\t\t\t\t\t\t\t\t\t\t\t<div class=\"slider-dimages__image swiper-slide\">\n\t\t\t\t\t\t\t<picture>\n\t\t\t\t\t\t\t\t<source type=\"image\/webp\" srcset=\"https:\/\/www.cailabs.com\/app\/uploads\/2024\/02\/armes-laser-a-energie-dirigee.webp, https:\/\/www.cailabs.com\/app\/uploads\/2024\/02\/armes-laser-a-energie-dirigee.webp 2x\">\n\t\t\t\t\t\t\t\t<source type=\"image\/jpeg\" srcset=\"https:\/\/www.cailabs.com\/app\/uploads\/2024\/02\/armes-laser-a-energie-dirigee.jpg, https:\/\/www.cailabs.com\/app\/uploads\/2024\/02\/armes-laser-a-energie-dirigee.jpg 2x\">\n\t\t\t\t\t\t\t\t<img decoding=\"async\" loading=\"lazy\" src=\"https:\/\/www.cailabs.com\/app\/uploads\/2024\/02\/armes-laser-a-energie-dirigee.jpg\" alt=\"Armes Laser \u00e0 Energie Dirig\u00e9e\" width=\"1024\" height=\"596\"\/>\n\t\t\t\t\t\t\t\t\t\t\t\t\t\t\t<\/picture>\n\t\t\t\t\t\t<\/div>\n\t\t\t\t\t\t\t\t\t<\/div>\n\t\t\t\t<div class=\"swiper-button-next\"><\/div>\n\t\t\t<\/div>\n\t\t<\/div>\n\t<\/section>\n<\/div>\n<\/div>\n\n\n<section class=\"acf slider-dapplications align wp-block-acf-slider-dapplications\" id=\"block_4783bfe003c297980fa151a11ecb6557\">\n\t<div class=\"container container__large\">\n\t\t\t\t\t<h2>Nos autres applications<\/h2>\n\t\t\t\t\t\t\t<div class=\"slider-dapplications__applications swiper\">\n\t\t\t\t<div class=\"swiper-wrapper\">\n\t\t\t\t\t\t\t\t\t\t\t\t\t\t\t\t\t\t<a href=\"https:\/\/www.cailabs.com\/fr\/aerospatial-defense\/optronique\/moyen-infrarouge\/\" class=\"slider-dapplications__application swiper-slide\">\n\t\t\t\t\t\t\t\t<strong class=\"slider-dapplications__application_title\">Moyen Infrarouge<\/strong>\n\t\t\t\t\t\t\t\t<div class=\"slider-dapplications__application_img\">\n\t\t\t\t\t\t\t\t\t<picture>\n\t\t\t\t\t\t\t\t\t\t<source type=\"image\/webp\" srcset=\"https:\/\/www.cailabs.com\/app\/uploads\/2024\/02\/dircm_eblouissement-1150-x-500-350x500-c-1.webp, https:\/\/www.cailabs.com\/app\/uploads\/2024\/02\/dircm_eblouissement-1150-x-500-350x500-c-1@2x.webp 2x\">\n\t\t\t\t\t\t\t\t\t\t<source type=\"image\/jpeg\" srcset=\"https:\/\/www.cailabs.com\/app\/uploads\/2024\/02\/dircm_eblouissement-1150-x-500-350x500-c-1.jpg, https:\/\/www.cailabs.com\/app\/uploads\/2024\/02\/dircm_eblouissement-1150-x-500-350x500-c-1@2x.jpg 2x\">\n\t\t\t\t\t\t\t\t\t\t<img decoding=\"async\" loading=\"lazy\" src=\"https:\/\/www.cailabs.com\/app\/uploads\/2024\/02\/dircm_eblouissement-1150-x-500-350x500-c-1.jpg\" alt=\"DIRCM\" width=\"320\" height=\"430\"\/>\n\t\t\t\t\t\t\t\t\t<\/picture>\n\t\t\t\t\t\t\t\t<\/div>\n\t\t\t\t\t\t\t<\/a>\n\t\t\t\t\t\t\t\t\t\t\t\t\t\t\t\t\t\t\t\t\t\t\t\t<a href=\"https:\/\/www.cailabs.com\/fr\/aerospatial-defense\/optronique\/telemetrie-laser\/\" class=\"slider-dapplications__application swiper-slide\">\n\t\t\t\t\t\t\t\t<strong class=\"slider-dapplications__application_title\">T\u00e9l\u00e9m\u00e9trie laser <\/strong>\n\t\t\t\t\t\t\t\t<div class=\"slider-dapplications__application_img\">\n\t\t\t\t\t\t\t\t\t<picture>\n\t\t\t\t\t\t\t\t\t\t<source type=\"image\/webp\" srcset=\"https:\/\/www.cailabs.com\/app\/uploads\/2024\/02\/lidar-1150x500-2-350x500-c-1.webp, https:\/\/www.cailabs.com\/app\/uploads\/2024\/02\/lidar-1150x500-2-350x500-c-1@2x.webp 2x\">\n\t\t\t\t\t\t\t\t\t\t<source type=\"image\/jpeg\" srcset=\"https:\/\/www.cailabs.com\/app\/uploads\/2024\/02\/lidar-1150x500-2-350x500-c-1.jpg, https:\/\/www.cailabs.com\/app\/uploads\/2024\/02\/lidar-1150x500-2-350x500-c-1@2x.jpg 2x\">\n\t\t\t\t\t\t\t\t\t\t<img decoding=\"async\" loading=\"lazy\" src=\"https:\/\/www.cailabs.com\/app\/uploads\/2024\/02\/lidar-1150x500-2-350x500-c-1.jpg\" alt=\"laser sight and rangefinder mounted on military equipment\" width=\"320\" height=\"430\"\/>\n\t\t\t\t\t\t\t\t\t<\/picture>\n\t\t\t\t\t\t\t\t<\/div>\n\t\t\t\t\t\t\t<\/a>\n\t\t\t\t\t\t\t\t\t\t\t\t\t\t\t<\/div>\n\t\t\t\t<div class=\"swiper-pagination\"><\/div>\n\t\t\t<\/div>\n\t\t\t<\/div>\n<\/section>\n\n<section class=\"acf bandeau-avec-bouton align wp-block-acf-bandeau-avec-bouton\" id=\"block_c76a25e9c60362089c738997aa21f603\">\n\t<div class=\"container\">\n\t\t\t\t\t<h2>Des questions sur nos solutions ?<\/h2>\n\t\t\t\t\t\t\t\t\t<a href=\"https:\/\/www.cailabs.com\/fr\/contact\/\" target=\"\" class=\"btn btn__outline\">Discutons de votre projet<\/a>\n\t\t\t<\/div>\n\t\t\t<div class=\"bandeau-avec-bouton__bg\">\n\t\t\t<picture>\n\t\t\t\t<source type=\"image\/webp\" srcset=\"https:\/\/www.cailabs.com\/app\/uploads\/2024\/11\/bandeau-contact-us-aerospace-defense-2-1920x600-1.webp, https:\/\/www.cailabs.com\/app\/uploads\/2024\/11\/bandeau-contact-us-aerospace-defense-2-1920x600-1@2x.webp 2x\">\n\t\t\t\t<source type=\"image\/jpeg\" srcset=\"https:\/\/www.cailabs.com\/app\/uploads\/2024\/11\/bandeau-contact-us-aerospace-defense-2-1920x600-1.jpg, https:\/\/www.cailabs.com\/app\/uploads\/2024\/11\/bandeau-contact-us-aerospace-defense-2-1920x600-1@2x.jpg 2x\">\n\t\t\t\t<img decoding=\"async\" loading=\"lazy\" src=\"https:\/\/www.cailabs.com\/app\/uploads\/2024\/11\/bandeau-contact-us-aerospace-defense-2-1920x600-1.jpg\" alt=\"Contact Us\" width=\"1920\" height=\"600\"\/>\n\t\t\t<\/picture>\n\t\t<\/div>\n\t<\/section>","protected":false},"excerpt":{"rendered":"<p>Armes \u00e0 \u00e9nergie dirig\u00e9e (AED) La technologie MPLC et la solution de mise en phase Cailabs permettent la combinaison coh\u00e9rence efficace de sources lasers fibr\u00e9es en un faisceau combin\u00e9 de forte puissance et de qualit\u00e9 optimale pour neutraliser des drones Combinaison coh\u00e9rente et contr\u00f4le de la phase pour AED Les programmes de d\u00e9veloppement d\u2019armes laser [&hellip;]<\/p>\n","protected":false},"author":2,"featured_media":0,"parent":2234,"menu_order":0,"comment_status":"closed","ping_status":"closed","template":"","meta":{"_acf_changed":false,"content-type":"","_schema_org_content_json":"","footnotes":""},"class_list":["post-2277","page","type-page","status-publish","hentry"],"acf":[],"yoast_head":"<!-- This site is optimized with the Yoast SEO plugin v27.5 - https:\/\/yoast.com\/product\/yoast-seo-wordpress\/ -->\n<title>Optronique | Armes \u00e0 Energie Dirig\u00e9e (AED)<\/title>\n<meta name=\"description\" content=\"La technologie MPLC et la solution de mise en phase Cailabs permettent la combinaison coh\u00e9rence efficace de sources lasers fibr\u00e9es en un faisceau combin\u00e9 de forte puissance et de qualit\u00e9 optimale pour neutraliser des drones\" \/>\n<meta name=\"robots\" content=\"index, follow, max-snippet:-1, max-image-preview:large, max-video-preview:-1\" \/>\n<link rel=\"canonical\" href=\"https:\/\/www.cailabs.com\/fr\/aerospatial-defense\/optronique\/armes-a-energie-dirigee-aed\/\" \/>\n<meta property=\"og:locale\" content=\"fr_FR\" \/>\n<meta property=\"og:type\" content=\"article\" \/>\n<meta property=\"og:title\" content=\"Optronique | Armes \u00e0 Energie Dirig\u00e9e (AED)\" \/>\n<meta property=\"og:description\" content=\"La technologie MPLC et la solution de mise en phase Cailabs permettent la combinaison coh\u00e9rence efficace de sources lasers fibr\u00e9es en un faisceau combin\u00e9 de forte puissance et de qualit\u00e9 optimale pour neutraliser des drones\" \/>\n<meta property=\"og:url\" content=\"https:\/\/www.cailabs.com\/fr\/aerospatial-defense\/optronique\/armes-a-energie-dirigee-aed\/\" \/>\n<meta property=\"og:site_name\" content=\"Cailabs\" \/>\n<meta property=\"article:modified_time\" content=\"2024-11-21T16:44:43+00:00\" \/>\n<meta property=\"og:image\" content=\"https:\/\/www.cailabs.com\/app\/uploads\/2024\/11\/cailabs_dew_1024x284-72ppi.png\" \/>\n\t<meta property=\"og:image:width\" content=\"1024\" \/>\n\t<meta property=\"og:image:height\" content=\"284\" \/>\n\t<meta property=\"og:image:type\" content=\"image\/png\" \/>\n<meta name=\"twitter:card\" content=\"summary_large_image\" \/>\n<meta name=\"twitter:label1\" content=\"Dur\u00e9e de lecture estim\u00e9e\" \/>\n\t<meta name=\"twitter:data1\" content=\"2 minutes\" \/>\n<script type=\"application\/ld+json\" class=\"yoast-schema-graph\">{\"@context\":\"https:\\\/\\\/schema.org\",\"@graph\":[{\"@type\":\"WebPage\",\"@id\":\"https:\\\/\\\/www.cailabs.com\\\/fr\\\/aerospatial-defense\\\/optronique\\\/armes-a-energie-dirigee-aed\\\/\",\"url\":\"https:\\\/\\\/www.cailabs.com\\\/fr\\\/aerospatial-defense\\\/optronique\\\/armes-a-energie-dirigee-aed\\\/\",\"name\":\"Optronique | Armes \u00e0 Energie Dirig\u00e9e (AED)\",\"isPartOf\":{\"@id\":\"https:\\\/\\\/www.cailabs.com\\\/fr\\\/#website\"},\"primaryImageOfPage\":{\"@id\":\"https:\\\/\\\/www.cailabs.com\\\/fr\\\/aerospatial-defense\\\/optronique\\\/armes-a-energie-dirigee-aed\\\/#primaryimage\"},\"image\":{\"@id\":\"https:\\\/\\\/www.cailabs.com\\\/fr\\\/aerospatial-defense\\\/optronique\\\/armes-a-energie-dirigee-aed\\\/#primaryimage\"},\"thumbnailUrl\":\"https:\\\/\\\/www.cailabs.com\\\/app\\\/uploads\\\/2024\\\/11\\\/cailabs_dew_1024x284-72ppi.png\",\"datePublished\":\"2024-02-14T16:01:57+00:00\",\"dateModified\":\"2024-11-21T16:44:43+00:00\",\"description\":\"La technologie MPLC et la solution de mise en phase Cailabs permettent la combinaison coh\u00e9rence efficace de sources lasers fibr\u00e9es en un faisceau combin\u00e9 de forte puissance et de qualit\u00e9 optimale pour neutraliser des drones\",\"breadcrumb\":{\"@id\":\"https:\\\/\\\/www.cailabs.com\\\/fr\\\/aerospatial-defense\\\/optronique\\\/armes-a-energie-dirigee-aed\\\/#breadcrumb\"},\"inLanguage\":\"fr-FR\",\"potentialAction\":[{\"@type\":\"ReadAction\",\"target\":[\"https:\\\/\\\/www.cailabs.com\\\/fr\\\/aerospatial-defense\\\/optronique\\\/armes-a-energie-dirigee-aed\\\/\"]}]},{\"@type\":\"ImageObject\",\"inLanguage\":\"fr-FR\",\"@id\":\"https:\\\/\\\/www.cailabs.com\\\/fr\\\/aerospatial-defense\\\/optronique\\\/armes-a-energie-dirigee-aed\\\/#primaryimage\",\"url\":\"https:\\\/\\\/www.cailabs.com\\\/app\\\/uploads\\\/2024\\\/11\\\/cailabs_dew_1024x284-72ppi.png\",\"contentUrl\":\"https:\\\/\\\/www.cailabs.com\\\/app\\\/uploads\\\/2024\\\/11\\\/cailabs_dew_1024x284-72ppi.png\"},{\"@type\":\"BreadcrumbList\",\"@id\":\"https:\\\/\\\/www.cailabs.com\\\/fr\\\/aerospatial-defense\\\/optronique\\\/armes-a-energie-dirigee-aed\\\/#breadcrumb\",\"itemListElement\":[{\"@type\":\"ListItem\",\"position\":1,\"name\":\"Home\",\"item\":\"https:\\\/\\\/www.cailabs.com\\\/fr\\\/\"},{\"@type\":\"ListItem\",\"position\":2,\"name\":\"A\u00e9rospatial &amp; D\u00e9fense\",\"item\":\"https:\\\/\\\/www.cailabs.com\\\/fr\\\/aerospatial-defense\\\/\"},{\"@type\":\"ListItem\",\"position\":3,\"name\":\"Optronique\",\"item\":\"https:\\\/\\\/www.cailabs.com\\\/fr\\\/aerospatial-defense\\\/optronique\\\/\"},{\"@type\":\"ListItem\",\"position\":4,\"name\":\"Armes \u00e0 Energie Dirig\u00e9e (AED)\"}]},{\"@type\":\"WebSite\",\"@id\":\"https:\\\/\\\/www.cailabs.com\\\/fr\\\/#website\",\"url\":\"https:\\\/\\\/www.cailabs.com\\\/fr\\\/\",\"name\":\"Cailabs\",\"description\":\"\",\"potentialAction\":[{\"@type\":\"SearchAction\",\"target\":{\"@type\":\"EntryPoint\",\"urlTemplate\":\"https:\\\/\\\/www.cailabs.com\\\/fr\\\/?s={search_term_string}\"},\"query-input\":{\"@type\":\"PropertyValueSpecification\",\"valueRequired\":true,\"valueName\":\"search_term_string\"}}],\"inLanguage\":\"fr-FR\"}]}<\/script>\n<!-- \/ Yoast SEO plugin. -->","yoast_head_json":{"title":"Optronique | Armes \u00e0 Energie Dirig\u00e9e (AED)","description":"La technologie MPLC et la solution de mise en phase Cailabs permettent la combinaison coh\u00e9rence efficace de sources lasers fibr\u00e9es en un faisceau combin\u00e9 de forte puissance et de qualit\u00e9 optimale pour neutraliser des drones","robots":{"index":"index","follow":"follow","max-snippet":"max-snippet:-1","max-image-preview":"max-image-preview:large","max-video-preview":"max-video-preview:-1"},"canonical":"https:\/\/www.cailabs.com\/fr\/aerospatial-defense\/optronique\/armes-a-energie-dirigee-aed\/","og_locale":"fr_FR","og_type":"article","og_title":"Optronique | Armes \u00e0 Energie Dirig\u00e9e (AED)","og_description":"La technologie MPLC et la solution de mise en phase Cailabs permettent la combinaison coh\u00e9rence efficace de sources lasers fibr\u00e9es en un faisceau combin\u00e9 de forte puissance et de qualit\u00e9 optimale pour neutraliser des drones","og_url":"https:\/\/www.cailabs.com\/fr\/aerospatial-defense\/optronique\/armes-a-energie-dirigee-aed\/","og_site_name":"Cailabs","article_modified_time":"2024-11-21T16:44:43+00:00","og_image":[{"width":1024,"height":284,"url":"https:\/\/www.cailabs.com\/app\/uploads\/2024\/11\/cailabs_dew_1024x284-72ppi.png","type":"image\/png"}],"twitter_card":"summary_large_image","twitter_misc":{"Dur\u00e9e de lecture estim\u00e9e":"2 minutes"},"schema":{"@context":"https:\/\/schema.org","@graph":[{"@type":"WebPage","@id":"https:\/\/www.cailabs.com\/fr\/aerospatial-defense\/optronique\/armes-a-energie-dirigee-aed\/","url":"https:\/\/www.cailabs.com\/fr\/aerospatial-defense\/optronique\/armes-a-energie-dirigee-aed\/","name":"Optronique | Armes \u00e0 Energie Dirig\u00e9e (AED)","isPartOf":{"@id":"https:\/\/www.cailabs.com\/fr\/#website"},"primaryImageOfPage":{"@id":"https:\/\/www.cailabs.com\/fr\/aerospatial-defense\/optronique\/armes-a-energie-dirigee-aed\/#primaryimage"},"image":{"@id":"https:\/\/www.cailabs.com\/fr\/aerospatial-defense\/optronique\/armes-a-energie-dirigee-aed\/#primaryimage"},"thumbnailUrl":"https:\/\/www.cailabs.com\/app\/uploads\/2024\/11\/cailabs_dew_1024x284-72ppi.png","datePublished":"2024-02-14T16:01:57+00:00","dateModified":"2024-11-21T16:44:43+00:00","description":"La technologie MPLC et la solution de mise en phase Cailabs permettent la combinaison coh\u00e9rence efficace de sources lasers fibr\u00e9es en un faisceau combin\u00e9 de forte puissance et de qualit\u00e9 optimale pour neutraliser des drones","breadcrumb":{"@id":"https:\/\/www.cailabs.com\/fr\/aerospatial-defense\/optronique\/armes-a-energie-dirigee-aed\/#breadcrumb"},"inLanguage":"fr-FR","potentialAction":[{"@type":"ReadAction","target":["https:\/\/www.cailabs.com\/fr\/aerospatial-defense\/optronique\/armes-a-energie-dirigee-aed\/"]}]},{"@type":"ImageObject","inLanguage":"fr-FR","@id":"https:\/\/www.cailabs.com\/fr\/aerospatial-defense\/optronique\/armes-a-energie-dirigee-aed\/#primaryimage","url":"https:\/\/www.cailabs.com\/app\/uploads\/2024\/11\/cailabs_dew_1024x284-72ppi.png","contentUrl":"https:\/\/www.cailabs.com\/app\/uploads\/2024\/11\/cailabs_dew_1024x284-72ppi.png"},{"@type":"BreadcrumbList","@id":"https:\/\/www.cailabs.com\/fr\/aerospatial-defense\/optronique\/armes-a-energie-dirigee-aed\/#breadcrumb","itemListElement":[{"@type":"ListItem","position":1,"name":"Home","item":"https:\/\/www.cailabs.com\/fr\/"},{"@type":"ListItem","position":2,"name":"A\u00e9rospatial &amp; D\u00e9fense","item":"https:\/\/www.cailabs.com\/fr\/aerospatial-defense\/"},{"@type":"ListItem","position":3,"name":"Optronique","item":"https:\/\/www.cailabs.com\/fr\/aerospatial-defense\/optronique\/"},{"@type":"ListItem","position":4,"name":"Armes \u00e0 Energie Dirig\u00e9e (AED)"}]},{"@type":"WebSite","@id":"https:\/\/www.cailabs.com\/fr\/#website","url":"https:\/\/www.cailabs.com\/fr\/","name":"Cailabs","description":"","potentialAction":[{"@type":"SearchAction","target":{"@type":"EntryPoint","urlTemplate":"https:\/\/www.cailabs.com\/fr\/?s={search_term_string}"},"query-input":{"@type":"PropertyValueSpecification","valueRequired":true,"valueName":"search_term_string"}}],"inLanguage":"fr-FR"}]}},"_links":{"self":[{"href":"https:\/\/www.cailabs.com\/fr\/wp-json\/wp\/v2\/pages\/2277","targetHints":{"allow":["GET"]}}],"collection":[{"href":"https:\/\/www.cailabs.com\/fr\/wp-json\/wp\/v2\/pages"}],"about":[{"href":"https:\/\/www.cailabs.com\/fr\/wp-json\/wp\/v2\/types\/page"}],"author":[{"embeddable":true,"href":"https:\/\/www.cailabs.com\/fr\/wp-json\/wp\/v2\/users\/2"}],"replies":[{"embeddable":true,"href":"https:\/\/www.cailabs.com\/fr\/wp-json\/wp\/v2\/comments?post=2277"}],"version-history":[{"count":22,"href":"https:\/\/www.cailabs.com\/fr\/wp-json\/wp\/v2\/pages\/2277\/revisions"}],"predecessor-version":[{"id":10654,"href":"https:\/\/www.cailabs.com\/fr\/wp-json\/wp\/v2\/pages\/2277\/revisions\/10654"}],"up":[{"embeddable":true,"href":"https:\/\/www.cailabs.com\/fr\/wp-json\/wp\/v2\/pages\/2234"}],"wp:attachment":[{"href":"https:\/\/www.cailabs.com\/fr\/wp-json\/wp\/v2\/media?parent=2277"}],"curies":[{"name":"wp","href":"https:\/\/api.w.org\/{rel}","templated":true}]}}