{"id":2392,"date":"2024-01-08T17:00:20","date_gmt":"2024-01-08T16:00:20","guid":{"rendered":"https:\/\/www.cailabs.com\/industrial-laser-processing\/"},"modified":"2025-03-04T15:26:39","modified_gmt":"2025-03-04T14:26:39","slug":"procedes-laser-industriels","status":"publish","type":"page","link":"https:\/\/www.cailabs.com\/fr\/procedes-laser-industriels\/","title":{"rendered":"Proc\u00e9d\u00e9s laser industriels"},"content":{"rendered":"<section class=\"acf top-page align wp-block-acf-top-page\" id=\"block_1672bbd006cf5ae9aceb6f9519fbd1b6\">\n\t<div class=\"container container__large\">\n\t\t<div class=\"top-page__content\">\n\t\t\t\t\t\t\t<h1>Proc\u00e9d\u00e9s laser industriels<\/h1>\n\t\t\t\t\t\t\t\t\t\t<div class=\"top-page__txt\">\n\t\t\t\t\t<p><span class=\"ui-provider a b c d e f g h i j k l m n o p q r s t u v w x y z ab ac ae af ag ah ai aj ak\" dir=\"ltr\">Augmentez la pr\u00e9cision et la productivit\u00e9 du traitement laser industriel avec la gamme innovante de solutions de mise en forme de faisceau de Cailabs. Nous transformons les processus complexes en processus plus tol\u00e9rants.<\/span><\/p>\n\n\t\t\t\t<\/div>\n\t\t\t\t\t\t\t\t\t\t<div class=\"top-page__buttons\">\n\t\t\t\t\t\t\t\t\t\t\t<a href=\"#Laser-Welding\" class=\"top-page__button btn btn__outline\" target=\"\">Soudage Laser <\/a>\n\t\t\t\t\t\t\t\t\t\t\t<a href=\"#fabricationadditive\" class=\"top-page__button btn btn__outline\" target=\"\">Fabrication Additive par Laser <\/a>\n\t\t\t\t\t\t\t\t\t\t\t<a href=\"#Microusinage \" class=\"top-page__button btn btn__outline\" target=\"\">Micro-usinage <\/a>\n\t\t\t\t\t\t\t\t\t\t\t<a href=\"#autresapplications\" class=\"top-page__button btn btn__outline\" target=\"\">Autres applications<\/a>\n\t\t\t\t\t\t\t\t\t<\/div>\n\t\t\t\t\t<\/div>\n\t<\/div>\n\t        <div class=\"top-page__video\">\n            <video width=\"1280\" height=\"720\" preload=\"auto\" loop autoplay muted playsinline>\n                <source src=\"https:\/\/www.cailabs.com\/app\/uploads\/2024\/11\/video-site-page_industrial-laser-processing.mp4\" type=\"video\/mp4\">\n            <\/video>\n        <\/div>\n\t<\/section>\n\n<section class=\"acf liste-de-produits align is-style-with-background wp-block-acf-liste-de-produits\" id=\"Laser-Welding\">\n\t<div class=\"container container__large\">\n\t\t\t\t\t<a class=\"liste-de-produits__top\" href=\"https:\/\/www.cailabs.com\/fr\/procedes-laser-industriels\/soudage-laser\/\" target=\"\">\n\t\t\t\t\t\t\t\t\t<h2>Soudage Laser<\/h2>\n\t\t\t\t\t\t\t\t<span class=\"liste-de-produits__top_link link-underline\">En savoir plus<\/span>\n\t\t\t<\/a>\n\t\t\t\t\t\t\t<div class=\"liste-de-produits__txt\"><p>Am\u00e9liorer la qualit\u00e9 et l&rsquo;efficacit\u00e9 des processus de soudage laser<\/p>\n<\/div>\n\t\t\t\t\t\t\t<div class=\"liste-de-produits__products\">\n\t\t\t\t<div class=\"liste-de-produits__products_slider swiper\">\n\t\t\t\t\t<div class=\"swiper-wrapper\">\n\t\t\t\t\t\t\t\t\t\t\t\t\t\t\t\t\t\t\t\t\t<a class=\"swiper-slide liste-de-produits__products_product\" href=\"https:\/\/www.cailabs.com\/fr\/procedes-laser-industriels\/soudage-laser\/soudage-du-cuivre\/\" target=\"\">\n\t\t\t\t\t\t\t\t\t<h3>Soudage cuivre<\/h3>\n\t\t\t\t\t\t\t\t\t<div class=\"liste-de-produits__products_product_laser is-laser-color-orange\"><span><\/span><\/div>\n\t\t\t\t\t\t\t\t\t\t\t\t\t\t\t\t\t\t\t<div class=\"liste-de-produits__products_product_txt\">Transformez vos processus complexes en processus tol\u00e9rants<\/div>\n\t\t\t\t\t\t\t\t\t\t\t\t\t\t\t\t\t\t<span class=\"liste-de-produits__products_product_link\">Plus d&rsquo;info<\/span>\n\t\t\t\t\t\t\t\t<\/a>\n\t\t\t\t\t\t\t\t\t\t\t\t\t\t\t\t\t\t\t\t\t\t\t\t\t\t\t\t<a class=\"swiper-slide liste-de-produits__products_product\" href=\"https:\/\/www.cailabs.com\/fr\/procedes-laser-industriels\/soudage-laser\/soudage-de-laluminium\/\" target=\"\">\n\t\t\t\t\t\t\t\t\t<h3>Soudage aluminium <\/h3>\n\t\t\t\t\t\t\t\t\t<div class=\"liste-de-produits__products_product_laser is-laser-color-orange\"><span><\/span><\/div>\n\t\t\t\t\t\t\t\t\t\t\t\t\t\t\t\t\t\t\t<div class=\"liste-de-produits__products_product_txt\">Transformez vos processus complexes en processus tol\u00e9rants<\/div>\n\t\t\t\t\t\t\t\t\t\t\t\t\t\t\t\t\t\t<span class=\"liste-de-produits__products_product_link\">Plus d&rsquo;info<\/span>\n\t\t\t\t\t\t\t\t<\/a>\n\t\t\t\t\t\t\t\t\t\t\t\t\t\t\t\t\t\t\t\t\t\t\t\t\t\t\t\t<a class=\"swiper-slide liste-de-produits__products_product\" href=\"https:\/\/www.cailabs.com\/fr\/procedes-laser-industriels\/soudage-laser\/soudage-de-lacier\/\" target=\"\">\n\t\t\t\t\t\t\t\t\t<h3>Soudage acier <\/h3>\n\t\t\t\t\t\t\t\t\t<div class=\"liste-de-produits__products_product_laser is-laser-color-orange\"><span><\/span><\/div>\n\t\t\t\t\t\t\t\t\t\t\t\t\t\t\t\t\t\t\t<div class=\"liste-de-produits__products_product_txt\">R\u00e9duisez les configurations chronophages<\/div>\n\t\t\t\t\t\t\t\t\t\t\t\t\t\t\t\t\t\t<span class=\"liste-de-produits__products_product_link\">Plus d&rsquo;info<\/span>\n\t\t\t\t\t\t\t\t<\/a>\n\t\t\t\t\t\t\t\t\t\t\t\t\t\t\t\t\t\t\t\t\t\t\t\t\t\t\t\t<a class=\"swiper-slide liste-de-produits__products_product\" href=\"https:\/\/www.cailabs.com\/fr\/procedes-laser-industriels\/soudage-laser\/autres-procedes-de-soudage\/\" target=\"\">\n\t\t\t\t\t\t\t\t\t<h3>Autres proc\u00e9d\u00e9s de soudage<\/h3>\n\t\t\t\t\t\t\t\t\t<div class=\"liste-de-produits__products_product_laser is-laser-color-orange\"><span><\/span><\/div>\n\t\t\t\t\t\t\t\t\t\t\t\t\t\t\t\t\t\t\t<div class=\"liste-de-produits__products_product_txt\">L\u2019excellence en mati\u00e8re de soudage pour tous les m\u00e9taux<\/div>\n\t\t\t\t\t\t\t\t\t\t\t\t\t\t\t\t\t\t<span class=\"liste-de-produits__products_product_link\">Plus d&rsquo;info<\/span>\n\t\t\t\t\t\t\t\t<\/a>\n\t\t\t\t\t\t\t\t\t\t\t\t\t\t\t\t\t\t<\/div>\n\t\t\t\t\t<div class=\"swiper-pagination\"><\/div>\n\t\t\t\t<\/div>\n\t\t\t<\/div>\n\t\t\t<\/div>\n\t\t\t<div class=\"liste-de-produits__wallpaper\">\n\t\t\t<picture>\n\t\t\t\t<source type=\"image\/webp\" srcset=\"https:\/\/www.cailabs.com\/app\/uploads\/2025\/03\/bandeau-laser-welding-1920x815.webp, https:\/\/www.cailabs.com\/app\/uploads\/2025\/03\/bandeau-laser-welding-1920x815@2x.webp 2x\" media=\"(max-width: 480px)\">\n\t\t\t\t<source srcset=\"https:\/\/www.cailabs.com\/app\/uploads\/2025\/03\/bandeau-laser-welding-1920x815.webp, https:\/\/www.cailabs.com\/app\/uploads\/2025\/03\/bandeau-laser-welding-1920x815@2x.webp 2x\" media=\"(max-width: 480px)\">\n\t\t\t\t                <source type=\"image\/webp\" srcset=\"https:\/\/www.cailabs.com\/app\/uploads\/2025\/03\/bandeau-laser-welding-scaled-1920x0-c-default.webp, https:\/\/www.cailabs.com\/app\/uploads\/2025\/03\/bandeau-laser-welding-scaled-3840x0-c-default.webp 2x\" media=\"(min-width: 481px)\">\n\t\t\t\t<source srcset=\"https:\/\/www.cailabs.com\/app\/uploads\/2025\/03\/bandeau-laser-welding-1920x815.webp, https:\/\/www.cailabs.com\/app\/uploads\/2025\/03\/bandeau-laser-welding-1920x815@2x.webp 2x\" media=\"(min-width: 481px)\">\n\t\t\t\t<img decoding=\"async\" loading=\"lazy\" src=\"https:\/\/www.cailabs.com\/app\/uploads\/2025\/03\/bandeau-laser-welding-1920x815.webp\" alt=\"Laser Welding\" width=\"1920\" height=\"815\"\/>\n\t\t\t<\/picture>\n\t\t<\/div>\n\t<\/section>\n\n<section class=\"acf liste-de-produits align is-style-with-background wp-block-acf-liste-de-produits\" id=\"fabricationadditive\">\n\t<div class=\"container container__large\">\n\t\t\t\t\t<a class=\"liste-de-produits__top\" href=\"https:\/\/www.cailabs.com\/fr\/procedes-laser-industriels\/fabrication-additive\/\" target=\"\">\n\t\t\t\t\t\t\t\t\t<h2>Fabrication additive par Laser <\/h2>\n\t\t\t\t\t\t\t\t<span class=\"liste-de-produits__top_link link-underline\">En savoir plus<\/span>\n\t\t\t<\/a>\n\t\t\t\t\t\t\t<div class=\"liste-de-produits__txt\"><p>D\u00e9couvrez comment nos technologies de fa\u00e7onnage de faisceaux ouvrent la voie \u00e0 une nouvelle \u00e8re en repoussant les limites d&rsquo;une fabrication additive, meilleure et plus rapide<\/p>\n<\/div>\n\t\t\t\t\t\t\t<div class=\"liste-de-produits__products\">\n\t\t\t\t<div class=\"liste-de-produits__products_slider swiper\">\n\t\t\t\t\t<div class=\"swiper-wrapper\">\n\t\t\t\t\t\t\t\t\t\t\t\t\t\t\t\t\t\t\t\t\t<a class=\"swiper-slide liste-de-produits__products_product\" href=\"https:\/\/www.cailabs.com\/fr\/procedes-laser-industriels\/fabrication-additive\/fusion-laser-sur-lit-de-poudre\/\" target=\"\">\n\t\t\t\t\t\t\t\t\t<h3>Fusion sur lit de poudre par laser <\/h3>\n\t\t\t\t\t\t\t\t\t<div class=\"liste-de-produits__products_product_laser is-laser-color-orange\"><span><\/span><\/div>\n\t\t\t\t\t\t\t\t\t\t\t\t\t\t\t\t\t\t\t<div class=\"liste-de-produits__products_product_txt\">Am\u00e9liorer l\u2019impression 3D avec la mise en forme de faisceau<\/div>\n\t\t\t\t\t\t\t\t\t\t\t\t\t\t\t\t\t\t<span class=\"liste-de-produits__products_product_link\">Plus d&rsquo;info<\/span>\n\t\t\t\t\t\t\t\t<\/a>\n\t\t\t\t\t\t\t\t\t\t\t\t\t\t\t\t\t\t\t\t\t\t\t\t\t\t\t\t<a class=\"swiper-slide liste-de-produits__products_product\" href=\"https:\/\/www.cailabs.com\/fr\/procedes-laser-industriels\/fabrication-additive\/placement-automatise-de-fibres\/\" target=\"\">\n\t\t\t\t\t\t\t\t\t<h3>Placement automatis\u00e9 de fibres<\/h3>\n\t\t\t\t\t\t\t\t\t<div class=\"liste-de-produits__products_product_laser is-laser-color-orange\"><span><\/span><\/div>\n\t\t\t\t\t\t\t\t\t\t\t\t\t\t\t\t\t\t\t<div class=\"liste-de-produits__products_product_txt\">Gestion de g\u00e9om\u00e9tries complexes avec une solution compacte<\/div>\n\t\t\t\t\t\t\t\t\t\t\t\t\t\t\t\t\t\t<span class=\"liste-de-produits__products_product_link\">Plus d&rsquo;info<\/span>\n\t\t\t\t\t\t\t\t<\/a>\n\t\t\t\t\t\t\t\t\t\t\t\t\t\t\t\t\t\t\t\t\t\t\t\t\t\t\t\t<a class=\"swiper-slide liste-de-produits__products_product\" href=\"https:\/\/www.cailabs.com\/fr\/procedes-laser-industriels\/fabrication-additive\/depot-denergie-direct-concentre\/\" target=\"\">\n\t\t\t\t\t\t\t\t\t<h3>D\u00e9p\u00f4t d&rsquo;\u00e9nergie direct par laser<\/h3>\n\t\t\t\t\t\t\t\t\t<div class=\"liste-de-produits__products_product_laser is-laser-color-orange\"><span><\/span><\/div>\n\t\t\t\t\t\t\t\t\t\t\t\t\t\t\t\t\t\t\t<div class=\"liste-de-produits__products_product_txt\">Am\u00e9liorer l\u2019impression 3D avec la mise en forme de faisceau<\/div>\n\t\t\t\t\t\t\t\t\t\t\t\t\t\t\t\t\t\t<span class=\"liste-de-produits__products_product_link\">Plus d&rsquo;info<\/span>\n\t\t\t\t\t\t\t\t<\/a>\n\t\t\t\t\t\t\t\t\t\t\t\t\t\t\t\t\t\t\t\t\t\t\t\t\t\t\t\t<a class=\"swiper-slide liste-de-produits__products_product\" href=\"https:\/\/www.cailabs.com\/fr\/procedes-laser-industriels\/fabrication-additive\/autres-procedes-laser-de-fabrication-additive\/\" target=\"\">\n\t\t\t\t\t\t\t\t\t<h3>Autres fabrications additives par laser<\/h3>\n\t\t\t\t\t\t\t\t\t<div class=\"liste-de-produits__products_product_laser is-laser-color-orange\"><span><\/span><\/div>\n\t\t\t\t\t\t\t\t\t\t\t\t\t\t\t\t\t\t\t<div class=\"liste-de-produits__products_product_txt\">D\u00e9velopper de nouvelles m\u00e9thodes de fabrication additive<\/div>\n\t\t\t\t\t\t\t\t\t\t\t\t\t\t\t\t\t\t<span class=\"liste-de-produits__products_product_link\">Plus d&rsquo;info<\/span>\n\t\t\t\t\t\t\t\t<\/a>\n\t\t\t\t\t\t\t\t\t\t\t\t\t\t\t\t\t\t<\/div>\n\t\t\t\t\t<div class=\"swiper-pagination\"><\/div>\n\t\t\t\t<\/div>\n\t\t\t<\/div>\n\t\t\t<\/div>\n\t\t\t<div class=\"liste-de-produits__wallpaper\">\n\t\t\t<picture>\n\t\t\t\t<source type=\"image\/webp\" srcset=\"https:\/\/www.cailabs.com\/app\/uploads\/2025\/03\/bandeau-laser-additive-manufacturing-1920x815.webp, https:\/\/www.cailabs.com\/app\/uploads\/2025\/03\/bandeau-laser-additive-manufacturing-1920x815@2x.webp 2x\" media=\"(max-width: 480px)\">\n\t\t\t\t<source srcset=\"https:\/\/www.cailabs.com\/app\/uploads\/2025\/03\/bandeau-laser-additive-manufacturing-1920x815.webp, https:\/\/www.cailabs.com\/app\/uploads\/2025\/03\/bandeau-laser-additive-manufacturing-1920x815@2x.webp 2x\" media=\"(max-width: 480px)\">\n\t\t\t\t                <source type=\"image\/webp\" srcset=\"https:\/\/www.cailabs.com\/app\/uploads\/2025\/03\/bandeau-laser-additive-manufacturing-scaled-1920x0-c-default.webp, https:\/\/www.cailabs.com\/app\/uploads\/2025\/03\/bandeau-laser-additive-manufacturing-scaled-3840x0-c-default.webp 2x\" media=\"(min-width: 481px)\">\n\t\t\t\t<source srcset=\"https:\/\/www.cailabs.com\/app\/uploads\/2025\/03\/bandeau-laser-additive-manufacturing-1920x815.webp, https:\/\/www.cailabs.com\/app\/uploads\/2025\/03\/bandeau-laser-additive-manufacturing-1920x815@2x.webp 2x\" media=\"(min-width: 481px)\">\n\t\t\t\t<img decoding=\"async\" loading=\"lazy\" src=\"https:\/\/www.cailabs.com\/app\/uploads\/2025\/03\/bandeau-laser-additive-manufacturing-1920x815.webp\" alt=\"\u200blaser Additive Manufacturing\" width=\"1920\" height=\"815\"\/>\n\t\t\t<\/picture>\n\t\t<\/div>\n\t<\/section>\n\n<section class=\"acf liste-de-produits align wp-block-acf-liste-de-produits\" id=\"Microusinage\">\n\t<div class=\"container container__large\">\n\t\t\t\t\t<a class=\"liste-de-produits__top\" href=\"https:\/\/www.cailabs.com\/fr\/procedes-laser-industriels\/micro-usinage\/\" target=\"\">\n\t\t\t\t\t\t\t\t\t<h2>Micro-usinage<\/h2>\n\t\t\t\t\t\t\t\t<span class=\"liste-de-produits__top_link link-underline\">En savoir plus<\/span>\n\t\t\t<\/a>\n\t\t\t\t\t\t\t<div class=\"liste-de-produits__txt\"><p>Plus petit et plus rapide (jusqu&rsquo;\u00e0 x200 !) : augmentez l&rsquo;\u00e9chelle de vos micro-usinages gr\u00e2ce au fa\u00e7onnage de faisceaux<\/p>\n<\/div>\n\t\t\t\t\t\t\t<div class=\"liste-de-produits__products\">\n\t\t\t\t<div class=\"liste-de-produits__products_slider swiper\">\n\t\t\t\t\t<div class=\"swiper-wrapper\">\n\t\t\t\t\t\t\t\t\t\t\t\t\t\t\t\t\t\t\t\t\t<a class=\"swiper-slide liste-de-produits__products_product\" href=\"https:\/\/www.cailabs.com\/fr\/procedes-laser-industriels\/micro-usinage\/structuration-de-surface\/\" target=\"\">\n\t\t\t\t\t\t\t\t\t<h3>Structuration de surface<\/h3>\n\t\t\t\t\t\t\t\t\t<div class=\"liste-de-produits__products_product_laser is-laser-color-orange\"><span><\/span><\/div>\n\t\t\t\t\t\t\t\t\t\t\t\t\t\t\t\t\t\t\t<div class=\"liste-de-produits__products_product_txt\">Am\u00e9liorer la structuration de surface avec la mise en forme de faisceau<\/div>\n\t\t\t\t\t\t\t\t\t\t\t\t\t\t\t\t\t\t<span class=\"liste-de-produits__products_product_link\">Plus d&rsquo;info<\/span>\n\t\t\t\t\t\t\t\t<\/a>\n\t\t\t\t\t\t\t\t\t\t\t\t\t\t\t\t\t\t\t\t\t\t\t\t\t\t\t\t<a class=\"swiper-slide liste-de-produits__products_product\" href=\"https:\/\/www.cailabs.com\/fr\/procedes-laser-industriels\/micro-usinage\/usinage-des-metaux\/\" target=\"\">\n\t\t\t\t\t\t\t\t\t<h3>Usinage des m\u00e9taux<\/h3>\n\t\t\t\t\t\t\t\t\t<div class=\"liste-de-produits__products_product_laser is-laser-color-orange\"><span><\/span><\/div>\n\t\t\t\t\t\t\t\t\t\t\t\t\t\t\t\t\t\t\t<div class=\"liste-de-produits__products_product_txt\">Am\u00e9liorer l&rsquo;usinage des m\u00e9taux avec la mise en forme de faisceau<\/div>\n\t\t\t\t\t\t\t\t\t\t\t\t\t\t\t\t\t\t<span class=\"liste-de-produits__products_product_link\">Plus d&rsquo;info<\/span>\n\t\t\t\t\t\t\t\t<\/a>\n\t\t\t\t\t\t\t\t\t\t\t\t\t\t\t\t\t\t\t\t\t\t\t\t\t\t\t\t<a class=\"swiper-slide liste-de-produits__products_product\" href=\"https:\/\/www.cailabs.com\/fr\/procedes-laser-industriels\/micro-usinage\/usinage-du-verre\/\" target=\"\">\n\t\t\t\t\t\t\t\t\t<h3>Usinage du verre<\/h3>\n\t\t\t\t\t\t\t\t\t<div class=\"liste-de-produits__products_product_laser is-laser-color-orange\"><span><\/span><\/div>\n\t\t\t\t\t\t\t\t\t\t\t\t\t\t\t\t\t\t\t<div class=\"liste-de-produits__products_product_txt\">Am\u00e9liorer l\u2019usinage du verre avec la mise en forme de faisceau <\/div>\n\t\t\t\t\t\t\t\t\t\t\t\t\t\t\t\t\t\t<span class=\"liste-de-produits__products_product_link\">Plus d&rsquo;info<\/span>\n\t\t\t\t\t\t\t\t<\/a>\n\t\t\t\t\t\t\t\t\t\t\t\t\t\t\t\t\t\t\t\t\t\t\t\t\t\t\t\t<a class=\"swiper-slide liste-de-produits__products_product\" href=\"https:\/\/www.cailabs.com\/fr\/procedes-laser-industriels\/micro-usinage\/autres-procedes-de-micro-usinage\/\" target=\"\">\n\t\t\t\t\t\t\t\t\t<h3>Autres proc\u00e9d\u00e9s de micro-usinage<\/h3>\n\t\t\t\t\t\t\t\t\t<div class=\"liste-de-produits__products_product_laser is-laser-color-orange\"><span><\/span><\/div>\n\t\t\t\t\t\t\t\t\t\t\t\t\t\t\t\t\t\t\t<div class=\"liste-de-produits__products_product_txt\">Am\u00e9liorer le micro-usinage avec la mise en forme de faisceau<\/div>\n\t\t\t\t\t\t\t\t\t\t\t\t\t\t\t\t\t\t<span class=\"liste-de-produits__products_product_link\">Plus d&rsquo;info<\/span>\n\t\t\t\t\t\t\t\t<\/a>\n\t\t\t\t\t\t\t\t\t\t\t\t\t\t\t\t\t\t<\/div>\n\t\t\t\t\t<div class=\"swiper-pagination\"><\/div>\n\t\t\t\t<\/div>\n\t\t\t<\/div>\n\t\t\t<\/div>\n\t\t\t<div class=\"liste-de-produits__wallpaper\">\n\t\t\t<picture>\n\t\t\t\t<source type=\"image\/webp\" srcset=\"https:\/\/www.cailabs.com\/app\/uploads\/2025\/03\/bandeau-micro-processing-1920x815.webp, https:\/\/www.cailabs.com\/app\/uploads\/2025\/03\/bandeau-micro-processing-1920x815@2x.webp 2x\" media=\"(max-width: 480px)\">\n\t\t\t\t<source srcset=\"https:\/\/www.cailabs.com\/app\/uploads\/2025\/03\/bandeau-micro-processing-1920x815.webp, https:\/\/www.cailabs.com\/app\/uploads\/2025\/03\/bandeau-micro-processing-1920x815@2x.webp 2x\" media=\"(max-width: 480px)\">\n\t\t\t\t                <source type=\"image\/webp\" srcset=\"https:\/\/www.cailabs.com\/app\/uploads\/2025\/03\/bandeau-micro-processing-scaled-1920x0-c-default.webp, https:\/\/www.cailabs.com\/app\/uploads\/2025\/03\/bandeau-micro-processing-scaled-3840x0-c-default.webp 2x\" media=\"(min-width: 481px)\">\n\t\t\t\t<source srcset=\"https:\/\/www.cailabs.com\/app\/uploads\/2025\/03\/bandeau-micro-processing-1920x815.webp, https:\/\/www.cailabs.com\/app\/uploads\/2025\/03\/bandeau-micro-processing-1920x815@2x.webp 2x\" media=\"(min-width: 481px)\">\n\t\t\t\t<img decoding=\"async\" loading=\"lazy\" src=\"https:\/\/www.cailabs.com\/app\/uploads\/2025\/03\/bandeau-micro-processing-1920x815.webp\" alt=\"micro Processing\" width=\"1920\" height=\"815\"\/>\n\t\t\t<\/picture>\n\t\t<\/div>\n\t<\/section>\n\n<section class=\"acf liste-de-produits align wp-block-acf-liste-de-produits\" id=\"autresapplications\">\n\t<div class=\"container container__large\">\n\t\t\t\t\t<a class=\"liste-de-produits__top\" href=\"https:\/\/www.cailabs.com\/fr\/industrial-laser-processing\/autres-applications\/\" target=\"\">\n\t\t\t\t\t\t\t\t\t<h2>Autres applications<\/h2>\n\t\t\t\t\t\t\t\t<span class=\"liste-de-produits__top_link link-underline\">En savoir plus<\/span>\n\t\t\t<\/a>\n\t\t\t\t\t\t\t<\/div>\n\t<\/section>","protected":false},"excerpt":{"rendered":"","protected":false},"author":1,"featured_media":0,"parent":0,"menu_order":0,"comment_status":"closed","ping_status":"closed","template":"","meta":{"_acf_changed":false,"content-type":"","_schema_org_content_json":"","footnotes":""},"class_list":["post-2392","page","type-page","status-publish","hentry"],"acf":[],"yoast_head":"<!-- This site is optimized with the Yoast SEO plugin v27.4 - https:\/\/yoast.com\/product\/yoast-seo-wordpress\/ -->\n<title>Cailabs | Proc\u00e9d\u00e9s laser industriels<\/title>\n<meta name=\"robots\" content=\"index, follow, max-snippet:-1, max-image-preview:large, max-video-preview:-1\" \/>\n<link rel=\"canonical\" href=\"https:\/\/www.cailabs.com\/fr\/procedes-laser-industriels\/\" \/>\n<meta property=\"og:locale\" content=\"fr_FR\" \/>\n<meta property=\"og:type\" content=\"article\" \/>\n<meta property=\"og:title\" content=\"Cailabs | Proc\u00e9d\u00e9s laser industriels\" \/>\n<meta property=\"og:url\" content=\"https:\/\/www.cailabs.com\/fr\/procedes-laser-industriels\/\" \/>\n<meta property=\"og:site_name\" content=\"Cailabs\" \/>\n<meta property=\"article:modified_time\" content=\"2025-03-04T14:26:39+00:00\" \/>\n<meta name=\"twitter:card\" content=\"summary_large_image\" \/>\n<script type=\"application\/ld+json\" class=\"yoast-schema-graph\">{\"@context\":\"https:\\\/\\\/schema.org\",\"@graph\":[{\"@type\":\"WebPage\",\"@id\":\"https:\\\/\\\/www.cailabs.com\\\/fr\\\/procedes-laser-industriels\\\/\",\"url\":\"https:\\\/\\\/www.cailabs.com\\\/fr\\\/procedes-laser-industriels\\\/\",\"name\":\"Cailabs | Proc\u00e9d\u00e9s laser industriels\",\"isPartOf\":{\"@id\":\"https:\\\/\\\/www.cailabs.com\\\/fr\\\/#website\"},\"datePublished\":\"2024-01-08T16:00:20+00:00\",\"dateModified\":\"2025-03-04T14:26:39+00:00\",\"breadcrumb\":{\"@id\":\"https:\\\/\\\/www.cailabs.com\\\/fr\\\/procedes-laser-industriels\\\/#breadcrumb\"},\"inLanguage\":\"fr-FR\",\"potentialAction\":[{\"@type\":\"ReadAction\",\"target\":[\"https:\\\/\\\/www.cailabs.com\\\/fr\\\/procedes-laser-industriels\\\/\"]}]},{\"@type\":\"BreadcrumbList\",\"@id\":\"https:\\\/\\\/www.cailabs.com\\\/fr\\\/procedes-laser-industriels\\\/#breadcrumb\",\"itemListElement\":[{\"@type\":\"ListItem\",\"position\":1,\"name\":\"Home\",\"item\":\"https:\\\/\\\/www.cailabs.com\\\/fr\\\/\"},{\"@type\":\"ListItem\",\"position\":2,\"name\":\"Proc\u00e9d\u00e9s laser industriels\"}]},{\"@type\":\"WebSite\",\"@id\":\"https:\\\/\\\/www.cailabs.com\\\/fr\\\/#website\",\"url\":\"https:\\\/\\\/www.cailabs.com\\\/fr\\\/\",\"name\":\"Cailabs\",\"description\":\"\",\"potentialAction\":[{\"@type\":\"SearchAction\",\"target\":{\"@type\":\"EntryPoint\",\"urlTemplate\":\"https:\\\/\\\/www.cailabs.com\\\/fr\\\/?s={search_term_string}\"},\"query-input\":{\"@type\":\"PropertyValueSpecification\",\"valueRequired\":true,\"valueName\":\"search_term_string\"}}],\"inLanguage\":\"fr-FR\"}]}<\/script>\n<!-- \/ Yoast SEO plugin. -->","yoast_head_json":{"title":"Cailabs | Proc\u00e9d\u00e9s laser industriels","robots":{"index":"index","follow":"follow","max-snippet":"max-snippet:-1","max-image-preview":"max-image-preview:large","max-video-preview":"max-video-preview:-1"},"canonical":"https:\/\/www.cailabs.com\/fr\/procedes-laser-industriels\/","og_locale":"fr_FR","og_type":"article","og_title":"Cailabs | Proc\u00e9d\u00e9s laser industriels","og_url":"https:\/\/www.cailabs.com\/fr\/procedes-laser-industriels\/","og_site_name":"Cailabs","article_modified_time":"2025-03-04T14:26:39+00:00","twitter_card":"summary_large_image","schema":{"@context":"https:\/\/schema.org","@graph":[{"@type":"WebPage","@id":"https:\/\/www.cailabs.com\/fr\/procedes-laser-industriels\/","url":"https:\/\/www.cailabs.com\/fr\/procedes-laser-industriels\/","name":"Cailabs | Proc\u00e9d\u00e9s laser industriels","isPartOf":{"@id":"https:\/\/www.cailabs.com\/fr\/#website"},"datePublished":"2024-01-08T16:00:20+00:00","dateModified":"2025-03-04T14:26:39+00:00","breadcrumb":{"@id":"https:\/\/www.cailabs.com\/fr\/procedes-laser-industriels\/#breadcrumb"},"inLanguage":"fr-FR","potentialAction":[{"@type":"ReadAction","target":["https:\/\/www.cailabs.com\/fr\/procedes-laser-industriels\/"]}]},{"@type":"BreadcrumbList","@id":"https:\/\/www.cailabs.com\/fr\/procedes-laser-industriels\/#breadcrumb","itemListElement":[{"@type":"ListItem","position":1,"name":"Home","item":"https:\/\/www.cailabs.com\/fr\/"},{"@type":"ListItem","position":2,"name":"Proc\u00e9d\u00e9s laser industriels"}]},{"@type":"WebSite","@id":"https:\/\/www.cailabs.com\/fr\/#website","url":"https:\/\/www.cailabs.com\/fr\/","name":"Cailabs","description":"","potentialAction":[{"@type":"SearchAction","target":{"@type":"EntryPoint","urlTemplate":"https:\/\/www.cailabs.com\/fr\/?s={search_term_string}"},"query-input":{"@type":"PropertyValueSpecification","valueRequired":true,"valueName":"search_term_string"}}],"inLanguage":"fr-FR"}]}},"_links":{"self":[{"href":"https:\/\/www.cailabs.com\/fr\/wp-json\/wp\/v2\/pages\/2392","targetHints":{"allow":["GET"]}}],"collection":[{"href":"https:\/\/www.cailabs.com\/fr\/wp-json\/wp\/v2\/pages"}],"about":[{"href":"https:\/\/www.cailabs.com\/fr\/wp-json\/wp\/v2\/types\/page"}],"author":[{"embeddable":true,"href":"https:\/\/www.cailabs.com\/fr\/wp-json\/wp\/v2\/users\/1"}],"replies":[{"embeddable":true,"href":"https:\/\/www.cailabs.com\/fr\/wp-json\/wp\/v2\/comments?post=2392"}],"version-history":[{"count":48,"href":"https:\/\/www.cailabs.com\/fr\/wp-json\/wp\/v2\/pages\/2392\/revisions"}],"predecessor-version":[{"id":11165,"href":"https:\/\/www.cailabs.com\/fr\/wp-json\/wp\/v2\/pages\/2392\/revisions\/11165"}],"wp:attachment":[{"href":"https:\/\/www.cailabs.com\/fr\/wp-json\/wp\/v2\/media?parent=2392"}],"curies":[{"name":"wp","href":"https:\/\/api.w.org\/{rel}","templated":true}]}}