{"id":2445,"date":"2024-02-01T14:13:09","date_gmt":"2024-02-01T13:13:09","guid":{"rendered":"https:\/\/www.cailabs.com\/industrial-laser-processing\/laser-welding\/"},"modified":"2026-03-16T16:03:26","modified_gmt":"2026-03-16T15:03:26","slug":"soudage-laser","status":"publish","type":"page","link":"https:\/\/www.cailabs.com\/fr\/procedes-laser-industriels\/soudage-laser\/","title":{"rendered":"Soudage Laser"},"content":{"rendered":"\n<div class=\"wp-block-columns alignwide are-vertically-aligned-bottom is-layout-flex wp-container-core-columns-is-layout-cf05694f wp-block-columns-is-layout-flex\">\n<div class=\"wp-block-column is-vertically-aligned-bottom is-layout-flow wp-block-column-is-layout-flow\">\n<h1 class=\"wp-block-heading\">Soudage laser<\/h1>\n\n\n\n<p>Transformez vos processus de soudage laser complexes en processus flexibles avec les solutions de mise en forme de faisceau CANUNDA. La pr\u00e9cision de la mise en forme du faisceau laser permet d&rsquo;obtenir un profil \u00e9nerg\u00e9tique optimal, am\u00e9liorant ainsi la qualit\u00e9 de la soudure tout en minimisant le temps de pr\u00e9paration n\u00e9cessaire. Cette avanc\u00e9e renforce les bases du soudage laser et \u00e9largit son \u00e9ventail.<\/p>\n<\/div>\n\n\n\n<div class=\"wp-block-column is-vertically-aligned-bottom is-layout-flow wp-block-column-is-layout-flow\">\n<figure class=\"wp-block-image size-full is-style-gradient-image\"><picture><source srcset=\"https:\/\/www.cailabs.com\/app\/uploads\/2024\/02\/laser-welding.webp 1x, https:\/\/www.cailabs.com\/app\/uploads\/2024\/02\/laser-welding@2x.webp 2x\" type=\"image\/webp\"><img loading=\"lazy\" decoding=\"async\" width=\"1400\" height=\"1000\" src=\"https:\/\/www.cailabs.com\/app\/uploads\/2024\/02\/laser-welding.png\" alt=\"\" class=\"wp-image-5989\" srcset=\"https:\/\/www.cailabs.com\/app\/uploads\/2024\/02\/laser-welding.png 1400w, https:\/\/www.cailabs.com\/app\/uploads\/2024\/02\/laser-welding-300x214.png 300w, https:\/\/www.cailabs.com\/app\/uploads\/2024\/02\/laser-welding-1024x731.png 1024w, https:\/\/www.cailabs.com\/app\/uploads\/2024\/02\/laser-welding-768x549.png 768w\" sizes=\"auto, (max-width: 1400px) 100vw, 1400px\" \/><\/picture><\/figure>\n<\/div>\n<\/div>\n\n\n<section class=\"acf lignes-de-produits align wp-block-acf-lignes-de-produits\" id=\"block_dada9c7e4e6c988300252d7639dc730f\">\n\t<div class=\"container\">\n\t\t<div class=\"lignes-de-produits__top\">\n\t\t\t\t\t\t\t<h2>Notre offre produits<\/h2>\n\t\t\t\t\t<\/div>\n\t\t\t\t\t<div class=\"lignes-de-produits__products\">\n\t\t\t\t\t\t\t\t\t\t\t\t\t\t\t<a class=\"lignes-de-produits__product\" href=\"https:\/\/www.cailabs.com\/fr\/procedes-laser-industriels\/soudage-laser\/soudage-du-cuivre\/\" target=\"\">\n\t\t\t\t\t\t\t\t\t\t\t\t\t\t\t<div class=\"lignes-de-produits__product_image\">\n\t\t\t\t\t\t\t\t\t<picture>\n\t\t\t\t\t\t\t\t\t\t<source type=\"image\/webp\" srcset=\"https:\/\/www.cailabs.com\/app\/uploads\/2024\/02\/copper-welding-3-400x0-c-default.webp, https:\/\/www.cailabs.com\/app\/uploads\/2024\/02\/copper-welding-3-400x0-c-default@2x.webp 2x\">\n\t\t\t\t\t\t\t\t\t\t<source type=\"image\/jpeg\" srcset=\"https:\/\/www.cailabs.com\/app\/uploads\/2024\/02\/copper-welding-3-400x0-c-default.jpg, https:\/\/www.cailabs.com\/app\/uploads\/2024\/02\/copper-welding-3-400x0-c-default@2x.jpg 2x\">\n\t\t\t\t\t\t\t\t\t\t<img decoding=\"async\" loading=\"lazy\" src=\"https:\/\/www.cailabs.com\/app\/uploads\/2024\/02\/copper-welding-3-400x0-c-default.jpg\" alt=\"Copper Welding\" width=\"390\" height=\"320\"\/>\n\t\t\t\t\t\t\t\t\t<\/picture>\n\t\t\t\t\t\t\t\t<\/div>\n\t\t\t\t\t\t\t\t\t\t\t\t\t\t<div class=\"lignes-de-produits__product_content\">\n\t\t\t\t\t\t\t\t<h3>Soudage du cuivre<\/h3>\n\t\t\t\t\t\t\t\t<div class=\"lignes-de-produits__product_laser is-laser-color-orange\"><span><\/span><\/div>\n\t\t\t\t\t\t\t\t\t\t\t\t\t\t\t\t\t<div class=\"lignes-de-produits__product_txt\"><p><strong>Transformez vos processus complexes en processus tol\u00e9rants<\/strong><\/p>\n<p>L&rsquo;optimisation du soudage laser du cuivre permet d&rsquo;obtenir des soudures de haute qualit\u00e9 en r\u00e9duisant au minimum les pores et projections. Gr\u00e2ce \u00e0 une fen\u00eatre de traitement de 1,5 fois plus large et une profondeur de champ \u00e9tendue (4 fois) par rapport \u00e0 la fibre \u00e0 double c\u0153ur, nous pouvons garantir des \u00a0temps de configuration r\u00e9duits, des taux de rebut plus faibles et une meilleure reproductibilit\u00e9.<\/p>\n<\/div>\n\t\t\t\t\t\t\t\t\t\t\t\t\t\t\t\t\t\t\t\t\t\t\t\t\t<span class=\"lignes-de-produits__product_link\">En savoir plus<\/span>\n\t\t\t\t\t\t\t\t\t\t\t\t\t\t\t<\/div>\n\t\t\t\t\t\t<\/a>\n\t\t\t\t\t\t\t\t\t\t\t\t\t\t\t\t\t\t\t\t<a class=\"lignes-de-produits__product\" href=\"https:\/\/www.cailabs.com\/fr\/procedes-laser-industriels\/soudage-laser\/soudage-de-laluminium\/\" target=\"\">\n\t\t\t\t\t\t\t\t\t\t\t\t\t\t\t<div class=\"lignes-de-produits__product_image\">\n\t\t\t\t\t\t\t\t\t<picture>\n\t\t\t\t\t\t\t\t\t\t<source type=\"image\/webp\" srcset=\"https:\/\/www.cailabs.com\/app\/uploads\/2024\/02\/welding-joint-of-aluminum-tubes-close-up-390x320-1-400x0-c-default.webp, https:\/\/www.cailabs.com\/app\/uploads\/2024\/02\/welding-joint-of-aluminum-tubes-close-up-390x320-1-400x0-c-default@2x.webp 2x\">\n\t\t\t\t\t\t\t\t\t\t<source type=\"image\/jpeg\" srcset=\"https:\/\/www.cailabs.com\/app\/uploads\/2024\/02\/welding-joint-of-aluminum-tubes-close-up-390x320-1-400x0-c-default.jpg, https:\/\/www.cailabs.com\/app\/uploads\/2024\/02\/welding-joint-of-aluminum-tubes-close-up-390x320-1-400x0-c-default@2x.jpg 2x\">\n\t\t\t\t\t\t\t\t\t\t<img decoding=\"async\" loading=\"lazy\" src=\"https:\/\/www.cailabs.com\/app\/uploads\/2024\/02\/welding-joint-of-aluminum-tubes-close-up-390x320-1-400x0-c-default.jpg\" alt=\"Welding joint of aluminum tubes close-up.\" width=\"390\" height=\"320\"\/>\n\t\t\t\t\t\t\t\t\t<\/picture>\n\t\t\t\t\t\t\t\t<\/div>\n\t\t\t\t\t\t\t\t\t\t\t\t\t\t<div class=\"lignes-de-produits__product_content\">\n\t\t\t\t\t\t\t\t<h3>Soudage aluminium <\/h3>\n\t\t\t\t\t\t\t\t<div class=\"lignes-de-produits__product_laser is-laser-color-orange\"><span><\/span><\/div>\n\t\t\t\t\t\t\t\t\t\t\t\t\t\t\t\t\t<div class=\"lignes-de-produits__product_txt\"><p><strong>Transformez vos processus complexes en processus tol\u00e9rants<\/strong><\/p>\n<p>L&rsquo;optimisation du soudage laser aluminium permet d&rsquo;obtenir des soudures de haute qualit\u00e9 en minimisant les pores et l&rsquo;expansion thermique. Gr\u00e2ce \u00e0 une fen\u00eatre de traitement \u00e9largie et une profondeur de champ \u00e9tendue (x4), nous pouvons garantir des temps de configuration r\u00e9duits, des taux de rebut diminu\u00e9s et une meilleure reproductibilit\u00e9.<\/p>\n<\/div>\n\t\t\t\t\t\t\t\t\t\t\t\t\t\t\t\t\t\t\t\t\t\t\t\t\t<span class=\"lignes-de-produits__product_link\">En savoir plus<\/span>\n\t\t\t\t\t\t\t\t\t\t\t\t\t\t\t<\/div>\n\t\t\t\t\t\t<\/a>\n\t\t\t\t\t\t\t\t\t\t\t\t\t\t\t\t\t\t\t\t<a class=\"lignes-de-produits__product\" href=\"https:\/\/www.cailabs.com\/fr\/procedes-laser-industriels\/soudage-laser\/soudage-de-lacier\/\" target=\"\">\n\t\t\t\t\t\t\t\t\t\t\t\t\t\t\t<div class=\"lignes-de-produits__product_image\">\n\t\t\t\t\t\t\t\t\t<picture>\n\t\t\t\t\t\t\t\t\t\t<source type=\"image\/webp\" srcset=\"https:\/\/www.cailabs.com\/app\/uploads\/2024\/02\/steel-welding-390x320-1-400x0-c-default.webp, https:\/\/www.cailabs.com\/app\/uploads\/2024\/02\/steel-welding-390x320-1-400x0-c-default@2x.webp 2x\">\n\t\t\t\t\t\t\t\t\t\t<source type=\"image\/jpeg\" srcset=\"https:\/\/www.cailabs.com\/app\/uploads\/2024\/02\/steel-welding-390x320-1-400x0-c-default.jpg, https:\/\/www.cailabs.com\/app\/uploads\/2024\/02\/steel-welding-390x320-1-400x0-c-default@2x.jpg 2x\">\n\t\t\t\t\t\t\t\t\t\t<img decoding=\"async\" loading=\"lazy\" src=\"https:\/\/www.cailabs.com\/app\/uploads\/2024\/02\/steel-welding-390x320-1-400x0-c-default.jpg\" alt=\"Cnc laser welding machine. Processing and laser cutting metal in the industrial factory. Digital programmed machine tools. Created with generative Ai\" width=\"390\" height=\"320\"\/>\n\t\t\t\t\t\t\t\t\t<\/picture>\n\t\t\t\t\t\t\t\t<\/div>\n\t\t\t\t\t\t\t\t\t\t\t\t\t\t<div class=\"lignes-de-produits__product_content\">\n\t\t\t\t\t\t\t\t<h3>Soudage acier <\/h3>\n\t\t\t\t\t\t\t\t<div class=\"lignes-de-produits__product_laser is-laser-color-orange\"><span><\/span><\/div>\n\t\t\t\t\t\t\t\t\t\t\t\t\t\t\t\t\t<div class=\"lignes-de-produits__product_txt\"><p><strong>R\u00e9duisez les configurations chronophages<\/strong><\/p>\n<p>La mise en forme de faisceaux permet d&rsquo;obtenir des soudures de haute qualit\u00e9 sur des pi\u00e8ces tubulaires en acier inoxydable avec des \u00e9carts allant jusqu&rsquo;\u00e0 0,\u00a04 mm (80mm\/s, 8kW, 2mm d&rsquo;\u00e9paisseur). Gr\u00e2ce \u00e0 une profondeur de champ \u00e9tendue (+\/-3mm), \u00a0nous pouvons \u00e9galement garantir des temps de configuration r\u00e9duits, des taux de rebut diminu\u00e9s et une meilleure reproductibilit\u00e9.<\/p>\n<p>&nbsp;<\/p>\n<p>&nbsp;<\/p>\n<\/div>\n\t\t\t\t\t\t\t\t\t\t\t\t\t\t\t\t\t\t\t\t\t\t\t\t\t<span class=\"lignes-de-produits__product_link\">En savoir plus<\/span>\n\t\t\t\t\t\t\t\t\t\t\t\t\t\t\t<\/div>\n\t\t\t\t\t\t<\/a>\n\t\t\t\t\t\t\t\t\t\t\t\t\t\t\t\t\t\t\t\t<a class=\"lignes-de-produits__product\" href=\"https:\/\/www.cailabs.com\/fr\/procedes-laser-industriels\/soudage-laser\/autres-procedes-de-soudage\/\" target=\"\">\n\t\t\t\t\t\t\t\t\t\t\t\t\t\t\t<div class=\"lignes-de-produits__product_image\">\n\t\t\t\t\t\t\t\t\t<picture>\n\t\t\t\t\t\t\t\t\t\t<source type=\"image\/webp\" srcset=\"https:\/\/www.cailabs.com\/app\/uploads\/2024\/02\/other-welding-390x320-1-400x0-c-default.webp, https:\/\/www.cailabs.com\/app\/uploads\/2024\/02\/other-welding-390x320-1-400x0-c-default@2x.webp 2x\">\n\t\t\t\t\t\t\t\t\t\t<source type=\"image\/jpeg\" srcset=\"https:\/\/www.cailabs.com\/app\/uploads\/2024\/02\/other-welding-390x320-1-400x0-c-default.jpg, https:\/\/www.cailabs.com\/app\/uploads\/2024\/02\/other-welding-390x320-1-400x0-c-default@2x.jpg 2x\">\n\t\t\t\t\t\t\t\t\t\t<img decoding=\"async\" loading=\"lazy\" src=\"https:\/\/www.cailabs.com\/app\/uploads\/2024\/02\/other-welding-390x320-1-400x0-c-default.jpg\" alt=\"Other Welding 390x320\" width=\"390\" height=\"320\"\/>\n\t\t\t\t\t\t\t\t\t<\/picture>\n\t\t\t\t\t\t\t\t<\/div>\n\t\t\t\t\t\t\t\t\t\t\t\t\t\t<div class=\"lignes-de-produits__product_content\">\n\t\t\t\t\t\t\t\t<h3>Autres proc\u00e9d\u00e9s de soudage<\/h3>\n\t\t\t\t\t\t\t\t<div class=\"lignes-de-produits__product_laser is-laser-color-orange\"><span><\/span><\/div>\n\t\t\t\t\t\t\t\t\t\t\t\t\t\t\t\t\t<div class=\"lignes-de-produits__product_txt\"><p><strong>L&rsquo;excellence en mati\u00e8re de soudage pour tous les m\u00e9taux<\/strong><\/p>\n<p>Une large gamme de mat\u00e9riaux (titane, nickel, m\u00e9taux pr\u00e9cieux, &#8230;) peut \u00eatre soud\u00e9e, ce qui pose de nombreux d\u00e9fis. La mise en forme du faisceau permet une distribution optimale de l&rsquo;\u00e9nergie sur la zone de soudage, am\u00e9liorant ainsi la qualit\u00e9 de la soudure et r\u00e9duisant le temps\u00a0 de traitement.<\/p>\n<p>&nbsp;<\/p>\n<\/div>\n\t\t\t\t\t\t\t\t\t\t\t\t\t\t\t\t\t\t\t\t\t\t\t\t\t<span class=\"lignes-de-produits__product_link\">En savoir plus<\/span>\n\t\t\t\t\t\t\t\t\t\t\t\t\t\t\t<\/div>\n\t\t\t\t\t\t<\/a>\n\t\t\t\t\t\t\t\t\t\t\t\t<\/div>\n\t\t\t<\/div>\n<\/section>\n\n<section class=\"acf lignes-de-produits align wp-block-acf-lignes-de-produits\" id=\"block_9fba52ff85444f5904a32916cf0fd227\">\n\t<div class=\"container\">\n\t\t<div class=\"lignes-de-produits__top\">\n\t\t\t\t\t\t\t<h2>Cr\u00e9ez votre propre CANUNDA<\/h2>\n\t\t\t\t\t<\/div>\n\t\t\t\t\t<div class=\"lignes-de-produits__products\">\n\t\t\t\t\t\t\t\t\t\t\t\t\t\t\t<a class=\"lignes-de-produits__product\" href=\"https:\/\/www.cailabs.com\/fr\/configurateur-canunda\/\" target=\"_blank\">\n\t\t\t\t\t\t\t\t\t\t\t\t\t\t\t<div class=\"lignes-de-produits__product_image\">\n\t\t\t\t\t\t\t\t\t<picture>\n\t\t\t\t\t\t\t\t\t\t<source type=\"image\/webp\" srcset=\"https:\/\/www.cailabs.com\/app\/uploads\/2025\/11\/cailabs-canunda-range-carre-400x0-c-default.webp, https:\/\/www.cailabs.com\/app\/uploads\/2025\/11\/cailabs-canunda-range-carre-400x0-c-default@2x.webp 2x\">\n\t\t\t\t\t\t\t\t\t\t<source type=\"image\/jpeg\" srcset=\"https:\/\/www.cailabs.com\/app\/uploads\/2025\/11\/cailabs-canunda-range-carre-400x0-c-default.jpg, https:\/\/www.cailabs.com\/app\/uploads\/2025\/11\/cailabs-canunda-range-carre-400x0-c-default@2x.jpg 2x\">\n\t\t\t\t\t\t\t\t\t\t<img decoding=\"async\" loading=\"lazy\" src=\"https:\/\/www.cailabs.com\/app\/uploads\/2025\/11\/cailabs-canunda-range-carre-400x0-c-default.jpg\" alt=\"Cailabs Canunda Range\" width=\"390\" height=\"320\"\/>\n\t\t\t\t\t\t\t\t\t<\/picture>\n\t\t\t\t\t\t\t\t<\/div>\n\t\t\t\t\t\t\t\t\t\t\t\t\t\t<div class=\"lignes-de-produits__product_content\">\n\t\t\t\t\t\t\t\t<h3>Configurez votre solution de soudage sur mesure <\/h3>\n\t\t\t\t\t\t\t\t<div class=\"lignes-de-produits__product_laser is-laser-color-orange\"><span><\/span><\/div>\n\t\t\t\t\t\t\t\t\t\t\t\t\t\t\t\t\t\t\t\t\t\t\t\t\t<span class=\"lignes-de-produits__product_link\">Acc\u00e9der au configurateur<\/span>\n\t\t\t\t\t\t\t\t\t\t\t\t\t\t\t<\/div>\n\t\t\t\t\t\t<\/a>\n\t\t\t\t\t\t\t\t\t\t\t\t<\/div>\n\t\t\t<\/div>\n<\/section>","protected":false},"excerpt":{"rendered":"<p>Soudage laser Transformez vos processus de soudage laser complexes en processus flexibles avec les solutions de mise en forme de faisceau CANUNDA. La pr\u00e9cision de la mise en forme du faisceau laser permet d&rsquo;obtenir un profil \u00e9nerg\u00e9tique optimal, am\u00e9liorant ainsi la qualit\u00e9 de la soudure tout en minimisant le temps de pr\u00e9paration n\u00e9cessaire. Cette avanc\u00e9e [&hellip;]<\/p>\n","protected":false},"author":1,"featured_media":0,"parent":2392,"menu_order":0,"comment_status":"closed","ping_status":"closed","template":"","meta":{"_acf_changed":false,"content-type":"","_schema_org_content_json":"","footnotes":""},"class_list":["post-2445","page","type-page","status-publish","hentry"],"acf":[],"yoast_head":"<!-- This site is optimized with the Yoast SEO plugin v27.5 - https:\/\/yoast.com\/product\/yoast-seo-wordpress\/ -->\n<title>Soudage Laser - Cailabs<\/title>\n<meta name=\"description\" content=\"Explorez notre gamme innovante de solutions de fa\u00e7onnage de faisceaux pour le soudage laser, transformant les processus difficiles en processus indulgents.\" \/>\n<meta name=\"robots\" content=\"index, follow, max-snippet:-1, max-image-preview:large, max-video-preview:-1\" \/>\n<link rel=\"canonical\" href=\"https:\/\/www.cailabs.com\/fr\/procedes-laser-industriels\/soudage-laser\/\" \/>\n<meta property=\"og:locale\" content=\"fr_FR\" \/>\n<meta property=\"og:type\" content=\"article\" \/>\n<meta property=\"og:title\" content=\"Soudage Laser - Cailabs\" \/>\n<meta property=\"og:description\" content=\"Explorez notre gamme innovante de solutions de fa\u00e7onnage de faisceaux pour le soudage laser, transformant les processus difficiles en processus indulgents.\" \/>\n<meta property=\"og:url\" content=\"https:\/\/www.cailabs.com\/fr\/procedes-laser-industriels\/soudage-laser\/\" \/>\n<meta property=\"og:site_name\" content=\"Cailabs\" \/>\n<meta property=\"article:modified_time\" content=\"2026-03-16T15:03:26+00:00\" \/>\n<meta property=\"og:image\" content=\"https:\/\/www.cailabs.com\/app\/uploads\/2024\/02\/laser-welding.png\" \/>\n\t<meta property=\"og:image:width\" content=\"1400\" \/>\n\t<meta property=\"og:image:height\" content=\"1000\" \/>\n\t<meta property=\"og:image:type\" content=\"image\/png\" \/>\n<meta name=\"twitter:card\" content=\"summary_large_image\" \/>\n<meta name=\"twitter:label1\" content=\"Dur\u00e9e de lecture estim\u00e9e\" \/>\n\t<meta name=\"twitter:data1\" content=\"1 minute\" \/>\n<script type=\"application\/ld+json\" class=\"yoast-schema-graph\">{\"@context\":\"https:\\\/\\\/schema.org\",\"@graph\":[{\"@type\":\"WebPage\",\"@id\":\"https:\\\/\\\/www.cailabs.com\\\/fr\\\/procedes-laser-industriels\\\/soudage-laser\\\/\",\"url\":\"https:\\\/\\\/www.cailabs.com\\\/fr\\\/procedes-laser-industriels\\\/soudage-laser\\\/\",\"name\":\"Soudage Laser - Cailabs\",\"isPartOf\":{\"@id\":\"https:\\\/\\\/www.cailabs.com\\\/fr\\\/#website\"},\"primaryImageOfPage\":{\"@id\":\"https:\\\/\\\/www.cailabs.com\\\/fr\\\/procedes-laser-industriels\\\/soudage-laser\\\/#primaryimage\"},\"image\":{\"@id\":\"https:\\\/\\\/www.cailabs.com\\\/fr\\\/procedes-laser-industriels\\\/soudage-laser\\\/#primaryimage\"},\"thumbnailUrl\":\"https:\\\/\\\/www.cailabs.com\\\/app\\\/uploads\\\/2024\\\/02\\\/laser-welding.png\",\"datePublished\":\"2024-02-01T13:13:09+00:00\",\"dateModified\":\"2026-03-16T15:03:26+00:00\",\"description\":\"Explorez notre gamme innovante de solutions de fa\u00e7onnage de faisceaux pour le soudage laser, transformant les processus difficiles en processus indulgents.\",\"breadcrumb\":{\"@id\":\"https:\\\/\\\/www.cailabs.com\\\/fr\\\/procedes-laser-industriels\\\/soudage-laser\\\/#breadcrumb\"},\"inLanguage\":\"fr-FR\",\"potentialAction\":[{\"@type\":\"ReadAction\",\"target\":[\"https:\\\/\\\/www.cailabs.com\\\/fr\\\/procedes-laser-industriels\\\/soudage-laser\\\/\"]}]},{\"@type\":\"ImageObject\",\"inLanguage\":\"fr-FR\",\"@id\":\"https:\\\/\\\/www.cailabs.com\\\/fr\\\/procedes-laser-industriels\\\/soudage-laser\\\/#primaryimage\",\"url\":\"https:\\\/\\\/www.cailabs.com\\\/app\\\/uploads\\\/2024\\\/02\\\/laser-welding.png\",\"contentUrl\":\"https:\\\/\\\/www.cailabs.com\\\/app\\\/uploads\\\/2024\\\/02\\\/laser-welding.png\"},{\"@type\":\"BreadcrumbList\",\"@id\":\"https:\\\/\\\/www.cailabs.com\\\/fr\\\/procedes-laser-industriels\\\/soudage-laser\\\/#breadcrumb\",\"itemListElement\":[{\"@type\":\"ListItem\",\"position\":1,\"name\":\"Home\",\"item\":\"https:\\\/\\\/www.cailabs.com\\\/fr\\\/\"},{\"@type\":\"ListItem\",\"position\":2,\"name\":\"Proc\u00e9d\u00e9s laser industriels\",\"item\":\"https:\\\/\\\/www.cailabs.com\\\/fr\\\/procedes-laser-industriels\\\/\"},{\"@type\":\"ListItem\",\"position\":3,\"name\":\"Soudage Laser\"}]},{\"@type\":\"WebSite\",\"@id\":\"https:\\\/\\\/www.cailabs.com\\\/fr\\\/#website\",\"url\":\"https:\\\/\\\/www.cailabs.com\\\/fr\\\/\",\"name\":\"Cailabs\",\"description\":\"\",\"potentialAction\":[{\"@type\":\"SearchAction\",\"target\":{\"@type\":\"EntryPoint\",\"urlTemplate\":\"https:\\\/\\\/www.cailabs.com\\\/fr\\\/?s={search_term_string}\"},\"query-input\":{\"@type\":\"PropertyValueSpecification\",\"valueRequired\":true,\"valueName\":\"search_term_string\"}}],\"inLanguage\":\"fr-FR\"}]}<\/script>\n<!-- \/ Yoast SEO plugin. -->","yoast_head_json":{"title":"Soudage Laser - Cailabs","description":"Explorez notre gamme innovante de solutions de fa\u00e7onnage de faisceaux pour le soudage laser, transformant les processus difficiles en processus indulgents.","robots":{"index":"index","follow":"follow","max-snippet":"max-snippet:-1","max-image-preview":"max-image-preview:large","max-video-preview":"max-video-preview:-1"},"canonical":"https:\/\/www.cailabs.com\/fr\/procedes-laser-industriels\/soudage-laser\/","og_locale":"fr_FR","og_type":"article","og_title":"Soudage Laser - Cailabs","og_description":"Explorez notre gamme innovante de solutions de fa\u00e7onnage de faisceaux pour le soudage laser, transformant les processus difficiles en processus indulgents.","og_url":"https:\/\/www.cailabs.com\/fr\/procedes-laser-industriels\/soudage-laser\/","og_site_name":"Cailabs","article_modified_time":"2026-03-16T15:03:26+00:00","og_image":[{"width":1400,"height":1000,"url":"https:\/\/www.cailabs.com\/app\/uploads\/2024\/02\/laser-welding.png","type":"image\/png"}],"twitter_card":"summary_large_image","twitter_misc":{"Dur\u00e9e de lecture estim\u00e9e":"1 minute"},"schema":{"@context":"https:\/\/schema.org","@graph":[{"@type":"WebPage","@id":"https:\/\/www.cailabs.com\/fr\/procedes-laser-industriels\/soudage-laser\/","url":"https:\/\/www.cailabs.com\/fr\/procedes-laser-industriels\/soudage-laser\/","name":"Soudage Laser - Cailabs","isPartOf":{"@id":"https:\/\/www.cailabs.com\/fr\/#website"},"primaryImageOfPage":{"@id":"https:\/\/www.cailabs.com\/fr\/procedes-laser-industriels\/soudage-laser\/#primaryimage"},"image":{"@id":"https:\/\/www.cailabs.com\/fr\/procedes-laser-industriels\/soudage-laser\/#primaryimage"},"thumbnailUrl":"https:\/\/www.cailabs.com\/app\/uploads\/2024\/02\/laser-welding.png","datePublished":"2024-02-01T13:13:09+00:00","dateModified":"2026-03-16T15:03:26+00:00","description":"Explorez notre gamme innovante de solutions de fa\u00e7onnage de faisceaux pour le soudage laser, transformant les processus difficiles en processus indulgents.","breadcrumb":{"@id":"https:\/\/www.cailabs.com\/fr\/procedes-laser-industriels\/soudage-laser\/#breadcrumb"},"inLanguage":"fr-FR","potentialAction":[{"@type":"ReadAction","target":["https:\/\/www.cailabs.com\/fr\/procedes-laser-industriels\/soudage-laser\/"]}]},{"@type":"ImageObject","inLanguage":"fr-FR","@id":"https:\/\/www.cailabs.com\/fr\/procedes-laser-industriels\/soudage-laser\/#primaryimage","url":"https:\/\/www.cailabs.com\/app\/uploads\/2024\/02\/laser-welding.png","contentUrl":"https:\/\/www.cailabs.com\/app\/uploads\/2024\/02\/laser-welding.png"},{"@type":"BreadcrumbList","@id":"https:\/\/www.cailabs.com\/fr\/procedes-laser-industriels\/soudage-laser\/#breadcrumb","itemListElement":[{"@type":"ListItem","position":1,"name":"Home","item":"https:\/\/www.cailabs.com\/fr\/"},{"@type":"ListItem","position":2,"name":"Proc\u00e9d\u00e9s laser industriels","item":"https:\/\/www.cailabs.com\/fr\/procedes-laser-industriels\/"},{"@type":"ListItem","position":3,"name":"Soudage Laser"}]},{"@type":"WebSite","@id":"https:\/\/www.cailabs.com\/fr\/#website","url":"https:\/\/www.cailabs.com\/fr\/","name":"Cailabs","description":"","potentialAction":[{"@type":"SearchAction","target":{"@type":"EntryPoint","urlTemplate":"https:\/\/www.cailabs.com\/fr\/?s={search_term_string}"},"query-input":{"@type":"PropertyValueSpecification","valueRequired":true,"valueName":"search_term_string"}}],"inLanguage":"fr-FR"}]}},"_links":{"self":[{"href":"https:\/\/www.cailabs.com\/fr\/wp-json\/wp\/v2\/pages\/2445","targetHints":{"allow":["GET"]}}],"collection":[{"href":"https:\/\/www.cailabs.com\/fr\/wp-json\/wp\/v2\/pages"}],"about":[{"href":"https:\/\/www.cailabs.com\/fr\/wp-json\/wp\/v2\/types\/page"}],"author":[{"embeddable":true,"href":"https:\/\/www.cailabs.com\/fr\/wp-json\/wp\/v2\/users\/1"}],"replies":[{"embeddable":true,"href":"https:\/\/www.cailabs.com\/fr\/wp-json\/wp\/v2\/comments?post=2445"}],"version-history":[{"count":28,"href":"https:\/\/www.cailabs.com\/fr\/wp-json\/wp\/v2\/pages\/2445\/revisions"}],"predecessor-version":[{"id":12540,"href":"https:\/\/www.cailabs.com\/fr\/wp-json\/wp\/v2\/pages\/2445\/revisions\/12540"}],"up":[{"embeddable":true,"href":"https:\/\/www.cailabs.com\/fr\/wp-json\/wp\/v2\/pages\/2392"}],"wp:attachment":[{"href":"https:\/\/www.cailabs.com\/fr\/wp-json\/wp\/v2\/media?parent=2445"}],"curies":[{"name":"wp","href":"https:\/\/api.w.org\/{rel}","templated":true}]}}