{"id":2490,"date":"2024-02-01T14:13:32","date_gmt":"2024-02-01T13:13:32","guid":{"rendered":"https:\/\/www.cailabs.com\/industrial-laser-processing\/laser-additive-manufacturing\/"},"modified":"2026-03-16T16:04:11","modified_gmt":"2026-03-16T15:04:11","slug":"fabrication-additive","status":"publish","type":"page","link":"https:\/\/www.cailabs.com\/fr\/procedes-laser-industriels\/fabrication-additive\/","title":{"rendered":"Fabrication Additive"},"content":{"rendered":"\n<div class=\"wp-block-columns alignwide are-vertically-aligned-bottom is-layout-flex wp-container-core-columns-is-layout-cf05694f wp-block-columns-is-layout-flex\">\n<div class=\"wp-block-column is-vertically-aligned-bottom is-layout-flow wp-block-column-is-layout-flow\">\n<h1 class=\"wp-block-heading\">Fabrication additive<\/h1>\n\n\n\n<p>Optimisez le rendement de vos proc\u00e9d\u00e9s de fabrication additive avec la solution de mise en forme CANUNDA ! Un profil de faisceau optimal ouvre la voie \u00e0 l&rsquo;utilisation d&rsquo;une plus grande puissance laser tout en pr\u00e9servant la qualit\u00e9, favorisant ainsi une augmentation de la vitesse de traitement et un meilleur retour sur investissement pour vos \u00e9quipements ! La mise en forme du faisceau permet de r\u00e9duire la fissuration \u00e0 chaud et facilite l&rsquo;impression avec de nouvelles poudres.&nbsp; La mise en forme du faisceau laser \u00e9tablit de nouvelles r\u00e9f\u00e9rences industrielles, ouvrant la voie \u00e0 un avenir prometteur pour la technologie.<\/p>\n\n\n\n<hr class=\"wp-block-separator has-alpha-channel-opacity\"\/>\n<\/div>\n\n\n\n<div class=\"wp-block-column is-vertically-aligned-bottom is-layout-flow wp-block-column-is-layout-flow\">\n<figure class=\"wp-block-image size-full is-style-gradient-image\"><picture><source srcset=\"https:\/\/www.cailabs.com\/app\/uploads\/2024\/02\/fab-additive-500x700-1.webp 1x, https:\/\/www.cailabs.com\/app\/uploads\/2024\/02\/fab-additive-500x700-1@2x.webp 2x\" type=\"image\/webp\"><img loading=\"lazy\" decoding=\"async\" width=\"700\" height=\"500\" src=\"https:\/\/www.cailabs.com\/app\/uploads\/2024\/02\/fab-additive-500x700-1.png\" alt=\"\" class=\"wp-image-2501\" srcset=\"https:\/\/www.cailabs.com\/app\/uploads\/2024\/02\/fab-additive-500x700-1.png 700w, https:\/\/www.cailabs.com\/app\/uploads\/2024\/02\/fab-additive-500x700-1-300x214.png 300w\" sizes=\"auto, (max-width: 700px) 100vw, 700px\" \/><\/picture><\/figure>\n<\/div>\n<\/div>\n\n\n<section class=\"acf lignes-de-produits align wp-block-acf-lignes-de-produits\" id=\"block_50fa93d25db492e6d1c3442a821836ee\">\n\t<div class=\"container\">\n\t\t<div class=\"lignes-de-produits__top\">\n\t\t\t\t\t\t\t<h2>Notre offre<\/h2>\n\t\t\t\t\t<\/div>\n\t\t\t\t\t<div class=\"lignes-de-produits__products\">\n\t\t\t\t\t\t\t\t\t\t\t\t\t\t\t<a class=\"lignes-de-produits__product\" href=\"https:\/\/www.cailabs.com\/fr\/procedes-laser-industriels\/fabrication-additive\/fusion-laser-sur-lit-de-poudre\/\" target=\"\">\n\t\t\t\t\t\t\t\t\t\t\t\t\t\t\t<div class=\"lignes-de-produits__product_image\">\n\t\t\t\t\t\t\t\t\t<picture>\n\t\t\t\t\t\t\t\t\t\t<source type=\"image\/webp\" srcset=\"https:\/\/www.cailabs.com\/app\/uploads\/2024\/02\/390x320_fab-additive-copie-400x0-c-default.webp, https:\/\/www.cailabs.com\/app\/uploads\/2024\/02\/390x320_fab-additive-copie-400x0-c-default@2x.webp 2x\">\n\t\t\t\t\t\t\t\t\t\t<source type=\"image\/jpeg\" srcset=\"https:\/\/www.cailabs.com\/app\/uploads\/2024\/02\/390x320_fab-additive-copie-400x0-c-default.jpg, https:\/\/www.cailabs.com\/app\/uploads\/2024\/02\/390x320_fab-additive-copie-400x0-c-default@2x.jpg 2x\">\n\t\t\t\t\t\t\t\t\t\t<img decoding=\"async\" loading=\"lazy\" src=\"https:\/\/www.cailabs.com\/app\/uploads\/2024\/02\/390x320_fab-additive-copie-400x0-c-default.jpg\" alt=\"Fabrication Additive\" width=\"390\" height=\"320\"\/>\n\t\t\t\t\t\t\t\t\t<\/picture>\n\t\t\t\t\t\t\t\t<\/div>\n\t\t\t\t\t\t\t\t\t\t\t\t\t\t<div class=\"lignes-de-produits__product_content\">\n\t\t\t\t\t\t\t\t<h3>Fusion laser sur lit de poudre <\/h3>\n\t\t\t\t\t\t\t\t<div class=\"lignes-de-produits__product_laser is-laser-color-orange\"><span><\/span><\/div>\n\t\t\t\t\t\t\t\t\t\t\t\t\t\t\t\t\t<div class=\"lignes-de-produits__product_txt\"><p><strong>Am\u00e9liorer l&rsquo;impression 3D avec la mise en forme de faisceau<\/strong><\/p>\n<p>La mise en forme de faisceau est un \u00e9l\u00e9ment cl\u00e9 pour optimiser les machines de fusion laser sur lit de poudre (Laser Powder Bed Fusion, L-PBF). Dans un premier temps, il permet d&rsquo;augmenter la vitesse d&rsquo;impression (x3,3), ouvrant la voie \u00e0 la production de masse. Par ailleurs, la possibilit\u00e9 d&rsquo;imprimer avec de nouvelles poudres en supprimant la fissuration \u00e0 chaud et en augmentant la densit\u00e9 des pi\u00e8ces imprim\u00e9es am\u00e9liore la flexibilit\u00e9 de la machine.<\/p>\n<\/div>\n\t\t\t\t\t\t\t\t\t\t\t\t\t\t\t\t\t\t\t\t\t\t\t\t\t<span class=\"lignes-de-produits__product_link\">Plus d&rsquo;info<\/span>\n\t\t\t\t\t\t\t\t\t\t\t\t\t\t\t<\/div>\n\t\t\t\t\t\t<\/a>\n\t\t\t\t\t\t\t\t\t\t\t\t\t\t\t\t\t\t\t\t<a class=\"lignes-de-produits__product\" href=\"https:\/\/www.cailabs.com\/fr\/procedes-laser-industriels\/fabrication-additive\/placement-automatise-de-fibres\/\" target=\"\">\n\t\t\t\t\t\t\t\t\t\t\t\t\t\t\t<div class=\"lignes-de-produits__product_image\">\n\t\t\t\t\t\t\t\t\t<picture>\n\t\t\t\t\t\t\t\t\t\t<source type=\"image\/webp\" srcset=\"https:\/\/www.cailabs.com\/app\/uploads\/2024\/02\/automated-fiber-placement-390x320-1-400x0-c-default.webp, https:\/\/www.cailabs.com\/app\/uploads\/2024\/02\/automated-fiber-placement-390x320-1-400x0-c-default@2x.webp 2x\">\n\t\t\t\t\t\t\t\t\t\t<source type=\"image\/jpeg\" srcset=\"https:\/\/www.cailabs.com\/app\/uploads\/2024\/02\/automated-fiber-placement-390x320-1-400x0-c-default.jpg, https:\/\/www.cailabs.com\/app\/uploads\/2024\/02\/automated-fiber-placement-390x320-1-400x0-c-default@2x.jpg 2x\">\n\t\t\t\t\t\t\t\t\t\t<img decoding=\"async\" loading=\"lazy\" src=\"https:\/\/www.cailabs.com\/app\/uploads\/2024\/02\/automated-fiber-placement-390x320-1-400x0-c-default.jpg\" alt=\"Automated Fiber Placement - Additive Manufacturing\" width=\"390\" height=\"320\"\/>\n\t\t\t\t\t\t\t\t\t<\/picture>\n\t\t\t\t\t\t\t\t<\/div>\n\t\t\t\t\t\t\t\t\t\t\t\t\t\t<div class=\"lignes-de-produits__product_content\">\n\t\t\t\t\t\t\t\t<h3>Placement automatis\u00e9 de fibres <\/h3>\n\t\t\t\t\t\t\t\t<div class=\"lignes-de-produits__product_laser is-laser-color-orange\"><span><\/span><\/div>\n\t\t\t\t\t\t\t\t\t\t\t\t\t\t\t\t\t<div class=\"lignes-de-produits__product_txt\"><p><strong>Gestion de g\u00e9om\u00e9tries complexes avec une solution compacte<\/strong><\/p>\n<p>Avec la mise en forme du faisceau, nous sommes en mesure de r\u00e9aliser un placement automatique des fibres (Automated Fiber Placement, AFP) de haute qualit\u00e9 avec une porosit\u00e9 r\u00e9duite (-40%) par rapport \u00e0 un faisceau gaussien. Nous sommes \u00e9galement en mesure de fabriquer des pi\u00e8ces \u00e0 g\u00e9om\u00e9trie tr\u00e8s complexe en concevant des solutions plus compactes (x2).<\/p>\n<\/div>\n\t\t\t\t\t\t\t\t\t\t\t\t\t\t\t\t\t\t\t\t\t\t\t\t\t<span class=\"lignes-de-produits__product_link\">Plus d&rsquo;info<\/span>\n\t\t\t\t\t\t\t\t\t\t\t\t\t\t\t<\/div>\n\t\t\t\t\t\t<\/a>\n\t\t\t\t\t\t\t\t\t\t\t\t\t\t\t\t\t\t\t\t<a class=\"lignes-de-produits__product\" href=\"https:\/\/www.cailabs.com\/fr\/procedes-laser-industriels\/fabrication-additive\/depot-denergie-direct-concentre\/\" target=\"\">\n\t\t\t\t\t\t\t\t\t\t\t\t\t\t\t<div class=\"lignes-de-produits__product_image\">\n\t\t\t\t\t\t\t\t\t<picture>\n\t\t\t\t\t\t\t\t\t\t<source type=\"image\/webp\" srcset=\"https:\/\/www.cailabs.com\/app\/uploads\/2024\/02\/a-modern-3d-printer-is-printing-a-metal-turbine-390x320-1-400x0-c-default.webp, https:\/\/www.cailabs.com\/app\/uploads\/2024\/02\/a-modern-3d-printer-is-printing-a-metal-turbine-390x320-1-400x0-c-default@2x.webp 2x\">\n\t\t\t\t\t\t\t\t\t\t<source type=\"image\/jpeg\" srcset=\"https:\/\/www.cailabs.com\/app\/uploads\/2024\/02\/a-modern-3d-printer-is-printing-a-metal-turbine-390x320-1-400x0-c-default.jpg, https:\/\/www.cailabs.com\/app\/uploads\/2024\/02\/a-modern-3d-printer-is-printing-a-metal-turbine-390x320-1-400x0-c-default@2x.jpg 2x\">\n\t\t\t\t\t\t\t\t\t\t<img decoding=\"async\" loading=\"lazy\" src=\"https:\/\/www.cailabs.com\/app\/uploads\/2024\/02\/a-modern-3d-printer-is-printing-a-metal-turbine-390x320-1-400x0-c-default.jpg\" alt=\"A modern 3D printer is printing a metal turbine. The future of machine part manufacturing.\" width=\"390\" height=\"320\"\/>\n\t\t\t\t\t\t\t\t\t<\/picture>\n\t\t\t\t\t\t\t\t<\/div>\n\t\t\t\t\t\t\t\t\t\t\t\t\t\t<div class=\"lignes-de-produits__product_content\">\n\t\t\t\t\t\t\t\t<h3>D\u00e9p\u00f4t d&rsquo;\u00e9nergie direct concentr\u00e9<\/h3>\n\t\t\t\t\t\t\t\t<div class=\"lignes-de-produits__product_laser is-laser-color-orange\"><span><\/span><\/div>\n\t\t\t\t\t\t\t\t\t\t\t\t\t\t\t\t\t<div class=\"lignes-de-produits__product_txt\"><p><strong>Plus performant et plus rapide : Am\u00e9liorer l&rsquo;impression 3D avec la mise en forme de faisceau lumineux<\/strong><\/p>\n<p>En int\u00e9grant la mise en forme de faisceau dans notre t\u00eate laser, nous sommes en mesure de fournir des solutions pour la distribution coaxiale de fils ou de poudres pour les proc\u00e9d\u00e9s de d\u00e9p\u00f4t sous \u00e9nergie concentr\u00e9e. En plus de cette distribution optimale du faisceau laser, nos t\u00eates laser sont compatibles avec les lasers \u00e0 haute puissance, permet d\u2019atteindre une vitesse de d\u00e9p\u00f4t plus rapide (x3).<\/p>\n<\/div>\n\t\t\t\t\t\t\t\t\t\t\t\t\t\t\t\t\t\t\t\t\t\t\t\t\t<span class=\"lignes-de-produits__product_link\">Plus d&rsquo;info<\/span>\n\t\t\t\t\t\t\t\t\t\t\t\t\t\t\t<\/div>\n\t\t\t\t\t\t<\/a>\n\t\t\t\t\t\t\t\t\t\t\t\t\t\t\t\t\t\t\t\t<a class=\"lignes-de-produits__product\" href=\"https:\/\/www.cailabs.com\/fr\/procedes-laser-industriels\/fabrication-additive\/autres-procedes-laser-de-fabrication-additive\/\" target=\"\">\n\t\t\t\t\t\t\t\t\t\t\t\t\t\t\t<div class=\"lignes-de-produits__product_image\">\n\t\t\t\t\t\t\t\t\t<picture>\n\t\t\t\t\t\t\t\t\t\t<source type=\"image\/webp\" srcset=\"https:\/\/www.cailabs.com\/app\/uploads\/2024\/02\/partof1-390x320-1-400x0-c-default.webp, https:\/\/www.cailabs.com\/app\/uploads\/2024\/02\/partof1-390x320-1-400x0-c-default@2x.webp 2x\">\n\t\t\t\t\t\t\t\t\t\t<source type=\"image\/jpeg\" srcset=\"https:\/\/www.cailabs.com\/app\/uploads\/2024\/02\/partof1-390x320-1-400x0-c-default.jpg, https:\/\/www.cailabs.com\/app\/uploads\/2024\/02\/partof1-390x320-1-400x0-c-default@2x.jpg 2x\">\n\t\t\t\t\t\t\t\t\t\t<img decoding=\"async\" loading=\"lazy\" src=\"https:\/\/www.cailabs.com\/app\/uploads\/2024\/02\/partof1-390x320-1-400x0-c-default.jpg\" alt=\"part of the housing of the first engine support made on a 3D printer printed with powder metals. the method of direct laser cultivation\" width=\"390\" height=\"320\"\/>\n\t\t\t\t\t\t\t\t\t<\/picture>\n\t\t\t\t\t\t\t\t<\/div>\n\t\t\t\t\t\t\t\t\t\t\t\t\t\t<div class=\"lignes-de-produits__product_content\">\n\t\t\t\t\t\t\t\t<h3>Autres fabrications additives par laser<\/h3>\n\t\t\t\t\t\t\t\t<div class=\"lignes-de-produits__product_laser is-laser-color-orange\"><span><\/span><\/div>\n\t\t\t\t\t\t\t\t\t\t\t\t\t\t\t\t\t<div class=\"lignes-de-produits__product_txt\"><p><strong>D\u00e9velopper de nouvelles m\u00e9thodes de fabrication additive<\/strong><\/p>\n<p>Il existe de nombreuses applications pour la fabrication additive par laser. Cependant, la plupart sont encore des proc\u00e9d\u00e9s r\u00e9cents et pr\u00e9sentent de nombreux inconv\u00e9nients (fissuration, porosit\u00e9, temps de fabrication, pr\u00e9cision, &#8230;). La mise en forme du faisceau laser permet de r\u00e9duire ces d\u00e9fauts en optimisant la distribution de l&rsquo;\u00e9nergie.<\/p>\n<\/div>\n\t\t\t\t\t\t\t\t\t\t\t\t\t\t\t\t\t\t\t\t\t\t\t\t\t<span class=\"lignes-de-produits__product_link\">Plus d&rsquo;info<\/span>\n\t\t\t\t\t\t\t\t\t\t\t\t\t\t\t<\/div>\n\t\t\t\t\t\t<\/a>\n\t\t\t\t\t\t\t\t\t\t\t\t<\/div>\n\t\t\t<\/div>\n<\/section>\n\n<section class=\"acf lignes-de-produits align wp-block-acf-lignes-de-produits\" id=\"block_9913d917e4b080825adecad7423cca4c\">\n\t<div class=\"container\">\n\t\t<div class=\"lignes-de-produits__top\">\n\t\t\t\t\t\t\t<h2>Cr\u00e9ez votre propre CANUNDA<\/h2>\n\t\t\t\t\t<\/div>\n\t\t\t\t\t<div class=\"lignes-de-produits__products\">\n\t\t\t\t\t\t\t\t\t\t\t\t\t\t\t<a class=\"lignes-de-produits__product\" href=\"https:\/\/www.cailabs.com\/fr\/configurateur-canunda\/\" target=\"_blank\">\n\t\t\t\t\t\t\t\t\t\t\t\t\t\t\t<div class=\"lignes-de-produits__product_image\">\n\t\t\t\t\t\t\t\t\t<picture>\n\t\t\t\t\t\t\t\t\t\t<source type=\"image\/webp\" srcset=\"https:\/\/www.cailabs.com\/app\/uploads\/2025\/11\/cailabs-canunda-range-carre-400x0-c-default.webp, https:\/\/www.cailabs.com\/app\/uploads\/2025\/11\/cailabs-canunda-range-carre-400x0-c-default@2x.webp 2x\">\n\t\t\t\t\t\t\t\t\t\t<source type=\"image\/jpeg\" srcset=\"https:\/\/www.cailabs.com\/app\/uploads\/2025\/11\/cailabs-canunda-range-carre-400x0-c-default.jpg, https:\/\/www.cailabs.com\/app\/uploads\/2025\/11\/cailabs-canunda-range-carre-400x0-c-default@2x.jpg 2x\">\n\t\t\t\t\t\t\t\t\t\t<img decoding=\"async\" loading=\"lazy\" src=\"https:\/\/www.cailabs.com\/app\/uploads\/2025\/11\/cailabs-canunda-range-carre-400x0-c-default.jpg\" alt=\"Cailabs Canunda Range\" width=\"390\" height=\"320\"\/>\n\t\t\t\t\t\t\t\t\t<\/picture>\n\t\t\t\t\t\t\t\t<\/div>\n\t\t\t\t\t\t\t\t\t\t\t\t\t\t<div class=\"lignes-de-produits__product_content\">\n\t\t\t\t\t\t\t\t<h3>Configurez votre solution de fabrication additive sur mesure <\/h3>\n\t\t\t\t\t\t\t\t<div class=\"lignes-de-produits__product_laser is-laser-color-orange\"><span><\/span><\/div>\n\t\t\t\t\t\t\t\t\t\t\t\t\t\t\t\t\t\t\t\t\t\t\t\t\t<span class=\"lignes-de-produits__product_link\">Acc\u00e9der au configurateur<\/span>\n\t\t\t\t\t\t\t\t\t\t\t\t\t\t\t<\/div>\n\t\t\t\t\t\t<\/a>\n\t\t\t\t\t\t\t\t\t\t\t\t<\/div>\n\t\t\t<\/div>\n<\/section>","protected":false},"excerpt":{"rendered":"<p>Fabrication additive Optimisez le rendement de vos proc\u00e9d\u00e9s de fabrication additive avec la solution de mise en forme CANUNDA ! Un profil de faisceau optimal ouvre la voie \u00e0 l&rsquo;utilisation d&rsquo;une plus grande puissance laser tout en pr\u00e9servant la qualit\u00e9, favorisant ainsi une augmentation de la vitesse de traitement et un meilleur retour sur investissement [&hellip;]<\/p>\n","protected":false},"author":1,"featured_media":0,"parent":2392,"menu_order":1,"comment_status":"closed","ping_status":"closed","template":"","meta":{"_acf_changed":false,"content-type":"","_schema_org_content_json":"","footnotes":""},"class_list":["post-2490","page","type-page","status-publish","hentry"],"acf":[],"yoast_head":"<!-- This site is optimized with the Yoast SEO plugin v27.4 - https:\/\/yoast.com\/product\/yoast-seo-wordpress\/ -->\n<title>Industrial Laser Processing | Fabrication Additive<\/title>\n<meta name=\"description\" content=\"Plus performant et plus rapide, d\u00e9couvrez comment nos technologies de mise en forme des faisceaux ouvrent la voie \u00e0 une nouvelle phase en repoussant les limites de la fabrication additive.\" \/>\n<meta name=\"robots\" content=\"index, follow, max-snippet:-1, max-image-preview:large, max-video-preview:-1\" \/>\n<link rel=\"canonical\" href=\"https:\/\/www.cailabs.com\/fr\/procedes-laser-industriels\/fabrication-additive\/\" \/>\n<meta property=\"og:locale\" content=\"fr_FR\" \/>\n<meta property=\"og:type\" content=\"article\" \/>\n<meta property=\"og:title\" content=\"Industrial Laser Processing | Fabrication Additive\" \/>\n<meta property=\"og:description\" content=\"Plus performant et plus rapide, d\u00e9couvrez comment nos technologies de mise en forme des faisceaux ouvrent la voie \u00e0 une nouvelle phase en repoussant les limites de la fabrication additive.\" \/>\n<meta property=\"og:url\" content=\"https:\/\/www.cailabs.com\/fr\/procedes-laser-industriels\/fabrication-additive\/\" \/>\n<meta property=\"og:site_name\" content=\"Cailabs\" \/>\n<meta property=\"article:modified_time\" content=\"2026-03-16T15:04:11+00:00\" \/>\n<meta property=\"og:image\" content=\"https:\/\/www.cailabs.com\/app\/uploads\/2024\/02\/fab-additive-500x700-1.png\" \/>\n\t<meta property=\"og:image:width\" content=\"700\" \/>\n\t<meta property=\"og:image:height\" content=\"500\" \/>\n\t<meta property=\"og:image:type\" content=\"image\/png\" \/>\n<meta name=\"twitter:card\" content=\"summary_large_image\" \/>\n<meta name=\"twitter:label1\" content=\"Dur\u00e9e de lecture estim\u00e9e\" \/>\n\t<meta name=\"twitter:data1\" content=\"1 minute\" \/>\n<script type=\"application\/ld+json\" class=\"yoast-schema-graph\">{\"@context\":\"https:\\\/\\\/schema.org\",\"@graph\":[{\"@type\":\"WebPage\",\"@id\":\"https:\\\/\\\/www.cailabs.com\\\/fr\\\/procedes-laser-industriels\\\/fabrication-additive\\\/\",\"url\":\"https:\\\/\\\/www.cailabs.com\\\/fr\\\/procedes-laser-industriels\\\/fabrication-additive\\\/\",\"name\":\"Industrial Laser Processing | Fabrication Additive\",\"isPartOf\":{\"@id\":\"https:\\\/\\\/www.cailabs.com\\\/fr\\\/#website\"},\"primaryImageOfPage\":{\"@id\":\"https:\\\/\\\/www.cailabs.com\\\/fr\\\/procedes-laser-industriels\\\/fabrication-additive\\\/#primaryimage\"},\"image\":{\"@id\":\"https:\\\/\\\/www.cailabs.com\\\/fr\\\/procedes-laser-industriels\\\/fabrication-additive\\\/#primaryimage\"},\"thumbnailUrl\":\"https:\\\/\\\/www.cailabs.com\\\/app\\\/uploads\\\/2024\\\/02\\\/fab-additive-500x700-1.png\",\"datePublished\":\"2024-02-01T13:13:32+00:00\",\"dateModified\":\"2026-03-16T15:04:11+00:00\",\"description\":\"Plus performant et plus rapide, d\u00e9couvrez comment nos technologies de mise en forme des faisceaux ouvrent la voie \u00e0 une nouvelle phase en repoussant les limites de la fabrication additive.\",\"breadcrumb\":{\"@id\":\"https:\\\/\\\/www.cailabs.com\\\/fr\\\/procedes-laser-industriels\\\/fabrication-additive\\\/#breadcrumb\"},\"inLanguage\":\"fr-FR\",\"potentialAction\":[{\"@type\":\"ReadAction\",\"target\":[\"https:\\\/\\\/www.cailabs.com\\\/fr\\\/procedes-laser-industriels\\\/fabrication-additive\\\/\"]}]},{\"@type\":\"ImageObject\",\"inLanguage\":\"fr-FR\",\"@id\":\"https:\\\/\\\/www.cailabs.com\\\/fr\\\/procedes-laser-industriels\\\/fabrication-additive\\\/#primaryimage\",\"url\":\"https:\\\/\\\/www.cailabs.com\\\/app\\\/uploads\\\/2024\\\/02\\\/fab-additive-500x700-1.png\",\"contentUrl\":\"https:\\\/\\\/www.cailabs.com\\\/app\\\/uploads\\\/2024\\\/02\\\/fab-additive-500x700-1.png\"},{\"@type\":\"BreadcrumbList\",\"@id\":\"https:\\\/\\\/www.cailabs.com\\\/fr\\\/procedes-laser-industriels\\\/fabrication-additive\\\/#breadcrumb\",\"itemListElement\":[{\"@type\":\"ListItem\",\"position\":1,\"name\":\"Home\",\"item\":\"https:\\\/\\\/www.cailabs.com\\\/fr\\\/\"},{\"@type\":\"ListItem\",\"position\":2,\"name\":\"Proc\u00e9d\u00e9s laser industriels\",\"item\":\"https:\\\/\\\/www.cailabs.com\\\/fr\\\/procedes-laser-industriels\\\/\"},{\"@type\":\"ListItem\",\"position\":3,\"name\":\"Fabrication Additive\"}]},{\"@type\":\"WebSite\",\"@id\":\"https:\\\/\\\/www.cailabs.com\\\/fr\\\/#website\",\"url\":\"https:\\\/\\\/www.cailabs.com\\\/fr\\\/\",\"name\":\"Cailabs\",\"description\":\"\",\"potentialAction\":[{\"@type\":\"SearchAction\",\"target\":{\"@type\":\"EntryPoint\",\"urlTemplate\":\"https:\\\/\\\/www.cailabs.com\\\/fr\\\/?s={search_term_string}\"},\"query-input\":{\"@type\":\"PropertyValueSpecification\",\"valueRequired\":true,\"valueName\":\"search_term_string\"}}],\"inLanguage\":\"fr-FR\"}]}<\/script>\n<!-- \/ Yoast SEO plugin. -->","yoast_head_json":{"title":"Industrial Laser Processing | Fabrication Additive","description":"Plus performant et plus rapide, d\u00e9couvrez comment nos technologies de mise en forme des faisceaux ouvrent la voie \u00e0 une nouvelle phase en repoussant les limites de la fabrication additive.","robots":{"index":"index","follow":"follow","max-snippet":"max-snippet:-1","max-image-preview":"max-image-preview:large","max-video-preview":"max-video-preview:-1"},"canonical":"https:\/\/www.cailabs.com\/fr\/procedes-laser-industriels\/fabrication-additive\/","og_locale":"fr_FR","og_type":"article","og_title":"Industrial Laser Processing | Fabrication Additive","og_description":"Plus performant et plus rapide, d\u00e9couvrez comment nos technologies de mise en forme des faisceaux ouvrent la voie \u00e0 une nouvelle phase en repoussant les limites de la fabrication additive.","og_url":"https:\/\/www.cailabs.com\/fr\/procedes-laser-industriels\/fabrication-additive\/","og_site_name":"Cailabs","article_modified_time":"2026-03-16T15:04:11+00:00","og_image":[{"width":700,"height":500,"url":"https:\/\/www.cailabs.com\/app\/uploads\/2024\/02\/fab-additive-500x700-1.png","type":"image\/png"}],"twitter_card":"summary_large_image","twitter_misc":{"Dur\u00e9e de lecture estim\u00e9e":"1 minute"},"schema":{"@context":"https:\/\/schema.org","@graph":[{"@type":"WebPage","@id":"https:\/\/www.cailabs.com\/fr\/procedes-laser-industriels\/fabrication-additive\/","url":"https:\/\/www.cailabs.com\/fr\/procedes-laser-industriels\/fabrication-additive\/","name":"Industrial Laser Processing | Fabrication Additive","isPartOf":{"@id":"https:\/\/www.cailabs.com\/fr\/#website"},"primaryImageOfPage":{"@id":"https:\/\/www.cailabs.com\/fr\/procedes-laser-industriels\/fabrication-additive\/#primaryimage"},"image":{"@id":"https:\/\/www.cailabs.com\/fr\/procedes-laser-industriels\/fabrication-additive\/#primaryimage"},"thumbnailUrl":"https:\/\/www.cailabs.com\/app\/uploads\/2024\/02\/fab-additive-500x700-1.png","datePublished":"2024-02-01T13:13:32+00:00","dateModified":"2026-03-16T15:04:11+00:00","description":"Plus performant et plus rapide, d\u00e9couvrez comment nos technologies de mise en forme des faisceaux ouvrent la voie \u00e0 une nouvelle phase en repoussant les limites de la fabrication additive.","breadcrumb":{"@id":"https:\/\/www.cailabs.com\/fr\/procedes-laser-industriels\/fabrication-additive\/#breadcrumb"},"inLanguage":"fr-FR","potentialAction":[{"@type":"ReadAction","target":["https:\/\/www.cailabs.com\/fr\/procedes-laser-industriels\/fabrication-additive\/"]}]},{"@type":"ImageObject","inLanguage":"fr-FR","@id":"https:\/\/www.cailabs.com\/fr\/procedes-laser-industriels\/fabrication-additive\/#primaryimage","url":"https:\/\/www.cailabs.com\/app\/uploads\/2024\/02\/fab-additive-500x700-1.png","contentUrl":"https:\/\/www.cailabs.com\/app\/uploads\/2024\/02\/fab-additive-500x700-1.png"},{"@type":"BreadcrumbList","@id":"https:\/\/www.cailabs.com\/fr\/procedes-laser-industriels\/fabrication-additive\/#breadcrumb","itemListElement":[{"@type":"ListItem","position":1,"name":"Home","item":"https:\/\/www.cailabs.com\/fr\/"},{"@type":"ListItem","position":2,"name":"Proc\u00e9d\u00e9s laser industriels","item":"https:\/\/www.cailabs.com\/fr\/procedes-laser-industriels\/"},{"@type":"ListItem","position":3,"name":"Fabrication Additive"}]},{"@type":"WebSite","@id":"https:\/\/www.cailabs.com\/fr\/#website","url":"https:\/\/www.cailabs.com\/fr\/","name":"Cailabs","description":"","potentialAction":[{"@type":"SearchAction","target":{"@type":"EntryPoint","urlTemplate":"https:\/\/www.cailabs.com\/fr\/?s={search_term_string}"},"query-input":{"@type":"PropertyValueSpecification","valueRequired":true,"valueName":"search_term_string"}}],"inLanguage":"fr-FR"}]}},"_links":{"self":[{"href":"https:\/\/www.cailabs.com\/fr\/wp-json\/wp\/v2\/pages\/2490","targetHints":{"allow":["GET"]}}],"collection":[{"href":"https:\/\/www.cailabs.com\/fr\/wp-json\/wp\/v2\/pages"}],"about":[{"href":"https:\/\/www.cailabs.com\/fr\/wp-json\/wp\/v2\/types\/page"}],"author":[{"embeddable":true,"href":"https:\/\/www.cailabs.com\/fr\/wp-json\/wp\/v2\/users\/1"}],"replies":[{"embeddable":true,"href":"https:\/\/www.cailabs.com\/fr\/wp-json\/wp\/v2\/comments?post=2490"}],"version-history":[{"count":16,"href":"https:\/\/www.cailabs.com\/fr\/wp-json\/wp\/v2\/pages\/2490\/revisions"}],"predecessor-version":[{"id":12541,"href":"https:\/\/www.cailabs.com\/fr\/wp-json\/wp\/v2\/pages\/2490\/revisions\/12541"}],"up":[{"embeddable":true,"href":"https:\/\/www.cailabs.com\/fr\/wp-json\/wp\/v2\/pages\/2392"}],"wp:attachment":[{"href":"https:\/\/www.cailabs.com\/fr\/wp-json\/wp\/v2\/media?parent=2490"}],"curies":[{"name":"wp","href":"https:\/\/api.w.org\/{rel}","templated":true}]}}