{"id":2522,"date":"2024-02-01T14:13:57","date_gmt":"2024-02-01T13:13:57","guid":{"rendered":"https:\/\/www.cailabs.com\/industrial-laser-processing\/micro-processing\/"},"modified":"2026-03-16T16:04:37","modified_gmt":"2026-03-16T15:04:37","slug":"micro-usinage","status":"publish","type":"page","link":"https:\/\/www.cailabs.com\/fr\/procedes-laser-industriels\/micro-usinage\/","title":{"rendered":"Micro usinage"},"content":{"rendered":"\n<div class=\"wp-block-columns alignwide are-vertically-aligned-bottom is-layout-flex wp-container-core-columns-is-layout-cf05694f wp-block-columns-is-layout-flex\">\n<div class=\"wp-block-column is-vertically-aligned-bottom is-layout-flow wp-block-column-is-layout-flow\">\n<h1 class=\"wp-block-heading\">Micro usinage<\/h1>\n\n\n\n<p>La mise en forme des faisceaux laser \u00e0 impulsions ultracourtes ouvre de nouvelles perspectives en micro-usinage. L&rsquo;utilisation optimale de l&rsquo;\u00e9nergie permet non seulement d&rsquo;acc\u00e9l\u00e9rer les processus (jusqu&rsquo;\u00e0 x200), mais aussi d&rsquo;am\u00e9liorer la qualit\u00e9, notamment en r\u00e9duisant la conicit\u00e9. Les solutions de mise en forme des faisceaux de Canunda ont d\u00e9montr\u00e9 leur capacit\u00e9 \u00e0 surmonter la plupart des d\u00e9fis industriels.<\/p>\n<\/div>\n\n\n\n<div class=\"wp-block-column is-vertically-aligned-bottom is-layout-flow wp-block-column-is-layout-flow\">\n<figure class=\"wp-block-image size-full is-style-gradient-image\"><picture><source srcset=\"https:\/\/www.cailabs.com\/app\/uploads\/2024\/02\/surface-processing-03.webp 1x, https:\/\/www.cailabs.com\/app\/uploads\/2024\/02\/surface-processing-03@2x.webp 2x\" type=\"image\/webp\"><img loading=\"lazy\" decoding=\"async\" width=\"720\" height=\"500\" src=\"https:\/\/www.cailabs.com\/app\/uploads\/2024\/02\/surface-processing-03.png\" alt=\"Autres proc\u00e9d\u00e9s de micro-usinage\" class=\"wp-image-4201\" srcset=\"https:\/\/www.cailabs.com\/app\/uploads\/2024\/02\/surface-processing-03.png 720w, https:\/\/www.cailabs.com\/app\/uploads\/2024\/02\/surface-processing-03-300x208.png 300w\" sizes=\"auto, (max-width: 720px) 100vw, 720px\" \/><\/picture><\/figure>\n<\/div>\n<\/div>\n\n\n<section class=\"acf lignes-de-produits align wp-block-acf-lignes-de-produits\" id=\"block_b6525b4254f68f6cb7d5238d9d6fef28\">\n\t<div class=\"container\">\n\t\t<div class=\"lignes-de-produits__top\">\n\t\t\t\t\t\t\t<h2>Notre offre<\/h2>\n\t\t\t\t\t<\/div>\n\t\t\t\t\t<div class=\"lignes-de-produits__products\">\n\t\t\t\t\t\t\t\t\t\t\t\t\t\t\t<a class=\"lignes-de-produits__product\" href=\"https:\/\/www.cailabs.com\/fr\/procedes-laser-industriels\/micro-usinage\/structuration-de-surface\/\" target=\"\">\n\t\t\t\t\t\t\t\t\t\t\t\t\t\t\t<div class=\"lignes-de-produits__product_image\">\n\t\t\t\t\t\t\t\t\t<picture>\n\t\t\t\t\t\t\t\t\t\t<source type=\"image\/webp\" srcset=\"https:\/\/www.cailabs.com\/app\/uploads\/2024\/02\/surface-texturing-390x320-1-400x0-c-default.webp, https:\/\/www.cailabs.com\/app\/uploads\/2024\/02\/surface-texturing-390x320-1-400x0-c-default@2x.webp 2x\">\n\t\t\t\t\t\t\t\t\t\t<source type=\"image\/jpeg\" srcset=\"https:\/\/www.cailabs.com\/app\/uploads\/2024\/02\/surface-texturing-390x320-1-400x0-c-default.jpg, https:\/\/www.cailabs.com\/app\/uploads\/2024\/02\/surface-texturing-390x320-1-400x0-c-default@2x.jpg 2x\">\n\t\t\t\t\t\t\t\t\t\t<img decoding=\"async\" loading=\"lazy\" src=\"https:\/\/www.cailabs.com\/app\/uploads\/2024\/02\/surface-texturing-390x320-1-400x0-c-default.jpg\" alt=\"Surface texturing\" width=\"390\" height=\"320\"\/>\n\t\t\t\t\t\t\t\t\t<\/picture>\n\t\t\t\t\t\t\t\t<\/div>\n\t\t\t\t\t\t\t\t\t\t\t\t\t\t<div class=\"lignes-de-produits__product_content\">\n\t\t\t\t\t\t\t\t<h3>Structuration de surface<\/h3>\n\t\t\t\t\t\t\t\t<div class=\"lignes-de-produits__product_laser is-laser-color-orange\"><span><\/span><\/div>\n\t\t\t\t\t\t\t\t\t\t\t\t\t\t\t\t\t<div class=\"lignes-de-produits__product_txt\"><p><strong>Am\u00e9liorer la structuration de surface avec la mise en forme de faisceau lumineux<\/strong><\/p>\n<p>En g\u00e9n\u00e9rant un profil optimal, la mise en forme du faisceau permet d&rsquo;optimiser les processus d&rsquo;usinage de surface. Cela permet des processus nettement plus rapides et offre des r\u00e9sultats de bonne qualit\u00e9.<\/p>\n<\/div>\n\t\t\t\t\t\t\t\t\t\t\t\t\t\t\t\t\t\t\t\t\t\t\t\t\t<span class=\"lignes-de-produits__product_link\">Plus d&rsquo;info<\/span>\n\t\t\t\t\t\t\t\t\t\t\t\t\t\t\t<\/div>\n\t\t\t\t\t\t<\/a>\n\t\t\t\t\t\t\t\t\t\t\t\t\t\t\t\t\t\t\t\t<a class=\"lignes-de-produits__product\" href=\"https:\/\/www.cailabs.com\/fr\/procedes-laser-industriels\/micro-usinage\/usinage-des-metaux\/\" target=\"\">\n\t\t\t\t\t\t\t\t\t\t\t\t\t\t\t<div class=\"lignes-de-produits__product_image\">\n\t\t\t\t\t\t\t\t\t<picture>\n\t\t\t\t\t\t\t\t\t\t<source type=\"image\/webp\" srcset=\"https:\/\/www.cailabs.com\/app\/uploads\/2024\/02\/micro-usinage-390x320-1-400x0-c-default.webp, https:\/\/www.cailabs.com\/app\/uploads\/2024\/02\/micro-usinage-390x320-1-400x0-c-default@2x.webp 2x\">\n\t\t\t\t\t\t\t\t\t\t<source type=\"image\/jpeg\" srcset=\"https:\/\/www.cailabs.com\/app\/uploads\/2024\/02\/micro-usinage-390x320-1-400x0-c-default.jpg, https:\/\/www.cailabs.com\/app\/uploads\/2024\/02\/micro-usinage-390x320-1-400x0-c-default@2x.jpg 2x\">\n\t\t\t\t\t\t\t\t\t\t<img decoding=\"async\" loading=\"lazy\" src=\"https:\/\/www.cailabs.com\/app\/uploads\/2024\/02\/micro-usinage-390x320-1-400x0-c-default.jpg\" alt=\"Micro-Processing\" width=\"390\" height=\"320\"\/>\n\t\t\t\t\t\t\t\t\t<\/picture>\n\t\t\t\t\t\t\t\t<\/div>\n\t\t\t\t\t\t\t\t\t\t\t\t\t\t<div class=\"lignes-de-produits__product_content\">\n\t\t\t\t\t\t\t\t<h3>Usinage des m\u00e9taux<\/h3>\n\t\t\t\t\t\t\t\t<div class=\"lignes-de-produits__product_laser is-laser-color-orange\"><span><\/span><\/div>\n\t\t\t\t\t\t\t\t\t\t\t\t\t\t\t\t\t<div class=\"lignes-de-produits__product_txt\"><p><strong>Am\u00e9liorer l&rsquo;usinage des m\u00e9taux avec la mise en forme de faisceau lumineux\u00a0<\/strong><\/p>\n<p>Avec la division en plusieurs sous-faisceaux, il est possible d&rsquo;effectuer un micro-usinage en parall\u00e8le, permettant des processus nettement plus rapides. Cette technologie permet d&rsquo;exploiter pleinement la puissance du laser en pr\u00e9servant la forme dans tout le champ de la F-theta.<\/p>\n<\/div>\n\t\t\t\t\t\t\t\t\t\t\t\t\t\t\t\t\t\t\t\t\t\t\t\t\t<span class=\"lignes-de-produits__product_link\">Plus d&rsquo;info<\/span>\n\t\t\t\t\t\t\t\t\t\t\t\t\t\t\t<\/div>\n\t\t\t\t\t\t<\/a>\n\t\t\t\t\t\t\t\t\t\t\t\t\t\t\t\t\t\t\t\t<a class=\"lignes-de-produits__product\" href=\"https:\/\/www.cailabs.com\/fr\/procedes-laser-industriels\/micro-usinage\/usinage-du-verre\/\" target=\"\">\n\t\t\t\t\t\t\t\t\t\t\t\t\t\t\t<div class=\"lignes-de-produits__product_image\">\n\t\t\t\t\t\t\t\t\t<picture>\n\t\t\t\t\t\t\t\t\t\t<source type=\"image\/webp\" srcset=\"https:\/\/www.cailabs.com\/app\/uploads\/2024\/02\/glass-cutting-390x320-1-400x0-c-default.webp, https:\/\/www.cailabs.com\/app\/uploads\/2024\/02\/glass-cutting-390x320-1-400x0-c-default@2x.webp 2x\">\n\t\t\t\t\t\t\t\t\t\t<source type=\"image\/jpeg\" srcset=\"https:\/\/www.cailabs.com\/app\/uploads\/2024\/02\/glass-cutting-390x320-1-400x0-c-default.jpg, https:\/\/www.cailabs.com\/app\/uploads\/2024\/02\/glass-cutting-390x320-1-400x0-c-default@2x.jpg 2x\">\n\t\t\t\t\t\t\t\t\t\t<img decoding=\"async\" loading=\"lazy\" src=\"https:\/\/www.cailabs.com\/app\/uploads\/2024\/02\/glass-cutting-390x320-1-400x0-c-default.jpg\" alt=\"Micro-processing\" width=\"390\" height=\"320\"\/>\n\t\t\t\t\t\t\t\t\t<\/picture>\n\t\t\t\t\t\t\t\t<\/div>\n\t\t\t\t\t\t\t\t\t\t\t\t\t\t<div class=\"lignes-de-produits__product_content\">\n\t\t\t\t\t\t\t\t<h3>Usinage du verre<\/h3>\n\t\t\t\t\t\t\t\t<div class=\"lignes-de-produits__product_laser is-laser-color-orange\"><span><\/span><\/div>\n\t\t\t\t\t\t\t\t\t\t\t\t\t\t\t\t\t<div class=\"lignes-de-produits__product_txt\"><p><strong>Am\u00e9liorer l&rsquo;usinage du verre avec la mise en forme de faisceau lumineux<\/strong><\/p>\n<p>La g\u00e9n\u00e9ration d&rsquo;un faisceau de Bessel \u00e0 l\u2019aide d\u2019un axicon r\u00e9fl\u00e9chissant rend le profil du faisceau plus proche du profil th\u00e9orique, assurant une plus grande stabilit\u00e9 \u00e0 haute puissance et \u00e9nergie. Cela facilite un traitement plus rapide (x5 via un scanner) et permet le per\u00e7age de canaux plus \u00e9troits.<\/p>\n<\/div>\n\t\t\t\t\t\t\t\t\t\t\t\t\t\t\t\t\t\t\t\t\t\t\t\t\t<span class=\"lignes-de-produits__product_link\">Plus d&rsquo;info<\/span>\n\t\t\t\t\t\t\t\t\t\t\t\t\t\t\t<\/div>\n\t\t\t\t\t\t<\/a>\n\t\t\t\t\t\t\t\t\t\t\t\t\t\t\t\t\t\t\t\t<a class=\"lignes-de-produits__product\" href=\"https:\/\/www.cailabs.com\/fr\/procedes-laser-industriels\/micro-usinage\/autres-procedes-de-micro-usinage\/\" target=\"\">\n\t\t\t\t\t\t\t\t\t\t\t\t\t\t\t<div class=\"lignes-de-produits__product_image\">\n\t\t\t\t\t\t\t\t\t<picture>\n\t\t\t\t\t\t\t\t\t\t<source type=\"image\/webp\" srcset=\"https:\/\/www.cailabs.com\/app\/uploads\/2024\/02\/surface-processing-03-400x0-c-default.webp, https:\/\/www.cailabs.com\/app\/uploads\/2024\/02\/surface-processing-03-400x0-c-default@2x.webp 2x\">\n\t\t\t\t\t\t\t\t\t\t<source type=\"image\/jpeg\" srcset=\"https:\/\/www.cailabs.com\/app\/uploads\/2024\/02\/surface-processing-03-400x0-c-default.jpg, https:\/\/www.cailabs.com\/app\/uploads\/2024\/02\/surface-processing-03-400x0-c-default@2x.jpg 2x\">\n\t\t\t\t\t\t\t\t\t\t<img decoding=\"async\" loading=\"lazy\" src=\"https:\/\/www.cailabs.com\/app\/uploads\/2024\/02\/surface-processing-03-400x0-c-default.jpg\" alt=\"Autres proc\u00e9d\u00e9s de micro-usinage\" width=\"390\" height=\"320\"\/>\n\t\t\t\t\t\t\t\t\t<\/picture>\n\t\t\t\t\t\t\t\t<\/div>\n\t\t\t\t\t\t\t\t\t\t\t\t\t\t<div class=\"lignes-de-produits__product_content\">\n\t\t\t\t\t\t\t\t<h3>Autres proc\u00e9d\u00e9s de micro-usinage<\/h3>\n\t\t\t\t\t\t\t\t<div class=\"lignes-de-produits__product_laser is-laser-color-orange\"><span><\/span><\/div>\n\t\t\t\t\t\t\t\t\t\t\t\t\t\t\t\t\t<div class=\"lignes-de-produits__product_txt\"><p><strong>Am\u00e9liorer le micro-usinage avec la mise en forme de faisceau lumineux<\/strong><\/p>\n<p>La g\u00e9n\u00e9ration de profils vari\u00e9s avec une haute pr\u00e9cision (ligne, rectangle, carr\u00e9, &#8230;) permet d&rsquo;optimiser tous les proc\u00e9d\u00e9s de micro-usinage au laser. Cela favorise des processus acc\u00e9l\u00e9r\u00e9s et des r\u00e9sultats de meilleure qualit\u00e9.<\/p>\n<\/div>\n\t\t\t\t\t\t\t\t\t\t\t\t\t\t\t\t\t\t\t\t\t\t\t\t\t<span class=\"lignes-de-produits__product_link\">Plus d&rsquo;info<\/span>\n\t\t\t\t\t\t\t\t\t\t\t\t\t\t\t<\/div>\n\t\t\t\t\t\t<\/a>\n\t\t\t\t\t\t\t\t\t\t\t\t<\/div>\n\t\t\t<\/div>\n<\/section>\n\n<section class=\"acf lignes-de-produits align wp-block-acf-lignes-de-produits\" id=\"block_704c03cdec86847c1f6738df7afb04c1\">\n\t<div class=\"container\">\n\t\t<div class=\"lignes-de-produits__top\">\n\t\t\t\t\t\t\t<h2>Cr\u00e9ez votre propre CANUNDA<\/h2>\n\t\t\t\t\t<\/div>\n\t\t\t\t\t<div class=\"lignes-de-produits__products\">\n\t\t\t\t\t\t\t\t\t\t\t\t\t\t\t<a class=\"lignes-de-produits__product\" href=\"https:\/\/www.cailabs.com\/fr\/configurateur-canunda\/\" target=\"_blank\">\n\t\t\t\t\t\t\t\t\t\t\t\t\t\t\t<div class=\"lignes-de-produits__product_image\">\n\t\t\t\t\t\t\t\t\t<picture>\n\t\t\t\t\t\t\t\t\t\t<source type=\"image\/webp\" srcset=\"https:\/\/www.cailabs.com\/app\/uploads\/2025\/11\/cailabs-canunda-range-carre-400x0-c-default.webp, https:\/\/www.cailabs.com\/app\/uploads\/2025\/11\/cailabs-canunda-range-carre-400x0-c-default@2x.webp 2x\">\n\t\t\t\t\t\t\t\t\t\t<source type=\"image\/jpeg\" srcset=\"https:\/\/www.cailabs.com\/app\/uploads\/2025\/11\/cailabs-canunda-range-carre-400x0-c-default.jpg, https:\/\/www.cailabs.com\/app\/uploads\/2025\/11\/cailabs-canunda-range-carre-400x0-c-default@2x.jpg 2x\">\n\t\t\t\t\t\t\t\t\t\t<img decoding=\"async\" loading=\"lazy\" src=\"https:\/\/www.cailabs.com\/app\/uploads\/2025\/11\/cailabs-canunda-range-carre-400x0-c-default.jpg\" alt=\"Cailabs Canunda Range\" width=\"390\" height=\"320\"\/>\n\t\t\t\t\t\t\t\t\t<\/picture>\n\t\t\t\t\t\t\t\t<\/div>\n\t\t\t\t\t\t\t\t\t\t\t\t\t\t<div class=\"lignes-de-produits__product_content\">\n\t\t\t\t\t\t\t\t<h3>Configurez votre solution de micro-usinage sur mesure <\/h3>\n\t\t\t\t\t\t\t\t<div class=\"lignes-de-produits__product_laser is-laser-color-orange\"><span><\/span><\/div>\n\t\t\t\t\t\t\t\t\t\t\t\t\t\t\t\t\t\t\t\t\t\t\t\t\t<span class=\"lignes-de-produits__product_link\">Acc\u00e9der au configurateur<\/span>\n\t\t\t\t\t\t\t\t\t\t\t\t\t\t\t<\/div>\n\t\t\t\t\t\t<\/a>\n\t\t\t\t\t\t\t\t\t\t\t\t<\/div>\n\t\t\t<\/div>\n<\/section>","protected":false},"excerpt":{"rendered":"<p>Micro usinage La mise en forme des faisceaux laser \u00e0 impulsions ultracourtes ouvre de nouvelles perspectives en micro-usinage. L&rsquo;utilisation optimale de l&rsquo;\u00e9nergie permet non seulement d&rsquo;acc\u00e9l\u00e9rer les processus (jusqu&rsquo;\u00e0 x200), mais aussi d&rsquo;am\u00e9liorer la qualit\u00e9, notamment en r\u00e9duisant la conicit\u00e9. Les solutions de mise en forme des faisceaux de Canunda ont d\u00e9montr\u00e9 leur capacit\u00e9 \u00e0 [&hellip;]<\/p>\n","protected":false},"author":1,"featured_media":0,"parent":2392,"menu_order":2,"comment_status":"closed","ping_status":"closed","template":"","meta":{"_acf_changed":false,"content-type":"","_schema_org_content_json":"","footnotes":""},"class_list":["post-2522","page","type-page","status-publish","hentry"],"acf":[],"yoast_head":"<!-- This site is optimized with the Yoast SEO plugin v27.5 - https:\/\/yoast.com\/product\/yoast-seo-wordpress\/ -->\n<title>Micro usinage - Cailabs<\/title>\n<meta name=\"description\" content=\"La mise en forme des faisceaux laser \u00e0 impulsions ultracourtes ouvre de nouvelles perspectives en micro-usinage.\" \/>\n<meta name=\"robots\" content=\"index, follow, max-snippet:-1, max-image-preview:large, max-video-preview:-1\" \/>\n<link rel=\"canonical\" href=\"https:\/\/www.cailabs.com\/fr\/procedes-laser-industriels\/micro-usinage\/\" \/>\n<meta property=\"og:locale\" content=\"fr_FR\" \/>\n<meta property=\"og:type\" content=\"article\" \/>\n<meta property=\"og:title\" content=\"Micro usinage - Cailabs\" \/>\n<meta property=\"og:description\" content=\"La mise en forme des faisceaux laser \u00e0 impulsions ultracourtes ouvre de nouvelles perspectives en micro-usinage.\" \/>\n<meta property=\"og:url\" content=\"https:\/\/www.cailabs.com\/fr\/procedes-laser-industriels\/micro-usinage\/\" \/>\n<meta property=\"og:site_name\" content=\"Cailabs\" \/>\n<meta property=\"article:modified_time\" content=\"2026-03-16T15:04:37+00:00\" \/>\n<meta property=\"og:image\" content=\"https:\/\/www.cailabs.com\/app\/uploads\/2024\/02\/surface-processing-03.png\" \/>\n\t<meta property=\"og:image:width\" content=\"720\" \/>\n\t<meta property=\"og:image:height\" content=\"500\" \/>\n\t<meta property=\"og:image:type\" content=\"image\/png\" \/>\n<meta name=\"twitter:card\" content=\"summary_large_image\" \/>\n<meta name=\"twitter:label1\" content=\"Dur\u00e9e de lecture estim\u00e9e\" \/>\n\t<meta name=\"twitter:data1\" content=\"1 minute\" \/>\n<script type=\"application\/ld+json\" class=\"yoast-schema-graph\">{\"@context\":\"https:\\\/\\\/schema.org\",\"@graph\":[{\"@type\":\"WebPage\",\"@id\":\"https:\\\/\\\/www.cailabs.com\\\/fr\\\/procedes-laser-industriels\\\/micro-usinage\\\/\",\"url\":\"https:\\\/\\\/www.cailabs.com\\\/fr\\\/procedes-laser-industriels\\\/micro-usinage\\\/\",\"name\":\"Micro usinage - Cailabs\",\"isPartOf\":{\"@id\":\"https:\\\/\\\/www.cailabs.com\\\/fr\\\/#website\"},\"primaryImageOfPage\":{\"@id\":\"https:\\\/\\\/www.cailabs.com\\\/fr\\\/procedes-laser-industriels\\\/micro-usinage\\\/#primaryimage\"},\"image\":{\"@id\":\"https:\\\/\\\/www.cailabs.com\\\/fr\\\/procedes-laser-industriels\\\/micro-usinage\\\/#primaryimage\"},\"thumbnailUrl\":\"https:\\\/\\\/www.cailabs.com\\\/app\\\/uploads\\\/2024\\\/02\\\/surface-processing-03.png\",\"datePublished\":\"2024-02-01T13:13:57+00:00\",\"dateModified\":\"2026-03-16T15:04:37+00:00\",\"description\":\"La mise en forme des faisceaux laser \u00e0 impulsions ultracourtes ouvre de nouvelles perspectives en micro-usinage.\",\"breadcrumb\":{\"@id\":\"https:\\\/\\\/www.cailabs.com\\\/fr\\\/procedes-laser-industriels\\\/micro-usinage\\\/#breadcrumb\"},\"inLanguage\":\"fr-FR\",\"potentialAction\":[{\"@type\":\"ReadAction\",\"target\":[\"https:\\\/\\\/www.cailabs.com\\\/fr\\\/procedes-laser-industriels\\\/micro-usinage\\\/\"]}]},{\"@type\":\"ImageObject\",\"inLanguage\":\"fr-FR\",\"@id\":\"https:\\\/\\\/www.cailabs.com\\\/fr\\\/procedes-laser-industriels\\\/micro-usinage\\\/#primaryimage\",\"url\":\"https:\\\/\\\/www.cailabs.com\\\/app\\\/uploads\\\/2024\\\/02\\\/surface-processing-03.png\",\"contentUrl\":\"https:\\\/\\\/www.cailabs.com\\\/app\\\/uploads\\\/2024\\\/02\\\/surface-processing-03.png\"},{\"@type\":\"BreadcrumbList\",\"@id\":\"https:\\\/\\\/www.cailabs.com\\\/fr\\\/procedes-laser-industriels\\\/micro-usinage\\\/#breadcrumb\",\"itemListElement\":[{\"@type\":\"ListItem\",\"position\":1,\"name\":\"Home\",\"item\":\"https:\\\/\\\/www.cailabs.com\\\/fr\\\/\"},{\"@type\":\"ListItem\",\"position\":2,\"name\":\"Proc\u00e9d\u00e9s laser industriels\",\"item\":\"https:\\\/\\\/www.cailabs.com\\\/fr\\\/procedes-laser-industriels\\\/\"},{\"@type\":\"ListItem\",\"position\":3,\"name\":\"Micro usinage\"}]},{\"@type\":\"WebSite\",\"@id\":\"https:\\\/\\\/www.cailabs.com\\\/fr\\\/#website\",\"url\":\"https:\\\/\\\/www.cailabs.com\\\/fr\\\/\",\"name\":\"Cailabs\",\"description\":\"\",\"potentialAction\":[{\"@type\":\"SearchAction\",\"target\":{\"@type\":\"EntryPoint\",\"urlTemplate\":\"https:\\\/\\\/www.cailabs.com\\\/fr\\\/?s={search_term_string}\"},\"query-input\":{\"@type\":\"PropertyValueSpecification\",\"valueRequired\":true,\"valueName\":\"search_term_string\"}}],\"inLanguage\":\"fr-FR\"}]}<\/script>\n<!-- \/ Yoast SEO plugin. -->","yoast_head_json":{"title":"Micro usinage - Cailabs","description":"La mise en forme des faisceaux laser \u00e0 impulsions ultracourtes ouvre de nouvelles perspectives en micro-usinage.","robots":{"index":"index","follow":"follow","max-snippet":"max-snippet:-1","max-image-preview":"max-image-preview:large","max-video-preview":"max-video-preview:-1"},"canonical":"https:\/\/www.cailabs.com\/fr\/procedes-laser-industriels\/micro-usinage\/","og_locale":"fr_FR","og_type":"article","og_title":"Micro usinage - Cailabs","og_description":"La mise en forme des faisceaux laser \u00e0 impulsions ultracourtes ouvre de nouvelles perspectives en micro-usinage.","og_url":"https:\/\/www.cailabs.com\/fr\/procedes-laser-industriels\/micro-usinage\/","og_site_name":"Cailabs","article_modified_time":"2026-03-16T15:04:37+00:00","og_image":[{"width":720,"height":500,"url":"https:\/\/www.cailabs.com\/app\/uploads\/2024\/02\/surface-processing-03.png","type":"image\/png"}],"twitter_card":"summary_large_image","twitter_misc":{"Dur\u00e9e de lecture estim\u00e9e":"1 minute"},"schema":{"@context":"https:\/\/schema.org","@graph":[{"@type":"WebPage","@id":"https:\/\/www.cailabs.com\/fr\/procedes-laser-industriels\/micro-usinage\/","url":"https:\/\/www.cailabs.com\/fr\/procedes-laser-industriels\/micro-usinage\/","name":"Micro usinage - Cailabs","isPartOf":{"@id":"https:\/\/www.cailabs.com\/fr\/#website"},"primaryImageOfPage":{"@id":"https:\/\/www.cailabs.com\/fr\/procedes-laser-industriels\/micro-usinage\/#primaryimage"},"image":{"@id":"https:\/\/www.cailabs.com\/fr\/procedes-laser-industriels\/micro-usinage\/#primaryimage"},"thumbnailUrl":"https:\/\/www.cailabs.com\/app\/uploads\/2024\/02\/surface-processing-03.png","datePublished":"2024-02-01T13:13:57+00:00","dateModified":"2026-03-16T15:04:37+00:00","description":"La mise en forme des faisceaux laser \u00e0 impulsions ultracourtes ouvre de nouvelles perspectives en micro-usinage.","breadcrumb":{"@id":"https:\/\/www.cailabs.com\/fr\/procedes-laser-industriels\/micro-usinage\/#breadcrumb"},"inLanguage":"fr-FR","potentialAction":[{"@type":"ReadAction","target":["https:\/\/www.cailabs.com\/fr\/procedes-laser-industriels\/micro-usinage\/"]}]},{"@type":"ImageObject","inLanguage":"fr-FR","@id":"https:\/\/www.cailabs.com\/fr\/procedes-laser-industriels\/micro-usinage\/#primaryimage","url":"https:\/\/www.cailabs.com\/app\/uploads\/2024\/02\/surface-processing-03.png","contentUrl":"https:\/\/www.cailabs.com\/app\/uploads\/2024\/02\/surface-processing-03.png"},{"@type":"BreadcrumbList","@id":"https:\/\/www.cailabs.com\/fr\/procedes-laser-industriels\/micro-usinage\/#breadcrumb","itemListElement":[{"@type":"ListItem","position":1,"name":"Home","item":"https:\/\/www.cailabs.com\/fr\/"},{"@type":"ListItem","position":2,"name":"Proc\u00e9d\u00e9s laser industriels","item":"https:\/\/www.cailabs.com\/fr\/procedes-laser-industriels\/"},{"@type":"ListItem","position":3,"name":"Micro usinage"}]},{"@type":"WebSite","@id":"https:\/\/www.cailabs.com\/fr\/#website","url":"https:\/\/www.cailabs.com\/fr\/","name":"Cailabs","description":"","potentialAction":[{"@type":"SearchAction","target":{"@type":"EntryPoint","urlTemplate":"https:\/\/www.cailabs.com\/fr\/?s={search_term_string}"},"query-input":{"@type":"PropertyValueSpecification","valueRequired":true,"valueName":"search_term_string"}}],"inLanguage":"fr-FR"}]}},"_links":{"self":[{"href":"https:\/\/www.cailabs.com\/fr\/wp-json\/wp\/v2\/pages\/2522","targetHints":{"allow":["GET"]}}],"collection":[{"href":"https:\/\/www.cailabs.com\/fr\/wp-json\/wp\/v2\/pages"}],"about":[{"href":"https:\/\/www.cailabs.com\/fr\/wp-json\/wp\/v2\/types\/page"}],"author":[{"embeddable":true,"href":"https:\/\/www.cailabs.com\/fr\/wp-json\/wp\/v2\/users\/1"}],"replies":[{"embeddable":true,"href":"https:\/\/www.cailabs.com\/fr\/wp-json\/wp\/v2\/comments?post=2522"}],"version-history":[{"count":19,"href":"https:\/\/www.cailabs.com\/fr\/wp-json\/wp\/v2\/pages\/2522\/revisions"}],"predecessor-version":[{"id":12542,"href":"https:\/\/www.cailabs.com\/fr\/wp-json\/wp\/v2\/pages\/2522\/revisions\/12542"}],"up":[{"embeddable":true,"href":"https:\/\/www.cailabs.com\/fr\/wp-json\/wp\/v2\/pages\/2392"}],"wp:attachment":[{"href":"https:\/\/www.cailabs.com\/fr\/wp-json\/wp\/v2\/media?parent=2522"}],"curies":[{"name":"wp","href":"https:\/\/api.w.org\/{rel}","templated":true}]}}