{"id":2722,"date":"2024-02-14T10:04:11","date_gmt":"2024-02-14T09:04:11","guid":{"rendered":"https:\/\/www.cailabs.com\/nos-engagements\/"},"modified":"2025-03-06T14:34:43","modified_gmt":"2025-03-06T13:34:43","slug":"nos-engagements","status":"publish","type":"page","link":"https:\/\/www.cailabs.com\/fr\/nos-engagements\/","title":{"rendered":"Nos engagements"},"content":{"rendered":"<section class=\"acf top-page align wp-block-acf-top-page\" id=\"block_c453759b5fba1b473df85f98fe214e17\">\n\t<div class=\"container container__large\">\n\t\t<div class=\"top-page__content\">\n\t\t\t\t\t\t\t<h1>Nos engagements<\/h1>\n\t\t\t\t\t\t\t\t\t\t<div class=\"top-page__txt\">\n\t\t\t\t\t<p>Chez Cailabs, nous sommes profond\u00e9ment engag\u00e9s \u00e0 contribuer de mani\u00e8re positive au bien-\u00eatre humain, au progr\u00e8s soci\u00e9tal et \u00e0 la pr\u00e9servation de l\u2019environnement.<\/p>\n\n\t\t\t\t<\/div>\n\t\t\t\t\t\t\t\t<\/div>\n\t<\/div>\n\t\t\t<div class=\"top-page__image\">\n\t\t\t<picture>\n\t\t\t\t<source type=\"image\/webp\" srcset=\"https:\/\/www.cailabs.com\/app\/uploads\/2024\/02\/adobestock_717249715-scaled-1280x0-c-default.webp, https:\/\/www.cailabs.com\/app\/uploads\/2024\/02\/adobestock_717249715-scaled-1280x0-c-default@2x.webp 2x\" media=\"(max-width: 480px)\">\n\t\t\t\t<source type=\"image\/jpeg\" srcset=\"https:\/\/www.cailabs.com\/app\/uploads\/2024\/02\/adobestock_717249715-scaled-1280x0-c-default.jpg, https:\/\/www.cailabs.com\/app\/uploads\/2024\/02\/adobestock_717249715-scaled-1280x0-c-default@2x.jpg 2x\" media=\"(max-width: 480px)\">\n\t\t\t\t<source type=\"image\/webp\" srcset=\"https:\/\/www.cailabs.com\/app\/uploads\/2024\/02\/adobestock_717249715-scaled-1280x0-c-default.webp, https:\/\/www.cailabs.com\/app\/uploads\/2024\/02\/adobestock_717249715-scaled-1280x0-c-default@2x.webp 2x\" media=\"(min-width: 481px)\">\n\t\t\t\t<source type=\"image\/jpeg\" srcset=\"https:\/\/www.cailabs.com\/app\/uploads\/2024\/02\/adobestock_717249715-scaled-1280x0-c-default.jpg, https:\/\/www.cailabs.com\/app\/uploads\/2024\/02\/adobestock_717249715-scaled-1280x0-c-default@2x.jpg 2x\" media=\"(min-width: 481px)\">\n\t\t\t\t<img fetchpriority=\"high\" decoding=\"async\" loading=\"eager\" src=\"https:\/\/www.cailabs.com\/app\/uploads\/2024\/02\/adobestock_717249715-scaled.jpg\" alt=\"hand holding earth\" width=\"1280\" height=\"720\"\/>\n\t\t\t<\/picture>\n\t\t<\/div>\n    <\/section>\n\n<section class=\"acf lignes-de-produits align is-style-alternate wp-block-acf-lignes-de-produits\" id=\"block_4c414a01b18d509ea39d609c16299901\">\n\t<div class=\"container\">\n\t\t<div class=\"lignes-de-produits__top\">\n\t\t\t\t\t<\/div>\n\t\t\t\t\t<div class=\"lignes-de-produits__products\">\n\t\t\t\t\t\t\t\t\t\t\t\t\t\t\t<a class=\"lignes-de-produits__product\" href=\"https:\/\/lafrenchtech.gouv.fr\/fr\/les-engagements-de-lecosysteme\/le-pacte-parite\/\" target=\"_blank\">\n\t\t\t\t\t\t\t\t\t\t\t\t\t\t\t<div class=\"lignes-de-produits__product_image\">\n\t\t\t\t\t\t\t\t\t<picture>\n\t\t\t\t\t\t\t\t\t\t<source type=\"image\/webp\" srcset=\"https:\/\/www.cailabs.com\/app\/uploads\/2024\/02\/eguality-1-400x0-c-default.webp, https:\/\/www.cailabs.com\/app\/uploads\/2024\/02\/eguality-1-400x0-c-default@2x.webp 2x\">\n\t\t\t\t\t\t\t\t\t\t<source type=\"image\/jpeg\" srcset=\"https:\/\/www.cailabs.com\/app\/uploads\/2024\/02\/eguality-1-400x0-c-default.jpg, https:\/\/www.cailabs.com\/app\/uploads\/2024\/02\/eguality-1-400x0-c-default@2x.jpg 2x\">\n\t\t\t\t\t\t\t\t\t\t<img decoding=\"async\" loading=\"lazy\" src=\"https:\/\/www.cailabs.com\/app\/uploads\/2024\/02\/eguality-1-400x0-c-default.jpg\" alt=\"Equality\" width=\"390\" height=\"320\"\/>\n\t\t\t\t\t\t\t\t\t<\/picture>\n\t\t\t\t\t\t\t\t<\/div>\n\t\t\t\t\t\t\t\t\t\t\t\t\t\t<div class=\"lignes-de-produits__product_content\">\n\t\t\t\t\t\t\t\t<h3>Nous promouvons l&rsquo;\u00e9galit\u00e9 des chances <\/h3>\n\t\t\t\t\t\t\t\t<div class=\"lignes-de-produits__product_laser is-laser-color-orange\"><span><\/span><\/div>\n\t\t\t\t\t\t\t\t\t\t\t\t\t\t\t\t\t<div class=\"lignes-de-produits__product_txt\"><ul>\n<li>Notre index d&rsquo;\u00e9galit\u00e9 hommes\/femmes, qui \u00e9value l&rsquo;\u00e9galit\u00e9 salariale, la progression salariale et l&rsquo;\u00e9galit\u00e9 au niveau de la direction, s&rsquo;\u00e9l\u00e8ve \u00e0 90 sur 100 en 2024.<\/li>\n<li>Nous sommes signataires du Pacte de la Parit\u00e9 de la French Tech.<\/li>\n<\/ul>\n<\/div>\n\t\t\t\t\t\t\t\t\t\t\t\t\t\t\t\t\t\t\t\t\t\t\t\t\t<span class=\"lignes-de-produits__product_link\">Lire le pacte de parit\u00e9<\/span>\n\t\t\t\t\t\t\t\t\t\t\t\t\t\t\t<\/div>\n\t\t\t\t\t\t<\/a>\n\t\t\t\t\t\t\t\t\t\t\t\t\t\t\t\t\t\t\t\t<div class=\"lignes-de-produits__product\">\n\t\t\t\t\t\t\t\t\t\t\t\t\t\t\t<div class=\"lignes-de-produits__product_image\">\n\t\t\t\t\t\t\t\t\t<picture>\n\t\t\t\t\t\t\t\t\t\t<source type=\"image\/webp\" srcset=\"https:\/\/www.cailabs.com\/app\/uploads\/2024\/02\/human-rights-1-400x0-c-default.webp, https:\/\/www.cailabs.com\/app\/uploads\/2024\/02\/human-rights-1-400x0-c-default@2x.webp 2x\">\n\t\t\t\t\t\t\t\t\t\t<source type=\"image\/jpeg\" srcset=\"https:\/\/www.cailabs.com\/app\/uploads\/2024\/02\/human-rights-1-400x0-c-default.jpg, https:\/\/www.cailabs.com\/app\/uploads\/2024\/02\/human-rights-1-400x0-c-default@2x.jpg 2x\">\n\t\t\t\t\t\t\t\t\t\t<img decoding=\"async\" loading=\"lazy\" src=\"https:\/\/www.cailabs.com\/app\/uploads\/2024\/02\/human-rights-1-400x0-c-default.jpg\" alt=\"many human hands of different racial backgrounds are folded in a circle\" width=\"390\" height=\"320\"\/>\n\t\t\t\t\t\t\t\t\t<\/picture>\n\t\t\t\t\t\t\t\t<\/div>\n\t\t\t\t\t\t\t\t\t\t\t\t\t\t<div class=\"lignes-de-produits__product_content\">\n\t\t\t\t\t\t\t\t<h3>Nous d\u00e9fendons la protection des droits de l&rsquo;homme<\/h3>\n\t\t\t\t\t\t\t\t\t\t\t\t\t\t\t\t\t<div class=\"lignes-de-produits__product_txt\"><p>En collaboration avec nos partenaires, nous nous engageons dans un effort continu pour mieux comprendre l&rsquo;utilisation de notre technologie et l&rsquo;am\u00e9liorer en permanence. Nous avons confiance en eux pour s&rsquo;assurer que son d\u00e9ploiement est ancr\u00e9 dans les droits de l&rsquo;homme et respecte toutes les normes et r\u00e9glementations. De plus, nous ne concevons ni ne vendons de syst\u00e8mes qui portent directement atteinte \u00e0 l&rsquo;int\u00e9grit\u00e9 physique des personnes ou des populations.<\/p>\n<\/div>\n\t\t\t\t\t\t\t\t\t\t\t\t\t\t\t<\/div>\n\t\t\t\t\t\t<\/div>\n\t\t\t\t\t\t\t\t\t\t\t\t\t\t\t\t\t\t\t\t<div class=\"lignes-de-produits__product\">\n\t\t\t\t\t\t\t\t\t\t\t\t\t\t\t<div class=\"lignes-de-produits__product_image\">\n\t\t\t\t\t\t\t\t\t<picture>\n\t\t\t\t\t\t\t\t\t\t<source type=\"image\/webp\" srcset=\"https:\/\/www.cailabs.com\/app\/uploads\/2024\/02\/high-quality-education-400x0-c-default.webp, https:\/\/www.cailabs.com\/app\/uploads\/2024\/02\/high-quality-education-400x0-c-default@2x.webp 2x\">\n\t\t\t\t\t\t\t\t\t\t<source type=\"image\/jpeg\" srcset=\"https:\/\/www.cailabs.com\/app\/uploads\/2024\/02\/high-quality-education-400x0-c-default.jpg, https:\/\/www.cailabs.com\/app\/uploads\/2024\/02\/high-quality-education-400x0-c-default@2x.jpg 2x\">\n\t\t\t\t\t\t\t\t\t\t<img decoding=\"async\" loading=\"lazy\" src=\"https:\/\/www.cailabs.com\/app\/uploads\/2024\/02\/high-quality-education-400x0-c-default.jpg\" alt=\"A classroom at college\" width=\"390\" height=\"320\"\/>\n\t\t\t\t\t\t\t\t\t<\/picture>\n\t\t\t\t\t\t\t\t<\/div>\n\t\t\t\t\t\t\t\t\t\t\t\t\t\t<div class=\"lignes-de-produits__product_content\">\n\t\t\t\t\t\t\t\t<h3>Nous plaidons pour garantir l&rsquo;acc\u00e8s \u00e0 une \u00e9ducation de qualit\u00e9<\/h3>\n\t\t\t\t\t\t\t\t\t\t\t\t\t\t\t\t\t<div class=\"lignes-de-produits__product_txt\"><p>Cailabs s&rsquo;engage \u00e0 \u00e9largir l&rsquo;acc\u00e8s \u00e0 une \u00e9ducation de qualit\u00e9. Nos employ\u00e9s ont la possibilit\u00e9 d&rsquo;entreprendre des actions dans cette direction jusqu&rsquo;\u00e0 35 jours ouvrables par an. Dans le pass\u00e9, nos membres d&rsquo;\u00e9quipe ont lanc\u00e9 des initiatives dans des coll\u00e8ges et lyc\u00e9es pour encourager les femmes \u00e0 poursuivre des carri\u00e8res dans le domaine des sciences. De plus, Cailabs a parrain\u00e9 des hackathons \u00e9tudiants traitant de d\u00e9fis li\u00e9s \u00e0 l&rsquo;espace.<\/p>\n<\/div>\n\t\t\t\t\t\t\t\t\t\t\t\t\t\t\t<\/div>\n\t\t\t\t\t\t<\/div>\n\t\t\t\t\t\t\t\t\t\t\t\t\t\t\t\t\t\t\t\t<div class=\"lignes-de-produits__product\">\n\t\t\t\t\t\t\t\t\t\t\t\t\t\t\t<div class=\"lignes-de-produits__product_image\">\n\t\t\t\t\t\t\t\t\t<picture>\n\t\t\t\t\t\t\t\t\t\t<source type=\"image\/webp\" srcset=\"https:\/\/www.cailabs.com\/app\/uploads\/2024\/02\/environmental-footprint-400x0-c-default.webp, https:\/\/www.cailabs.com\/app\/uploads\/2024\/02\/environmental-footprint-400x0-c-default@2x.webp 2x\">\n\t\t\t\t\t\t\t\t\t\t<source type=\"image\/jpeg\" srcset=\"https:\/\/www.cailabs.com\/app\/uploads\/2024\/02\/environmental-footprint-400x0-c-default.jpg, https:\/\/www.cailabs.com\/app\/uploads\/2024\/02\/environmental-footprint-400x0-c-default@2x.jpg 2x\">\n\t\t\t\t\t\t\t\t\t\t<img decoding=\"async\" loading=\"lazy\" src=\"https:\/\/www.cailabs.com\/app\/uploads\/2024\/02\/environmental-footprint-400x0-c-default.jpg\" alt=\"environmental footprint\" width=\"390\" height=\"320\"\/>\n\t\t\t\t\t\t\t\t\t<\/picture>\n\t\t\t\t\t\t\t\t<\/div>\n\t\t\t\t\t\t\t\t\t\t\t\t\t\t<div class=\"lignes-de-produits__product_content\">\n\t\t\t\t\t\t\t\t<h3>Nous ma\u00eetrisons notre empreinte environnementale<\/h3>\n\t\t\t\t\t\t\t\t\t\t\t\t\t\t\t\t\t<div class=\"lignes-de-produits__product_txt\"><p>Chaque ann\u00e9e, nous r\u00e9alisons une \u00e9valuation de notre empreinte carbone. Deux de nos produits contribuent \u00e0 un impact environnemental positif : AROONA sert d&rsquo;alternative au remplacement total d&rsquo;un syst\u00e8me r\u00e9seau, tandis que CANUNDA permet la soudure des batteries de v\u00e9hicules \u00e9lectriques. De plus, Cailabs encourage la mobilit\u00e9 durable parmi ses employ\u00e9s, offrant une prime pouvant aller jusqu&rsquo;\u00e0 400 euros pour ceux qui en font usage.<\/p>\n<\/div>\n\t\t\t\t\t\t\t\t\t\t\t\t\t\t\t<\/div>\n\t\t\t\t\t\t<\/div>\n\t\t\t\t\t\t\t\t\t\t\t\t<\/div>\n\t\t\t<\/div>\n<\/section>","protected":false},"excerpt":{"rendered":"","protected":false},"author":1,"featured_media":0,"parent":0,"menu_order":0,"comment_status":"closed","ping_status":"closed","template":"","meta":{"_acf_changed":false,"content-type":"","_schema_org_content_json":"","footnotes":""},"class_list":["post-2722","page","type-page","status-publish","hentry"],"acf":[],"yoast_head":"<!-- This site is optimized with the Yoast SEO plugin v27.5 - https:\/\/yoast.com\/product\/yoast-seo-wordpress\/ -->\n<title>Nos engagements | Cailabs<\/title>\n<meta name=\"robots\" content=\"index, follow, max-snippet:-1, max-image-preview:large, max-video-preview:-1\" \/>\n<link rel=\"canonical\" href=\"https:\/\/www.cailabs.com\/fr\/nos-engagements\/\" \/>\n<meta property=\"og:locale\" content=\"fr_FR\" \/>\n<meta property=\"og:type\" content=\"article\" \/>\n<meta property=\"og:title\" content=\"Nos engagements | Cailabs\" \/>\n<meta property=\"og:url\" content=\"https:\/\/www.cailabs.com\/fr\/nos-engagements\/\" \/>\n<meta property=\"og:site_name\" content=\"Cailabs\" \/>\n<meta property=\"article:modified_time\" content=\"2025-03-06T13:34:43+00:00\" \/>\n<meta name=\"twitter:card\" content=\"summary_large_image\" \/>\n<script type=\"application\/ld+json\" class=\"yoast-schema-graph\">{\"@context\":\"https:\\\/\\\/schema.org\",\"@graph\":[{\"@type\":\"WebPage\",\"@id\":\"https:\\\/\\\/www.cailabs.com\\\/fr\\\/nos-engagements\\\/\",\"url\":\"https:\\\/\\\/www.cailabs.com\\\/fr\\\/nos-engagements\\\/\",\"name\":\"Nos engagements | Cailabs\",\"isPartOf\":{\"@id\":\"https:\\\/\\\/www.cailabs.com\\\/fr\\\/#website\"},\"datePublished\":\"2024-02-14T09:04:11+00:00\",\"dateModified\":\"2025-03-06T13:34:43+00:00\",\"breadcrumb\":{\"@id\":\"https:\\\/\\\/www.cailabs.com\\\/fr\\\/nos-engagements\\\/#breadcrumb\"},\"inLanguage\":\"fr-FR\",\"potentialAction\":[{\"@type\":\"ReadAction\",\"target\":[\"https:\\\/\\\/www.cailabs.com\\\/fr\\\/nos-engagements\\\/\"]}]},{\"@type\":\"BreadcrumbList\",\"@id\":\"https:\\\/\\\/www.cailabs.com\\\/fr\\\/nos-engagements\\\/#breadcrumb\",\"itemListElement\":[{\"@type\":\"ListItem\",\"position\":1,\"name\":\"Home\",\"item\":\"https:\\\/\\\/www.cailabs.com\\\/fr\\\/\"},{\"@type\":\"ListItem\",\"position\":2,\"name\":\"Nos engagements\"}]},{\"@type\":\"WebSite\",\"@id\":\"https:\\\/\\\/www.cailabs.com\\\/fr\\\/#website\",\"url\":\"https:\\\/\\\/www.cailabs.com\\\/fr\\\/\",\"name\":\"Cailabs\",\"description\":\"\",\"potentialAction\":[{\"@type\":\"SearchAction\",\"target\":{\"@type\":\"EntryPoint\",\"urlTemplate\":\"https:\\\/\\\/www.cailabs.com\\\/fr\\\/?s={search_term_string}\"},\"query-input\":{\"@type\":\"PropertyValueSpecification\",\"valueRequired\":true,\"valueName\":\"search_term_string\"}}],\"inLanguage\":\"fr-FR\"}]}<\/script>\n<!-- \/ Yoast SEO plugin. -->","yoast_head_json":{"title":"Nos engagements | Cailabs","robots":{"index":"index","follow":"follow","max-snippet":"max-snippet:-1","max-image-preview":"max-image-preview:large","max-video-preview":"max-video-preview:-1"},"canonical":"https:\/\/www.cailabs.com\/fr\/nos-engagements\/","og_locale":"fr_FR","og_type":"article","og_title":"Nos engagements | Cailabs","og_url":"https:\/\/www.cailabs.com\/fr\/nos-engagements\/","og_site_name":"Cailabs","article_modified_time":"2025-03-06T13:34:43+00:00","twitter_card":"summary_large_image","schema":{"@context":"https:\/\/schema.org","@graph":[{"@type":"WebPage","@id":"https:\/\/www.cailabs.com\/fr\/nos-engagements\/","url":"https:\/\/www.cailabs.com\/fr\/nos-engagements\/","name":"Nos engagements | Cailabs","isPartOf":{"@id":"https:\/\/www.cailabs.com\/fr\/#website"},"datePublished":"2024-02-14T09:04:11+00:00","dateModified":"2025-03-06T13:34:43+00:00","breadcrumb":{"@id":"https:\/\/www.cailabs.com\/fr\/nos-engagements\/#breadcrumb"},"inLanguage":"fr-FR","potentialAction":[{"@type":"ReadAction","target":["https:\/\/www.cailabs.com\/fr\/nos-engagements\/"]}]},{"@type":"BreadcrumbList","@id":"https:\/\/www.cailabs.com\/fr\/nos-engagements\/#breadcrumb","itemListElement":[{"@type":"ListItem","position":1,"name":"Home","item":"https:\/\/www.cailabs.com\/fr\/"},{"@type":"ListItem","position":2,"name":"Nos engagements"}]},{"@type":"WebSite","@id":"https:\/\/www.cailabs.com\/fr\/#website","url":"https:\/\/www.cailabs.com\/fr\/","name":"Cailabs","description":"","potentialAction":[{"@type":"SearchAction","target":{"@type":"EntryPoint","urlTemplate":"https:\/\/www.cailabs.com\/fr\/?s={search_term_string}"},"query-input":{"@type":"PropertyValueSpecification","valueRequired":true,"valueName":"search_term_string"}}],"inLanguage":"fr-FR"}]}},"_links":{"self":[{"href":"https:\/\/www.cailabs.com\/fr\/wp-json\/wp\/v2\/pages\/2722","targetHints":{"allow":["GET"]}}],"collection":[{"href":"https:\/\/www.cailabs.com\/fr\/wp-json\/wp\/v2\/pages"}],"about":[{"href":"https:\/\/www.cailabs.com\/fr\/wp-json\/wp\/v2\/types\/page"}],"author":[{"embeddable":true,"href":"https:\/\/www.cailabs.com\/fr\/wp-json\/wp\/v2\/users\/1"}],"replies":[{"embeddable":true,"href":"https:\/\/www.cailabs.com\/fr\/wp-json\/wp\/v2\/comments?post=2722"}],"version-history":[{"count":18,"href":"https:\/\/www.cailabs.com\/fr\/wp-json\/wp\/v2\/pages\/2722\/revisions"}],"predecessor-version":[{"id":11216,"href":"https:\/\/www.cailabs.com\/fr\/wp-json\/wp\/v2\/pages\/2722\/revisions\/11216"}],"wp:attachment":[{"href":"https:\/\/www.cailabs.com\/fr\/wp-json\/wp\/v2\/media?parent=2722"}],"curies":[{"name":"wp","href":"https:\/\/api.w.org\/{rel}","templated":true}]}}