{"id":2773,"date":"2024-02-19T13:51:12","date_gmt":"2024-02-19T12:51:12","guid":{"rendered":"https:\/\/www.cailabs.com\/reseaux-fibres\/industry\/"},"modified":"2024-02-27T11:31:04","modified_gmt":"2024-02-27T10:31:04","slug":"industrie","status":"publish","type":"page","link":"https:\/\/www.cailabs.com\/fr\/reseaux-fibres\/reseaux-locaux\/industrie\/","title":{"rendered":"Industrie"},"content":{"rendered":"\n<div class=\"wp-block-group is-layout-constrained wp-block-group-is-layout-constrained\">\n<h1 class=\"wp-block-heading has-text-align-center\">Industrie<\/h1>\n<\/div>\n\n\n\n<div class=\"wp-block-cover alignfull\" style=\"min-height:350px;aspect-ratio:unset;\"><span aria-hidden=\"true\" class=\"wp-block-cover__background has-background-dim\"><\/span><img loading=\"lazy\" decoding=\"async\" width=\"1150\" height=\"500\" class=\"wp-block-cover__image-background wp-image-2775\" alt=\"1150x500 Usine\" src=\"https:\/\/www.cailabs.com\/app\/uploads\/2024\/02\/1150x500_usine.png\" data-object-fit=\"cover\" srcset=\"https:\/\/www.cailabs.com\/app\/uploads\/2024\/02\/1150x500_usine.png 1150w, https:\/\/www.cailabs.com\/app\/uploads\/2024\/02\/1150x500_usine-300x130.png 300w, https:\/\/www.cailabs.com\/app\/uploads\/2024\/02\/1150x500_usine-1024x445.png 1024w, https:\/\/www.cailabs.com\/app\/uploads\/2024\/02\/1150x500_usine-768x334.png 768w\" sizes=\"auto, (max-width: 1150px) 100vw, 1150px\" \/><div class=\"wp-block-cover__inner-container is-layout-constrained wp-block-cover-is-layout-constrained\">\n<p class=\"has-text-align-center has-large-font-size\"><strong>AROONA au service de la transition num\u00e9rique des sites industriels<\/strong><\/p>\n<\/div><\/div>\n\n\n\n<p><strong>Vid\u00e9osurveillance, ERP, centralisation du contr\u00f4le des postes de commande, outils connect\u00e9s, automatisation : les usines sont amen\u00e9es \u00e0 mettre \u00e0 jour leurs r\u00e9seaux pour augmenter la capacit\u00e9 du d\u00e9bit et supporter des applications de plus en plus gourmandes en bande passante.<\/strong><\/p>\n\n\n\n<p>Le constat sur site est souvent le suivant : les fibres multimodes ancienne g\u00e9n\u00e9ration ne supportent pas de d\u00e9bit de plus de quelques centaines de Mb\/s alors qu\u2019un upgrade \u00e0 10 Gb\/s est n\u00e9cessaire pour supporter, par exemple, les flux de donn\u00e9es vid\u00e9o.<\/p>\n\n\n\n<p>Le d\u00e9ploiement de nouvelles fibres pose parfois probl\u00e8me car il n\u00e9cessite du g\u00e9nie civil, qui engendre l\u2019immobilisation du site pendant toute la dur\u00e9e des travaux.<\/p>\n\n\n\n<ul class=\"wp-block-list\">\n<li>L\u2019installation d\u2019AROONA se fait&nbsp;<strong>rapidement<\/strong>, en 3 heures<\/li>\n\n\n\n<li><strong>Ni le site de production ni la cha\u00eene de montage ne sont interrompus<\/strong><\/li>\n\n\n\n<li>La solution AROONA est&nbsp;<strong>peu co\u00fbteuse<\/strong><\/li>\n<\/ul>\n\n\n<section class=\"acf slider-dapplications aligncenter is-style-centered wp-block-acf-slider-dapplications\" id=\"block_87dff62c1fd1ef751864400e80cccad0\">\n\t<div class=\"container container__large\">\n\t\t\t\t\t<h2>Nos autres applications<\/h2>\n\t\t\t\t\t\t\t<div class=\"slider-dapplications__applications swiper\">\n\t\t\t\t<div class=\"swiper-wrapper\">\n\t\t\t\t\t\t\t\t\t\t\t\t\t\t\t\t\t\t<a href=\"https:\/\/www.cailabs.com\/fr\/reseaux-fibres\/reseaux-locaux\/sante\/\" class=\"slider-dapplications__application swiper-slide\">\n\t\t\t\t\t\t\t\t<strong class=\"slider-dapplications__application_title\">Sant\u00e9<\/strong>\n\t\t\t\t\t\t\t\t<div class=\"slider-dapplications__application_img\">\n\t\t\t\t\t\t\t\t\t<picture>\n\t\t\t\t\t\t\t\t\t\t<source type=\"image\/webp\" srcset=\"https:\/\/www.cailabs.com\/app\/uploads\/2024\/02\/healthcare-350x500-c-1.webp, https:\/\/www.cailabs.com\/app\/uploads\/2024\/02\/healthcare-350x500-c-1@2x.webp 2x\">\n\t\t\t\t\t\t\t\t\t\t<source type=\"image\/jpeg\" srcset=\"https:\/\/www.cailabs.com\/app\/uploads\/2024\/02\/healthcare-350x500-c-1.jpg, https:\/\/www.cailabs.com\/app\/uploads\/2024\/02\/healthcare-350x500-c-1@2x.jpg 2x\">\n\t\t\t\t\t\t\t\t\t\t<img decoding=\"async\" loading=\"lazy\" src=\"https:\/\/www.cailabs.com\/app\/uploads\/2024\/02\/healthcare-350x500-c-1.jpg\" alt=\"MRI machine and screens with doctor and nurse\" width=\"320\" height=\"430\"\/>\n\t\t\t\t\t\t\t\t\t<\/picture>\n\t\t\t\t\t\t\t\t<\/div>\n\t\t\t\t\t\t\t<\/a>\n\t\t\t\t\t\t\t\t\t\t\t\t\t\t\t\t\t\t\t\t\t\t\t\t<a href=\"https:\/\/www.cailabs.com\/fr\/reseaux-fibres\/reseaux-locaux\/batiments-historiques\/\" class=\"slider-dapplications__application swiper-slide\">\n\t\t\t\t\t\t\t\t<strong class=\"slider-dapplications__application_title\">B\u00e2timents historiques<\/strong>\n\t\t\t\t\t\t\t\t<div class=\"slider-dapplications__application_img\">\n\t\t\t\t\t\t\t\t\t<picture>\n\t\t\t\t\t\t\t\t\t\t<source type=\"image\/webp\" srcset=\"https:\/\/www.cailabs.com\/app\/uploads\/2024\/02\/historic-buildings-350x500-c-1.webp, https:\/\/www.cailabs.com\/app\/uploads\/2024\/02\/historic-buildings-350x500-c-1@2x.webp 2x\">\n\t\t\t\t\t\t\t\t\t\t<source type=\"image\/jpeg\" srcset=\"https:\/\/www.cailabs.com\/app\/uploads\/2024\/02\/historic-buildings-350x500-c-1.jpg, https:\/\/www.cailabs.com\/app\/uploads\/2024\/02\/historic-buildings-350x500-c-1@2x.jpg 2x\">\n\t\t\t\t\t\t\t\t\t\t<img decoding=\"async\" loading=\"lazy\" src=\"https:\/\/www.cailabs.com\/app\/uploads\/2024\/02\/historic-buildings-350x500-c-1.jpg\" alt=\"A woman in the museum uses the touchscreen monitor electronic guide, the concept of modern education\" width=\"320\" height=\"430\"\/>\n\t\t\t\t\t\t\t\t\t<\/picture>\n\t\t\t\t\t\t\t\t<\/div>\n\t\t\t\t\t\t\t<\/a>\n\t\t\t\t\t\t\t\t\t\t\t\t\t\t\t\t\t\t\t\t\t\t\t\t<a href=\"https:\/\/www.cailabs.com\/fr\/reseaux-fibres\/reseaux-locaux\/education\/\" class=\"slider-dapplications__application swiper-slide\">\n\t\t\t\t\t\t\t\t<strong class=\"slider-dapplications__application_title\">Education<\/strong>\n\t\t\t\t\t\t\t\t<div class=\"slider-dapplications__application_img\">\n\t\t\t\t\t\t\t\t\t<picture>\n\t\t\t\t\t\t\t\t\t\t<source type=\"image\/webp\" srcset=\"https:\/\/www.cailabs.com\/app\/uploads\/2024\/02\/education-350x500-c-1.webp, https:\/\/www.cailabs.com\/app\/uploads\/2024\/02\/education-350x500-c-1@2x.webp 2x\">\n\t\t\t\t\t\t\t\t\t\t<source type=\"image\/jpeg\" srcset=\"https:\/\/www.cailabs.com\/app\/uploads\/2024\/02\/education-350x500-c-1.jpg, https:\/\/www.cailabs.com\/app\/uploads\/2024\/02\/education-350x500-c-1@2x.jpg 2x\">\n\t\t\t\t\t\t\t\t\t\t<img decoding=\"async\" loading=\"lazy\" src=\"https:\/\/www.cailabs.com\/app\/uploads\/2024\/02\/education-350x500-c-1.jpg\" alt=\"University of Rennes\" width=\"320\" height=\"430\"\/>\n\t\t\t\t\t\t\t\t\t<\/picture>\n\t\t\t\t\t\t\t\t<\/div>\n\t\t\t\t\t\t\t<\/a>\n\t\t\t\t\t\t\t\t\t\t\t\t\t\t\t\t\t\t\t\t\t\t\t\t<a href=\"https:\/\/www.cailabs.com\/fr\/reseaux-fibres\/reseaux-locaux\/passive-optical-lan\/\" class=\"slider-dapplications__application swiper-slide\">\n\t\t\t\t\t\t\t\t<strong class=\"slider-dapplications__application_title\">Passive Optical Lan<\/strong>\n\t\t\t\t\t\t\t\t<div class=\"slider-dapplications__application_img\">\n\t\t\t\t\t\t\t\t\t<picture>\n\t\t\t\t\t\t\t\t\t\t<source type=\"image\/webp\" srcset=\"https:\/\/www.cailabs.com\/app\/uploads\/2024\/02\/cailabs_aroona-pol-mm-sm_mmftosplice_1150x500-350x500-c-1.webp, https:\/\/www.cailabs.com\/app\/uploads\/2024\/02\/cailabs_aroona-pol-mm-sm_mmftosplice_1150x500-350x500-c-1@2x.webp 2x\">\n\t\t\t\t\t\t\t\t\t\t<source type=\"image\/jpeg\" srcset=\"https:\/\/www.cailabs.com\/app\/uploads\/2024\/02\/cailabs_aroona-pol-mm-sm_mmftosplice_1150x500-350x500-c-1.jpg, https:\/\/www.cailabs.com\/app\/uploads\/2024\/02\/cailabs_aroona-pol-mm-sm_mmftosplice_1150x500-350x500-c-1@2x.jpg 2x\">\n\t\t\t\t\t\t\t\t\t\t<img decoding=\"async\" loading=\"lazy\" src=\"https:\/\/www.cailabs.com\/app\/uploads\/2024\/02\/cailabs_aroona-pol-mm-sm_mmftosplice_1150x500-350x500-c-1.jpg\" alt=\"AROONA-POL\" width=\"320\" height=\"430\"\/>\n\t\t\t\t\t\t\t\t\t<\/picture>\n\t\t\t\t\t\t\t\t<\/div>\n\t\t\t\t\t\t\t<\/a>\n\t\t\t\t\t\t\t\t\t\t\t\t\t\t\t\t\t\t\t\t\t\t\t\t<a href=\"https:\/\/www.cailabs.com\/fr\/reseaux-fibres\/reseaux-locaux\/gouvernement\/\" class=\"slider-dapplications__application swiper-slide\">\n\t\t\t\t\t\t\t\t<strong class=\"slider-dapplications__application_title\">Gouvernement<\/strong>\n\t\t\t\t\t\t\t\t<div class=\"slider-dapplications__application_img\">\n\t\t\t\t\t\t\t\t\t<picture>\n\t\t\t\t\t\t\t\t\t\t<source type=\"image\/webp\" srcset=\"https:\/\/www.cailabs.com\/app\/uploads\/2024\/02\/cailabs_aroona_lan_gouvernement_1150x500-350x500-c-1.webp, https:\/\/www.cailabs.com\/app\/uploads\/2024\/02\/cailabs_aroona_lan_gouvernement_1150x500-350x500-c-1@2x.webp 2x\">\n\t\t\t\t\t\t\t\t\t\t<source type=\"image\/jpeg\" srcset=\"https:\/\/www.cailabs.com\/app\/uploads\/2024\/02\/cailabs_aroona_lan_gouvernement_1150x500-350x500-c-1.jpg, https:\/\/www.cailabs.com\/app\/uploads\/2024\/02\/cailabs_aroona_lan_gouvernement_1150x500-350x500-c-1@2x.jpg 2x\">\n\t\t\t\t\t\t\t\t\t\t<img decoding=\"async\" loading=\"lazy\" src=\"https:\/\/www.cailabs.com\/app\/uploads\/2024\/02\/cailabs_aroona_lan_gouvernement_1150x500-350x500-c-1.jpg\" alt=\"Panoramic View Of The Famous Court Of Appeal With Statue In Aix\" width=\"320\" height=\"430\"\/>\n\t\t\t\t\t\t\t\t\t<\/picture>\n\t\t\t\t\t\t\t\t<\/div>\n\t\t\t\t\t\t\t<\/a>\n\t\t\t\t\t\t\t\t\t\t\t\t\t\t\t\t\t\t\t\t\t\t\t\t<a href=\"https:\/\/www.cailabs.com\/fr\/reseaux-fibres\/reseaux-locaux\/stations-de-ski\/\" class=\"slider-dapplications__application swiper-slide\">\n\t\t\t\t\t\t\t\t<strong class=\"slider-dapplications__application_title\">Stations de ski<\/strong>\n\t\t\t\t\t\t\t\t<div class=\"slider-dapplications__application_img\">\n\t\t\t\t\t\t\t\t\t<picture>\n\t\t\t\t\t\t\t\t\t\t<source type=\"image\/webp\" srcset=\"https:\/\/www.cailabs.com\/app\/uploads\/2024\/02\/2-alpes-ski-resort-1150x500-1-350x500-c-1.webp, https:\/\/www.cailabs.com\/app\/uploads\/2024\/02\/2-alpes-ski-resort-1150x500-1-350x500-c-1@2x.webp 2x\">\n\t\t\t\t\t\t\t\t\t\t<source type=\"image\/jpeg\" srcset=\"https:\/\/www.cailabs.com\/app\/uploads\/2024\/02\/2-alpes-ski-resort-1150x500-1-350x500-c-1.jpg, https:\/\/www.cailabs.com\/app\/uploads\/2024\/02\/2-alpes-ski-resort-1150x500-1-350x500-c-1@2x.jpg 2x\">\n\t\t\t\t\t\t\t\t\t\t<img decoding=\"async\" loading=\"lazy\" src=\"https:\/\/www.cailabs.com\/app\/uploads\/2024\/02\/2-alpes-ski-resort-1150x500-1-350x500-c-1.jpg\" alt=\"AROONA au service de la transition num\u00e9rique des stations de ski\" width=\"320\" height=\"430\"\/>\n\t\t\t\t\t\t\t\t\t<\/picture>\n\t\t\t\t\t\t\t\t<\/div>\n\t\t\t\t\t\t\t<\/a>\n\t\t\t\t\t\t\t\t\t\t\t\t\t\t\t<\/div>\n\t\t\t\t<div class=\"swiper-pagination\"><\/div>\n\t\t\t<\/div>\n\t\t\t<\/div>\n<\/section>\n\n<section class=\"acf bandeau-avec-bouton align wp-block-acf-bandeau-avec-bouton\" id=\"block_8233a9114c05e9a9467a7e944d884f27\">\n\t<div class=\"container\">\n\t\t\t\t\t<h2>Prenez contact avec Cailabs<\/h2>\n\t\t\t\t\t\t\t<div class=\"txt\"><p>Vous souhaitez en apprendre plus sur l\u2019une de nos solutions ?<\/p>\n<\/div>\n\t\t\t\t\t\t\t<a href=\"https:\/\/www.cailabs.com\/fr\/contact\/\" target=\"\" class=\"btn btn__outline\">Contactez nous !<\/a>\n\t\t\t<\/div>\n\t<\/section>","protected":false},"excerpt":{"rendered":"<p>Industrie Vid\u00e9osurveillance, ERP, centralisation du contr\u00f4le des postes de commande, outils connect\u00e9s, automatisation : les usines sont amen\u00e9es \u00e0 mettre \u00e0 jour leurs r\u00e9seaux pour augmenter la capacit\u00e9 du d\u00e9bit et supporter des applications de plus en plus gourmandes en bande passante. Le constat sur site est souvent le suivant : les fibres multimodes ancienne [&hellip;]<\/p>\n","protected":false},"author":2,"featured_media":0,"parent":1860,"menu_order":0,"comment_status":"closed","ping_status":"closed","template":"","meta":{"_acf_changed":false,"content-type":"","_schema_org_content_json":"","footnotes":""},"class_list":["post-2773","page","type-page","status-publish","hentry"],"acf":[],"yoast_head":"<!-- This site is optimized with the Yoast SEO plugin v27.5 - https:\/\/yoast.com\/product\/yoast-seo-wordpress\/ -->\n<title>R\u00e9seaux Fibr\u00e9s | Industrie<\/title>\n<meta name=\"description\" content=\"AROONA au service de la transition num\u00e9rique des sites industriels.\" \/>\n<meta name=\"robots\" content=\"index, follow, max-snippet:-1, max-image-preview:large, max-video-preview:-1\" \/>\n<link rel=\"canonical\" href=\"https:\/\/www.cailabs.com\/fr\/reseaux-fibres\/reseaux-locaux\/industrie\/\" \/>\n<meta property=\"og:locale\" content=\"fr_FR\" \/>\n<meta property=\"og:type\" content=\"article\" \/>\n<meta property=\"og:title\" content=\"R\u00e9seaux Fibr\u00e9s | Industrie\" \/>\n<meta property=\"og:description\" content=\"AROONA au service de la transition num\u00e9rique des sites industriels.\" \/>\n<meta property=\"og:url\" content=\"https:\/\/www.cailabs.com\/fr\/reseaux-fibres\/reseaux-locaux\/industrie\/\" \/>\n<meta property=\"og:site_name\" content=\"Cailabs\" \/>\n<meta property=\"article:modified_time\" content=\"2024-02-27T10:31:04+00:00\" \/>\n<meta property=\"og:image\" content=\"https:\/\/www.cailabs.com\/app\/uploads\/2024\/02\/1150x500_usine.png\" \/>\n<meta name=\"twitter:card\" content=\"summary_large_image\" \/>\n<meta name=\"twitter:label1\" content=\"Dur\u00e9e de lecture estim\u00e9e\" \/>\n\t<meta name=\"twitter:data1\" content=\"1 minute\" \/>\n<script type=\"application\/ld+json\" class=\"yoast-schema-graph\">{\"@context\":\"https:\\\/\\\/schema.org\",\"@graph\":[{\"@type\":\"WebPage\",\"@id\":\"https:\\\/\\\/www.cailabs.com\\\/fr\\\/reseaux-fibres\\\/reseaux-locaux\\\/industrie\\\/\",\"url\":\"https:\\\/\\\/www.cailabs.com\\\/fr\\\/reseaux-fibres\\\/reseaux-locaux\\\/industrie\\\/\",\"name\":\"R\u00e9seaux Fibr\u00e9s | Industrie\",\"isPartOf\":{\"@id\":\"https:\\\/\\\/www.cailabs.com\\\/fr\\\/#website\"},\"primaryImageOfPage\":{\"@id\":\"https:\\\/\\\/www.cailabs.com\\\/fr\\\/reseaux-fibres\\\/reseaux-locaux\\\/industrie\\\/#primaryimage\"},\"image\":{\"@id\":\"https:\\\/\\\/www.cailabs.com\\\/fr\\\/reseaux-fibres\\\/reseaux-locaux\\\/industrie\\\/#primaryimage\"},\"thumbnailUrl\":\"https:\\\/\\\/www.cailabs.com\\\/app\\\/uploads\\\/2024\\\/02\\\/1150x500_usine.png\",\"datePublished\":\"2024-02-19T12:51:12+00:00\",\"dateModified\":\"2024-02-27T10:31:04+00:00\",\"description\":\"AROONA au service de la transition num\u00e9rique des sites industriels.\",\"breadcrumb\":{\"@id\":\"https:\\\/\\\/www.cailabs.com\\\/fr\\\/reseaux-fibres\\\/reseaux-locaux\\\/industrie\\\/#breadcrumb\"},\"inLanguage\":\"fr-FR\",\"potentialAction\":[{\"@type\":\"ReadAction\",\"target\":[\"https:\\\/\\\/www.cailabs.com\\\/fr\\\/reseaux-fibres\\\/reseaux-locaux\\\/industrie\\\/\"]}]},{\"@type\":\"ImageObject\",\"inLanguage\":\"fr-FR\",\"@id\":\"https:\\\/\\\/www.cailabs.com\\\/fr\\\/reseaux-fibres\\\/reseaux-locaux\\\/industrie\\\/#primaryimage\",\"url\":\"https:\\\/\\\/www.cailabs.com\\\/app\\\/uploads\\\/2024\\\/02\\\/1150x500_usine.png\",\"contentUrl\":\"https:\\\/\\\/www.cailabs.com\\\/app\\\/uploads\\\/2024\\\/02\\\/1150x500_usine.png\"},{\"@type\":\"BreadcrumbList\",\"@id\":\"https:\\\/\\\/www.cailabs.com\\\/fr\\\/reseaux-fibres\\\/reseaux-locaux\\\/industrie\\\/#breadcrumb\",\"itemListElement\":[{\"@type\":\"ListItem\",\"position\":1,\"name\":\"Home\",\"item\":\"https:\\\/\\\/www.cailabs.com\\\/fr\\\/\"},{\"@type\":\"ListItem\",\"position\":2,\"name\":\"R\u00e9seaux fibr\u00e9s\",\"item\":\"https:\\\/\\\/www.cailabs.com\\\/fr\\\/reseaux-fibres\\\/\"},{\"@type\":\"ListItem\",\"position\":3,\"name\":\"R\u00e9seaux locaux\",\"item\":\"https:\\\/\\\/www.cailabs.com\\\/fr\\\/reseaux-fibres\\\/reseaux-locaux\\\/\"},{\"@type\":\"ListItem\",\"position\":4,\"name\":\"Industrie\"}]},{\"@type\":\"WebSite\",\"@id\":\"https:\\\/\\\/www.cailabs.com\\\/fr\\\/#website\",\"url\":\"https:\\\/\\\/www.cailabs.com\\\/fr\\\/\",\"name\":\"Cailabs\",\"description\":\"\",\"potentialAction\":[{\"@type\":\"SearchAction\",\"target\":{\"@type\":\"EntryPoint\",\"urlTemplate\":\"https:\\\/\\\/www.cailabs.com\\\/fr\\\/?s={search_term_string}\"},\"query-input\":{\"@type\":\"PropertyValueSpecification\",\"valueRequired\":true,\"valueName\":\"search_term_string\"}}],\"inLanguage\":\"fr-FR\"}]}<\/script>\n<!-- \/ Yoast SEO plugin. -->","yoast_head_json":{"title":"R\u00e9seaux Fibr\u00e9s | Industrie","description":"AROONA au service de la transition num\u00e9rique des sites industriels.","robots":{"index":"index","follow":"follow","max-snippet":"max-snippet:-1","max-image-preview":"max-image-preview:large","max-video-preview":"max-video-preview:-1"},"canonical":"https:\/\/www.cailabs.com\/fr\/reseaux-fibres\/reseaux-locaux\/industrie\/","og_locale":"fr_FR","og_type":"article","og_title":"R\u00e9seaux Fibr\u00e9s | Industrie","og_description":"AROONA au service de la transition num\u00e9rique des sites industriels.","og_url":"https:\/\/www.cailabs.com\/fr\/reseaux-fibres\/reseaux-locaux\/industrie\/","og_site_name":"Cailabs","article_modified_time":"2024-02-27T10:31:04+00:00","og_image":[{"url":"https:\/\/www.cailabs.com\/app\/uploads\/2024\/02\/1150x500_usine.png","type":"","width":"","height":""}],"twitter_card":"summary_large_image","twitter_misc":{"Dur\u00e9e de lecture estim\u00e9e":"1 minute"},"schema":{"@context":"https:\/\/schema.org","@graph":[{"@type":"WebPage","@id":"https:\/\/www.cailabs.com\/fr\/reseaux-fibres\/reseaux-locaux\/industrie\/","url":"https:\/\/www.cailabs.com\/fr\/reseaux-fibres\/reseaux-locaux\/industrie\/","name":"R\u00e9seaux Fibr\u00e9s | Industrie","isPartOf":{"@id":"https:\/\/www.cailabs.com\/fr\/#website"},"primaryImageOfPage":{"@id":"https:\/\/www.cailabs.com\/fr\/reseaux-fibres\/reseaux-locaux\/industrie\/#primaryimage"},"image":{"@id":"https:\/\/www.cailabs.com\/fr\/reseaux-fibres\/reseaux-locaux\/industrie\/#primaryimage"},"thumbnailUrl":"https:\/\/www.cailabs.com\/app\/uploads\/2024\/02\/1150x500_usine.png","datePublished":"2024-02-19T12:51:12+00:00","dateModified":"2024-02-27T10:31:04+00:00","description":"AROONA au service de la transition num\u00e9rique des sites industriels.","breadcrumb":{"@id":"https:\/\/www.cailabs.com\/fr\/reseaux-fibres\/reseaux-locaux\/industrie\/#breadcrumb"},"inLanguage":"fr-FR","potentialAction":[{"@type":"ReadAction","target":["https:\/\/www.cailabs.com\/fr\/reseaux-fibres\/reseaux-locaux\/industrie\/"]}]},{"@type":"ImageObject","inLanguage":"fr-FR","@id":"https:\/\/www.cailabs.com\/fr\/reseaux-fibres\/reseaux-locaux\/industrie\/#primaryimage","url":"https:\/\/www.cailabs.com\/app\/uploads\/2024\/02\/1150x500_usine.png","contentUrl":"https:\/\/www.cailabs.com\/app\/uploads\/2024\/02\/1150x500_usine.png"},{"@type":"BreadcrumbList","@id":"https:\/\/www.cailabs.com\/fr\/reseaux-fibres\/reseaux-locaux\/industrie\/#breadcrumb","itemListElement":[{"@type":"ListItem","position":1,"name":"Home","item":"https:\/\/www.cailabs.com\/fr\/"},{"@type":"ListItem","position":2,"name":"R\u00e9seaux fibr\u00e9s","item":"https:\/\/www.cailabs.com\/fr\/reseaux-fibres\/"},{"@type":"ListItem","position":3,"name":"R\u00e9seaux locaux","item":"https:\/\/www.cailabs.com\/fr\/reseaux-fibres\/reseaux-locaux\/"},{"@type":"ListItem","position":4,"name":"Industrie"}]},{"@type":"WebSite","@id":"https:\/\/www.cailabs.com\/fr\/#website","url":"https:\/\/www.cailabs.com\/fr\/","name":"Cailabs","description":"","potentialAction":[{"@type":"SearchAction","target":{"@type":"EntryPoint","urlTemplate":"https:\/\/www.cailabs.com\/fr\/?s={search_term_string}"},"query-input":{"@type":"PropertyValueSpecification","valueRequired":true,"valueName":"search_term_string"}}],"inLanguage":"fr-FR"}]}},"_links":{"self":[{"href":"https:\/\/www.cailabs.com\/fr\/wp-json\/wp\/v2\/pages\/2773","targetHints":{"allow":["GET"]}}],"collection":[{"href":"https:\/\/www.cailabs.com\/fr\/wp-json\/wp\/v2\/pages"}],"about":[{"href":"https:\/\/www.cailabs.com\/fr\/wp-json\/wp\/v2\/types\/page"}],"author":[{"embeddable":true,"href":"https:\/\/www.cailabs.com\/fr\/wp-json\/wp\/v2\/users\/2"}],"replies":[{"embeddable":true,"href":"https:\/\/www.cailabs.com\/fr\/wp-json\/wp\/v2\/comments?post=2773"}],"version-history":[{"count":6,"href":"https:\/\/www.cailabs.com\/fr\/wp-json\/wp\/v2\/pages\/2773\/revisions"}],"predecessor-version":[{"id":6713,"href":"https:\/\/www.cailabs.com\/fr\/wp-json\/wp\/v2\/pages\/2773\/revisions\/6713"}],"up":[{"embeddable":true,"href":"https:\/\/www.cailabs.com\/fr\/wp-json\/wp\/v2\/pages\/1860"}],"wp:attachment":[{"href":"https:\/\/www.cailabs.com\/fr\/wp-json\/wp\/v2\/media?parent=2773"}],"curies":[{"name":"wp","href":"https:\/\/api.w.org\/{rel}","templated":true}]}}