{"id":2782,"date":"2024-02-19T14:10:13","date_gmt":"2024-02-19T13:10:13","guid":{"rendered":"https:\/\/www.cailabs.com\/reseaux-fibres\/stations-de-ski\/"},"modified":"2024-02-27T15:22:43","modified_gmt":"2024-02-27T14:22:43","slug":"stations-de-ski","status":"publish","type":"page","link":"https:\/\/www.cailabs.com\/fr\/reseaux-fibres\/reseaux-locaux\/stations-de-ski\/","title":{"rendered":"Stations de ski"},"content":{"rendered":"\n<div class=\"wp-block-group is-layout-constrained wp-block-group-is-layout-constrained\">\n<h1 class=\"wp-block-heading has-text-align-center\">Stations de ski<\/h1>\n<\/div>\n\n\n\n<div class=\"wp-block-cover alignfull\" style=\"min-height:350px;aspect-ratio:unset;\"><span aria-hidden=\"true\" class=\"wp-block-cover__background has-background-dim\"><\/span><img loading=\"lazy\" decoding=\"async\" width=\"1150\" height=\"500\" class=\"wp-block-cover__image-background wp-image-945\" alt=\"2 Alpes Ski Resort\" src=\"https:\/\/www.cailabs.com\/app\/uploads\/2024\/02\/2-alpes-ski-resort-1150x500-1.jpg\" data-object-fit=\"cover\" srcset=\"https:\/\/www.cailabs.com\/app\/uploads\/2024\/02\/2-alpes-ski-resort-1150x500-1.jpg 1150w, https:\/\/www.cailabs.com\/app\/uploads\/2024\/02\/2-alpes-ski-resort-1150x500-1-300x130.jpg 300w, https:\/\/www.cailabs.com\/app\/uploads\/2024\/02\/2-alpes-ski-resort-1150x500-1-1024x445.jpg 1024w, https:\/\/www.cailabs.com\/app\/uploads\/2024\/02\/2-alpes-ski-resort-1150x500-1-768x334.jpg 768w\" sizes=\"auto, (max-width: 1150px) 100vw, 1150px\" \/><div class=\"wp-block-cover__inner-container is-layout-constrained wp-block-cover-is-layout-constrained\">\n<p class=\"has-text-align-center has-large-font-size\"><strong>AROONA au service de la transition num\u00e9rique des stations de ski<\/strong><\/p>\n<\/div><\/div>\n\n\n\n<p><strong>Billetterie, syst\u00e8me de vid\u00e9osurveillance, hotspots Wifi ou location de bande passante pour antennes 4G aux op\u00e9rateurs mobiles : le syst\u00e8me d\u2019information des stations de ski se modernise jusqu\u2019en haut des pistes ! La multiplication des services num\u00e9riques repr\u00e9sente de tr\u00e8s gros flux de donn\u00e9es que les fibres optiques multimodes d\u00e9ploy\u00e9es le long des remont\u00e9es m\u00e9caniques ne peuvent supporter.<\/strong><\/p>\n\n\n\n<p>Red\u00e9ployer un c\u00e2ble optique monomode est une solution pour pallier cette limitation, mais les contraintes sp\u00e9cifiques \u00e0 l\u2019environnement montagne rendent tout nouveau d\u00e9ploiement complexe et co\u00fbteux (g\u00e9nie civil).<\/p>\n\n\n\n<p>Les liaisons fibr\u00e9es existantes permettent g\u00e9n\u00e9ralement d\u2019assurer un d\u00e9bit de 1Gb\/s voire 100 Mb\/s alors qu\u2019il faudrait quelques Gb\/s pour assurer une bonne qualit\u00e9 de service.<\/p>\n\n\n\n<ul class=\"wp-block-list\">\n<li>L\u2019installation d\u2019AROONA se fait<strong>&nbsp;rapidement<\/strong>&nbsp;: typiquement en 3 heures<\/li>\n\n\n\n<li><strong>Un rec\u00e2blage de fibres optiques<\/strong>&nbsp;complexe et long (plusieurs semaines de travaux)&nbsp;<strong>est \u00e9vit\u00e9<\/strong><\/li>\n\n\n\n<li>La solution AROONA est&nbsp;<strong>3 fois moins ch\u00e8re<\/strong>&nbsp;qu\u2019une remise \u00e0 niveau de l\u2019infrastructure par rec\u00e2blage, voire plus dans des cas complexes<\/li>\n<\/ul>\n\n\n<section class=\"acf slider-dapplications aligncenter is-style-centered wp-block-acf-slider-dapplications\" id=\"block_19eb1a2d6216bb497bad96d140691dfa\">\n\t<div class=\"container container__large\">\n\t\t\t\t\t<h2>Nos autres applications<\/h2>\n\t\t\t\t\t\t\t<div class=\"slider-dapplications__applications swiper\">\n\t\t\t\t<div class=\"swiper-wrapper\">\n\t\t\t\t\t\t\t\t\t\t\t\t\t\t\t\t\t\t<a href=\"https:\/\/www.cailabs.com\/fr\/reseaux-fibres\/reseaux-locaux\/sante\/\" class=\"slider-dapplications__application swiper-slide\">\n\t\t\t\t\t\t\t\t<strong class=\"slider-dapplications__application_title\">Sant\u00e9<\/strong>\n\t\t\t\t\t\t\t\t<div class=\"slider-dapplications__application_img\">\n\t\t\t\t\t\t\t\t\t<picture>\n\t\t\t\t\t\t\t\t\t\t<source type=\"image\/webp\" srcset=\"https:\/\/www.cailabs.com\/app\/uploads\/2024\/02\/healthcare-350x500-c-1.webp, https:\/\/www.cailabs.com\/app\/uploads\/2024\/02\/healthcare-350x500-c-1@2x.webp 2x\">\n\t\t\t\t\t\t\t\t\t\t<source type=\"image\/jpeg\" srcset=\"https:\/\/www.cailabs.com\/app\/uploads\/2024\/02\/healthcare-350x500-c-1.jpg, https:\/\/www.cailabs.com\/app\/uploads\/2024\/02\/healthcare-350x500-c-1@2x.jpg 2x\">\n\t\t\t\t\t\t\t\t\t\t<img decoding=\"async\" loading=\"lazy\" src=\"https:\/\/www.cailabs.com\/app\/uploads\/2024\/02\/healthcare-350x500-c-1.jpg\" alt=\"MRI machine and screens with doctor and nurse\" width=\"320\" height=\"430\"\/>\n\t\t\t\t\t\t\t\t\t<\/picture>\n\t\t\t\t\t\t\t\t<\/div>\n\t\t\t\t\t\t\t<\/a>\n\t\t\t\t\t\t\t\t\t\t\t\t\t\t\t\t\t\t\t\t\t\t\t\t<a href=\"https:\/\/www.cailabs.com\/fr\/reseaux-fibres\/reseaux-locaux\/batiments-historiques\/\" class=\"slider-dapplications__application swiper-slide\">\n\t\t\t\t\t\t\t\t<strong class=\"slider-dapplications__application_title\">B\u00e2timents Historiques<\/strong>\n\t\t\t\t\t\t\t\t<div class=\"slider-dapplications__application_img\">\n\t\t\t\t\t\t\t\t\t<picture>\n\t\t\t\t\t\t\t\t\t\t<source type=\"image\/webp\" srcset=\"https:\/\/www.cailabs.com\/app\/uploads\/2024\/02\/historic-buildings-350x500-c-1.webp, https:\/\/www.cailabs.com\/app\/uploads\/2024\/02\/historic-buildings-350x500-c-1@2x.webp 2x\">\n\t\t\t\t\t\t\t\t\t\t<source type=\"image\/jpeg\" srcset=\"https:\/\/www.cailabs.com\/app\/uploads\/2024\/02\/historic-buildings-350x500-c-1.jpg, https:\/\/www.cailabs.com\/app\/uploads\/2024\/02\/historic-buildings-350x500-c-1@2x.jpg 2x\">\n\t\t\t\t\t\t\t\t\t\t<img decoding=\"async\" loading=\"lazy\" src=\"https:\/\/www.cailabs.com\/app\/uploads\/2024\/02\/historic-buildings-350x500-c-1.jpg\" alt=\"A woman in the museum uses the touchscreen monitor electronic guide, the concept of modern education\" width=\"320\" height=\"430\"\/>\n\t\t\t\t\t\t\t\t\t<\/picture>\n\t\t\t\t\t\t\t\t<\/div>\n\t\t\t\t\t\t\t<\/a>\n\t\t\t\t\t\t\t\t\t\t\t\t\t\t\t\t\t\t\t\t\t\t\t\t<a href=\"https:\/\/www.cailabs.com\/fr\/reseaux-fibres\/reseaux-locaux\/education\/\" class=\"slider-dapplications__application swiper-slide\">\n\t\t\t\t\t\t\t\t<strong class=\"slider-dapplications__application_title\">Education<\/strong>\n\t\t\t\t\t\t\t\t<div class=\"slider-dapplications__application_img\">\n\t\t\t\t\t\t\t\t\t<picture>\n\t\t\t\t\t\t\t\t\t\t<source type=\"image\/webp\" srcset=\"https:\/\/www.cailabs.com\/app\/uploads\/2024\/02\/education-350x500-c-1.webp, https:\/\/www.cailabs.com\/app\/uploads\/2024\/02\/education-350x500-c-1@2x.webp 2x\">\n\t\t\t\t\t\t\t\t\t\t<source type=\"image\/jpeg\" srcset=\"https:\/\/www.cailabs.com\/app\/uploads\/2024\/02\/education-350x500-c-1.jpg, https:\/\/www.cailabs.com\/app\/uploads\/2024\/02\/education-350x500-c-1@2x.jpg 2x\">\n\t\t\t\t\t\t\t\t\t\t<img decoding=\"async\" loading=\"lazy\" src=\"https:\/\/www.cailabs.com\/app\/uploads\/2024\/02\/education-350x500-c-1.jpg\" alt=\"University of Rennes\" width=\"320\" height=\"430\"\/>\n\t\t\t\t\t\t\t\t\t<\/picture>\n\t\t\t\t\t\t\t\t<\/div>\n\t\t\t\t\t\t\t<\/a>\n\t\t\t\t\t\t\t\t\t\t\t\t\t\t\t\t\t\t\t\t\t\t\t\t<a href=\"https:\/\/www.cailabs.com\/fr\/reseaux-fibres\/reseaux-locaux\/gouvernement\/\" class=\"slider-dapplications__application swiper-slide\">\n\t\t\t\t\t\t\t\t<strong class=\"slider-dapplications__application_title\">Gouvernement<\/strong>\n\t\t\t\t\t\t\t\t<div class=\"slider-dapplications__application_img\">\n\t\t\t\t\t\t\t\t\t<picture>\n\t\t\t\t\t\t\t\t\t\t<source type=\"image\/webp\" srcset=\"https:\/\/www.cailabs.com\/app\/uploads\/2024\/02\/cailabs_aroona_lan_gouvernement_1150x500-350x500-c-1.webp, https:\/\/www.cailabs.com\/app\/uploads\/2024\/02\/cailabs_aroona_lan_gouvernement_1150x500-350x500-c-1@2x.webp 2x\">\n\t\t\t\t\t\t\t\t\t\t<source type=\"image\/jpeg\" srcset=\"https:\/\/www.cailabs.com\/app\/uploads\/2024\/02\/cailabs_aroona_lan_gouvernement_1150x500-350x500-c-1.jpg, https:\/\/www.cailabs.com\/app\/uploads\/2024\/02\/cailabs_aroona_lan_gouvernement_1150x500-350x500-c-1@2x.jpg 2x\">\n\t\t\t\t\t\t\t\t\t\t<img decoding=\"async\" loading=\"lazy\" src=\"https:\/\/www.cailabs.com\/app\/uploads\/2024\/02\/cailabs_aroona_lan_gouvernement_1150x500-350x500-c-1.jpg\" alt=\"Panoramic View Of The Famous Court Of Appeal With Statue In Aix\" width=\"320\" height=\"430\"\/>\n\t\t\t\t\t\t\t\t\t<\/picture>\n\t\t\t\t\t\t\t\t<\/div>\n\t\t\t\t\t\t\t<\/a>\n\t\t\t\t\t\t\t\t\t\t\t\t\t\t\t\t\t\t\t\t\t\t\t\t<a href=\"https:\/\/www.cailabs.com\/fr\/reseaux-fibres\/reseaux-locaux\/passive-optical-lan\/\" class=\"slider-dapplications__application swiper-slide\">\n\t\t\t\t\t\t\t\t<strong class=\"slider-dapplications__application_title\">Passive Optical Lan<\/strong>\n\t\t\t\t\t\t\t\t<div class=\"slider-dapplications__application_img\">\n\t\t\t\t\t\t\t\t\t<picture>\n\t\t\t\t\t\t\t\t\t\t<source type=\"image\/webp\" srcset=\"https:\/\/www.cailabs.com\/app\/uploads\/2024\/02\/cailabs_aroona-pol-mm-sm_mmftosplice_1150x500-350x500-c-1.webp, https:\/\/www.cailabs.com\/app\/uploads\/2024\/02\/cailabs_aroona-pol-mm-sm_mmftosplice_1150x500-350x500-c-1@2x.webp 2x\">\n\t\t\t\t\t\t\t\t\t\t<source type=\"image\/jpeg\" srcset=\"https:\/\/www.cailabs.com\/app\/uploads\/2024\/02\/cailabs_aroona-pol-mm-sm_mmftosplice_1150x500-350x500-c-1.jpg, https:\/\/www.cailabs.com\/app\/uploads\/2024\/02\/cailabs_aroona-pol-mm-sm_mmftosplice_1150x500-350x500-c-1@2x.jpg 2x\">\n\t\t\t\t\t\t\t\t\t\t<img decoding=\"async\" loading=\"lazy\" src=\"https:\/\/www.cailabs.com\/app\/uploads\/2024\/02\/cailabs_aroona-pol-mm-sm_mmftosplice_1150x500-350x500-c-1.jpg\" alt=\"AROONA-POL\" width=\"320\" height=\"430\"\/>\n\t\t\t\t\t\t\t\t\t<\/picture>\n\t\t\t\t\t\t\t\t<\/div>\n\t\t\t\t\t\t\t<\/a>\n\t\t\t\t\t\t\t\t\t\t\t\t\t\t\t\t\t\t\t\t\t\t\t\t<a href=\"https:\/\/www.cailabs.com\/fr\/reseaux-fibres\/reseaux-locaux\/industrie\/\" class=\"slider-dapplications__application swiper-slide\">\n\t\t\t\t\t\t\t\t<strong class=\"slider-dapplications__application_title\">Industrie<\/strong>\n\t\t\t\t\t\t\t\t<div class=\"slider-dapplications__application_img\">\n\t\t\t\t\t\t\t\t\t<picture>\n\t\t\t\t\t\t\t\t\t\t<source type=\"image\/webp\" srcset=\"https:\/\/www.cailabs.com\/app\/uploads\/2024\/02\/1150x500_usine-350x500-c-1.webp, https:\/\/www.cailabs.com\/app\/uploads\/2024\/02\/1150x500_usine-350x500-c-1@2x.webp 2x\">\n\t\t\t\t\t\t\t\t\t\t<source type=\"image\/jpeg\" srcset=\"https:\/\/www.cailabs.com\/app\/uploads\/2024\/02\/1150x500_usine-350x500-c-1.jpg, https:\/\/www.cailabs.com\/app\/uploads\/2024\/02\/1150x500_usine-350x500-c-1@2x.jpg 2x\">\n\t\t\t\t\t\t\t\t\t\t<img decoding=\"async\" loading=\"lazy\" src=\"https:\/\/www.cailabs.com\/app\/uploads\/2024\/02\/1150x500_usine-350x500-c-1.jpg\" alt=\"1150x500 Car Manufacturing Factory\" width=\"320\" height=\"430\"\/>\n\t\t\t\t\t\t\t\t\t<\/picture>\n\t\t\t\t\t\t\t\t<\/div>\n\t\t\t\t\t\t\t<\/a>\n\t\t\t\t\t\t\t\t\t\t\t\t\t\t\t<\/div>\n\t\t\t\t<div class=\"swiper-pagination\"><\/div>\n\t\t\t<\/div>\n\t\t\t<\/div>\n<\/section>\n\n<section class=\"acf bandeau-avec-bouton align wp-block-acf-bandeau-avec-bouton\" id=\"block_272d93f220915b3f6953a723ac1cdfd7\">\n\t<div class=\"container\">\n\t\t\t\t\t<h2>Des questions sur le produit AROONA ?<\/h2>\n\t\t\t\t\t\t\t<div class=\"txt\"><p>Vous souhaitez savoir comment la solution AROONA peut p\u00e9renniser votre r\u00e9seau fibre optique multimode ?<\/p>\n<\/div>\n\t\t\t\t\t\t\t<a href=\"https:\/\/www.cailabs.com\/fr\/des-questions-sur-nos-solutions\/\" target=\"\" class=\"btn btn__outline\">Discutons de votre projet<\/a>\n\t\t\t<\/div>\n\t<\/section>","protected":false},"excerpt":{"rendered":"<p>Stations de ski Billetterie, syst\u00e8me de vid\u00e9osurveillance, hotspots Wifi ou location de bande passante pour antennes 4G aux op\u00e9rateurs mobiles : le syst\u00e8me d\u2019information des stations de ski se modernise jusqu\u2019en haut des pistes ! La multiplication des services num\u00e9riques repr\u00e9sente de tr\u00e8s gros flux de donn\u00e9es que les fibres optiques multimodes d\u00e9ploy\u00e9es le long [&hellip;]<\/p>\n","protected":false},"author":2,"featured_media":0,"parent":1860,"menu_order":0,"comment_status":"closed","ping_status":"closed","template":"","meta":{"_acf_changed":false,"content-type":"","_schema_org_content_json":"","footnotes":""},"class_list":["post-2782","page","type-page","status-publish","hentry"],"acf":[],"yoast_head":"<!-- This site is optimized with the Yoast SEO plugin v27.5 - https:\/\/yoast.com\/product\/yoast-seo-wordpress\/ -->\n<title>R\u00e9seaux Fibr\u00e9s | Stations de ski<\/title>\n<meta name=\"description\" content=\"AROONA au service de la transition num\u00e9rique des stations de ski\" \/>\n<meta name=\"robots\" content=\"index, follow, max-snippet:-1, max-image-preview:large, max-video-preview:-1\" \/>\n<link rel=\"canonical\" href=\"https:\/\/www.cailabs.com\/fr\/reseaux-fibres\/reseaux-locaux\/stations-de-ski\/\" \/>\n<meta property=\"og:locale\" content=\"fr_FR\" \/>\n<meta property=\"og:type\" content=\"article\" \/>\n<meta property=\"og:title\" content=\"R\u00e9seaux Fibr\u00e9s | Stations de ski\" \/>\n<meta property=\"og:description\" content=\"AROONA au service de la transition num\u00e9rique des stations de ski\" \/>\n<meta property=\"og:url\" content=\"https:\/\/www.cailabs.com\/fr\/reseaux-fibres\/reseaux-locaux\/stations-de-ski\/\" \/>\n<meta property=\"og:site_name\" content=\"Cailabs\" \/>\n<meta property=\"article:modified_time\" content=\"2024-02-27T14:22:43+00:00\" \/>\n<meta property=\"og:image\" content=\"https:\/\/www.cailabs.com\/app\/uploads\/2024\/02\/2-alpes-ski-resort-1150x500-1.jpg\" \/>\n<meta name=\"twitter:card\" content=\"summary_large_image\" \/>\n<meta name=\"twitter:label1\" content=\"Dur\u00e9e de lecture estim\u00e9e\" \/>\n\t<meta name=\"twitter:data1\" content=\"2 minutes\" \/>\n<script type=\"application\/ld+json\" class=\"yoast-schema-graph\">{\"@context\":\"https:\\\/\\\/schema.org\",\"@graph\":[{\"@type\":\"WebPage\",\"@id\":\"https:\\\/\\\/www.cailabs.com\\\/fr\\\/reseaux-fibres\\\/reseaux-locaux\\\/stations-de-ski\\\/\",\"url\":\"https:\\\/\\\/www.cailabs.com\\\/fr\\\/reseaux-fibres\\\/reseaux-locaux\\\/stations-de-ski\\\/\",\"name\":\"R\u00e9seaux Fibr\u00e9s | Stations de ski\",\"isPartOf\":{\"@id\":\"https:\\\/\\\/www.cailabs.com\\\/fr\\\/#website\"},\"primaryImageOfPage\":{\"@id\":\"https:\\\/\\\/www.cailabs.com\\\/fr\\\/reseaux-fibres\\\/reseaux-locaux\\\/stations-de-ski\\\/#primaryimage\"},\"image\":{\"@id\":\"https:\\\/\\\/www.cailabs.com\\\/fr\\\/reseaux-fibres\\\/reseaux-locaux\\\/stations-de-ski\\\/#primaryimage\"},\"thumbnailUrl\":\"https:\\\/\\\/www.cailabs.com\\\/app\\\/uploads\\\/2024\\\/02\\\/2-alpes-ski-resort-1150x500-1.jpg\",\"datePublished\":\"2024-02-19T13:10:13+00:00\",\"dateModified\":\"2024-02-27T14:22:43+00:00\",\"description\":\"AROONA au service de la transition num\u00e9rique des stations de ski\",\"breadcrumb\":{\"@id\":\"https:\\\/\\\/www.cailabs.com\\\/fr\\\/reseaux-fibres\\\/reseaux-locaux\\\/stations-de-ski\\\/#breadcrumb\"},\"inLanguage\":\"fr-FR\",\"potentialAction\":[{\"@type\":\"ReadAction\",\"target\":[\"https:\\\/\\\/www.cailabs.com\\\/fr\\\/reseaux-fibres\\\/reseaux-locaux\\\/stations-de-ski\\\/\"]}]},{\"@type\":\"ImageObject\",\"inLanguage\":\"fr-FR\",\"@id\":\"https:\\\/\\\/www.cailabs.com\\\/fr\\\/reseaux-fibres\\\/reseaux-locaux\\\/stations-de-ski\\\/#primaryimage\",\"url\":\"https:\\\/\\\/www.cailabs.com\\\/app\\\/uploads\\\/2024\\\/02\\\/2-alpes-ski-resort-1150x500-1.jpg\",\"contentUrl\":\"https:\\\/\\\/www.cailabs.com\\\/app\\\/uploads\\\/2024\\\/02\\\/2-alpes-ski-resort-1150x500-1.jpg\"},{\"@type\":\"BreadcrumbList\",\"@id\":\"https:\\\/\\\/www.cailabs.com\\\/fr\\\/reseaux-fibres\\\/reseaux-locaux\\\/stations-de-ski\\\/#breadcrumb\",\"itemListElement\":[{\"@type\":\"ListItem\",\"position\":1,\"name\":\"Home\",\"item\":\"https:\\\/\\\/www.cailabs.com\\\/fr\\\/\"},{\"@type\":\"ListItem\",\"position\":2,\"name\":\"R\u00e9seaux fibr\u00e9s\",\"item\":\"https:\\\/\\\/www.cailabs.com\\\/fr\\\/reseaux-fibres\\\/\"},{\"@type\":\"ListItem\",\"position\":3,\"name\":\"R\u00e9seaux locaux\",\"item\":\"https:\\\/\\\/www.cailabs.com\\\/fr\\\/reseaux-fibres\\\/reseaux-locaux\\\/\"},{\"@type\":\"ListItem\",\"position\":4,\"name\":\"Stations de ski\"}]},{\"@type\":\"WebSite\",\"@id\":\"https:\\\/\\\/www.cailabs.com\\\/fr\\\/#website\",\"url\":\"https:\\\/\\\/www.cailabs.com\\\/fr\\\/\",\"name\":\"Cailabs\",\"description\":\"\",\"potentialAction\":[{\"@type\":\"SearchAction\",\"target\":{\"@type\":\"EntryPoint\",\"urlTemplate\":\"https:\\\/\\\/www.cailabs.com\\\/fr\\\/?s={search_term_string}\"},\"query-input\":{\"@type\":\"PropertyValueSpecification\",\"valueRequired\":true,\"valueName\":\"search_term_string\"}}],\"inLanguage\":\"fr-FR\"}]}<\/script>\n<!-- \/ Yoast SEO plugin. -->","yoast_head_json":{"title":"R\u00e9seaux Fibr\u00e9s | Stations de ski","description":"AROONA au service de la transition num\u00e9rique des stations de ski","robots":{"index":"index","follow":"follow","max-snippet":"max-snippet:-1","max-image-preview":"max-image-preview:large","max-video-preview":"max-video-preview:-1"},"canonical":"https:\/\/www.cailabs.com\/fr\/reseaux-fibres\/reseaux-locaux\/stations-de-ski\/","og_locale":"fr_FR","og_type":"article","og_title":"R\u00e9seaux Fibr\u00e9s | Stations de ski","og_description":"AROONA au service de la transition num\u00e9rique des stations de ski","og_url":"https:\/\/www.cailabs.com\/fr\/reseaux-fibres\/reseaux-locaux\/stations-de-ski\/","og_site_name":"Cailabs","article_modified_time":"2024-02-27T14:22:43+00:00","og_image":[{"url":"https:\/\/www.cailabs.com\/app\/uploads\/2024\/02\/2-alpes-ski-resort-1150x500-1.jpg","type":"","width":"","height":""}],"twitter_card":"summary_large_image","twitter_misc":{"Dur\u00e9e de lecture estim\u00e9e":"2 minutes"},"schema":{"@context":"https:\/\/schema.org","@graph":[{"@type":"WebPage","@id":"https:\/\/www.cailabs.com\/fr\/reseaux-fibres\/reseaux-locaux\/stations-de-ski\/","url":"https:\/\/www.cailabs.com\/fr\/reseaux-fibres\/reseaux-locaux\/stations-de-ski\/","name":"R\u00e9seaux Fibr\u00e9s | Stations de ski","isPartOf":{"@id":"https:\/\/www.cailabs.com\/fr\/#website"},"primaryImageOfPage":{"@id":"https:\/\/www.cailabs.com\/fr\/reseaux-fibres\/reseaux-locaux\/stations-de-ski\/#primaryimage"},"image":{"@id":"https:\/\/www.cailabs.com\/fr\/reseaux-fibres\/reseaux-locaux\/stations-de-ski\/#primaryimage"},"thumbnailUrl":"https:\/\/www.cailabs.com\/app\/uploads\/2024\/02\/2-alpes-ski-resort-1150x500-1.jpg","datePublished":"2024-02-19T13:10:13+00:00","dateModified":"2024-02-27T14:22:43+00:00","description":"AROONA au service de la transition num\u00e9rique des stations de ski","breadcrumb":{"@id":"https:\/\/www.cailabs.com\/fr\/reseaux-fibres\/reseaux-locaux\/stations-de-ski\/#breadcrumb"},"inLanguage":"fr-FR","potentialAction":[{"@type":"ReadAction","target":["https:\/\/www.cailabs.com\/fr\/reseaux-fibres\/reseaux-locaux\/stations-de-ski\/"]}]},{"@type":"ImageObject","inLanguage":"fr-FR","@id":"https:\/\/www.cailabs.com\/fr\/reseaux-fibres\/reseaux-locaux\/stations-de-ski\/#primaryimage","url":"https:\/\/www.cailabs.com\/app\/uploads\/2024\/02\/2-alpes-ski-resort-1150x500-1.jpg","contentUrl":"https:\/\/www.cailabs.com\/app\/uploads\/2024\/02\/2-alpes-ski-resort-1150x500-1.jpg"},{"@type":"BreadcrumbList","@id":"https:\/\/www.cailabs.com\/fr\/reseaux-fibres\/reseaux-locaux\/stations-de-ski\/#breadcrumb","itemListElement":[{"@type":"ListItem","position":1,"name":"Home","item":"https:\/\/www.cailabs.com\/fr\/"},{"@type":"ListItem","position":2,"name":"R\u00e9seaux fibr\u00e9s","item":"https:\/\/www.cailabs.com\/fr\/reseaux-fibres\/"},{"@type":"ListItem","position":3,"name":"R\u00e9seaux locaux","item":"https:\/\/www.cailabs.com\/fr\/reseaux-fibres\/reseaux-locaux\/"},{"@type":"ListItem","position":4,"name":"Stations de ski"}]},{"@type":"WebSite","@id":"https:\/\/www.cailabs.com\/fr\/#website","url":"https:\/\/www.cailabs.com\/fr\/","name":"Cailabs","description":"","potentialAction":[{"@type":"SearchAction","target":{"@type":"EntryPoint","urlTemplate":"https:\/\/www.cailabs.com\/fr\/?s={search_term_string}"},"query-input":{"@type":"PropertyValueSpecification","valueRequired":true,"valueName":"search_term_string"}}],"inLanguage":"fr-FR"}]}},"_links":{"self":[{"href":"https:\/\/www.cailabs.com\/fr\/wp-json\/wp\/v2\/pages\/2782","targetHints":{"allow":["GET"]}}],"collection":[{"href":"https:\/\/www.cailabs.com\/fr\/wp-json\/wp\/v2\/pages"}],"about":[{"href":"https:\/\/www.cailabs.com\/fr\/wp-json\/wp\/v2\/types\/page"}],"author":[{"embeddable":true,"href":"https:\/\/www.cailabs.com\/fr\/wp-json\/wp\/v2\/users\/2"}],"replies":[{"embeddable":true,"href":"https:\/\/www.cailabs.com\/fr\/wp-json\/wp\/v2\/comments?post=2782"}],"version-history":[{"count":6,"href":"https:\/\/www.cailabs.com\/fr\/wp-json\/wp\/v2\/pages\/2782\/revisions"}],"predecessor-version":[{"id":6869,"href":"https:\/\/www.cailabs.com\/fr\/wp-json\/wp\/v2\/pages\/2782\/revisions\/6869"}],"up":[{"embeddable":true,"href":"https:\/\/www.cailabs.com\/fr\/wp-json\/wp\/v2\/pages\/1860"}],"wp:attachment":[{"href":"https:\/\/www.cailabs.com\/fr\/wp-json\/wp\/v2\/media?parent=2782"}],"curies":[{"name":"wp","href":"https:\/\/api.w.org\/{rel}","templated":true}]}}