{"id":2786,"date":"2024-02-19T14:19:04","date_gmt":"2024-02-19T13:19:04","guid":{"rendered":"https:\/\/www.cailabs.com?page_id=2786"},"modified":"2024-02-27T15:25:35","modified_gmt":"2024-02-27T14:25:35","slug":"gouvernement","status":"publish","type":"page","link":"https:\/\/www.cailabs.com\/fr\/reseaux-fibres\/reseaux-locaux\/gouvernement\/","title":{"rendered":"Gouvernement"},"content":{"rendered":"\n<div class=\"wp-block-group is-layout-constrained wp-block-group-is-layout-constrained\">\n<h1 class=\"wp-block-heading has-text-align-center\">Gouvernement<\/h1>\n<\/div>\n\n\n\n<div class=\"wp-block-cover alignfull\" style=\"min-height:350px;aspect-ratio:unset;\"><span aria-hidden=\"true\" class=\"wp-block-cover__background has-background-dim\"><\/span><img loading=\"lazy\" decoding=\"async\" width=\"1150\" height=\"500\" class=\"wp-block-cover__image-background wp-image-2788\" alt=\"Panoramic View Of The Famous Court Of Appeal With Statue In Aix\" src=\"https:\/\/www.cailabs.com\/app\/uploads\/2024\/02\/cailabs_aroona_lan_gouvernement_1150x500.jpg\" data-object-fit=\"cover\" srcset=\"https:\/\/www.cailabs.com\/app\/uploads\/2024\/02\/cailabs_aroona_lan_gouvernement_1150x500.jpg 1150w, https:\/\/www.cailabs.com\/app\/uploads\/2024\/02\/cailabs_aroona_lan_gouvernement_1150x500-300x130.jpg 300w, https:\/\/www.cailabs.com\/app\/uploads\/2024\/02\/cailabs_aroona_lan_gouvernement_1150x500-1024x445.jpg 1024w, https:\/\/www.cailabs.com\/app\/uploads\/2024\/02\/cailabs_aroona_lan_gouvernement_1150x500-768x334.jpg 768w\" sizes=\"auto, (max-width: 1150px) 100vw, 1150px\" \/><div class=\"wp-block-cover__inner-container is-layout-constrained wp-block-cover-is-layout-constrained\">\n<p class=\"has-text-align-center has-large-font-size\"><strong>Un LAN innovant dans les \u00e9tablissements publics avec AROONA<\/strong><\/p>\n<\/div><\/div>\n\n\n\n<p>Avec l\u2019augmentation du nombre de postes de travail et la g\u00e9n\u00e9ralisation du Wifi, rendre le r\u00e9seau plus fiable et p\u00e9renne est une priorit\u00e9 pour les \u00e9tablissements publics et gouvernementaux. Par ailleurs, le stockage des donn\u00e9es et l\u2019utilisation d\u2019outils collaboratifs n\u00e9cessitent la mise en place d\u2019applications sur le cloud pour travailler plus efficacement.<\/p>\n\n\n\n<p>Pour supporter toutes ces \u00e9volutions gourmandes en bande passante, ces \u00e9tablissements doivent souvent r\u00e9nover leur LAN pour augmenter la capacit\u00e9 du d\u00e9bit.<\/p>\n\n\n\n<p>Cependant, les fibres multimodes ancienne g\u00e9n\u00e9ration ne supportent pas de d\u00e9bit de plus de 1 Gbps voire 100 Mbps alors qu\u2019un upgrade \u00e0 10 Gbps est n\u00e9cessaire pour transporter du tr\u00e8s haut d\u00e9bit.<\/p>\n\n\n\n<p>Le d\u00e9ploiement de nouvelles fibres optiques est souvent synonyme de travaux complexes et co\u00fbteux, des demandes d\u2019autorisations sont parfois n\u00e9cessaires. Les d\u00e9marches peuvent \u00eatre particuli\u00e8rement longues pour les b\u00e2timents class\u00e9s.<\/p>\n\n\n\n<p>La solution AROONA se pr\u00e9sente comme une alternative efficace au rec\u00e2blage pour atteindre plusieurs canaux \u00e0 10 Gbps :<\/p>\n\n\n\n<ul class=\"wp-block-list\">\n<li>L\u2019installation d\u2019AROONA est&nbsp;<strong>rapide<\/strong>&nbsp;(3 heures)<\/li>\n\n\n\n<li>Un rec\u00e2blage de fibres optiques n\u00e9cessitant des travaux longs et complexes, est \u00e9vit\u00e9<\/li>\n\n\n\n<li>AROONA permet de raccourcir la dur\u00e9e du projet de r\u00e9novation en \u00e9vitant les demandes d\u2019autorisations<\/li>\n\n\n\n<li><strong>L\u2019\u00e9conomie est r\u00e9elle (3 fois moins cher qu\u2019un rec\u00e2blage voire plus)<\/strong><\/li>\n\n\n\n<li>L\u2019infrastructure existante, pr\u00e9serv\u00e9e, peut transporter des liaisons haut d\u00e9bit gr\u00e2ce \u00e0 AROONA<\/li>\n<\/ul>\n\n\n<section class=\"acf slider-dapplications aligncenter is-style-centered wp-block-acf-slider-dapplications\" id=\"block_1dea49ce3c0aab94d5e74c623043df3a\">\n\t<div class=\"container container__large\">\n\t\t\t\t\t<h2>Nos autres applications<\/h2>\n\t\t\t\t\t\t\t<div class=\"slider-dapplications__applications swiper\">\n\t\t\t\t<div class=\"swiper-wrapper\">\n\t\t\t\t\t\t\t\t\t\t\t\t\t\t\t\t\t\t<a href=\"https:\/\/www.cailabs.com\/fr\/reseaux-fibres\/reseaux-locaux\/sante\/\" class=\"slider-dapplications__application swiper-slide\">\n\t\t\t\t\t\t\t\t<strong class=\"slider-dapplications__application_title\">Sant\u00e9<\/strong>\n\t\t\t\t\t\t\t\t<div class=\"slider-dapplications__application_img\">\n\t\t\t\t\t\t\t\t\t<picture>\n\t\t\t\t\t\t\t\t\t\t<source type=\"image\/webp\" srcset=\"https:\/\/www.cailabs.com\/app\/uploads\/2024\/02\/healthcare-350x500-c-1.webp, https:\/\/www.cailabs.com\/app\/uploads\/2024\/02\/healthcare-350x500-c-1@2x.webp 2x\">\n\t\t\t\t\t\t\t\t\t\t<source type=\"image\/jpeg\" srcset=\"https:\/\/www.cailabs.com\/app\/uploads\/2024\/02\/healthcare-350x500-c-1.jpg, https:\/\/www.cailabs.com\/app\/uploads\/2024\/02\/healthcare-350x500-c-1@2x.jpg 2x\">\n\t\t\t\t\t\t\t\t\t\t<img decoding=\"async\" loading=\"lazy\" src=\"https:\/\/www.cailabs.com\/app\/uploads\/2024\/02\/healthcare-350x500-c-1.jpg\" alt=\"MRI machine and screens with doctor and nurse\" width=\"320\" height=\"430\"\/>\n\t\t\t\t\t\t\t\t\t<\/picture>\n\t\t\t\t\t\t\t\t<\/div>\n\t\t\t\t\t\t\t<\/a>\n\t\t\t\t\t\t\t\t\t\t\t\t\t\t\t\t\t\t\t\t\t\t\t\t<a href=\"https:\/\/www.cailabs.com\/fr\/reseaux-fibres\/reseaux-locaux\/batiments-historiques\/\" class=\"slider-dapplications__application swiper-slide\">\n\t\t\t\t\t\t\t\t<strong class=\"slider-dapplications__application_title\">B\u00e2timents Historiques<\/strong>\n\t\t\t\t\t\t\t\t<div class=\"slider-dapplications__application_img\">\n\t\t\t\t\t\t\t\t\t<picture>\n\t\t\t\t\t\t\t\t\t\t<source type=\"image\/webp\" srcset=\"https:\/\/www.cailabs.com\/app\/uploads\/2024\/02\/historic-buildings-350x500-c-1.webp, https:\/\/www.cailabs.com\/app\/uploads\/2024\/02\/historic-buildings-350x500-c-1@2x.webp 2x\">\n\t\t\t\t\t\t\t\t\t\t<source type=\"image\/jpeg\" srcset=\"https:\/\/www.cailabs.com\/app\/uploads\/2024\/02\/historic-buildings-350x500-c-1.jpg, https:\/\/www.cailabs.com\/app\/uploads\/2024\/02\/historic-buildings-350x500-c-1@2x.jpg 2x\">\n\t\t\t\t\t\t\t\t\t\t<img decoding=\"async\" loading=\"lazy\" src=\"https:\/\/www.cailabs.com\/app\/uploads\/2024\/02\/historic-buildings-350x500-c-1.jpg\" alt=\"A woman in the museum uses the touchscreen monitor electronic guide, the concept of modern education\" width=\"320\" height=\"430\"\/>\n\t\t\t\t\t\t\t\t\t<\/picture>\n\t\t\t\t\t\t\t\t<\/div>\n\t\t\t\t\t\t\t<\/a>\n\t\t\t\t\t\t\t\t\t\t\t\t\t\t\t\t\t\t\t\t\t\t\t\t<a href=\"https:\/\/www.cailabs.com\/fr\/reseaux-fibres\/reseaux-locaux\/education\/\" class=\"slider-dapplications__application swiper-slide\">\n\t\t\t\t\t\t\t\t<strong class=\"slider-dapplications__application_title\">Education<\/strong>\n\t\t\t\t\t\t\t\t<div class=\"slider-dapplications__application_img\">\n\t\t\t\t\t\t\t\t\t<picture>\n\t\t\t\t\t\t\t\t\t\t<source type=\"image\/webp\" srcset=\"https:\/\/www.cailabs.com\/app\/uploads\/2024\/02\/education-350x500-c-1.webp, https:\/\/www.cailabs.com\/app\/uploads\/2024\/02\/education-350x500-c-1@2x.webp 2x\">\n\t\t\t\t\t\t\t\t\t\t<source type=\"image\/jpeg\" srcset=\"https:\/\/www.cailabs.com\/app\/uploads\/2024\/02\/education-350x500-c-1.jpg, https:\/\/www.cailabs.com\/app\/uploads\/2024\/02\/education-350x500-c-1@2x.jpg 2x\">\n\t\t\t\t\t\t\t\t\t\t<img decoding=\"async\" loading=\"lazy\" src=\"https:\/\/www.cailabs.com\/app\/uploads\/2024\/02\/education-350x500-c-1.jpg\" alt=\"University of Rennes\" width=\"320\" height=\"430\"\/>\n\t\t\t\t\t\t\t\t\t<\/picture>\n\t\t\t\t\t\t\t\t<\/div>\n\t\t\t\t\t\t\t<\/a>\n\t\t\t\t\t\t\t\t\t\t\t\t\t\t\t\t\t\t\t\t\t\t\t\t<a href=\"https:\/\/www.cailabs.com\/fr\/reseaux-fibres\/reseaux-locaux\/stations-de-ski\/\" class=\"slider-dapplications__application swiper-slide\">\n\t\t\t\t\t\t\t\t<strong class=\"slider-dapplications__application_title\">Stations de ski<\/strong>\n\t\t\t\t\t\t\t\t<div class=\"slider-dapplications__application_img\">\n\t\t\t\t\t\t\t\t\t<picture>\n\t\t\t\t\t\t\t\t\t\t<source type=\"image\/webp\" srcset=\"https:\/\/www.cailabs.com\/app\/uploads\/2024\/02\/2-alpes-ski-resort-1150x500-1-350x500-c-1.webp, https:\/\/www.cailabs.com\/app\/uploads\/2024\/02\/2-alpes-ski-resort-1150x500-1-350x500-c-1@2x.webp 2x\">\n\t\t\t\t\t\t\t\t\t\t<source type=\"image\/jpeg\" srcset=\"https:\/\/www.cailabs.com\/app\/uploads\/2024\/02\/2-alpes-ski-resort-1150x500-1-350x500-c-1.jpg, https:\/\/www.cailabs.com\/app\/uploads\/2024\/02\/2-alpes-ski-resort-1150x500-1-350x500-c-1@2x.jpg 2x\">\n\t\t\t\t\t\t\t\t\t\t<img decoding=\"async\" loading=\"lazy\" src=\"https:\/\/www.cailabs.com\/app\/uploads\/2024\/02\/2-alpes-ski-resort-1150x500-1-350x500-c-1.jpg\" alt=\"AROONA au service de la transition num\u00e9rique des stations de ski\" width=\"320\" height=\"430\"\/>\n\t\t\t\t\t\t\t\t\t<\/picture>\n\t\t\t\t\t\t\t\t<\/div>\n\t\t\t\t\t\t\t<\/a>\n\t\t\t\t\t\t\t\t\t\t\t\t\t\t\t\t\t\t\t\t\t\t\t\t<a href=\"https:\/\/www.cailabs.com\/fr\/reseaux-fibres\/reseaux-locaux\/industrie\/\" class=\"slider-dapplications__application swiper-slide\">\n\t\t\t\t\t\t\t\t<strong class=\"slider-dapplications__application_title\">Industrie<\/strong>\n\t\t\t\t\t\t\t\t<div class=\"slider-dapplications__application_img\">\n\t\t\t\t\t\t\t\t\t<picture>\n\t\t\t\t\t\t\t\t\t\t<source type=\"image\/webp\" srcset=\"https:\/\/www.cailabs.com\/app\/uploads\/2024\/02\/1150x500_usine-350x500-c-1.webp, https:\/\/www.cailabs.com\/app\/uploads\/2024\/02\/1150x500_usine-350x500-c-1@2x.webp 2x\">\n\t\t\t\t\t\t\t\t\t\t<source type=\"image\/jpeg\" srcset=\"https:\/\/www.cailabs.com\/app\/uploads\/2024\/02\/1150x500_usine-350x500-c-1.jpg, https:\/\/www.cailabs.com\/app\/uploads\/2024\/02\/1150x500_usine-350x500-c-1@2x.jpg 2x\">\n\t\t\t\t\t\t\t\t\t\t<img decoding=\"async\" loading=\"lazy\" src=\"https:\/\/www.cailabs.com\/app\/uploads\/2024\/02\/1150x500_usine-350x500-c-1.jpg\" alt=\"1150x500 Car Manufacturing Factory\" width=\"320\" height=\"430\"\/>\n\t\t\t\t\t\t\t\t\t<\/picture>\n\t\t\t\t\t\t\t\t<\/div>\n\t\t\t\t\t\t\t<\/a>\n\t\t\t\t\t\t\t\t\t\t\t\t\t\t\t\t\t\t\t\t\t\t\t\t<a href=\"https:\/\/www.cailabs.com\/fr\/reseaux-fibres\/reseaux-locaux\/passive-optical-lan\/\" class=\"slider-dapplications__application swiper-slide\">\n\t\t\t\t\t\t\t\t<strong class=\"slider-dapplications__application_title\">Passive Optical Lan<\/strong>\n\t\t\t\t\t\t\t\t<div class=\"slider-dapplications__application_img\">\n\t\t\t\t\t\t\t\t\t<picture>\n\t\t\t\t\t\t\t\t\t\t<source type=\"image\/webp\" srcset=\"https:\/\/www.cailabs.com\/app\/uploads\/2024\/02\/cailabs_aroona-pol-mm-sm_mmftosplice_1150x500-350x500-c-1.webp, https:\/\/www.cailabs.com\/app\/uploads\/2024\/02\/cailabs_aroona-pol-mm-sm_mmftosplice_1150x500-350x500-c-1@2x.webp 2x\">\n\t\t\t\t\t\t\t\t\t\t<source type=\"image\/jpeg\" srcset=\"https:\/\/www.cailabs.com\/app\/uploads\/2024\/02\/cailabs_aroona-pol-mm-sm_mmftosplice_1150x500-350x500-c-1.jpg, https:\/\/www.cailabs.com\/app\/uploads\/2024\/02\/cailabs_aroona-pol-mm-sm_mmftosplice_1150x500-350x500-c-1@2x.jpg 2x\">\n\t\t\t\t\t\t\t\t\t\t<img decoding=\"async\" loading=\"lazy\" src=\"https:\/\/www.cailabs.com\/app\/uploads\/2024\/02\/cailabs_aroona-pol-mm-sm_mmftosplice_1150x500-350x500-c-1.jpg\" alt=\"AROONA-POL\" width=\"320\" height=\"430\"\/>\n\t\t\t\t\t\t\t\t\t<\/picture>\n\t\t\t\t\t\t\t\t<\/div>\n\t\t\t\t\t\t\t<\/a>\n\t\t\t\t\t\t\t\t\t\t\t\t\t\t\t<\/div>\n\t\t\t\t<div class=\"swiper-pagination\"><\/div>\n\t\t\t<\/div>\n\t\t\t<\/div>\n<\/section>\n\n<section class=\"acf bandeau-avec-bouton align wp-block-acf-bandeau-avec-bouton\" id=\"block_bd9cc3032761cf0fe7086df0953b0844\">\n\t<div class=\"container\">\n\t\t\t\t\t<h2>Des questions sur le produit AROONA ?<\/h2>\n\t\t\t\t\t\t\t<div class=\"txt\"><p>Vous souhaitez savoir comment la solution AROONA peut p\u00e9renniser votre r\u00e9seau fibre optique multimode ?<\/p>\n<\/div>\n\t\t\t\t\t\t\t<a href=\"https:\/\/www.cailabs.com\/fr\/des-questions-sur-nos-solutions\/\" target=\"\" class=\"btn btn__outline\">Discutons de votre projet<\/a>\n\t\t\t<\/div>\n\t<\/section>","protected":false},"excerpt":{"rendered":"<p>Gouvernement Avec l\u2019augmentation du nombre de postes de travail et la g\u00e9n\u00e9ralisation du Wifi, rendre le r\u00e9seau plus fiable et p\u00e9renne est une priorit\u00e9 pour les \u00e9tablissements publics et gouvernementaux. Par ailleurs, le stockage des donn\u00e9es et l\u2019utilisation d\u2019outils collaboratifs n\u00e9cessitent la mise en place d\u2019applications sur le cloud pour travailler plus efficacement. Pour supporter [&hellip;]<\/p>\n","protected":false},"author":2,"featured_media":0,"parent":1860,"menu_order":0,"comment_status":"closed","ping_status":"closed","template":"","meta":{"_acf_changed":false,"content-type":"","_schema_org_content_json":"","footnotes":""},"class_list":["post-2786","page","type-page","status-publish","hentry"],"acf":[],"yoast_head":"<!-- This site is optimized with the Yoast SEO plugin v27.4 - https:\/\/yoast.com\/product\/yoast-seo-wordpress\/ -->\n<title>R\u00e9seaux Fibr\u00e9s | Gouvernement<\/title>\n<meta name=\"description\" content=\"Un LAN innovant dans les \u00e9tablissements publics avec AROONA\" \/>\n<meta name=\"robots\" content=\"index, follow, max-snippet:-1, max-image-preview:large, max-video-preview:-1\" \/>\n<link rel=\"canonical\" href=\"https:\/\/www.cailabs.com\/fr\/reseaux-fibres\/reseaux-locaux\/gouvernement\/\" \/>\n<meta property=\"og:locale\" content=\"fr_FR\" \/>\n<meta property=\"og:type\" content=\"article\" \/>\n<meta property=\"og:title\" content=\"R\u00e9seaux Fibr\u00e9s | Gouvernement\" \/>\n<meta property=\"og:description\" content=\"Un LAN innovant dans les \u00e9tablissements publics avec AROONA\" \/>\n<meta property=\"og:url\" content=\"https:\/\/www.cailabs.com\/fr\/reseaux-fibres\/reseaux-locaux\/gouvernement\/\" \/>\n<meta property=\"og:site_name\" content=\"Cailabs\" \/>\n<meta property=\"article:modified_time\" content=\"2024-02-27T14:25:35+00:00\" \/>\n<meta property=\"og:image\" content=\"https:\/\/www.cailabs.com\/app\/uploads\/2024\/02\/cailabs_aroona_lan_gouvernement_1150x500.jpg\" \/>\n<meta name=\"twitter:card\" content=\"summary_large_image\" \/>\n<meta name=\"twitter:label1\" content=\"Dur\u00e9e de lecture estim\u00e9e\" \/>\n\t<meta name=\"twitter:data1\" content=\"2 minutes\" \/>\n<script type=\"application\/ld+json\" class=\"yoast-schema-graph\">{\"@context\":\"https:\\\/\\\/schema.org\",\"@graph\":[{\"@type\":\"WebPage\",\"@id\":\"https:\\\/\\\/www.cailabs.com\\\/fr\\\/reseaux-fibres\\\/reseaux-locaux\\\/gouvernement\\\/\",\"url\":\"https:\\\/\\\/www.cailabs.com\\\/fr\\\/reseaux-fibres\\\/reseaux-locaux\\\/gouvernement\\\/\",\"name\":\"R\u00e9seaux Fibr\u00e9s | Gouvernement\",\"isPartOf\":{\"@id\":\"https:\\\/\\\/www.cailabs.com\\\/fr\\\/#website\"},\"primaryImageOfPage\":{\"@id\":\"https:\\\/\\\/www.cailabs.com\\\/fr\\\/reseaux-fibres\\\/reseaux-locaux\\\/gouvernement\\\/#primaryimage\"},\"image\":{\"@id\":\"https:\\\/\\\/www.cailabs.com\\\/fr\\\/reseaux-fibres\\\/reseaux-locaux\\\/gouvernement\\\/#primaryimage\"},\"thumbnailUrl\":\"https:\\\/\\\/www.cailabs.com\\\/app\\\/uploads\\\/2024\\\/02\\\/cailabs_aroona_lan_gouvernement_1150x500.jpg\",\"datePublished\":\"2024-02-19T13:19:04+00:00\",\"dateModified\":\"2024-02-27T14:25:35+00:00\",\"description\":\"Un LAN innovant dans les \u00e9tablissements publics avec AROONA\",\"breadcrumb\":{\"@id\":\"https:\\\/\\\/www.cailabs.com\\\/fr\\\/reseaux-fibres\\\/reseaux-locaux\\\/gouvernement\\\/#breadcrumb\"},\"inLanguage\":\"fr-FR\",\"potentialAction\":[{\"@type\":\"ReadAction\",\"target\":[\"https:\\\/\\\/www.cailabs.com\\\/fr\\\/reseaux-fibres\\\/reseaux-locaux\\\/gouvernement\\\/\"]}]},{\"@type\":\"ImageObject\",\"inLanguage\":\"fr-FR\",\"@id\":\"https:\\\/\\\/www.cailabs.com\\\/fr\\\/reseaux-fibres\\\/reseaux-locaux\\\/gouvernement\\\/#primaryimage\",\"url\":\"https:\\\/\\\/www.cailabs.com\\\/app\\\/uploads\\\/2024\\\/02\\\/cailabs_aroona_lan_gouvernement_1150x500.jpg\",\"contentUrl\":\"https:\\\/\\\/www.cailabs.com\\\/app\\\/uploads\\\/2024\\\/02\\\/cailabs_aroona_lan_gouvernement_1150x500.jpg\"},{\"@type\":\"BreadcrumbList\",\"@id\":\"https:\\\/\\\/www.cailabs.com\\\/fr\\\/reseaux-fibres\\\/reseaux-locaux\\\/gouvernement\\\/#breadcrumb\",\"itemListElement\":[{\"@type\":\"ListItem\",\"position\":1,\"name\":\"Home\",\"item\":\"https:\\\/\\\/www.cailabs.com\\\/fr\\\/\"},{\"@type\":\"ListItem\",\"position\":2,\"name\":\"R\u00e9seaux fibr\u00e9s\",\"item\":\"https:\\\/\\\/www.cailabs.com\\\/fr\\\/reseaux-fibres\\\/\"},{\"@type\":\"ListItem\",\"position\":3,\"name\":\"R\u00e9seaux locaux\",\"item\":\"https:\\\/\\\/www.cailabs.com\\\/fr\\\/reseaux-fibres\\\/reseaux-locaux\\\/\"},{\"@type\":\"ListItem\",\"position\":4,\"name\":\"Gouvernement\"}]},{\"@type\":\"WebSite\",\"@id\":\"https:\\\/\\\/www.cailabs.com\\\/fr\\\/#website\",\"url\":\"https:\\\/\\\/www.cailabs.com\\\/fr\\\/\",\"name\":\"Cailabs\",\"description\":\"\",\"potentialAction\":[{\"@type\":\"SearchAction\",\"target\":{\"@type\":\"EntryPoint\",\"urlTemplate\":\"https:\\\/\\\/www.cailabs.com\\\/fr\\\/?s={search_term_string}\"},\"query-input\":{\"@type\":\"PropertyValueSpecification\",\"valueRequired\":true,\"valueName\":\"search_term_string\"}}],\"inLanguage\":\"fr-FR\"}]}<\/script>\n<!-- \/ Yoast SEO plugin. -->","yoast_head_json":{"title":"R\u00e9seaux Fibr\u00e9s | Gouvernement","description":"Un LAN innovant dans les \u00e9tablissements publics avec AROONA","robots":{"index":"index","follow":"follow","max-snippet":"max-snippet:-1","max-image-preview":"max-image-preview:large","max-video-preview":"max-video-preview:-1"},"canonical":"https:\/\/www.cailabs.com\/fr\/reseaux-fibres\/reseaux-locaux\/gouvernement\/","og_locale":"fr_FR","og_type":"article","og_title":"R\u00e9seaux Fibr\u00e9s | Gouvernement","og_description":"Un LAN innovant dans les \u00e9tablissements publics avec AROONA","og_url":"https:\/\/www.cailabs.com\/fr\/reseaux-fibres\/reseaux-locaux\/gouvernement\/","og_site_name":"Cailabs","article_modified_time":"2024-02-27T14:25:35+00:00","og_image":[{"url":"https:\/\/www.cailabs.com\/app\/uploads\/2024\/02\/cailabs_aroona_lan_gouvernement_1150x500.jpg","type":"","width":"","height":""}],"twitter_card":"summary_large_image","twitter_misc":{"Dur\u00e9e de lecture estim\u00e9e":"2 minutes"},"schema":{"@context":"https:\/\/schema.org","@graph":[{"@type":"WebPage","@id":"https:\/\/www.cailabs.com\/fr\/reseaux-fibres\/reseaux-locaux\/gouvernement\/","url":"https:\/\/www.cailabs.com\/fr\/reseaux-fibres\/reseaux-locaux\/gouvernement\/","name":"R\u00e9seaux Fibr\u00e9s | Gouvernement","isPartOf":{"@id":"https:\/\/www.cailabs.com\/fr\/#website"},"primaryImageOfPage":{"@id":"https:\/\/www.cailabs.com\/fr\/reseaux-fibres\/reseaux-locaux\/gouvernement\/#primaryimage"},"image":{"@id":"https:\/\/www.cailabs.com\/fr\/reseaux-fibres\/reseaux-locaux\/gouvernement\/#primaryimage"},"thumbnailUrl":"https:\/\/www.cailabs.com\/app\/uploads\/2024\/02\/cailabs_aroona_lan_gouvernement_1150x500.jpg","datePublished":"2024-02-19T13:19:04+00:00","dateModified":"2024-02-27T14:25:35+00:00","description":"Un LAN innovant dans les \u00e9tablissements publics avec AROONA","breadcrumb":{"@id":"https:\/\/www.cailabs.com\/fr\/reseaux-fibres\/reseaux-locaux\/gouvernement\/#breadcrumb"},"inLanguage":"fr-FR","potentialAction":[{"@type":"ReadAction","target":["https:\/\/www.cailabs.com\/fr\/reseaux-fibres\/reseaux-locaux\/gouvernement\/"]}]},{"@type":"ImageObject","inLanguage":"fr-FR","@id":"https:\/\/www.cailabs.com\/fr\/reseaux-fibres\/reseaux-locaux\/gouvernement\/#primaryimage","url":"https:\/\/www.cailabs.com\/app\/uploads\/2024\/02\/cailabs_aroona_lan_gouvernement_1150x500.jpg","contentUrl":"https:\/\/www.cailabs.com\/app\/uploads\/2024\/02\/cailabs_aroona_lan_gouvernement_1150x500.jpg"},{"@type":"BreadcrumbList","@id":"https:\/\/www.cailabs.com\/fr\/reseaux-fibres\/reseaux-locaux\/gouvernement\/#breadcrumb","itemListElement":[{"@type":"ListItem","position":1,"name":"Home","item":"https:\/\/www.cailabs.com\/fr\/"},{"@type":"ListItem","position":2,"name":"R\u00e9seaux fibr\u00e9s","item":"https:\/\/www.cailabs.com\/fr\/reseaux-fibres\/"},{"@type":"ListItem","position":3,"name":"R\u00e9seaux locaux","item":"https:\/\/www.cailabs.com\/fr\/reseaux-fibres\/reseaux-locaux\/"},{"@type":"ListItem","position":4,"name":"Gouvernement"}]},{"@type":"WebSite","@id":"https:\/\/www.cailabs.com\/fr\/#website","url":"https:\/\/www.cailabs.com\/fr\/","name":"Cailabs","description":"","potentialAction":[{"@type":"SearchAction","target":{"@type":"EntryPoint","urlTemplate":"https:\/\/www.cailabs.com\/fr\/?s={search_term_string}"},"query-input":{"@type":"PropertyValueSpecification","valueRequired":true,"valueName":"search_term_string"}}],"inLanguage":"fr-FR"}]}},"_links":{"self":[{"href":"https:\/\/www.cailabs.com\/fr\/wp-json\/wp\/v2\/pages\/2786","targetHints":{"allow":["GET"]}}],"collection":[{"href":"https:\/\/www.cailabs.com\/fr\/wp-json\/wp\/v2\/pages"}],"about":[{"href":"https:\/\/www.cailabs.com\/fr\/wp-json\/wp\/v2\/types\/page"}],"author":[{"embeddable":true,"href":"https:\/\/www.cailabs.com\/fr\/wp-json\/wp\/v2\/users\/2"}],"replies":[{"embeddable":true,"href":"https:\/\/www.cailabs.com\/fr\/wp-json\/wp\/v2\/comments?post=2786"}],"version-history":[{"count":7,"href":"https:\/\/www.cailabs.com\/fr\/wp-json\/wp\/v2\/pages\/2786\/revisions"}],"predecessor-version":[{"id":6874,"href":"https:\/\/www.cailabs.com\/fr\/wp-json\/wp\/v2\/pages\/2786\/revisions\/6874"}],"up":[{"embeddable":true,"href":"https:\/\/www.cailabs.com\/fr\/wp-json\/wp\/v2\/pages\/1860"}],"wp:attachment":[{"href":"https:\/\/www.cailabs.com\/fr\/wp-json\/wp\/v2\/media?parent=2786"}],"curies":[{"name":"wp","href":"https:\/\/api.w.org\/{rel}","templated":true}]}}