{"id":2799,"date":"2024-02-19T15:40:03","date_gmt":"2024-02-19T14:40:03","guid":{"rendered":"https:\/\/www.cailabs.com\/reseaux-fibres\/passive-optical-lan\/"},"modified":"2024-02-27T15:28:19","modified_gmt":"2024-02-27T14:28:19","slug":"passive-optical-lan","status":"publish","type":"page","link":"https:\/\/www.cailabs.com\/fr\/reseaux-fibres\/reseaux-locaux\/passive-optical-lan\/","title":{"rendered":"Passive Optical LAN"},"content":{"rendered":"\n<div class=\"wp-block-group is-layout-constrained wp-block-group-is-layout-constrained\">\n<h1 class=\"wp-block-heading has-text-align-center\">Passive Optical Lan<\/h1>\n<\/div>\n\n\n\n<div class=\"wp-block-cover alignfull\" style=\"min-height:350px;aspect-ratio:unset;\"><span aria-hidden=\"true\" class=\"wp-block-cover__background has-background-dim\"><\/span><img loading=\"lazy\" decoding=\"async\" width=\"1150\" height=\"500\" class=\"wp-block-cover__image-background wp-image-2796\" alt=\"Cailabs Aroona Pol Mm Sm Mmftosplice 1150x500\" src=\"https:\/\/www.cailabs.com\/app\/uploads\/2024\/02\/cailabs_aroona-pol-mm-sm_mmftosplice_1150x500.jpg\" data-object-fit=\"cover\" srcset=\"https:\/\/www.cailabs.com\/app\/uploads\/2024\/02\/cailabs_aroona-pol-mm-sm_mmftosplice_1150x500.jpg 1150w, https:\/\/www.cailabs.com\/app\/uploads\/2024\/02\/cailabs_aroona-pol-mm-sm_mmftosplice_1150x500-300x130.jpg 300w, https:\/\/www.cailabs.com\/app\/uploads\/2024\/02\/cailabs_aroona-pol-mm-sm_mmftosplice_1150x500-1024x445.jpg 1024w, https:\/\/www.cailabs.com\/app\/uploads\/2024\/02\/cailabs_aroona-pol-mm-sm_mmftosplice_1150x500-768x334.jpg 768w\" sizes=\"auto, (max-width: 1150px) 100vw, 1150px\" \/><div class=\"wp-block-cover__inner-container is-layout-constrained wp-block-cover-is-layout-constrained\">\n<p class=\"has-text-align-center has-large-font-size\"><strong>AROONA simplifie l\u2019adoption du POLAN sur une infrastructure multimode existante<\/strong><\/p>\n<\/div><\/div>\n\n\n\n<p><strong>Le Passive Optical LAN (POLAN)<\/strong>&nbsp;est d\u00e9riv\u00e9 du PON (Passive Optical Network), une technologie mature utilis\u00e9e sur le terrain depuis des d\u00e9cennies par les op\u00e9rateurs de t\u00e9l\u00e9communications.<\/p>\n\n\n\n<p>Le POLAN est une architecture de r\u00e9seau local attrayante et durable qui surpasse le r\u00e9seau local Ethernet traditionnel en termes de capacit\u00e9, d\u2019encombrement, de fiabilit\u00e9 et de s\u00e9curit\u00e9, tout en r\u00e9duisant les co\u00fbts d\u2019exploitation.<\/p>\n\n\n\n<p>Le march\u00e9 en est encore \u00e0 ses d\u00e9buts, mais de plus en plus de DSI s\u2019y int\u00e9ressent et le rythme d\u2019adoption \u00e0 l\u2019\u00e9chelle mondiale s\u2019acc\u00e9l\u00e8re dans des verticaux tels que les immeubles de bureaux, les h\u00f4tels\/resorts, les sites gouvernementaux, militaires ou encore tous types de grands sites accueillant du public.<\/p>\n\n\n\n<p><strong>La fibre optique multimode dans les LANs&nbsp;: un frein \u00e0 l\u2019adoption du POLAN<\/strong><\/p>\n\n\n\n<p>Cependant, la majeure partie (environ 75%) des infrastructures optiques des r\u00e9seaux locaux existants sont constitu\u00e9es de fibre multimode, intrins\u00e8quement incompatible avec le fonctionnement monomode des \u00e9quipements POLAN.<\/p>\n\n\n\n<p>On constate aujourd\u2019hui que moins de 20% des projets POLAN sont d\u00e9ploy\u00e9s en remplacement de r\u00e9seaux actifs classiques. Cela peut s\u2019expliquer par le fait que le c\u00e2blage monomode et la main d\u2019\u0153uvre associ\u00e9e repr\u00e9sentent une part significative des co\u00fbts d\u2019installation du POLAN, d\u2019autant plus sur des projets de r\u00e9novations d\u2019infrastructures existantes.<\/p>\n\n\n\n<p>De telles contraintes et investissements peuvent \u00eatre dissuasifs pour la r\u00e9novation d\u2019un r\u00e9seau existant vers le POLAN.<\/p>\n\n\n\n<p><strong>Avec sa ligne de produits&nbsp;<a href=\"https:\/\/www.cailabs.com\/produits\/aroona\/\">AROONA<\/a>, Cailabs permet d\u2019impl\u00e9menter le POLAN en exploitant le potentiel des fibres multimodes existantes&nbsp;:<\/strong><\/p>\n\n\n\n<p>Une infrastructure multimode existante, souvent consid\u00e9r\u00e9e comme obsol\u00e8te, peut \u00eatre facilement optimis\u00e9e et p\u00e9rennis\u00e9e pour supporter les infrastructures POLAN gr\u00e2ce \u00e0 la solution AROONA. Celle-ci \u00e9vite un d\u00e9ploiement intrusif, complexe et on\u00e9reux de fibres optiques monomodes&nbsp;et pr\u00e9sente de nombreux avantages :<\/p>\n\n\n\n<ul class=\"wp-block-list\">\n<li>AROONA transforme les fibres multimodes en fibres monomodes. La solution est passive, bidirectionnelle, transparente au d\u00e9bit et \u00e0 la longueur d\u2019onde utilis\u00e9e, la rendant ainsi compatible avec tous les \u00e9quipements actifs et passifs du POLAN.<\/li>\n\n\n\n<li>AROONA permet de s\u2019affranchir de la dispersion modale, afin d\u2019augmenter la bande passante des fibres multimodes (quelle que soit leur g\u00e9n\u00e9ration i.e OM1 \u00e0 OM5) et de supporter ainsi les futurs standards PON haut d\u00e9bit.<\/li>\n\n\n\n<li>La solution est disponible sous forme de rack standard 19\u2019\u20191RU (4\/8\/12\/24 FO) et sous forme de module compact (1 ou 2 FO) \u00e0 ins\u00e9rer dans le tiroir de brassage existant.<\/li>\n\n\n\n<li>Dans une d\u00e9marche de d\u00e9veloppement durable, la solution AROONA recycle une infrastructure existante. Des mati\u00e8res premi\u00e8res et des tonnes de CO2 sont ainsi \u00e9conomis\u00e9es en \u00e9vitant la production de nouveaux c\u00e2bles optiques.<\/li>\n<\/ul>\n\n\n\n<p>Dans ce contexte de Passive Optical LAN, la solution AROONA a notamment re\u00e7u les troph\u00e9es d\u2019innovation de l\u2019association APOLAN et du magazine am\u00e9ricain Cabling Installation &amp; Maintenance.<\/p>\n\n\n<section class=\"acf slider-dapplications aligncenter is-style-centered wp-block-acf-slider-dapplications\" id=\"block_3ea856ee98a91eb033d3f96670754b0b\">\n\t<div class=\"container container__large\">\n\t\t\t\t\t<h2>Nos autres applications<\/h2>\n\t\t\t\t\t\t\t<div class=\"slider-dapplications__applications swiper\">\n\t\t\t\t<div class=\"swiper-wrapper\">\n\t\t\t\t\t\t\t\t\t\t\t\t\t\t\t\t\t\t<a href=\"https:\/\/www.cailabs.com\/fr\/reseaux-fibres\/reseaux-locaux\/sante\/\" class=\"slider-dapplications__application swiper-slide\">\n\t\t\t\t\t\t\t\t<strong class=\"slider-dapplications__application_title\">Sant\u00e9<\/strong>\n\t\t\t\t\t\t\t\t<div class=\"slider-dapplications__application_img\">\n\t\t\t\t\t\t\t\t\t<picture>\n\t\t\t\t\t\t\t\t\t\t<source type=\"image\/webp\" srcset=\"https:\/\/www.cailabs.com\/app\/uploads\/2024\/02\/healthcare-350x500-c-1.webp, https:\/\/www.cailabs.com\/app\/uploads\/2024\/02\/healthcare-350x500-c-1@2x.webp 2x\">\n\t\t\t\t\t\t\t\t\t\t<source type=\"image\/jpeg\" srcset=\"https:\/\/www.cailabs.com\/app\/uploads\/2024\/02\/healthcare-350x500-c-1.jpg, https:\/\/www.cailabs.com\/app\/uploads\/2024\/02\/healthcare-350x500-c-1@2x.jpg 2x\">\n\t\t\t\t\t\t\t\t\t\t<img decoding=\"async\" loading=\"lazy\" src=\"https:\/\/www.cailabs.com\/app\/uploads\/2024\/02\/healthcare-350x500-c-1.jpg\" alt=\"MRI machine and screens with doctor and nurse\" width=\"320\" height=\"430\"\/>\n\t\t\t\t\t\t\t\t\t<\/picture>\n\t\t\t\t\t\t\t\t<\/div>\n\t\t\t\t\t\t\t<\/a>\n\t\t\t\t\t\t\t\t\t\t\t\t\t\t\t\t\t\t\t\t\t\t\t\t<a href=\"https:\/\/www.cailabs.com\/fr\/reseaux-fibres\/reseaux-locaux\/batiments-historiques\/\" class=\"slider-dapplications__application swiper-slide\">\n\t\t\t\t\t\t\t\t<strong class=\"slider-dapplications__application_title\">B\u00e2timents<\/strong>\n\t\t\t\t\t\t\t\t<div class=\"slider-dapplications__application_img\">\n\t\t\t\t\t\t\t\t\t<picture>\n\t\t\t\t\t\t\t\t\t\t<source type=\"image\/webp\" srcset=\"https:\/\/www.cailabs.com\/app\/uploads\/2024\/02\/historic-buildings-350x500-c-1.webp, https:\/\/www.cailabs.com\/app\/uploads\/2024\/02\/historic-buildings-350x500-c-1@2x.webp 2x\">\n\t\t\t\t\t\t\t\t\t\t<source type=\"image\/jpeg\" srcset=\"https:\/\/www.cailabs.com\/app\/uploads\/2024\/02\/historic-buildings-350x500-c-1.jpg, https:\/\/www.cailabs.com\/app\/uploads\/2024\/02\/historic-buildings-350x500-c-1@2x.jpg 2x\">\n\t\t\t\t\t\t\t\t\t\t<img decoding=\"async\" loading=\"lazy\" src=\"https:\/\/www.cailabs.com\/app\/uploads\/2024\/02\/historic-buildings-350x500-c-1.jpg\" alt=\"A woman in the museum uses the touchscreen monitor electronic guide, the concept of modern education\" width=\"320\" height=\"430\"\/>\n\t\t\t\t\t\t\t\t\t<\/picture>\n\t\t\t\t\t\t\t\t<\/div>\n\t\t\t\t\t\t\t<\/a>\n\t\t\t\t\t\t\t\t\t\t\t\t\t\t\t\t\t\t\t\t\t\t\t\t<a href=\"https:\/\/www.cailabs.com\/fr\/reseaux-fibres\/reseaux-locaux\/education\/\" class=\"slider-dapplications__application swiper-slide\">\n\t\t\t\t\t\t\t\t<strong class=\"slider-dapplications__application_title\">Education<\/strong>\n\t\t\t\t\t\t\t\t<div class=\"slider-dapplications__application_img\">\n\t\t\t\t\t\t\t\t\t<picture>\n\t\t\t\t\t\t\t\t\t\t<source type=\"image\/webp\" srcset=\"https:\/\/www.cailabs.com\/app\/uploads\/2024\/02\/education-350x500-c-1.webp, https:\/\/www.cailabs.com\/app\/uploads\/2024\/02\/education-350x500-c-1@2x.webp 2x\">\n\t\t\t\t\t\t\t\t\t\t<source type=\"image\/jpeg\" srcset=\"https:\/\/www.cailabs.com\/app\/uploads\/2024\/02\/education-350x500-c-1.jpg, https:\/\/www.cailabs.com\/app\/uploads\/2024\/02\/education-350x500-c-1@2x.jpg 2x\">\n\t\t\t\t\t\t\t\t\t\t<img decoding=\"async\" loading=\"lazy\" src=\"https:\/\/www.cailabs.com\/app\/uploads\/2024\/02\/education-350x500-c-1.jpg\" alt=\"University of Rennes\" width=\"320\" height=\"430\"\/>\n\t\t\t\t\t\t\t\t\t<\/picture>\n\t\t\t\t\t\t\t\t<\/div>\n\t\t\t\t\t\t\t<\/a>\n\t\t\t\t\t\t\t\t\t\t\t\t\t\t\t\t\t\t\t\t\t\t\t\t<a href=\"https:\/\/www.cailabs.com\/fr\/reseaux-fibres\/reseaux-locaux\/stations-de-ski\/\" class=\"slider-dapplications__application swiper-slide\">\n\t\t\t\t\t\t\t\t<strong class=\"slider-dapplications__application_title\">Stations de ski<\/strong>\n\t\t\t\t\t\t\t\t<div class=\"slider-dapplications__application_img\">\n\t\t\t\t\t\t\t\t\t<picture>\n\t\t\t\t\t\t\t\t\t\t<source type=\"image\/webp\" srcset=\"https:\/\/www.cailabs.com\/app\/uploads\/2024\/02\/2-alpes-ski-resort-1150x500-1-350x500-c-1.webp, https:\/\/www.cailabs.com\/app\/uploads\/2024\/02\/2-alpes-ski-resort-1150x500-1-350x500-c-1@2x.webp 2x\">\n\t\t\t\t\t\t\t\t\t\t<source type=\"image\/jpeg\" srcset=\"https:\/\/www.cailabs.com\/app\/uploads\/2024\/02\/2-alpes-ski-resort-1150x500-1-350x500-c-1.jpg, https:\/\/www.cailabs.com\/app\/uploads\/2024\/02\/2-alpes-ski-resort-1150x500-1-350x500-c-1@2x.jpg 2x\">\n\t\t\t\t\t\t\t\t\t\t<img decoding=\"async\" loading=\"lazy\" src=\"https:\/\/www.cailabs.com\/app\/uploads\/2024\/02\/2-alpes-ski-resort-1150x500-1-350x500-c-1.jpg\" alt=\"AROONA au service de la transition num\u00e9rique des stations de ski\" width=\"320\" height=\"430\"\/>\n\t\t\t\t\t\t\t\t\t<\/picture>\n\t\t\t\t\t\t\t\t<\/div>\n\t\t\t\t\t\t\t<\/a>\n\t\t\t\t\t\t\t\t\t\t\t\t\t\t\t\t\t\t\t\t\t\t\t\t<a href=\"https:\/\/www.cailabs.com\/fr\/reseaux-fibres\/reseaux-locaux\/industrie\/\" class=\"slider-dapplications__application swiper-slide\">\n\t\t\t\t\t\t\t\t<strong class=\"slider-dapplications__application_title\">Industrie<\/strong>\n\t\t\t\t\t\t\t\t<div class=\"slider-dapplications__application_img\">\n\t\t\t\t\t\t\t\t\t<picture>\n\t\t\t\t\t\t\t\t\t\t<source type=\"image\/webp\" srcset=\"https:\/\/www.cailabs.com\/app\/uploads\/2024\/02\/1150x500_usine-350x500-c-1.webp, https:\/\/www.cailabs.com\/app\/uploads\/2024\/02\/1150x500_usine-350x500-c-1@2x.webp 2x\">\n\t\t\t\t\t\t\t\t\t\t<source type=\"image\/jpeg\" srcset=\"https:\/\/www.cailabs.com\/app\/uploads\/2024\/02\/1150x500_usine-350x500-c-1.jpg, https:\/\/www.cailabs.com\/app\/uploads\/2024\/02\/1150x500_usine-350x500-c-1@2x.jpg 2x\">\n\t\t\t\t\t\t\t\t\t\t<img decoding=\"async\" loading=\"lazy\" src=\"https:\/\/www.cailabs.com\/app\/uploads\/2024\/02\/1150x500_usine-350x500-c-1.jpg\" alt=\"1150x500 Car Manufacturing Factory\" width=\"320\" height=\"430\"\/>\n\t\t\t\t\t\t\t\t\t<\/picture>\n\t\t\t\t\t\t\t\t<\/div>\n\t\t\t\t\t\t\t<\/a>\n\t\t\t\t\t\t\t\t\t\t\t\t\t\t\t\t\t\t\t\t\t\t\t\t<a href=\"https:\/\/www.cailabs.com\/fr\/reseaux-fibres\/reseaux-locaux\/gouvernement\/\" class=\"slider-dapplications__application swiper-slide\">\n\t\t\t\t\t\t\t\t<strong class=\"slider-dapplications__application_title\">Gouvernement<\/strong>\n\t\t\t\t\t\t\t\t<div class=\"slider-dapplications__application_img\">\n\t\t\t\t\t\t\t\t\t<picture>\n\t\t\t\t\t\t\t\t\t\t<source type=\"image\/webp\" srcset=\"https:\/\/www.cailabs.com\/app\/uploads\/2024\/02\/cailabs_aroona_lan_gouvernement_1150x500-350x500-c-1.webp, https:\/\/www.cailabs.com\/app\/uploads\/2024\/02\/cailabs_aroona_lan_gouvernement_1150x500-350x500-c-1@2x.webp 2x\">\n\t\t\t\t\t\t\t\t\t\t<source type=\"image\/jpeg\" srcset=\"https:\/\/www.cailabs.com\/app\/uploads\/2024\/02\/cailabs_aroona_lan_gouvernement_1150x500-350x500-c-1.jpg, https:\/\/www.cailabs.com\/app\/uploads\/2024\/02\/cailabs_aroona_lan_gouvernement_1150x500-350x500-c-1@2x.jpg 2x\">\n\t\t\t\t\t\t\t\t\t\t<img decoding=\"async\" loading=\"lazy\" src=\"https:\/\/www.cailabs.com\/app\/uploads\/2024\/02\/cailabs_aroona_lan_gouvernement_1150x500-350x500-c-1.jpg\" alt=\"Panoramic View Of The Famous Court Of Appeal With Statue In Aix\" width=\"320\" height=\"430\"\/>\n\t\t\t\t\t\t\t\t\t<\/picture>\n\t\t\t\t\t\t\t\t<\/div>\n\t\t\t\t\t\t\t<\/a>\n\t\t\t\t\t\t\t\t\t\t\t\t\t\t\t<\/div>\n\t\t\t\t<div class=\"swiper-pagination\"><\/div>\n\t\t\t<\/div>\n\t\t\t<\/div>\n<\/section>\n\n<section class=\"acf bandeau-avec-bouton align wp-block-acf-bandeau-avec-bouton\" id=\"block_aa47cb3306d6b09166282f90aa268084\">\n\t<div class=\"container\">\n\t\t\t\t\t<h2>Des questions sur le produit AROONA ?<\/h2>\n\t\t\t\t\t\t\t<div class=\"txt\"><p>Vous souhaitez savoir comment la solution AROONA peut p\u00e9renniser votre r\u00e9seau fibre optique multimode ?<\/p>\n<\/div>\n\t\t\t\t\t\t\t<a href=\"https:\/\/www.cailabs.com\/fr\/des-questions-sur-nos-solutions\/\" target=\"\" class=\"btn btn__outline\">Discutons de votre projet<\/a>\n\t\t\t<\/div>\n\t<\/section>","protected":false},"excerpt":{"rendered":"<p>Passive Optical Lan Le Passive Optical LAN (POLAN)&nbsp;est d\u00e9riv\u00e9 du PON (Passive Optical Network), une technologie mature utilis\u00e9e sur le terrain depuis des d\u00e9cennies par les op\u00e9rateurs de t\u00e9l\u00e9communications. Le POLAN est une architecture de r\u00e9seau local attrayante et durable qui surpasse le r\u00e9seau local Ethernet traditionnel en termes de capacit\u00e9, d\u2019encombrement, de fiabilit\u00e9 et [&hellip;]<\/p>\n","protected":false},"author":2,"featured_media":0,"parent":1860,"menu_order":0,"comment_status":"closed","ping_status":"closed","template":"","meta":{"_acf_changed":false,"content-type":"","_schema_org_content_json":"","footnotes":""},"class_list":["post-2799","page","type-page","status-publish","hentry"],"acf":[],"yoast_head":"<!-- This site is optimized with the Yoast SEO plugin v27.5 - https:\/\/yoast.com\/product\/yoast-seo-wordpress\/ -->\n<title>R\u00e9seaux Fibr\u00e9s | Passive Optical LAN<\/title>\n<meta name=\"description\" content=\"AROONA simplifie l\u2019adoption du POLAN sur une infrastructure multimode existante\" \/>\n<meta name=\"robots\" content=\"index, follow, max-snippet:-1, max-image-preview:large, max-video-preview:-1\" \/>\n<link rel=\"canonical\" href=\"https:\/\/www.cailabs.com\/fr\/reseaux-fibres\/reseaux-locaux\/passive-optical-lan\/\" \/>\n<meta property=\"og:locale\" content=\"fr_FR\" \/>\n<meta property=\"og:type\" content=\"article\" \/>\n<meta property=\"og:title\" content=\"R\u00e9seaux Fibr\u00e9s | Passive Optical LAN\" \/>\n<meta property=\"og:description\" content=\"AROONA simplifie l\u2019adoption du POLAN sur une infrastructure multimode existante\" \/>\n<meta property=\"og:url\" content=\"https:\/\/www.cailabs.com\/fr\/reseaux-fibres\/reseaux-locaux\/passive-optical-lan\/\" \/>\n<meta property=\"og:site_name\" content=\"Cailabs\" \/>\n<meta property=\"article:modified_time\" content=\"2024-02-27T14:28:19+00:00\" \/>\n<meta property=\"og:image\" content=\"https:\/\/www.cailabs.com\/app\/uploads\/2024\/02\/cailabs_aroona-pol-mm-sm_mmftosplice_1150x500.jpg\" \/>\n<meta name=\"twitter:card\" content=\"summary_large_image\" \/>\n<meta name=\"twitter:label1\" content=\"Dur\u00e9e de lecture estim\u00e9e\" \/>\n\t<meta name=\"twitter:data1\" content=\"3 minutes\" \/>\n<script type=\"application\/ld+json\" class=\"yoast-schema-graph\">{\"@context\":\"https:\\\/\\\/schema.org\",\"@graph\":[{\"@type\":\"WebPage\",\"@id\":\"https:\\\/\\\/www.cailabs.com\\\/fr\\\/reseaux-fibres\\\/reseaux-locaux\\\/passive-optical-lan\\\/\",\"url\":\"https:\\\/\\\/www.cailabs.com\\\/fr\\\/reseaux-fibres\\\/reseaux-locaux\\\/passive-optical-lan\\\/\",\"name\":\"R\u00e9seaux Fibr\u00e9s | Passive Optical LAN\",\"isPartOf\":{\"@id\":\"https:\\\/\\\/www.cailabs.com\\\/fr\\\/#website\"},\"primaryImageOfPage\":{\"@id\":\"https:\\\/\\\/www.cailabs.com\\\/fr\\\/reseaux-fibres\\\/reseaux-locaux\\\/passive-optical-lan\\\/#primaryimage\"},\"image\":{\"@id\":\"https:\\\/\\\/www.cailabs.com\\\/fr\\\/reseaux-fibres\\\/reseaux-locaux\\\/passive-optical-lan\\\/#primaryimage\"},\"thumbnailUrl\":\"https:\\\/\\\/www.cailabs.com\\\/app\\\/uploads\\\/2024\\\/02\\\/cailabs_aroona-pol-mm-sm_mmftosplice_1150x500.jpg\",\"datePublished\":\"2024-02-19T14:40:03+00:00\",\"dateModified\":\"2024-02-27T14:28:19+00:00\",\"description\":\"AROONA simplifie l\u2019adoption du POLAN sur une infrastructure multimode existante\",\"breadcrumb\":{\"@id\":\"https:\\\/\\\/www.cailabs.com\\\/fr\\\/reseaux-fibres\\\/reseaux-locaux\\\/passive-optical-lan\\\/#breadcrumb\"},\"inLanguage\":\"fr-FR\",\"potentialAction\":[{\"@type\":\"ReadAction\",\"target\":[\"https:\\\/\\\/www.cailabs.com\\\/fr\\\/reseaux-fibres\\\/reseaux-locaux\\\/passive-optical-lan\\\/\"]}]},{\"@type\":\"ImageObject\",\"inLanguage\":\"fr-FR\",\"@id\":\"https:\\\/\\\/www.cailabs.com\\\/fr\\\/reseaux-fibres\\\/reseaux-locaux\\\/passive-optical-lan\\\/#primaryimage\",\"url\":\"https:\\\/\\\/www.cailabs.com\\\/app\\\/uploads\\\/2024\\\/02\\\/cailabs_aroona-pol-mm-sm_mmftosplice_1150x500.jpg\",\"contentUrl\":\"https:\\\/\\\/www.cailabs.com\\\/app\\\/uploads\\\/2024\\\/02\\\/cailabs_aroona-pol-mm-sm_mmftosplice_1150x500.jpg\"},{\"@type\":\"BreadcrumbList\",\"@id\":\"https:\\\/\\\/www.cailabs.com\\\/fr\\\/reseaux-fibres\\\/reseaux-locaux\\\/passive-optical-lan\\\/#breadcrumb\",\"itemListElement\":[{\"@type\":\"ListItem\",\"position\":1,\"name\":\"Home\",\"item\":\"https:\\\/\\\/www.cailabs.com\\\/fr\\\/\"},{\"@type\":\"ListItem\",\"position\":2,\"name\":\"R\u00e9seaux fibr\u00e9s\",\"item\":\"https:\\\/\\\/www.cailabs.com\\\/fr\\\/reseaux-fibres\\\/\"},{\"@type\":\"ListItem\",\"position\":3,\"name\":\"R\u00e9seaux locaux\",\"item\":\"https:\\\/\\\/www.cailabs.com\\\/fr\\\/reseaux-fibres\\\/reseaux-locaux\\\/\"},{\"@type\":\"ListItem\",\"position\":4,\"name\":\"Passive Optical LAN\"}]},{\"@type\":\"WebSite\",\"@id\":\"https:\\\/\\\/www.cailabs.com\\\/fr\\\/#website\",\"url\":\"https:\\\/\\\/www.cailabs.com\\\/fr\\\/\",\"name\":\"Cailabs\",\"description\":\"\",\"potentialAction\":[{\"@type\":\"SearchAction\",\"target\":{\"@type\":\"EntryPoint\",\"urlTemplate\":\"https:\\\/\\\/www.cailabs.com\\\/fr\\\/?s={search_term_string}\"},\"query-input\":{\"@type\":\"PropertyValueSpecification\",\"valueRequired\":true,\"valueName\":\"search_term_string\"}}],\"inLanguage\":\"fr-FR\"}]}<\/script>\n<!-- \/ Yoast SEO plugin. -->","yoast_head_json":{"title":"R\u00e9seaux Fibr\u00e9s | Passive Optical LAN","description":"AROONA simplifie l\u2019adoption du POLAN sur une infrastructure multimode existante","robots":{"index":"index","follow":"follow","max-snippet":"max-snippet:-1","max-image-preview":"max-image-preview:large","max-video-preview":"max-video-preview:-1"},"canonical":"https:\/\/www.cailabs.com\/fr\/reseaux-fibres\/reseaux-locaux\/passive-optical-lan\/","og_locale":"fr_FR","og_type":"article","og_title":"R\u00e9seaux Fibr\u00e9s | Passive Optical LAN","og_description":"AROONA simplifie l\u2019adoption du POLAN sur une infrastructure multimode existante","og_url":"https:\/\/www.cailabs.com\/fr\/reseaux-fibres\/reseaux-locaux\/passive-optical-lan\/","og_site_name":"Cailabs","article_modified_time":"2024-02-27T14:28:19+00:00","og_image":[{"url":"https:\/\/www.cailabs.com\/app\/uploads\/2024\/02\/cailabs_aroona-pol-mm-sm_mmftosplice_1150x500.jpg","type":"","width":"","height":""}],"twitter_card":"summary_large_image","twitter_misc":{"Dur\u00e9e de lecture estim\u00e9e":"3 minutes"},"schema":{"@context":"https:\/\/schema.org","@graph":[{"@type":"WebPage","@id":"https:\/\/www.cailabs.com\/fr\/reseaux-fibres\/reseaux-locaux\/passive-optical-lan\/","url":"https:\/\/www.cailabs.com\/fr\/reseaux-fibres\/reseaux-locaux\/passive-optical-lan\/","name":"R\u00e9seaux Fibr\u00e9s | Passive Optical LAN","isPartOf":{"@id":"https:\/\/www.cailabs.com\/fr\/#website"},"primaryImageOfPage":{"@id":"https:\/\/www.cailabs.com\/fr\/reseaux-fibres\/reseaux-locaux\/passive-optical-lan\/#primaryimage"},"image":{"@id":"https:\/\/www.cailabs.com\/fr\/reseaux-fibres\/reseaux-locaux\/passive-optical-lan\/#primaryimage"},"thumbnailUrl":"https:\/\/www.cailabs.com\/app\/uploads\/2024\/02\/cailabs_aroona-pol-mm-sm_mmftosplice_1150x500.jpg","datePublished":"2024-02-19T14:40:03+00:00","dateModified":"2024-02-27T14:28:19+00:00","description":"AROONA simplifie l\u2019adoption du POLAN sur une infrastructure multimode existante","breadcrumb":{"@id":"https:\/\/www.cailabs.com\/fr\/reseaux-fibres\/reseaux-locaux\/passive-optical-lan\/#breadcrumb"},"inLanguage":"fr-FR","potentialAction":[{"@type":"ReadAction","target":["https:\/\/www.cailabs.com\/fr\/reseaux-fibres\/reseaux-locaux\/passive-optical-lan\/"]}]},{"@type":"ImageObject","inLanguage":"fr-FR","@id":"https:\/\/www.cailabs.com\/fr\/reseaux-fibres\/reseaux-locaux\/passive-optical-lan\/#primaryimage","url":"https:\/\/www.cailabs.com\/app\/uploads\/2024\/02\/cailabs_aroona-pol-mm-sm_mmftosplice_1150x500.jpg","contentUrl":"https:\/\/www.cailabs.com\/app\/uploads\/2024\/02\/cailabs_aroona-pol-mm-sm_mmftosplice_1150x500.jpg"},{"@type":"BreadcrumbList","@id":"https:\/\/www.cailabs.com\/fr\/reseaux-fibres\/reseaux-locaux\/passive-optical-lan\/#breadcrumb","itemListElement":[{"@type":"ListItem","position":1,"name":"Home","item":"https:\/\/www.cailabs.com\/fr\/"},{"@type":"ListItem","position":2,"name":"R\u00e9seaux fibr\u00e9s","item":"https:\/\/www.cailabs.com\/fr\/reseaux-fibres\/"},{"@type":"ListItem","position":3,"name":"R\u00e9seaux locaux","item":"https:\/\/www.cailabs.com\/fr\/reseaux-fibres\/reseaux-locaux\/"},{"@type":"ListItem","position":4,"name":"Passive Optical LAN"}]},{"@type":"WebSite","@id":"https:\/\/www.cailabs.com\/fr\/#website","url":"https:\/\/www.cailabs.com\/fr\/","name":"Cailabs","description":"","potentialAction":[{"@type":"SearchAction","target":{"@type":"EntryPoint","urlTemplate":"https:\/\/www.cailabs.com\/fr\/?s={search_term_string}"},"query-input":{"@type":"PropertyValueSpecification","valueRequired":true,"valueName":"search_term_string"}}],"inLanguage":"fr-FR"}]}},"_links":{"self":[{"href":"https:\/\/www.cailabs.com\/fr\/wp-json\/wp\/v2\/pages\/2799","targetHints":{"allow":["GET"]}}],"collection":[{"href":"https:\/\/www.cailabs.com\/fr\/wp-json\/wp\/v2\/pages"}],"about":[{"href":"https:\/\/www.cailabs.com\/fr\/wp-json\/wp\/v2\/types\/page"}],"author":[{"embeddable":true,"href":"https:\/\/www.cailabs.com\/fr\/wp-json\/wp\/v2\/users\/2"}],"replies":[{"embeddable":true,"href":"https:\/\/www.cailabs.com\/fr\/wp-json\/wp\/v2\/comments?post=2799"}],"version-history":[{"count":6,"href":"https:\/\/www.cailabs.com\/fr\/wp-json\/wp\/v2\/pages\/2799\/revisions"}],"predecessor-version":[{"id":6877,"href":"https:\/\/www.cailabs.com\/fr\/wp-json\/wp\/v2\/pages\/2799\/revisions\/6877"}],"up":[{"embeddable":true,"href":"https:\/\/www.cailabs.com\/fr\/wp-json\/wp\/v2\/pages\/1860"}],"wp:attachment":[{"href":"https:\/\/www.cailabs.com\/fr\/wp-json\/wp\/v2\/media?parent=2799"}],"curies":[{"name":"wp","href":"https:\/\/api.w.org\/{rel}","templated":true}]}}