{"id":2827,"date":"2024-02-19T15:55:29","date_gmt":"2024-02-19T14:55:29","guid":{"rendered":"https:\/\/www.cailabs.com\/industrial-laser-processing\/other-applications\/"},"modified":"2026-03-16T16:05:52","modified_gmt":"2026-03-16T15:05:52","slug":"autres-applications","status":"publish","type":"page","link":"https:\/\/www.cailabs.com\/fr\/procedes-laser-industriels\/autres-applications\/","title":{"rendered":"Autres applications"},"content":{"rendered":"\n<h1 class=\"wp-block-heading has-text-align-center has-h-1-font-size\">Autres applications<\/h1>\n\n\n\n<p class=\"has-text-align-center has-h-5-font-size\"><strong>Am\u00e9liorer tout proc\u00e9d\u00e9 laser avec la mise en forme de faisceau<\/strong><\/p>\n\n\n\n<p class=\"has-text-align-center\">La mise en forme du faisceau optimise les processus laser en distribuant l&rsquo;\u00e9nergie de mani\u00e8re intelligente. En adaptant le profil du faisceau, il est possible d&rsquo;optimiser de nombreux param\u00e8tres (vitesse, pr\u00e9cision, qualit\u00e9, \u2026) des processus laser comme la d\u00e9coupe laser, le durcissement, le nettoyage, \u2026<\/p>\n\n\n\n<figure class=\"wp-block-image alignfull size-large is-style-gradient-image\"><picture><source srcset=\"https:\/\/www.cailabs.com\/app\/uploads\/2025\/03\/bandeau-page-other-application-2048x568-1-1024x284.webp 1x, https:\/\/www.cailabs.com\/app\/uploads\/2025\/03\/bandeau-page-other-application-2048x568-1-1024x284@2x.webp 2x\" type=\"image\/webp\"><img loading=\"lazy\" decoding=\"async\" width=\"1024\" height=\"284\" src=\"https:\/\/www.cailabs.com\/app\/uploads\/2025\/03\/bandeau-page-other-application-2048x568-1-1024x284.webp\" alt=\"\" class=\"wp-image-11225\" srcset=\"https:\/\/www.cailabs.com\/app\/uploads\/2025\/03\/bandeau-page-other-application-2048x568-1-1024x284.webp 1024w, https:\/\/www.cailabs.com\/app\/uploads\/2025\/03\/bandeau-page-other-application-2048x568-1-300x83.webp 300w, https:\/\/www.cailabs.com\/app\/uploads\/2025\/03\/bandeau-page-other-application-2048x568-1-768x213.webp 768w, https:\/\/www.cailabs.com\/app\/uploads\/2025\/03\/bandeau-page-other-application-2048x568-1-1536x426.webp 1536w, https:\/\/www.cailabs.com\/app\/uploads\/2025\/03\/bandeau-page-other-application-2048x568-1.webp 2048w\" sizes=\"auto, (max-width: 1024px) 100vw, 1024px\" \/><\/picture><\/figure>\n\n\n\n<hr class=\"wp-block-separator has-alpha-channel-opacity\"\/>\n\n\n\n<div class=\"wp-block-columns alignwide is-layout-flex wp-container-core-columns-is-layout-6686561b wp-block-columns-is-layout-flex\" style=\"margin-top:var(--wp--preset--spacing--20);margin-bottom:var(--wp--preset--spacing--20);padding-top:0;padding-bottom:0\">\n<div class=\"wp-block-column is-layout-flow wp-block-column-is-layout-flow\">\n<h2 class=\"wp-block-heading has-h-5-font-size\">CANUNDA<\/h2>\n\n\n\n<p>D\u00e9di\u00e9e \u00e0 l&rsquo;am\u00e9lioration des usinages laser, la gamme CANUNDA offre une mise en forme versatile et efficace des faisceaux lasers. CANUNDA am\u00e9liore la qualit\u00e9, la pr\u00e9cision, la vitesse et la stabilit\u00e9 du traitement pour tous les types de sources laser, qu&rsquo;elles soient monomodes ou multimodes, en mode continu ou puls\u00e9, fibr\u00e9es ou en espace libre.&nbsp; Les solutions enti\u00e8rement r\u00e9flectives de la gamme CANUNDA garantissent une mise en forme stable et \u00e0 faibles pertes, et peuvent tenir aussi bien face aux hautes puissances des lasers de d\u00e9coupe ou de soudure, qu\u2019aux hautes \u00e9nergies atteintes par les lasers \u00e0 impulsion ultra-courtes pour le micro-usinage.<\/p>\n\n\n\n<div class=\"wp-block-columns alignwide is-layout-flex wp-container-core-columns-is-layout-28f84493 wp-block-columns-is-layout-flex\">\n<div class=\"wp-block-column is-layout-flow wp-block-column-is-layout-flow\" style=\"flex-basis:100%\">\n<p>Les diff\u00e9rentes solutions de la gamme CANUNDA sont\u202f :&nbsp;<\/p>\n<\/div>\n<\/div>\n\n\n\n<div class=\"wp-block-columns alignwide is-layout-flex wp-container-core-columns-is-layout-28f84493 wp-block-columns-is-layout-flex\">\n<div class=\"wp-block-column is-layout-flow wp-block-column-is-layout-flow\" style=\"flex-basis:100%\">\n<ul class=\"wp-block-list\">\n<li>CANUNDA-HP, une plate-forme de mise en forme de faisceau laser d\u00e9di\u00e9e \u00e0 l\u2019am\u00e9lioration des proc\u00e9d\u00e9s laser de puissance (soudure, d\u00e9coupe, fabrication additive\u2026)<\/li>\n\n\n\n<li>CANUNDA-USP, un module con\u00e7u pour la mise en forme des faisceaux laser \u00e0 impulsions ultra-courtes de mani\u00e8re efficace et pr\u00e9cise (top-hat rond, carr\u00e9 ou en ligne) ou pour stabiliser les lasers ultra-court (Mode-Cleaner). Il permet \u00e9galement de choisir entre plusieurs motifs \u00e9lectroniquement et s\u2019adapte aux machines standards de l\u2019industrie.<\/li>\n\n\n\n<li>CANUNDA-AXICON, un axicon r\u00e9flectif permettant de g\u00e9n\u00e9rer un faisceau de Bessel de haute qualit\u00e9 pour l\u2019usinage du verre par laser \u00e0 impulsions ultra-courtes.<\/li>\n<\/ul>\n\n\n\n<div class=\"wp-block-buttons is-layout-flex wp-block-buttons-is-layout-flex\" style=\"margin-top:var(--wp--preset--spacing--50)\">\n<div class=\"wp-block-button is-style-download-button\"><a class=\"wp-block-button__link wp-element-button\" href=\"https:\/\/www.calameo.com\/read\/0075718766b56892d4884\" target=\"_blank\" rel=\"noreferrer noopener\">Brochure CANUNDA-PULSE <\/a><\/div>\n\n\n\n<div class=\"wp-block-button is-style-download-button\"><a class=\"wp-block-button__link wp-element-button\" href=\"https:\/\/www.calameo.com\/read\/007571876f67599abc992\" target=\"_blank\" rel=\"noreferrer noopener\">Brochure CANUNDA-HP<\/a><\/div>\n\n\n\n<div class=\"wp-block-button is-style-download-button\"><a class=\"wp-block-button__link wp-element-button\" href=\"https:\/\/www.calameo.com\/read\/0075718762869645605e5\" target=\"_blank\" rel=\"noreferrer noopener\">Brochure CANUNDA-AXICON<\/a><\/div>\n<\/div>\n<\/div>\n<\/div>\n<\/div>\n\n\n\n<div class=\"wp-block-column is-layout-flow wp-block-column-is-layout-flow\">\t<section class=\"acf slider-dimages align wp-block-acf-slider-dimages\" id=\"block_8936f4f5d6265f1793b363a33d70a41a\">\n\t\t<div class=\"container\">\n\t\t\t<div class=\"swiper slider-dimages__slider\">\n\t\t\t\t<div class=\"swiper-button-prev\"><\/div>\n\t\t\t\t<div class=\"swiper-wrapper\">\n\t\t\t\t\t\t\t\t\t\t\t<div class=\"slider-dimages__image swiper-slide\">\n\t\t\t\t\t\t\t<picture>\n\t\t\t\t\t\t\t\t<source type=\"image\/webp\" srcset=\"https:\/\/www.cailabs.com\/app\/uploads\/2025\/11\/cailabs-canunda-range-carre-1024x894.webp, https:\/\/www.cailabs.com\/app\/uploads\/2025\/11\/cailabs-canunda-range-carre-1024x894.webp 2x\">\n\t\t\t\t\t\t\t\t<source type=\"image\/jpeg\" srcset=\"https:\/\/www.cailabs.com\/app\/uploads\/2025\/11\/cailabs-canunda-range-carre-1024x894.jpg, https:\/\/www.cailabs.com\/app\/uploads\/2025\/11\/cailabs-canunda-range-carre-1024x894.jpg 2x\">\n\t\t\t\t\t\t\t\t<img decoding=\"async\" loading=\"lazy\" src=\"https:\/\/www.cailabs.com\/app\/uploads\/2025\/11\/cailabs-canunda-range-carre-1024x894.jpg\" alt=\"Cailabs Canunda Range\" width=\"1024\" height=\"596\"\/>\n\t\t\t\t\t\t\t\t\t\t\t\t\t\t\t\t\t<figcaption>Gamme CANUNDA<\/figcaption>\n\t\t\t\t\t\t\t\t\t\t\t\t\t\t\t<\/picture>\n\t\t\t\t\t\t<\/div>\n\t\t\t\t\t\t\t\t\t<\/div>\n\t\t\t\t<div class=\"swiper-button-next\"><\/div>\n\t\t\t<\/div>\n\t\t<\/div>\n\t<\/section>\n<\/div>\n<\/div>\n\n\n\n<h2 class=\"wp-block-heading has-text-align-center\">[WEBINAR] Tackling micro processing challenges with beam shaping<\/h2>\n\n\n\n        <div class=\"youtube-lazy-container\" data-youtube-id=\"hKF3ZxvmFG0\" data-youtube-url=\"https:\/\/youtu.be\/hKF3ZxvmFG0\">\n            <div class=\"youtube-lazy-placeholder\">\n                <img decoding=\"async\" src=\"https:\/\/img.youtube.com\/vi\/hKF3ZxvmFG0\/maxresdefault.jpg\" alt=\"YouTube Video\" class=\"youtube-lazy-thumbnail\" loading=\"lazy\">\n                <div class=\"youtube-lazy-overlay\">\n                    <div class=\"youtube-lazy-play-button\">\n                        <svg width=\"68\" height=\"48\" viewBox=\"0 0 68 48\">\n                            <path d=\"M66.52,7.74c-0.78-2.93-2.49-5.41-5.42-6.19C55.79,.13,34,0,34,0S12.21,.13,6.9,1.55 C3.97,2.33,2.27,4.81,1.48,7.74C0.06,13.05,0,24,0,24s0.06,10.95,1.48,16.26c0.78,2.93,2.49,5.41,5.42,6.19 C12.21,47.87,34,48,34,48s21.79-0.13,27.1-1.55c2.93-0.78,4.64-3.26,5.42-6.19C67.94,34.95,68,24,68,24S67.94,13.05,66.52,7.74z\" fill=\"#f00\"><\/path>\n                            <path d=\"M 45,24 27,14 27,34\" fill=\"#fff\"><\/path>\n                        <\/svg>\n                    <\/div>\n                <\/div>\n            <\/div>\n        <\/div>\n\n<section class=\"acf lignes-de-produits align wp-block-acf-lignes-de-produits\" id=\"block_c3c2ac722566c5255e27f6675b774896\">\n\t<div class=\"container\">\n\t\t<div class=\"lignes-de-produits__top\">\n\t\t\t\t\t\t\t<h2>Cr\u00e9ez votre CANUNDA<\/h2>\n\t\t\t\t\t<\/div>\n\t\t\t\t\t<div class=\"lignes-de-produits__products\">\n\t\t\t\t\t\t\t\t\t\t\t\t\t\t\t<a class=\"lignes-de-produits__product\" href=\"https:\/\/www.cailabs.com\/fr\/configurateur-canunda\/\" target=\"_blank\">\n\t\t\t\t\t\t\t\t\t\t\t\t\t\t\t<div class=\"lignes-de-produits__product_image\">\n\t\t\t\t\t\t\t\t\t<picture>\n\t\t\t\t\t\t\t\t\t\t<source type=\"image\/webp\" srcset=\"https:\/\/www.cailabs.com\/app\/uploads\/2025\/11\/cailabs-canunda-range-carre-400x0-c-default.webp, https:\/\/www.cailabs.com\/app\/uploads\/2025\/11\/cailabs-canunda-range-carre-400x0-c-default@2x.webp 2x\">\n\t\t\t\t\t\t\t\t\t\t<source type=\"image\/jpeg\" srcset=\"https:\/\/www.cailabs.com\/app\/uploads\/2025\/11\/cailabs-canunda-range-carre-400x0-c-default.jpg, https:\/\/www.cailabs.com\/app\/uploads\/2025\/11\/cailabs-canunda-range-carre-400x0-c-default@2x.jpg 2x\">\n\t\t\t\t\t\t\t\t\t\t<img decoding=\"async\" loading=\"lazy\" src=\"https:\/\/www.cailabs.com\/app\/uploads\/2025\/11\/cailabs-canunda-range-carre-400x0-c-default.jpg\" alt=\"Cailabs Canunda Range\" width=\"390\" height=\"320\"\/>\n\t\t\t\t\t\t\t\t\t<\/picture>\n\t\t\t\t\t\t\t\t<\/div>\n\t\t\t\t\t\t\t\t\t\t\t\t\t\t<div class=\"lignes-de-produits__product_content\">\n\t\t\t\t\t\t\t\t<h3>Configurez votre solution sur mesure<\/h3>\n\t\t\t\t\t\t\t\t<div class=\"lignes-de-produits__product_laser is-laser-color-vert\"><span><\/span><\/div>\n\t\t\t\t\t\t\t\t\t\t\t\t\t\t\t\t\t\t\t\t\t\t\t\t\t<span class=\"lignes-de-produits__product_link\">Testez le configurateur<\/span>\n\t\t\t\t\t\t\t\t\t\t\t\t\t\t\t<\/div>\n\t\t\t\t\t\t<\/a>\n\t\t\t\t\t\t\t\t\t\t\t\t<\/div>\n\t\t\t<\/div>\n<\/section>\n\n\n<div class=\"wp-block-group alignwide is-layout-constrained wp-container-core-group-is-layout-b5d337c2 wp-block-group-is-layout-constrained\" style=\"margin-top:0;margin-bottom:0;padding-top:0;padding-bottom:0\">\n<h2 class=\"wp-block-heading alignwide has-text-align-center\" style=\"margin-top:var(--wp--preset--spacing--20);margin-bottom:var(--wp--preset--spacing--20);padding-top:0;padding-right:0;padding-bottom:0;padding-left:0\">Datasheets<\/h2>\n\n\n\n<div class=\"wp-block-buttons alignwide is-content-justification-left is-layout-flex wp-container-core-buttons-is-layout-b243c687 wp-block-buttons-is-layout-flex\" style=\"margin-top:var(--wp--preset--spacing--20);margin-bottom:var(--wp--preset--spacing--20)\">\n<div class=\"wp-block-button is-style-download-button\"><a class=\"wp-block-button__link wp-element-button\" href=\"https:\/\/www.calameo.com\/read\/0075718760377ee9d8e07\" target=\"_blank\" rel=\"noreferrer noopener\">Glass Cutting<\/a><\/div>\n\n\n\n<div class=\"wp-block-button is-style-download-button\"><a class=\"wp-block-button__link has-text-align-center wp-element-button\" href=\"https:\/\/www.calameo.com\/read\/007571876eb937bdff67e\" target=\"_blank\" rel=\"noreferrer noopener\">Copper &amp; Aluminum Welding<\/a><\/div>\n\n\n\n<div class=\"wp-block-button is-style-download-button\"><a class=\"wp-block-button__link wp-element-button\" href=\"https:\/\/www.calameo.com\/read\/007571876985f61d15124\" target=\"_blank\" rel=\"noreferrer noopener\">Hybride Laser Arc Welding<\/a><\/div>\n\n\n\n<div class=\"wp-block-button is-style-download-button\"><a class=\"wp-block-button__link has-text-align-center wp-element-button\" href=\"https:\/\/www.calameo.com\/read\/007571876939d8a8a04fd\" target=\"_blank\" rel=\"noreferrer noopener\">Laser Powder Bed Fusion<\/a><\/div>\n\n\n\n<div class=\"wp-block-button is-style-download-button\"><a class=\"wp-block-button__link wp-element-button\" href=\"https:\/\/www.calameo.com\/read\/007571876eb5faeeca7c7\" target=\"_blank\" rel=\"noreferrer noopener\">Metal Processing<\/a><\/div>\n\n\n\n<div class=\"wp-block-button is-style-download-button\"><a class=\"wp-block-button__link wp-element-button\" href=\"https:\/\/www.calameo.com\/read\/007571876f25ba468f00e\" target=\"_blank\" rel=\"noreferrer noopener\">Surface Texturing<\/a><\/div>\n\n\n\n<div class=\"wp-block-button is-style-download-button\"><a class=\"wp-block-button__link wp-element-button\" href=\"https:\/\/www.calameo.com\/read\/00757187674094baa53c6\" target=\"_blank\" rel=\"noreferrer noopener\">Surface Treatment<\/a><\/div>\n\n\n\n<div class=\"wp-block-button is-style-download-button\"><a class=\"wp-block-button__link wp-element-button\" href=\"https:\/\/www.calameo.com\/read\/00757187689c3b95faabb\" target=\"_blank\" rel=\"noreferrer noopener\">Fiber Injection<\/a><\/div>\n<\/div>\n<\/div>\n\n\n<section class=\"acf bandeau-avec-bouton align wp-block-acf-bandeau-avec-bouton\" id=\"block_196e597be18cff8a2417ba384615e561\">\n\t<div class=\"container\">\n\t\t\t\t\t<h2>Des questions sur la solution CANUNDA ?<\/h2>\n\t\t\t\t\t\t\t\t\t<a href=\"https:\/\/www.cailabs.com\/fr\/contact\/\" target=\"\" class=\"btn btn__outline\">Contactez nous !<\/a>\n\t\t\t<\/div>\n\t\t\t<div class=\"bandeau-avec-bouton__bg\">\n\t\t\t<picture>\n\t\t\t\t<source type=\"image\/webp\" srcset=\"https:\/\/www.cailabs.com\/app\/uploads\/2025\/03\/bandeau-contact-us-industrial-laser-processing-1-1920x600.webp, https:\/\/www.cailabs.com\/app\/uploads\/2025\/03\/bandeau-contact-us-industrial-laser-processing-1-1920x600@2x.webp 2x\">\n\t\t\t\t<source type=\"image\/jpeg\" srcset=\"https:\/\/www.cailabs.com\/app\/uploads\/2025\/03\/bandeau-contact-us-industrial-laser-processing-1-1920x600.jpg, https:\/\/www.cailabs.com\/app\/uploads\/2025\/03\/bandeau-contact-us-industrial-laser-processing-1-1920x600@2x.jpg 2x\">\n\t\t\t\t<img decoding=\"async\" loading=\"lazy\" src=\"https:\/\/www.cailabs.com\/app\/uploads\/2025\/03\/bandeau-contact-us-industrial-laser-processing-1-1920x600.jpg\" alt=\"Industrial Laser Processing\" width=\"1920\" height=\"600\"\/>\n\t\t\t<\/picture>\n\t\t<\/div>\n\t<\/section>","protected":false},"excerpt":{"rendered":"<p>Autres applications Am\u00e9liorer tout proc\u00e9d\u00e9 laser avec la mise en forme de faisceau La mise en forme du faisceau optimise les processus laser en distribuant l&rsquo;\u00e9nergie de mani\u00e8re intelligente. En adaptant le profil du faisceau, il est possible d&rsquo;optimiser de nombreux param\u00e8tres (vitesse, pr\u00e9cision, qualit\u00e9, \u2026) des processus laser comme la d\u00e9coupe laser, le durcissement, [&hellip;]<\/p>\n","protected":false},"author":2,"featured_media":0,"parent":2392,"menu_order":0,"comment_status":"closed","ping_status":"closed","template":"","meta":{"_acf_changed":false,"content-type":"","_schema_org_content_json":"","footnotes":""},"class_list":["post-2827","page","type-page","status-publish","hentry"],"acf":[],"yoast_head":"<!-- This site is optimized with the Yoast SEO plugin v27.4 - https:\/\/yoast.com\/product\/yoast-seo-wordpress\/ -->\n<title>Proc\u00e9d\u00e9s laser industriels | Autres applications<\/title>\n<meta name=\"description\" content=\"CANUNDA am\u00e9liore la qualit\u00e9, la pr\u00e9cision, la vitesse et la stabilit\u00e9 du traitement pour tous les types de sources laser, qu&#039;elles soient monomodes ou multimodes, en mode continu ou puls\u00e9, fibr\u00e9es ou en espace libre\" \/>\n<meta name=\"robots\" content=\"index, follow, max-snippet:-1, max-image-preview:large, max-video-preview:-1\" \/>\n<link rel=\"canonical\" href=\"https:\/\/www.cailabs.com\/fr\/procedes-laser-industriels\/autres-applications\/\" \/>\n<meta property=\"og:locale\" content=\"fr_FR\" \/>\n<meta property=\"og:type\" content=\"article\" \/>\n<meta property=\"og:title\" content=\"Proc\u00e9d\u00e9s laser industriels | Autres applications\" \/>\n<meta property=\"og:description\" content=\"CANUNDA am\u00e9liore la qualit\u00e9, la pr\u00e9cision, la vitesse et la stabilit\u00e9 du traitement pour tous les types de sources laser, qu&#039;elles soient monomodes ou multimodes, en mode continu ou puls\u00e9, fibr\u00e9es ou en espace libre\" \/>\n<meta property=\"og:url\" content=\"https:\/\/www.cailabs.com\/fr\/procedes-laser-industriels\/autres-applications\/\" \/>\n<meta property=\"og:site_name\" content=\"Cailabs\" \/>\n<meta property=\"article:modified_time\" content=\"2026-03-16T15:05:52+00:00\" \/>\n<meta property=\"og:image\" content=\"https:\/\/www.cailabs.com\/app\/uploads\/2025\/03\/bandeau-page-other-application-2048x568-1.webp\" \/>\n\t<meta property=\"og:image:width\" content=\"2048\" \/>\n\t<meta property=\"og:image:height\" content=\"568\" \/>\n\t<meta property=\"og:image:type\" content=\"image\/webp\" \/>\n<meta name=\"twitter:card\" content=\"summary_large_image\" \/>\n<meta name=\"twitter:label1\" content=\"Dur\u00e9e de lecture estim\u00e9e\" \/>\n\t<meta name=\"twitter:data1\" content=\"2 minutes\" \/>\n<script type=\"application\/ld+json\" class=\"yoast-schema-graph\">{\"@context\":\"https:\\\/\\\/schema.org\",\"@graph\":[{\"@type\":\"WebPage\",\"@id\":\"https:\\\/\\\/www.cailabs.com\\\/fr\\\/procedes-laser-industriels\\\/autres-applications\\\/\",\"url\":\"https:\\\/\\\/www.cailabs.com\\\/fr\\\/procedes-laser-industriels\\\/autres-applications\\\/\",\"name\":\"Proc\u00e9d\u00e9s laser industriels | Autres applications\",\"isPartOf\":{\"@id\":\"https:\\\/\\\/www.cailabs.com\\\/fr\\\/#website\"},\"primaryImageOfPage\":{\"@id\":\"https:\\\/\\\/www.cailabs.com\\\/fr\\\/procedes-laser-industriels\\\/autres-applications\\\/#primaryimage\"},\"image\":{\"@id\":\"https:\\\/\\\/www.cailabs.com\\\/fr\\\/procedes-laser-industriels\\\/autres-applications\\\/#primaryimage\"},\"thumbnailUrl\":\"https:\\\/\\\/www.cailabs.com\\\/app\\\/uploads\\\/2025\\\/03\\\/bandeau-page-other-application-2048x568-1-1024x284.webp\",\"datePublished\":\"2024-02-19T14:55:29+00:00\",\"dateModified\":\"2026-03-16T15:05:52+00:00\",\"description\":\"CANUNDA am\u00e9liore la qualit\u00e9, la pr\u00e9cision, la vitesse et la stabilit\u00e9 du traitement pour tous les types de sources laser, qu'elles soient monomodes ou multimodes, en mode continu ou puls\u00e9, fibr\u00e9es ou en espace libre\",\"breadcrumb\":{\"@id\":\"https:\\\/\\\/www.cailabs.com\\\/fr\\\/procedes-laser-industriels\\\/autres-applications\\\/#breadcrumb\"},\"inLanguage\":\"fr-FR\",\"potentialAction\":[{\"@type\":\"ReadAction\",\"target\":[\"https:\\\/\\\/www.cailabs.com\\\/fr\\\/procedes-laser-industriels\\\/autres-applications\\\/\"]}]},{\"@type\":\"ImageObject\",\"inLanguage\":\"fr-FR\",\"@id\":\"https:\\\/\\\/www.cailabs.com\\\/fr\\\/procedes-laser-industriels\\\/autres-applications\\\/#primaryimage\",\"url\":\"https:\\\/\\\/www.cailabs.com\\\/app\\\/uploads\\\/2025\\\/03\\\/bandeau-page-other-application-2048x568-1-1024x284.webp\",\"contentUrl\":\"https:\\\/\\\/www.cailabs.com\\\/app\\\/uploads\\\/2025\\\/03\\\/bandeau-page-other-application-2048x568-1-1024x284.webp\"},{\"@type\":\"BreadcrumbList\",\"@id\":\"https:\\\/\\\/www.cailabs.com\\\/fr\\\/procedes-laser-industriels\\\/autres-applications\\\/#breadcrumb\",\"itemListElement\":[{\"@type\":\"ListItem\",\"position\":1,\"name\":\"Home\",\"item\":\"https:\\\/\\\/www.cailabs.com\\\/fr\\\/\"},{\"@type\":\"ListItem\",\"position\":2,\"name\":\"Proc\u00e9d\u00e9s laser industriels\",\"item\":\"https:\\\/\\\/www.cailabs.com\\\/fr\\\/procedes-laser-industriels\\\/\"},{\"@type\":\"ListItem\",\"position\":3,\"name\":\"Autres applications\"}]},{\"@type\":\"WebSite\",\"@id\":\"https:\\\/\\\/www.cailabs.com\\\/fr\\\/#website\",\"url\":\"https:\\\/\\\/www.cailabs.com\\\/fr\\\/\",\"name\":\"Cailabs\",\"description\":\"\",\"potentialAction\":[{\"@type\":\"SearchAction\",\"target\":{\"@type\":\"EntryPoint\",\"urlTemplate\":\"https:\\\/\\\/www.cailabs.com\\\/fr\\\/?s={search_term_string}\"},\"query-input\":{\"@type\":\"PropertyValueSpecification\",\"valueRequired\":true,\"valueName\":\"search_term_string\"}}],\"inLanguage\":\"fr-FR\"}]}<\/script>\n<!-- \/ Yoast SEO plugin. -->","yoast_head_json":{"title":"Proc\u00e9d\u00e9s laser industriels | Autres applications","description":"CANUNDA am\u00e9liore la qualit\u00e9, la pr\u00e9cision, la vitesse et la stabilit\u00e9 du traitement pour tous les types de sources laser, qu'elles soient monomodes ou multimodes, en mode continu ou puls\u00e9, fibr\u00e9es ou en espace libre","robots":{"index":"index","follow":"follow","max-snippet":"max-snippet:-1","max-image-preview":"max-image-preview:large","max-video-preview":"max-video-preview:-1"},"canonical":"https:\/\/www.cailabs.com\/fr\/procedes-laser-industriels\/autres-applications\/","og_locale":"fr_FR","og_type":"article","og_title":"Proc\u00e9d\u00e9s laser industriels | Autres applications","og_description":"CANUNDA am\u00e9liore la qualit\u00e9, la pr\u00e9cision, la vitesse et la stabilit\u00e9 du traitement pour tous les types de sources laser, qu'elles soient monomodes ou multimodes, en mode continu ou puls\u00e9, fibr\u00e9es ou en espace libre","og_url":"https:\/\/www.cailabs.com\/fr\/procedes-laser-industriels\/autres-applications\/","og_site_name":"Cailabs","article_modified_time":"2026-03-16T15:05:52+00:00","og_image":[{"width":2048,"height":568,"url":"https:\/\/www.cailabs.com\/app\/uploads\/2025\/03\/bandeau-page-other-application-2048x568-1.webp","type":"image\/webp"}],"twitter_card":"summary_large_image","twitter_misc":{"Dur\u00e9e de lecture estim\u00e9e":"2 minutes"},"schema":{"@context":"https:\/\/schema.org","@graph":[{"@type":"WebPage","@id":"https:\/\/www.cailabs.com\/fr\/procedes-laser-industriels\/autres-applications\/","url":"https:\/\/www.cailabs.com\/fr\/procedes-laser-industriels\/autres-applications\/","name":"Proc\u00e9d\u00e9s laser industriels | Autres applications","isPartOf":{"@id":"https:\/\/www.cailabs.com\/fr\/#website"},"primaryImageOfPage":{"@id":"https:\/\/www.cailabs.com\/fr\/procedes-laser-industriels\/autres-applications\/#primaryimage"},"image":{"@id":"https:\/\/www.cailabs.com\/fr\/procedes-laser-industriels\/autres-applications\/#primaryimage"},"thumbnailUrl":"https:\/\/www.cailabs.com\/app\/uploads\/2025\/03\/bandeau-page-other-application-2048x568-1-1024x284.webp","datePublished":"2024-02-19T14:55:29+00:00","dateModified":"2026-03-16T15:05:52+00:00","description":"CANUNDA am\u00e9liore la qualit\u00e9, la pr\u00e9cision, la vitesse et la stabilit\u00e9 du traitement pour tous les types de sources laser, qu'elles soient monomodes ou multimodes, en mode continu ou puls\u00e9, fibr\u00e9es ou en espace libre","breadcrumb":{"@id":"https:\/\/www.cailabs.com\/fr\/procedes-laser-industriels\/autres-applications\/#breadcrumb"},"inLanguage":"fr-FR","potentialAction":[{"@type":"ReadAction","target":["https:\/\/www.cailabs.com\/fr\/procedes-laser-industriels\/autres-applications\/"]}]},{"@type":"ImageObject","inLanguage":"fr-FR","@id":"https:\/\/www.cailabs.com\/fr\/procedes-laser-industriels\/autres-applications\/#primaryimage","url":"https:\/\/www.cailabs.com\/app\/uploads\/2025\/03\/bandeau-page-other-application-2048x568-1-1024x284.webp","contentUrl":"https:\/\/www.cailabs.com\/app\/uploads\/2025\/03\/bandeau-page-other-application-2048x568-1-1024x284.webp"},{"@type":"BreadcrumbList","@id":"https:\/\/www.cailabs.com\/fr\/procedes-laser-industriels\/autres-applications\/#breadcrumb","itemListElement":[{"@type":"ListItem","position":1,"name":"Home","item":"https:\/\/www.cailabs.com\/fr\/"},{"@type":"ListItem","position":2,"name":"Proc\u00e9d\u00e9s laser industriels","item":"https:\/\/www.cailabs.com\/fr\/procedes-laser-industriels\/"},{"@type":"ListItem","position":3,"name":"Autres applications"}]},{"@type":"WebSite","@id":"https:\/\/www.cailabs.com\/fr\/#website","url":"https:\/\/www.cailabs.com\/fr\/","name":"Cailabs","description":"","potentialAction":[{"@type":"SearchAction","target":{"@type":"EntryPoint","urlTemplate":"https:\/\/www.cailabs.com\/fr\/?s={search_term_string}"},"query-input":{"@type":"PropertyValueSpecification","valueRequired":true,"valueName":"search_term_string"}}],"inLanguage":"fr-FR"}]}},"_links":{"self":[{"href":"https:\/\/www.cailabs.com\/fr\/wp-json\/wp\/v2\/pages\/2827","targetHints":{"allow":["GET"]}}],"collection":[{"href":"https:\/\/www.cailabs.com\/fr\/wp-json\/wp\/v2\/pages"}],"about":[{"href":"https:\/\/www.cailabs.com\/fr\/wp-json\/wp\/v2\/types\/page"}],"author":[{"embeddable":true,"href":"https:\/\/www.cailabs.com\/fr\/wp-json\/wp\/v2\/users\/2"}],"replies":[{"embeddable":true,"href":"https:\/\/www.cailabs.com\/fr\/wp-json\/wp\/v2\/comments?post=2827"}],"version-history":[{"count":32,"href":"https:\/\/www.cailabs.com\/fr\/wp-json\/wp\/v2\/pages\/2827\/revisions"}],"predecessor-version":[{"id":12544,"href":"https:\/\/www.cailabs.com\/fr\/wp-json\/wp\/v2\/pages\/2827\/revisions\/12544"}],"up":[{"embeddable":true,"href":"https:\/\/www.cailabs.com\/fr\/wp-json\/wp\/v2\/pages\/2392"}],"wp:attachment":[{"href":"https:\/\/www.cailabs.com\/fr\/wp-json\/wp\/v2\/media?parent=2827"}],"curies":[{"name":"wp","href":"https:\/\/api.w.org\/{rel}","templated":true}]}}