{"id":2942,"date":"2024-02-20T09:44:15","date_gmt":"2024-02-20T08:44:15","guid":{"rendered":"https:\/\/www.cailabs.com?page_id=2942"},"modified":"2024-02-27T11:39:06","modified_gmt":"2024-02-27T10:39:06","slug":"multiplexage-spatial-sdm","status":"publish","type":"page","link":"https:\/\/www.cailabs.com\/fr\/reseaux-fibres\/reseaux-du-futur\/multiplexage-spatial-sdm\/","title":{"rendered":"Multiplexage spatial (SDM)"},"content":{"rendered":"\n<div class=\"wp-block-group is-layout-constrained wp-block-group-is-layout-constrained\">\n<h1 class=\"wp-block-heading has-text-align-center\">Multiplexage spatial (SDM)<\/h1>\n<\/div>\n\n\n\n<div class=\"wp-block-cover alignfull\" style=\"min-height:350px;aspect-ratio:unset;\"><span aria-hidden=\"true\" class=\"wp-block-cover__background has-background-dim\"><\/span><img loading=\"lazy\" decoding=\"async\" width=\"1150\" height=\"500\" class=\"wp-block-cover__image-background wp-image-2943\" alt=\"1150x500 Sdm\" src=\"https:\/\/www.cailabs.com\/app\/uploads\/2024\/02\/1150x500_sdm.png\" data-object-fit=\"cover\" srcset=\"https:\/\/www.cailabs.com\/app\/uploads\/2024\/02\/1150x500_sdm.png 1150w, https:\/\/www.cailabs.com\/app\/uploads\/2024\/02\/1150x500_sdm-300x130.png 300w, https:\/\/www.cailabs.com\/app\/uploads\/2024\/02\/1150x500_sdm-1024x445.png 1024w, https:\/\/www.cailabs.com\/app\/uploads\/2024\/02\/1150x500_sdm-768x334.png 768w\" sizes=\"auto, (max-width: 1150px) 100vw, 1150px\" \/><div class=\"wp-block-cover__inner-container is-layout-constrained wp-block-cover-is-layout-constrained\">\n<p class=\"has-text-align-center has-large-font-size\"><strong>PROTEUS facilite la recherche et l\u2019innovation en t\u00e9l\u00e9communications gr\u00e2ce au multiplexage spatial<\/strong><\/p>\n<\/div><\/div>\n\n\n\n<p><strong>Les r\u00e9seaux de communication optiques, par lesquels transitent toutes les donn\u00e9es d\u2019internet, sont soumis \u00e0 une croissance continue depuis les derni\u00e8res d\u00e9cennies. Loin d\u2019arriver \u00e0 un seuil, l\u2019\u00e9mergence de nouvelles tendances comme l\u2019introduction de la 5G, la d\u00e9mocratisation des objets connect\u00e9s ou la g\u00e9n\u00e9ralisation du cloud g\u00e9n\u00e8rent de nouvelles contraintes sur ces canaux de communication.<\/strong><\/p>\n\n\n\n<p>De nombreuses strat\u00e9gies sont d\u2019ores et d\u00e9j\u00e0 utilis\u00e9es pour accro\u00eetre la capacit\u00e9 des fibres optiques comme le multiplexage temporel, en longueur d\u2019onde, en polarisation ou en phase. Pourtant, les r\u00e9seaux actuels approchent de la saturation.<\/p>\n\n\n\n<p>Le multiplexage spatial ou SDM (Space Division Multiplexing)&nbsp;s\u2019illustre comme la technologie de rupture pour d\u00e9passer ces limites et r\u00e9aliser les r\u00e9seaux optiques de demain. En utilisant plusieurs formes de lumi\u00e8re simultan\u00e9ment dans une fibre optique multimode comme autant de canaux ind\u00e9pendants, le multiplexage spatial permet d\u2019accro\u00eetre la capacit\u00e9 dans les fibres optiques. Mais g\u00e9n\u00e9rer et multiplexer de nombreuses formes de lumi\u00e8re reste complexe. Les multiplexeurs actuels sont fortement limit\u00e9s en nombre de modes, induisent des pertes importantes et sont peu s\u00e9lectifs en mode, ce qui rend le traitement num\u00e9rique du signal re\u00e7u beaucoup plus complexe.<\/p>\n\n\n\n<p><strong>Les multiplexeurs\/d\u00e9multiplexeurs spatiaux de Cailabs proposent&nbsp;:<\/strong><\/p>\n\n\n\n<ul class=\"wp-block-list\">\n<li>Un nombre de mode record : jusqu\u2019\u00e0 45 modes multiplex\u00e9s et excit\u00e9s s\u00e9lectivement.<\/li>\n\n\n\n<li>Des performances optiques in\u00e9gal\u00e9es&nbsp;: des faibles pertes d\u2019insertion et une s\u00e9lectivit\u00e9 record entre les modes.<\/li>\n\n\n\n<li>Une grande flexibilit\u00e9 pour tous types d\u2019applications&nbsp;: ils sont compatibles avec une large gamme de longueurs d\u2019onde, pour tous types de modes et tous types d\u2019entr\u00e9e et sortie&nbsp;: espace libre ou fibre.<\/li>\n<\/ul>\n\n\n<section class=\"acf slider-dapplications aligncenter is-style-centered wp-block-acf-slider-dapplications\" id=\"block_699e0c724eaae62f977e780f6c490cfb\">\n\t<div class=\"container container__large\">\n\t\t\t\t\t<h2>Nos autres applications<\/h2>\n\t\t\t\t\t\t\t<div class=\"slider-dapplications__applications swiper\">\n\t\t\t\t<div class=\"swiper-wrapper\">\n\t\t\t\t\t\t\t\t\t\t\t\t\t\t\t\t\t\t<a href=\"https:\/\/www.cailabs.com\/fr\/reseaux-fibres\/reseaux-du-futur\/c-ran\/\" class=\"slider-dapplications__application swiper-slide\">\n\t\t\t\t\t\t\t\t<strong class=\"slider-dapplications__application_title\">C-RAN<\/strong>\n\t\t\t\t\t\t\t\t<div class=\"slider-dapplications__application_img\">\n\t\t\t\t\t\t\t\t\t<picture>\n\t\t\t\t\t\t\t\t\t\t<source type=\"image\/webp\" srcset=\"https:\/\/www.cailabs.com\/app\/uploads\/2024\/02\/1150x550_c-ran-350x500-c-1.webp, https:\/\/www.cailabs.com\/app\/uploads\/2024\/02\/1150x550_c-ran-350x500-c-1@2x.webp 2x\">\n\t\t\t\t\t\t\t\t\t\t<source type=\"image\/jpeg\" srcset=\"https:\/\/www.cailabs.com\/app\/uploads\/2024\/02\/1150x550_c-ran-350x500-c-1.jpg, https:\/\/www.cailabs.com\/app\/uploads\/2024\/02\/1150x550_c-ran-350x500-c-1@2x.jpg 2x\">\n\t\t\t\t\t\t\t\t\t\t<img decoding=\"async\" loading=\"lazy\" src=\"https:\/\/www.cailabs.com\/app\/uploads\/2024\/02\/1150x550_c-ran-350x500-c-1.jpg\" alt=\"C-RAN\" width=\"320\" height=\"430\"\/>\n\t\t\t\t\t\t\t\t\t<\/picture>\n\t\t\t\t\t\t\t\t<\/div>\n\t\t\t\t\t\t\t<\/a>\n\t\t\t\t\t\t\t\t\t\t\t\t\t\t\t\t\t\t\t\t\t\t\t\t<a href=\"https:\/\/www.cailabs.com\/fr\/reseaux-fibres\/reseaux-du-futur\/orbital-angular-momentum-oam\/\" class=\"slider-dapplications__application swiper-slide\">\n\t\t\t\t\t\t\t\t<strong class=\"slider-dapplications__application_title\">Orbital Angular Momentum (OAM)<\/strong>\n\t\t\t\t\t\t\t\t<div class=\"slider-dapplications__application_img\">\n\t\t\t\t\t\t\t\t\t<picture>\n\t\t\t\t\t\t\t\t\t\t<source type=\"image\/webp\" srcset=\"https:\/\/www.cailabs.com\/app\/uploads\/2024\/02\/oam_1150x500-350x500-c-1.webp, https:\/\/www.cailabs.com\/app\/uploads\/2024\/02\/oam_1150x500-350x500-c-1@2x.webp 2x\">\n\t\t\t\t\t\t\t\t\t\t<source type=\"image\/jpeg\" srcset=\"https:\/\/www.cailabs.com\/app\/uploads\/2024\/02\/oam_1150x500-350x500-c-1.jpg, https:\/\/www.cailabs.com\/app\/uploads\/2024\/02\/oam_1150x500-350x500-c-1@2x.jpg 2x\">\n\t\t\t\t\t\t\t\t\t\t<img decoding=\"async\" loading=\"lazy\" src=\"https:\/\/www.cailabs.com\/app\/uploads\/2024\/02\/oam_1150x500-350x500-c-1.jpg\" alt=\"Oam 1150x500\" width=\"320\" height=\"430\"\/>\n\t\t\t\t\t\t\t\t\t<\/picture>\n\t\t\t\t\t\t\t\t<\/div>\n\t\t\t\t\t\t\t<\/a>\n\t\t\t\t\t\t\t\t\t\t\t\t\t\t\t\t\t\t\t\t\t\t\t\t<a href=\"https:\/\/www.cailabs.com\/fr\/reseaux-fibres\/reseaux-du-futur\/fttx\/\" class=\"slider-dapplications__application swiper-slide\">\n\t\t\t\t\t\t\t\t<strong class=\"slider-dapplications__application_title\">FTTx<\/strong>\n\t\t\t\t\t\t\t\t<div class=\"slider-dapplications__application_img\">\n\t\t\t\t\t\t\t\t\t<picture>\n\t\t\t\t\t\t\t\t\t\t<source type=\"image\/webp\" srcset=\"https:\/\/www.cailabs.com\/app\/uploads\/2024\/02\/1150x500_fttx-350x500-c-1.webp, https:\/\/www.cailabs.com\/app\/uploads\/2024\/02\/1150x500_fttx-350x500-c-1@2x.webp 2x\">\n\t\t\t\t\t\t\t\t\t\t<source type=\"image\/jpeg\" srcset=\"https:\/\/www.cailabs.com\/app\/uploads\/2024\/02\/1150x500_fttx-350x500-c-1.jpg, https:\/\/www.cailabs.com\/app\/uploads\/2024\/02\/1150x500_fttx-350x500-c-1@2x.jpg 2x\">\n\t\t\t\t\t\t\t\t\t\t<img decoding=\"async\" loading=\"lazy\" src=\"https:\/\/www.cailabs.com\/app\/uploads\/2024\/02\/1150x500_fttx-350x500-c-1.jpg\" alt=\"FTTx\" width=\"320\" height=\"430\"\/>\n\t\t\t\t\t\t\t\t\t<\/picture>\n\t\t\t\t\t\t\t\t<\/div>\n\t\t\t\t\t\t\t<\/a>\n\t\t\t\t\t\t\t\t\t\t\t\t\t\t\t<\/div>\n\t\t\t\t<div class=\"swiper-pagination\"><\/div>\n\t\t\t<\/div>\n\t\t\t<\/div>\n<\/section>\n\n<section class=\"acf bandeau-avec-bouton align wp-block-acf-bandeau-avec-bouton\" id=\"block_8f904a4fc5979981c05e7913fecd830c\">\n\t<div class=\"container\">\n\t\t\t\t\t<h2>Vous souhaitez en apprendre plus sur l\u2019une de nos solutions ?<\/h2>\n\t\t\t\t\t\t\t<div class=\"txt\"><p>Vous souhaitez en apprendre plus sur l\u2019une de nos solutions ?<\/p>\n<\/div>\n\t\t\t\t\t\t\t<a href=\"https:\/\/www.cailabs.com\/fr\/contact\/\" target=\"\" class=\"btn btn__outline\">Contactez nous !<\/a>\n\t\t\t<\/div>\n\t<\/section>","protected":false},"excerpt":{"rendered":"<p>Multiplexage spatial (SDM) Les r\u00e9seaux de communication optiques, par lesquels transitent toutes les donn\u00e9es d\u2019internet, sont soumis \u00e0 une croissance continue depuis les derni\u00e8res d\u00e9cennies. Loin d\u2019arriver \u00e0 un seuil, l\u2019\u00e9mergence de nouvelles tendances comme l\u2019introduction de la 5G, la d\u00e9mocratisation des objets connect\u00e9s ou la g\u00e9n\u00e9ralisation du cloud g\u00e9n\u00e8rent de nouvelles contraintes sur ces [&hellip;]<\/p>\n","protected":false},"author":2,"featured_media":0,"parent":1871,"menu_order":0,"comment_status":"closed","ping_status":"closed","template":"","meta":{"_acf_changed":false,"content-type":"","_schema_org_content_json":"","footnotes":""},"class_list":["post-2942","page","type-page","status-publish","hentry"],"acf":[],"yoast_head":"<!-- This site is optimized with the Yoast SEO plugin v27.3 - https:\/\/yoast.com\/product\/yoast-seo-wordpress\/ -->\n<title>R\u00e9seaux du futur | Multiplexage spatial (SDM)<\/title>\n<meta name=\"description\" content=\"PROTEUS facilite la recherche et l\u2019innovation en t\u00e9l\u00e9communications gr\u00e2ce au multiplexage spatial.\" \/>\n<meta name=\"robots\" content=\"index, follow, max-snippet:-1, max-image-preview:large, max-video-preview:-1\" \/>\n<link rel=\"canonical\" href=\"https:\/\/www.cailabs.com\/fr\/reseaux-fibres\/reseaux-du-futur\/multiplexage-spatial-sdm\/\" \/>\n<meta property=\"og:locale\" content=\"fr_FR\" \/>\n<meta property=\"og:type\" content=\"article\" \/>\n<meta property=\"og:title\" content=\"R\u00e9seaux du futur | Multiplexage spatial (SDM)\" \/>\n<meta property=\"og:description\" content=\"PROTEUS facilite la recherche et l\u2019innovation en t\u00e9l\u00e9communications gr\u00e2ce au multiplexage spatial.\" \/>\n<meta property=\"og:url\" content=\"https:\/\/www.cailabs.com\/fr\/reseaux-fibres\/reseaux-du-futur\/multiplexage-spatial-sdm\/\" \/>\n<meta property=\"og:site_name\" content=\"Cailabs\" \/>\n<meta property=\"article:modified_time\" content=\"2024-02-27T10:39:06+00:00\" \/>\n<meta property=\"og:image\" content=\"https:\/\/www.cailabs.com\/app\/uploads\/2024\/02\/1150x500_sdm.png\" \/>\n<meta name=\"twitter:card\" content=\"summary_large_image\" \/>\n<meta name=\"twitter:label1\" content=\"Dur\u00e9e de lecture estim\u00e9e\" \/>\n\t<meta name=\"twitter:data1\" content=\"2 minutes\" \/>\n<script type=\"application\/ld+json\" class=\"yoast-schema-graph\">{\"@context\":\"https:\\\/\\\/schema.org\",\"@graph\":[{\"@type\":\"WebPage\",\"@id\":\"https:\\\/\\\/www.cailabs.com\\\/fr\\\/reseaux-fibres\\\/reseaux-du-futur\\\/multiplexage-spatial-sdm\\\/\",\"url\":\"https:\\\/\\\/www.cailabs.com\\\/fr\\\/reseaux-fibres\\\/reseaux-du-futur\\\/multiplexage-spatial-sdm\\\/\",\"name\":\"R\u00e9seaux du futur | Multiplexage spatial (SDM)\",\"isPartOf\":{\"@id\":\"https:\\\/\\\/www.cailabs.com\\\/fr\\\/#website\"},\"primaryImageOfPage\":{\"@id\":\"https:\\\/\\\/www.cailabs.com\\\/fr\\\/reseaux-fibres\\\/reseaux-du-futur\\\/multiplexage-spatial-sdm\\\/#primaryimage\"},\"image\":{\"@id\":\"https:\\\/\\\/www.cailabs.com\\\/fr\\\/reseaux-fibres\\\/reseaux-du-futur\\\/multiplexage-spatial-sdm\\\/#primaryimage\"},\"thumbnailUrl\":\"https:\\\/\\\/www.cailabs.com\\\/app\\\/uploads\\\/2024\\\/02\\\/1150x500_sdm.png\",\"datePublished\":\"2024-02-20T08:44:15+00:00\",\"dateModified\":\"2024-02-27T10:39:06+00:00\",\"description\":\"PROTEUS facilite la recherche et l\u2019innovation en t\u00e9l\u00e9communications gr\u00e2ce au multiplexage spatial.\",\"breadcrumb\":{\"@id\":\"https:\\\/\\\/www.cailabs.com\\\/fr\\\/reseaux-fibres\\\/reseaux-du-futur\\\/multiplexage-spatial-sdm\\\/#breadcrumb\"},\"inLanguage\":\"fr-FR\",\"potentialAction\":[{\"@type\":\"ReadAction\",\"target\":[\"https:\\\/\\\/www.cailabs.com\\\/fr\\\/reseaux-fibres\\\/reseaux-du-futur\\\/multiplexage-spatial-sdm\\\/\"]}]},{\"@type\":\"ImageObject\",\"inLanguage\":\"fr-FR\",\"@id\":\"https:\\\/\\\/www.cailabs.com\\\/fr\\\/reseaux-fibres\\\/reseaux-du-futur\\\/multiplexage-spatial-sdm\\\/#primaryimage\",\"url\":\"https:\\\/\\\/www.cailabs.com\\\/app\\\/uploads\\\/2024\\\/02\\\/1150x500_sdm.png\",\"contentUrl\":\"https:\\\/\\\/www.cailabs.com\\\/app\\\/uploads\\\/2024\\\/02\\\/1150x500_sdm.png\"},{\"@type\":\"BreadcrumbList\",\"@id\":\"https:\\\/\\\/www.cailabs.com\\\/fr\\\/reseaux-fibres\\\/reseaux-du-futur\\\/multiplexage-spatial-sdm\\\/#breadcrumb\",\"itemListElement\":[{\"@type\":\"ListItem\",\"position\":1,\"name\":\"Home\",\"item\":\"https:\\\/\\\/www.cailabs.com\\\/fr\\\/\"},{\"@type\":\"ListItem\",\"position\":2,\"name\":\"R\u00e9seaux fibr\u00e9s\",\"item\":\"https:\\\/\\\/www.cailabs.com\\\/fr\\\/reseaux-fibres\\\/\"},{\"@type\":\"ListItem\",\"position\":3,\"name\":\"R\u00e9seaux du futur\",\"item\":\"https:\\\/\\\/www.cailabs.com\\\/fr\\\/reseaux-fibres\\\/reseaux-du-futur\\\/\"},{\"@type\":\"ListItem\",\"position\":4,\"name\":\"Multiplexage spatial (SDM)\"}]},{\"@type\":\"WebSite\",\"@id\":\"https:\\\/\\\/www.cailabs.com\\\/fr\\\/#website\",\"url\":\"https:\\\/\\\/www.cailabs.com\\\/fr\\\/\",\"name\":\"Cailabs\",\"description\":\"\",\"potentialAction\":[{\"@type\":\"SearchAction\",\"target\":{\"@type\":\"EntryPoint\",\"urlTemplate\":\"https:\\\/\\\/www.cailabs.com\\\/fr\\\/?s={search_term_string}\"},\"query-input\":{\"@type\":\"PropertyValueSpecification\",\"valueRequired\":true,\"valueName\":\"search_term_string\"}}],\"inLanguage\":\"fr-FR\"}]}<\/script>\n<!-- \/ Yoast SEO plugin. -->","yoast_head_json":{"title":"R\u00e9seaux du futur | Multiplexage spatial (SDM)","description":"PROTEUS facilite la recherche et l\u2019innovation en t\u00e9l\u00e9communications gr\u00e2ce au multiplexage spatial.","robots":{"index":"index","follow":"follow","max-snippet":"max-snippet:-1","max-image-preview":"max-image-preview:large","max-video-preview":"max-video-preview:-1"},"canonical":"https:\/\/www.cailabs.com\/fr\/reseaux-fibres\/reseaux-du-futur\/multiplexage-spatial-sdm\/","og_locale":"fr_FR","og_type":"article","og_title":"R\u00e9seaux du futur | Multiplexage spatial (SDM)","og_description":"PROTEUS facilite la recherche et l\u2019innovation en t\u00e9l\u00e9communications gr\u00e2ce au multiplexage spatial.","og_url":"https:\/\/www.cailabs.com\/fr\/reseaux-fibres\/reseaux-du-futur\/multiplexage-spatial-sdm\/","og_site_name":"Cailabs","article_modified_time":"2024-02-27T10:39:06+00:00","og_image":[{"url":"https:\/\/www.cailabs.com\/app\/uploads\/2024\/02\/1150x500_sdm.png","type":"","width":"","height":""}],"twitter_card":"summary_large_image","twitter_misc":{"Dur\u00e9e de lecture estim\u00e9e":"2 minutes"},"schema":{"@context":"https:\/\/schema.org","@graph":[{"@type":"WebPage","@id":"https:\/\/www.cailabs.com\/fr\/reseaux-fibres\/reseaux-du-futur\/multiplexage-spatial-sdm\/","url":"https:\/\/www.cailabs.com\/fr\/reseaux-fibres\/reseaux-du-futur\/multiplexage-spatial-sdm\/","name":"R\u00e9seaux du futur | Multiplexage spatial (SDM)","isPartOf":{"@id":"https:\/\/www.cailabs.com\/fr\/#website"},"primaryImageOfPage":{"@id":"https:\/\/www.cailabs.com\/fr\/reseaux-fibres\/reseaux-du-futur\/multiplexage-spatial-sdm\/#primaryimage"},"image":{"@id":"https:\/\/www.cailabs.com\/fr\/reseaux-fibres\/reseaux-du-futur\/multiplexage-spatial-sdm\/#primaryimage"},"thumbnailUrl":"https:\/\/www.cailabs.com\/app\/uploads\/2024\/02\/1150x500_sdm.png","datePublished":"2024-02-20T08:44:15+00:00","dateModified":"2024-02-27T10:39:06+00:00","description":"PROTEUS facilite la recherche et l\u2019innovation en t\u00e9l\u00e9communications gr\u00e2ce au multiplexage spatial.","breadcrumb":{"@id":"https:\/\/www.cailabs.com\/fr\/reseaux-fibres\/reseaux-du-futur\/multiplexage-spatial-sdm\/#breadcrumb"},"inLanguage":"fr-FR","potentialAction":[{"@type":"ReadAction","target":["https:\/\/www.cailabs.com\/fr\/reseaux-fibres\/reseaux-du-futur\/multiplexage-spatial-sdm\/"]}]},{"@type":"ImageObject","inLanguage":"fr-FR","@id":"https:\/\/www.cailabs.com\/fr\/reseaux-fibres\/reseaux-du-futur\/multiplexage-spatial-sdm\/#primaryimage","url":"https:\/\/www.cailabs.com\/app\/uploads\/2024\/02\/1150x500_sdm.png","contentUrl":"https:\/\/www.cailabs.com\/app\/uploads\/2024\/02\/1150x500_sdm.png"},{"@type":"BreadcrumbList","@id":"https:\/\/www.cailabs.com\/fr\/reseaux-fibres\/reseaux-du-futur\/multiplexage-spatial-sdm\/#breadcrumb","itemListElement":[{"@type":"ListItem","position":1,"name":"Home","item":"https:\/\/www.cailabs.com\/fr\/"},{"@type":"ListItem","position":2,"name":"R\u00e9seaux fibr\u00e9s","item":"https:\/\/www.cailabs.com\/fr\/reseaux-fibres\/"},{"@type":"ListItem","position":3,"name":"R\u00e9seaux du futur","item":"https:\/\/www.cailabs.com\/fr\/reseaux-fibres\/reseaux-du-futur\/"},{"@type":"ListItem","position":4,"name":"Multiplexage spatial (SDM)"}]},{"@type":"WebSite","@id":"https:\/\/www.cailabs.com\/fr\/#website","url":"https:\/\/www.cailabs.com\/fr\/","name":"Cailabs","description":"","potentialAction":[{"@type":"SearchAction","target":{"@type":"EntryPoint","urlTemplate":"https:\/\/www.cailabs.com\/fr\/?s={search_term_string}"},"query-input":{"@type":"PropertyValueSpecification","valueRequired":true,"valueName":"search_term_string"}}],"inLanguage":"fr-FR"}]}},"_links":{"self":[{"href":"https:\/\/www.cailabs.com\/fr\/wp-json\/wp\/v2\/pages\/2942","targetHints":{"allow":["GET"]}}],"collection":[{"href":"https:\/\/www.cailabs.com\/fr\/wp-json\/wp\/v2\/pages"}],"about":[{"href":"https:\/\/www.cailabs.com\/fr\/wp-json\/wp\/v2\/types\/page"}],"author":[{"embeddable":true,"href":"https:\/\/www.cailabs.com\/fr\/wp-json\/wp\/v2\/users\/2"}],"replies":[{"embeddable":true,"href":"https:\/\/www.cailabs.com\/fr\/wp-json\/wp\/v2\/comments?post=2942"}],"version-history":[{"count":4,"href":"https:\/\/www.cailabs.com\/fr\/wp-json\/wp\/v2\/pages\/2942\/revisions"}],"predecessor-version":[{"id":6724,"href":"https:\/\/www.cailabs.com\/fr\/wp-json\/wp\/v2\/pages\/2942\/revisions\/6724"}],"up":[{"embeddable":true,"href":"https:\/\/www.cailabs.com\/fr\/wp-json\/wp\/v2\/pages\/1871"}],"wp:attachment":[{"href":"https:\/\/www.cailabs.com\/fr\/wp-json\/wp\/v2\/media?parent=2942"}],"curies":[{"name":"wp","href":"https:\/\/api.w.org\/{rel}","templated":true}]}}