{"id":4303,"date":"2024-02-13T09:09:11","date_gmt":"2024-02-13T08:09:11","guid":{"rendered":"https:\/\/www.cailabs.com\/industrial-laser-processing\/soudage-laser\/other-welding\/"},"modified":"2025-11-18T14:34:37","modified_gmt":"2025-11-18T13:34:37","slug":"autres-procedes-de-soudage","status":"publish","type":"page","link":"https:\/\/www.cailabs.com\/fr\/procedes-laser-industriels\/soudage-laser\/autres-procedes-de-soudage\/","title":{"rendered":"Autres proc\u00e9d\u00e9s de soudage"},"content":{"rendered":"\n<h1 class=\"wp-block-heading has-text-align-center\">Autres proc\u00e9d\u00e9s de soudage<\/h1>\n\n\n\n<p class=\"has-text-align-center has-h-5-font-size\"><strong><strong><strong>L&rsquo;excellence en mati\u00e8re de soudage pour tous les m\u00e9taux<\/strong><\/strong><\/strong><\/p>\n\n\n\n<p class=\"has-text-align-center\">Une large gamme de mat\u00e9riaux (titane, nickel, m\u00e9taux pr\u00e9cieux, \u2026) peut \u00eatre soud\u00e9e, ce qui pose de nombreux d\u00e9fis. La mise en forme du faisceau permet une distribution optimale de l&rsquo;\u00e9nergie sur la zone de soudage, am\u00e9liorant ainsi la qualit\u00e9 de la soudure et r\u00e9duisant le temps de traitement.<\/p>\n\n\n\n<hr class=\"wp-block-separator has-alpha-channel-opacity\"\/>\n\n\n\n<figure class=\"wp-block-image alignfull size-large is-style-gradient-image\"><picture><source srcset=\"https:\/\/www.cailabs.com\/app\/uploads\/2025\/03\/bandeau-page-other-welding-1024x284.webp 1x, https:\/\/www.cailabs.com\/app\/uploads\/2025\/03\/bandeau-page-other-welding-1024x284@2x.webp 2x\" type=\"image\/webp\"><img loading=\"lazy\" decoding=\"async\" width=\"1024\" height=\"284\" src=\"https:\/\/www.cailabs.com\/app\/uploads\/2025\/03\/bandeau-page-other-welding-1024x284.webp\" alt=\"\" class=\"wp-image-11038\" srcset=\"https:\/\/www.cailabs.com\/app\/uploads\/2025\/03\/bandeau-page-other-welding-1024x284.webp 1024w, https:\/\/www.cailabs.com\/app\/uploads\/2025\/03\/bandeau-page-other-welding-300x83.webp 300w, https:\/\/www.cailabs.com\/app\/uploads\/2025\/03\/bandeau-page-other-welding-768x213.webp 768w, https:\/\/www.cailabs.com\/app\/uploads\/2025\/03\/bandeau-page-other-welding-1536x426.webp 1536w, https:\/\/www.cailabs.com\/app\/uploads\/2025\/03\/bandeau-page-other-welding-2048x568.webp 2048w\" sizes=\"auto, (max-width: 1024px) 100vw, 1024px\" \/><\/picture><\/figure>\n\n\n\n<hr class=\"wp-block-separator has-alpha-channel-opacity\"\/>\n\n\n\n<div class=\"wp-block-columns alignwide is-layout-flex wp-container-core-columns-is-layout-28f84493 wp-block-columns-is-layout-flex\">\n<div class=\"wp-block-column is-layout-flow wp-block-column-is-layout-flow\">\n<h2 class=\"wp-block-heading\">CANUNDA-HP pour le soudage laser<\/h2>\n\n\n\n<p>La t\u00eate de mise en forme standard, CANUNDA-HP, produit un faisceau laser continu qui cible pr\u00e9cis\u00e9ment la puissance dans les zones souhait\u00e9es, gr\u00e2ce \u00e0 la mise en forme du faisceau. Cette technologie garantit des soudures de qualit\u00e9 industrielle. La conception toute r\u00e9flective de nos modules, avec un refroidissement optimal par l&rsquo;arri\u00e8re des optiques, apporte la robustesse n\u00e9cessaire pour r\u00e9sister aux exigences de puissance extr\u00eames du soudage laser.<br>Nous proposons \u00e9galement des solutions flexibles et sur mesure pour r\u00e9pondre \u00e0 une vari\u00e9t\u00e9 de besoins de soudage laser (nouveaux profils de faisceau, diff\u00e9rentes tailles de spot, conceptions m\u00e9caniques sur mesure\u2026). Chacun de nos produits est soigneusement adapt\u00e9 \u00e0 votre environnement industriel (scanner, bras robotis\u00e9, \u2026), offrant une compatibilit\u00e9 parfaite avec tous les types de lasers \u00e0 fibre.<\/p>\n\n\n\n<div class=\"wp-block-buttons is-layout-flex wp-block-buttons-is-layout-flex\" style=\"margin-top:var(--wp--preset--spacing--50)\">\n<div class=\"wp-block-button is-style-download-button\"><a class=\"wp-block-button__link wp-element-button\" href=\"https:\/\/www.calameo.com\/read\/007571876f67599abc992\" target=\"_blank\" rel=\"noreferrer noopener\">Brochure CANUNDA-HP<\/a><\/div>\n<\/div>\n<\/div>\n\n\n\n<div class=\"wp-block-column is-layout-flow wp-block-column-is-layout-flow\">\t<section class=\"acf slider-dimages align wp-block-acf-slider-dimages\" id=\"block_81225f3fa8e50e519ea3a46343748e02\">\n\t\t<div class=\"container\">\n\t\t\t<div class=\"swiper slider-dimages__slider\">\n\t\t\t\t<div class=\"swiper-button-prev\"><\/div>\n\t\t\t\t<div class=\"swiper-wrapper\">\n\t\t\t\t\t\t\t\t\t\t\t<div class=\"slider-dimages__image swiper-slide\">\n\t\t\t\t\t\t\t<picture>\n\t\t\t\t\t\t\t\t<source type=\"image\/webp\" srcset=\"https:\/\/www.cailabs.com\/app\/uploads\/2024\/02\/canunda-copperfield-1.webp, https:\/\/www.cailabs.com\/app\/uploads\/2024\/02\/canunda-copperfield-1.webp 2x\">\n\t\t\t\t\t\t\t\t<source type=\"image\/jpeg\" srcset=\"https:\/\/www.cailabs.com\/app\/uploads\/2024\/02\/canunda-copperfield-1.jpg, https:\/\/www.cailabs.com\/app\/uploads\/2024\/02\/canunda-copperfield-1.jpg 2x\">\n\t\t\t\t\t\t\t\t<img decoding=\"async\" loading=\"lazy\" src=\"https:\/\/www.cailabs.com\/app\/uploads\/2024\/02\/canunda-copperfield-1.jpg\" alt=\"CANUNDA-Copperfield\" width=\"1024\" height=\"596\"\/>\n\t\t\t\t\t\t\t\t\t\t\t\t\t\t\t<\/picture>\n\t\t\t\t\t\t<\/div>\n\t\t\t\t\t\t\t\t\t\t\t<div class=\"slider-dimages__image swiper-slide\">\n\t\t\t\t\t\t\t<picture>\n\t\t\t\t\t\t\t\t<source type=\"image\/webp\" srcset=\"https:\/\/www.cailabs.com\/app\/uploads\/2024\/02\/other-welding-01.webp, https:\/\/www.cailabs.com\/app\/uploads\/2024\/02\/other-welding-01.webp 2x\">\n\t\t\t\t\t\t\t\t<source type=\"image\/jpeg\" srcset=\"https:\/\/www.cailabs.com\/app\/uploads\/2024\/02\/other-welding-01.jpg, https:\/\/www.cailabs.com\/app\/uploads\/2024\/02\/other-welding-01.jpg 2x\">\n\t\t\t\t\t\t\t\t<img decoding=\"async\" loading=\"lazy\" src=\"https:\/\/www.cailabs.com\/app\/uploads\/2024\/02\/other-welding-01.jpg\" alt=\"A wide range of materials (titanium, nickel, precious metals, etc.) can be welded, which leads to several challenges. Beam shaping allows the energy to be distributed optimally over the welding zone, improving the quality of the weld, and reducing process time.\" width=\"1024\" height=\"596\"\/>\n\t\t\t\t\t\t\t\t\t\t\t\t\t\t\t<\/picture>\n\t\t\t\t\t\t<\/div>\n\t\t\t\t\t\t\t\t\t<\/div>\n\t\t\t\t<div class=\"swiper-button-next\"><\/div>\n\t\t\t<\/div>\n\t\t<\/div>\n\t<\/section>\n<\/div>\n<\/div>\n\n\n<section class=\"acf lignes-de-produits align wp-block-acf-lignes-de-produits\" id=\"block_d7d5f7a92e37964da4ce4f78bef1510a\">\n\t<div class=\"container\">\n\t\t<div class=\"lignes-de-produits__top\">\n\t\t\t\t\t\t\t<h2>Cr\u00e9ez votre CANUNDA<\/h2>\n\t\t\t\t\t<\/div>\n\t\t\t\t\t<div class=\"lignes-de-produits__products\">\n\t\t\t\t\t\t\t\t\t\t\t\t\t\t\t<a class=\"lignes-de-produits__product\" href=\"https:\/\/www.cailabs.com\/fr\/configurateur-canunda\/\" target=\"_blank\">\n\t\t\t\t\t\t\t\t\t\t\t\t\t\t\t<div class=\"lignes-de-produits__product_image\">\n\t\t\t\t\t\t\t\t\t<picture>\n\t\t\t\t\t\t\t\t\t\t<source type=\"image\/webp\" srcset=\"https:\/\/www.cailabs.com\/app\/uploads\/2025\/11\/cailabs-canunda-range-carre-400x0-c-default.webp, https:\/\/www.cailabs.com\/app\/uploads\/2025\/11\/cailabs-canunda-range-carre-400x0-c-default@2x.webp 2x\">\n\t\t\t\t\t\t\t\t\t\t<source type=\"image\/jpeg\" srcset=\"https:\/\/www.cailabs.com\/app\/uploads\/2025\/11\/cailabs-canunda-range-carre-400x0-c-default.jpg, https:\/\/www.cailabs.com\/app\/uploads\/2025\/11\/cailabs-canunda-range-carre-400x0-c-default@2x.jpg 2x\">\n\t\t\t\t\t\t\t\t\t\t<img decoding=\"async\" loading=\"lazy\" src=\"https:\/\/www.cailabs.com\/app\/uploads\/2025\/11\/cailabs-canunda-range-carre-400x0-c-default.jpg\" alt=\"Cailabs Canunda Range\" width=\"390\" height=\"320\"\/>\n\t\t\t\t\t\t\t\t\t<\/picture>\n\t\t\t\t\t\t\t\t<\/div>\n\t\t\t\t\t\t\t\t\t\t\t\t\t\t<div class=\"lignes-de-produits__product_content\">\n\t\t\t\t\t\t\t\t<h3>Configurez votre  solution personnalis\u00e9e pour le soudage laser<\/h3>\n\t\t\t\t\t\t\t\t<div class=\"lignes-de-produits__product_laser is-laser-color-vert\"><span><\/span><\/div>\n\t\t\t\t\t\t\t\t\t\t\t\t\t\t\t\t\t\t\t\t\t\t\t\t\t<span class=\"lignes-de-produits__product_link\">Testez le configurateur<\/span>\n\t\t\t\t\t\t\t\t\t\t\t\t\t\t\t<\/div>\n\t\t\t\t\t\t<\/a>\n\t\t\t\t\t\t\t\t\t\t\t\t<\/div>\n\t\t\t<\/div>\n<\/section>\n\n<section class=\"acf slider-dapplications align wp-block-acf-slider-dapplications\" id=\"block_a513e909b64dfde35896423f36f05b9c\">\n\t<div class=\"container container__large\">\n\t\t\t\t\t<h2>Autres applications<\/h2>\n\t\t\t\t\t\t\t<div class=\"slider-dapplications__applications swiper\">\n\t\t\t\t<div class=\"swiper-wrapper\">\n\t\t\t\t\t\t\t\t\t\t\t\t\t\t\t\t\t\t<a href=\"https:\/\/www.cailabs.com\/fr\/procedes-laser-industriels\/soudage-laser\/soudage-du-cuivre\/\" class=\"slider-dapplications__application swiper-slide\">\n\t\t\t\t\t\t\t\t<strong class=\"slider-dapplications__application_title\">Soudage du cuivre<\/strong>\n\t\t\t\t\t\t\t\t<div class=\"slider-dapplications__application_img\">\n\t\t\t\t\t\t\t\t\t<picture>\n\t\t\t\t\t\t\t\t\t\t<source type=\"image\/webp\" srcset=\"https:\/\/www.cailabs.com\/app\/uploads\/2024\/02\/canunda-copperfield-1-350x500-c-1.webp, https:\/\/www.cailabs.com\/app\/uploads\/2024\/02\/canunda-copperfield-1-350x500-c-1@2x.webp 2x\">\n\t\t\t\t\t\t\t\t\t\t<source type=\"image\/jpeg\" srcset=\"https:\/\/www.cailabs.com\/app\/uploads\/2024\/02\/canunda-copperfield-1-350x500-c-1.jpg, https:\/\/www.cailabs.com\/app\/uploads\/2024\/02\/canunda-copperfield-1-350x500-c-1@2x.jpg 2x\">\n\t\t\t\t\t\t\t\t\t\t<img decoding=\"async\" loading=\"lazy\" src=\"https:\/\/www.cailabs.com\/app\/uploads\/2024\/02\/canunda-copperfield-1-350x500-c-1.jpg\" alt=\"CANUNDA-Copperfield\" width=\"320\" height=\"430\"\/>\n\t\t\t\t\t\t\t\t\t<\/picture>\n\t\t\t\t\t\t\t\t<\/div>\n\t\t\t\t\t\t\t<\/a>\n\t\t\t\t\t\t\t\t\t\t\t\t\t\t\t\t\t\t\t\t\t\t\t\t<a href=\"https:\/\/www.cailabs.com\/fr\/procedes-laser-industriels\/soudage-laser\/soudage-de-laluminium\/\" class=\"slider-dapplications__application swiper-slide\">\n\t\t\t\t\t\t\t\t<strong class=\"slider-dapplications__application_title\">Soudage de l&rsquo;aluminium<\/strong>\n\t\t\t\t\t\t\t\t<div class=\"slider-dapplications__application_img\">\n\t\t\t\t\t\t\t\t\t<picture>\n\t\t\t\t\t\t\t\t\t\t<source type=\"image\/webp\" srcset=\"https:\/\/www.cailabs.com\/app\/uploads\/2024\/02\/welding-joint-of-aluminum-tubes-close-up-scaled-350x500-c-1.webp, https:\/\/www.cailabs.com\/app\/uploads\/2024\/02\/welding-joint-of-aluminum-tubes-close-up-scaled-350x500-c-1@2x.webp 2x\">\n\t\t\t\t\t\t\t\t\t\t<source type=\"image\/jpeg\" srcset=\"https:\/\/www.cailabs.com\/app\/uploads\/2024\/02\/welding-joint-of-aluminum-tubes-close-up-scaled-350x500-c-1.jpg, https:\/\/www.cailabs.com\/app\/uploads\/2024\/02\/welding-joint-of-aluminum-tubes-close-up-scaled-350x500-c-1@2x.jpg 2x\">\n\t\t\t\t\t\t\t\t\t\t<img decoding=\"async\" loading=\"lazy\" src=\"https:\/\/www.cailabs.com\/app\/uploads\/2024\/02\/welding-joint-of-aluminum-tubes-close-up-scaled-350x500-c-1.jpg\" alt=\"Welding joint of aluminum tubes close-up.\" width=\"320\" height=\"430\"\/>\n\t\t\t\t\t\t\t\t\t<\/picture>\n\t\t\t\t\t\t\t\t<\/div>\n\t\t\t\t\t\t\t<\/a>\n\t\t\t\t\t\t\t\t\t\t\t\t\t\t\t\t\t\t\t\t\t\t\t\t<a href=\"https:\/\/www.cailabs.com\/fr\/procedes-laser-industriels\/soudage-laser\/soudage-de-lacier\/\" class=\"slider-dapplications__application swiper-slide\">\n\t\t\t\t\t\t\t\t<strong class=\"slider-dapplications__application_title\">Soudage de l\u2019acier<\/strong>\n\t\t\t\t\t\t\t\t<div class=\"slider-dapplications__application_img\">\n\t\t\t\t\t\t\t\t\t<picture>\n\t\t\t\t\t\t\t\t\t\t<source type=\"image\/webp\" srcset=\"https:\/\/www.cailabs.com\/app\/uploads\/2024\/02\/steel-welding-390x320-1-350x500-c-1.webp, https:\/\/www.cailabs.com\/app\/uploads\/2024\/02\/steel-welding-390x320-1-350x500-c-1@2x.webp 2x\">\n\t\t\t\t\t\t\t\t\t\t<source type=\"image\/jpeg\" srcset=\"https:\/\/www.cailabs.com\/app\/uploads\/2024\/02\/steel-welding-390x320-1-350x500-c-1.jpg, https:\/\/www.cailabs.com\/app\/uploads\/2024\/02\/steel-welding-390x320-1-350x500-c-1@2x.jpg 2x\">\n\t\t\t\t\t\t\t\t\t\t<img decoding=\"async\" loading=\"lazy\" src=\"https:\/\/www.cailabs.com\/app\/uploads\/2024\/02\/steel-welding-390x320-1-350x500-c-1.jpg\" alt=\"Cnc laser welding machine. Processing and laser cutting metal in the industrial factory. Digital programmed machine tools. Created with generative Ai\" width=\"320\" height=\"430\"\/>\n\t\t\t\t\t\t\t\t\t<\/picture>\n\t\t\t\t\t\t\t\t<\/div>\n\t\t\t\t\t\t\t<\/a>\n\t\t\t\t\t\t\t\t\t\t\t\t\t\t\t<\/div>\n\t\t\t\t<div class=\"swiper-pagination\"><\/div>\n\t\t\t<\/div>\n\t\t\t<\/div>\n<\/section>\n\n<section class=\"acf bandeau-avec-bouton align wp-block-acf-bandeau-avec-bouton\" id=\"block_992d23b8a7d245b426450407a910355d\">\n\t<div class=\"container\">\n\t\t\t\t\t<h2>Vous souhaitez am\u00e9liorer les performances de proc\u00e9d\u00e9s d\u2019usinage laser ?<\/h2>\n\t\t\t\t\t\t\t\t\t<a href=\"https:\/\/www.cailabs.com\/fr\/contact\/\" target=\"\" class=\"btn btn__outline\">Contactez-nous<\/a>\n\t\t\t<\/div>\n\t\t\t<div class=\"bandeau-avec-bouton__bg\">\n\t\t\t<picture>\n\t\t\t\t<source type=\"image\/webp\" srcset=\"https:\/\/www.cailabs.com\/app\/uploads\/2025\/03\/bandeau-contact-us-industrial-laser-processing-1-1920x600.webp, https:\/\/www.cailabs.com\/app\/uploads\/2025\/03\/bandeau-contact-us-industrial-laser-processing-1-1920x600@2x.webp 2x\">\n\t\t\t\t<source type=\"image\/jpeg\" srcset=\"https:\/\/www.cailabs.com\/app\/uploads\/2025\/03\/bandeau-contact-us-industrial-laser-processing-1-1920x600.jpg, https:\/\/www.cailabs.com\/app\/uploads\/2025\/03\/bandeau-contact-us-industrial-laser-processing-1-1920x600@2x.jpg 2x\">\n\t\t\t\t<img decoding=\"async\" loading=\"lazy\" src=\"https:\/\/www.cailabs.com\/app\/uploads\/2025\/03\/bandeau-contact-us-industrial-laser-processing-1-1920x600.jpg\" alt=\"Industrial Laser Processing\" width=\"1920\" height=\"600\"\/>\n\t\t\t<\/picture>\n\t\t<\/div>\n\t<\/section>","protected":false},"excerpt":{"rendered":"<p>Autres proc\u00e9d\u00e9s de soudage L&rsquo;excellence en mati\u00e8re de soudage pour tous les m\u00e9taux Une large gamme de mat\u00e9riaux (titane, nickel, m\u00e9taux pr\u00e9cieux, \u2026) peut \u00eatre soud\u00e9e, ce qui pose de nombreux d\u00e9fis. La mise en forme du faisceau permet une distribution optimale de l&rsquo;\u00e9nergie sur la zone de soudage, am\u00e9liorant ainsi la qualit\u00e9 de la [&hellip;]<\/p>\n","protected":false},"author":1,"featured_media":0,"parent":2445,"menu_order":3,"comment_status":"closed","ping_status":"closed","template":"","meta":{"_acf_changed":false,"content-type":"","_schema_org_content_json":"","footnotes":""},"class_list":["post-4303","page","type-page","status-publish","hentry"],"acf":[],"yoast_head":"<!-- This site is optimized with the Yoast SEO plugin v27.3 - https:\/\/yoast.com\/product\/yoast-seo-wordpress\/ -->\n<title>Proc\u00e9d\u00e9s laser industriels | Autres proc\u00e9d\u00e9s de soudage<\/title>\n<meta name=\"description\" content=\"La mise en forme du faisceau permet une distribution optimale de l&#039;\u00e9nergie sur la zone de soudage, am\u00e9liorant ainsi la qualit\u00e9 de la soudure et r\u00e9duisant le temps de traitement.\" \/>\n<meta name=\"robots\" content=\"index, follow, max-snippet:-1, max-image-preview:large, max-video-preview:-1\" \/>\n<link rel=\"canonical\" href=\"https:\/\/www.cailabs.com\/fr\/procedes-laser-industriels\/soudage-laser\/autres-procedes-de-soudage\/\" \/>\n<meta property=\"og:locale\" content=\"fr_FR\" \/>\n<meta property=\"og:type\" content=\"article\" \/>\n<meta property=\"og:title\" content=\"Proc\u00e9d\u00e9s laser industriels | Autres proc\u00e9d\u00e9s de soudage\" \/>\n<meta property=\"og:description\" content=\"La mise en forme du faisceau permet une distribution optimale de l&#039;\u00e9nergie sur la zone de soudage, am\u00e9liorant ainsi la qualit\u00e9 de la soudure et r\u00e9duisant le temps de traitement.\" \/>\n<meta property=\"og:url\" content=\"https:\/\/www.cailabs.com\/fr\/procedes-laser-industriels\/soudage-laser\/autres-procedes-de-soudage\/\" \/>\n<meta property=\"og:site_name\" content=\"Cailabs\" \/>\n<meta property=\"article:modified_time\" content=\"2025-11-18T13:34:37+00:00\" \/>\n<meta property=\"og:image\" content=\"https:\/\/www.cailabs.com\/app\/uploads\/2025\/03\/bandeau-page-other-welding-scaled.webp\" \/>\n\t<meta property=\"og:image:width\" content=\"2560\" \/>\n\t<meta property=\"og:image:height\" content=\"710\" \/>\n\t<meta property=\"og:image:type\" content=\"image\/webp\" \/>\n<meta name=\"twitter:card\" content=\"summary_large_image\" \/>\n<meta name=\"twitter:label1\" content=\"Dur\u00e9e de lecture estim\u00e9e\" \/>\n\t<meta name=\"twitter:data1\" content=\"2 minutes\" \/>\n<script type=\"application\/ld+json\" class=\"yoast-schema-graph\">{\"@context\":\"https:\\\/\\\/schema.org\",\"@graph\":[{\"@type\":\"WebPage\",\"@id\":\"https:\\\/\\\/www.cailabs.com\\\/fr\\\/procedes-laser-industriels\\\/soudage-laser\\\/autres-procedes-de-soudage\\\/\",\"url\":\"https:\\\/\\\/www.cailabs.com\\\/fr\\\/procedes-laser-industriels\\\/soudage-laser\\\/autres-procedes-de-soudage\\\/\",\"name\":\"Proc\u00e9d\u00e9s laser industriels | Autres proc\u00e9d\u00e9s de soudage\",\"isPartOf\":{\"@id\":\"https:\\\/\\\/www.cailabs.com\\\/fr\\\/#website\"},\"primaryImageOfPage\":{\"@id\":\"https:\\\/\\\/www.cailabs.com\\\/fr\\\/procedes-laser-industriels\\\/soudage-laser\\\/autres-procedes-de-soudage\\\/#primaryimage\"},\"image\":{\"@id\":\"https:\\\/\\\/www.cailabs.com\\\/fr\\\/procedes-laser-industriels\\\/soudage-laser\\\/autres-procedes-de-soudage\\\/#primaryimage\"},\"thumbnailUrl\":\"https:\\\/\\\/www.cailabs.com\\\/app\\\/uploads\\\/2025\\\/03\\\/bandeau-page-other-welding-1024x284.webp\",\"datePublished\":\"2024-02-13T08:09:11+00:00\",\"dateModified\":\"2025-11-18T13:34:37+00:00\",\"description\":\"La mise en forme du faisceau permet une distribution optimale de l'\u00e9nergie sur la zone de soudage, am\u00e9liorant ainsi la qualit\u00e9 de la soudure et r\u00e9duisant le temps de traitement.\",\"breadcrumb\":{\"@id\":\"https:\\\/\\\/www.cailabs.com\\\/fr\\\/procedes-laser-industriels\\\/soudage-laser\\\/autres-procedes-de-soudage\\\/#breadcrumb\"},\"inLanguage\":\"fr-FR\",\"potentialAction\":[{\"@type\":\"ReadAction\",\"target\":[\"https:\\\/\\\/www.cailabs.com\\\/fr\\\/procedes-laser-industriels\\\/soudage-laser\\\/autres-procedes-de-soudage\\\/\"]}]},{\"@type\":\"ImageObject\",\"inLanguage\":\"fr-FR\",\"@id\":\"https:\\\/\\\/www.cailabs.com\\\/fr\\\/procedes-laser-industriels\\\/soudage-laser\\\/autres-procedes-de-soudage\\\/#primaryimage\",\"url\":\"https:\\\/\\\/www.cailabs.com\\\/app\\\/uploads\\\/2025\\\/03\\\/bandeau-page-other-welding-1024x284.webp\",\"contentUrl\":\"https:\\\/\\\/www.cailabs.com\\\/app\\\/uploads\\\/2025\\\/03\\\/bandeau-page-other-welding-1024x284.webp\"},{\"@type\":\"BreadcrumbList\",\"@id\":\"https:\\\/\\\/www.cailabs.com\\\/fr\\\/procedes-laser-industriels\\\/soudage-laser\\\/autres-procedes-de-soudage\\\/#breadcrumb\",\"itemListElement\":[{\"@type\":\"ListItem\",\"position\":1,\"name\":\"Home\",\"item\":\"https:\\\/\\\/www.cailabs.com\\\/fr\\\/\"},{\"@type\":\"ListItem\",\"position\":2,\"name\":\"Proc\u00e9d\u00e9s laser industriels\",\"item\":\"https:\\\/\\\/www.cailabs.com\\\/fr\\\/procedes-laser-industriels\\\/\"},{\"@type\":\"ListItem\",\"position\":3,\"name\":\"Soudage Laser\",\"item\":\"https:\\\/\\\/www.cailabs.com\\\/fr\\\/procedes-laser-industriels\\\/soudage-laser\\\/\"},{\"@type\":\"ListItem\",\"position\":4,\"name\":\"Autres proc\u00e9d\u00e9s de soudage\"}]},{\"@type\":\"WebSite\",\"@id\":\"https:\\\/\\\/www.cailabs.com\\\/fr\\\/#website\",\"url\":\"https:\\\/\\\/www.cailabs.com\\\/fr\\\/\",\"name\":\"Cailabs\",\"description\":\"\",\"potentialAction\":[{\"@type\":\"SearchAction\",\"target\":{\"@type\":\"EntryPoint\",\"urlTemplate\":\"https:\\\/\\\/www.cailabs.com\\\/fr\\\/?s={search_term_string}\"},\"query-input\":{\"@type\":\"PropertyValueSpecification\",\"valueRequired\":true,\"valueName\":\"search_term_string\"}}],\"inLanguage\":\"fr-FR\"}]}<\/script>\n<!-- \/ Yoast SEO plugin. -->","yoast_head_json":{"title":"Proc\u00e9d\u00e9s laser industriels | Autres proc\u00e9d\u00e9s de soudage","description":"La mise en forme du faisceau permet une distribution optimale de l'\u00e9nergie sur la zone de soudage, am\u00e9liorant ainsi la qualit\u00e9 de la soudure et r\u00e9duisant le temps de traitement.","robots":{"index":"index","follow":"follow","max-snippet":"max-snippet:-1","max-image-preview":"max-image-preview:large","max-video-preview":"max-video-preview:-1"},"canonical":"https:\/\/www.cailabs.com\/fr\/procedes-laser-industriels\/soudage-laser\/autres-procedes-de-soudage\/","og_locale":"fr_FR","og_type":"article","og_title":"Proc\u00e9d\u00e9s laser industriels | Autres proc\u00e9d\u00e9s de soudage","og_description":"La mise en forme du faisceau permet une distribution optimale de l'\u00e9nergie sur la zone de soudage, am\u00e9liorant ainsi la qualit\u00e9 de la soudure et r\u00e9duisant le temps de traitement.","og_url":"https:\/\/www.cailabs.com\/fr\/procedes-laser-industriels\/soudage-laser\/autres-procedes-de-soudage\/","og_site_name":"Cailabs","article_modified_time":"2025-11-18T13:34:37+00:00","og_image":[{"width":2560,"height":710,"url":"https:\/\/www.cailabs.com\/app\/uploads\/2025\/03\/bandeau-page-other-welding-scaled.webp","type":"image\/webp"}],"twitter_card":"summary_large_image","twitter_misc":{"Dur\u00e9e de lecture estim\u00e9e":"2 minutes"},"schema":{"@context":"https:\/\/schema.org","@graph":[{"@type":"WebPage","@id":"https:\/\/www.cailabs.com\/fr\/procedes-laser-industriels\/soudage-laser\/autres-procedes-de-soudage\/","url":"https:\/\/www.cailabs.com\/fr\/procedes-laser-industriels\/soudage-laser\/autres-procedes-de-soudage\/","name":"Proc\u00e9d\u00e9s laser industriels | Autres proc\u00e9d\u00e9s de soudage","isPartOf":{"@id":"https:\/\/www.cailabs.com\/fr\/#website"},"primaryImageOfPage":{"@id":"https:\/\/www.cailabs.com\/fr\/procedes-laser-industriels\/soudage-laser\/autres-procedes-de-soudage\/#primaryimage"},"image":{"@id":"https:\/\/www.cailabs.com\/fr\/procedes-laser-industriels\/soudage-laser\/autres-procedes-de-soudage\/#primaryimage"},"thumbnailUrl":"https:\/\/www.cailabs.com\/app\/uploads\/2025\/03\/bandeau-page-other-welding-1024x284.webp","datePublished":"2024-02-13T08:09:11+00:00","dateModified":"2025-11-18T13:34:37+00:00","description":"La mise en forme du faisceau permet une distribution optimale de l'\u00e9nergie sur la zone de soudage, am\u00e9liorant ainsi la qualit\u00e9 de la soudure et r\u00e9duisant le temps de traitement.","breadcrumb":{"@id":"https:\/\/www.cailabs.com\/fr\/procedes-laser-industriels\/soudage-laser\/autres-procedes-de-soudage\/#breadcrumb"},"inLanguage":"fr-FR","potentialAction":[{"@type":"ReadAction","target":["https:\/\/www.cailabs.com\/fr\/procedes-laser-industriels\/soudage-laser\/autres-procedes-de-soudage\/"]}]},{"@type":"ImageObject","inLanguage":"fr-FR","@id":"https:\/\/www.cailabs.com\/fr\/procedes-laser-industriels\/soudage-laser\/autres-procedes-de-soudage\/#primaryimage","url":"https:\/\/www.cailabs.com\/app\/uploads\/2025\/03\/bandeau-page-other-welding-1024x284.webp","contentUrl":"https:\/\/www.cailabs.com\/app\/uploads\/2025\/03\/bandeau-page-other-welding-1024x284.webp"},{"@type":"BreadcrumbList","@id":"https:\/\/www.cailabs.com\/fr\/procedes-laser-industriels\/soudage-laser\/autres-procedes-de-soudage\/#breadcrumb","itemListElement":[{"@type":"ListItem","position":1,"name":"Home","item":"https:\/\/www.cailabs.com\/fr\/"},{"@type":"ListItem","position":2,"name":"Proc\u00e9d\u00e9s laser industriels","item":"https:\/\/www.cailabs.com\/fr\/procedes-laser-industriels\/"},{"@type":"ListItem","position":3,"name":"Soudage Laser","item":"https:\/\/www.cailabs.com\/fr\/procedes-laser-industriels\/soudage-laser\/"},{"@type":"ListItem","position":4,"name":"Autres proc\u00e9d\u00e9s de soudage"}]},{"@type":"WebSite","@id":"https:\/\/www.cailabs.com\/fr\/#website","url":"https:\/\/www.cailabs.com\/fr\/","name":"Cailabs","description":"","potentialAction":[{"@type":"SearchAction","target":{"@type":"EntryPoint","urlTemplate":"https:\/\/www.cailabs.com\/fr\/?s={search_term_string}"},"query-input":{"@type":"PropertyValueSpecification","valueRequired":true,"valueName":"search_term_string"}}],"inLanguage":"fr-FR"}]}},"_links":{"self":[{"href":"https:\/\/www.cailabs.com\/fr\/wp-json\/wp\/v2\/pages\/4303","targetHints":{"allow":["GET"]}}],"collection":[{"href":"https:\/\/www.cailabs.com\/fr\/wp-json\/wp\/v2\/pages"}],"about":[{"href":"https:\/\/www.cailabs.com\/fr\/wp-json\/wp\/v2\/types\/page"}],"author":[{"embeddable":true,"href":"https:\/\/www.cailabs.com\/fr\/wp-json\/wp\/v2\/users\/1"}],"replies":[{"embeddable":true,"href":"https:\/\/www.cailabs.com\/fr\/wp-json\/wp\/v2\/comments?post=4303"}],"version-history":[{"count":13,"href":"https:\/\/www.cailabs.com\/fr\/wp-json\/wp\/v2\/pages\/4303\/revisions"}],"predecessor-version":[{"id":12214,"href":"https:\/\/www.cailabs.com\/fr\/wp-json\/wp\/v2\/pages\/4303\/revisions\/12214"}],"up":[{"embeddable":true,"href":"https:\/\/www.cailabs.com\/fr\/wp-json\/wp\/v2\/pages\/2445"}],"wp:attachment":[{"href":"https:\/\/www.cailabs.com\/fr\/wp-json\/wp\/v2\/media?parent=4303"}],"curies":[{"name":"wp","href":"https:\/\/api.w.org\/{rel}","templated":true}]}}