{"id":4699,"date":"2024-02-19T16:45:03","date_gmt":"2024-02-19T15:45:03","guid":{"rendered":"https:\/\/www.cailabs.com\/our-investors\/"},"modified":"2025-09-26T15:28:04","modified_gmt":"2025-09-26T13:28:04","slug":"nos-investisseurs","status":"publish","type":"page","link":"https:\/\/www.cailabs.com\/fr\/nos-investisseurs\/","title":{"rendered":"Nos investisseurs"},"content":{"rendered":"<section class=\"acf top-page align wp-block-acf-top-page\" id=\"block_a324a96bd09b72c2bdc4e6f725105694\">\n\t<div class=\"container container__large\">\n\t\t<div class=\"top-page__content\">\n\t\t\t\t\t\t\t<h1>Nos investisseurs<\/h1>\n\t\t\t\t\t\t\t\t\t\t<div class=\"top-page__txt\">\n\t\t\t\t\t<p>Cailabs, v\u00e9ritable ma\u00eetre de la technologie de la lumi\u00e8re laser, d\u00e9ploie son expertise technique de pointe dans diverses industries, y compris le spatial. Avec des r\u00e9sultats tangibles et une innovation constante, nous avons lev\u00e9 plus de 100 millions d&rsquo;euros depuis notre cr\u00e9ation en 2013, d\u00e9montrant ainsi notre valeur incontestable. Ensemble, fa\u00e7onnons un avenir prometteur gr\u00e2ce \u00e0 la lumi\u00e8re.<\/p>\n\n\t\t\t\t<\/div>\n\t\t\t\t\t\t\t\t<\/div>\n\t<\/div>\n\t\t\t<div class=\"top-page__image\">\n\t\t\t<picture>\n\t\t\t\t<source type=\"image\/webp\" srcset=\"https:\/\/www.cailabs.com\/app\/uploads\/2024\/02\/our-investors-1280x0-c-default-1-1280x0-c-default.webp, https:\/\/www.cailabs.com\/app\/uploads\/2024\/02\/our-investors-1280x0-c-default-1-1280x0-c-default@2x.webp 2x\" media=\"(max-width: 480px)\">\n\t\t\t\t<source type=\"image\/jpeg\" srcset=\"https:\/\/www.cailabs.com\/app\/uploads\/2024\/02\/our-investors-1280x0-c-default-1-1280x0-c-default.jpg, https:\/\/www.cailabs.com\/app\/uploads\/2024\/02\/our-investors-1280x0-c-default-1-1280x0-c-default@2x.jpg 2x\" media=\"(max-width: 480px)\">\n\t\t\t\t<source type=\"image\/webp\" srcset=\"https:\/\/www.cailabs.com\/app\/uploads\/2024\/02\/our-investors-1280x0-c-default-1-1280x0-c-default.webp, https:\/\/www.cailabs.com\/app\/uploads\/2024\/02\/our-investors-1280x0-c-default-1-1280x0-c-default@2x.webp 2x\" media=\"(min-width: 481px)\">\n\t\t\t\t<source type=\"image\/jpeg\" srcset=\"https:\/\/www.cailabs.com\/app\/uploads\/2024\/02\/our-investors-1280x0-c-default-1-1280x0-c-default.jpg, https:\/\/www.cailabs.com\/app\/uploads\/2024\/02\/our-investors-1280x0-c-default-1-1280x0-c-default@2x.jpg 2x\" media=\"(min-width: 481px)\">\n\t\t\t\t<img fetchpriority=\"high\" decoding=\"async\" loading=\"eager\" src=\"https:\/\/www.cailabs.com\/app\/uploads\/2024\/02\/our-investors-1280x0-c-default-1.jpg\" alt=\"Our Investors\" width=\"1280\" height=\"720\"\/>\n\t\t\t<\/picture>\n\t\t<\/div>\n    <\/section>\n\n<section class=\"acf slider-avec-chiffres align wp-block-acf-slider-avec-chiffres\" id=\"block_195acc842920175720baa5243f8777c6\">\n\t<div class=\"container\">\n\t\t\t\t\t\t<div class=\"slider-avec-chiffres__sliders\">\n\t\t\t<div class=\"slider-avec-chiffres__sliders__numbers swiper\">\n\t\t\t\t<div class=\"swiper-wrapper\">\n\t\t\t\t\t\t\t\t\t\t\t<div class=\"swiper-slide slider-avec-chiffres__sliders__numbers_number\">\n\t\t\t\t\t\t\t<span class=\"number\">2025<\/span>\n\t\t\t\t\t\t<\/div>\n\t\t\t\t\t\t\t\t\t\t\t<div class=\"swiper-slide slider-avec-chiffres__sliders__numbers_number\">\n\t\t\t\t\t\t\t<span class=\"number\">2022<\/span>\n\t\t\t\t\t\t<\/div>\n\t\t\t\t\t\t\t\t\t\t\t<div class=\"swiper-slide slider-avec-chiffres__sliders__numbers_number\">\n\t\t\t\t\t\t\t<span class=\"number\">2019<\/span>\n\t\t\t\t\t\t<\/div>\n\t\t\t\t\t\t\t\t\t\t\t<div class=\"swiper-slide slider-avec-chiffres__sliders__numbers_number\">\n\t\t\t\t\t\t\t<span class=\"number\">2016<\/span>\n\t\t\t\t\t\t<\/div>\n\t\t\t\t\t\t\t\t\t\t\t<div class=\"swiper-slide slider-avec-chiffres__sliders__numbers_number\">\n\t\t\t\t\t\t\t<span class=\"number\">2013<\/span>\n\t\t\t\t\t\t<\/div>\n\t\t\t\t\t\t\t\t\t<\/div>\n\t\t\t<\/div>\n\t\t\t<div class=\"slider-avec-chiffres__sliders__elems swiper\">\n\t\t\t\t<div class=\"swiper-button-prev\"><\/div>\n\t\t\t\t<div class=\"swiper-wrapper\">\n\t\t\t\t\t\t\t\t\t\t\t<div class=\"swiper-slide slider-avec-chiffres__sliders__elems_elem\">\n\t\t\t\t\t\t\t\t\t\t\t\t\t\t<div class=\"elem-content\">\n\t\t\t\t\t\t\t\t\t\t\t\t\t\t\t\t\t\t\t\t\t\t\t\t\t<h3>57 Millions Euros<\/h3>\n\t\t\t\t\t\t\t\t\t\t\t\t\t\t\t\t\t\t\t\t\t\t\t\t\t<div class=\"elem-texte\"><p><img decoding=\"async\" src=\"https:\/\/www.cailabs.com\/app\/uploads\/2025\/09\/logo-inveszt-2025.png\" \/><\/p>\n<\/div>\n\t\t\t\t\t\t\t\t\t\t\t\t\t\t\t<\/div>\n\t\t\t\t\t\t<\/div>\n\t\t\t\t\t\t\t\t\t\t\t<div class=\"swiper-slide slider-avec-chiffres__sliders__elems_elem\">\n\t\t\t\t\t\t\t\t\t\t\t\t\t\t<div class=\"elem-content\">\n\t\t\t\t\t\t\t\t\t\t\t\t\t\t\t\t\t\t\t\t\t\t\t\t\t<h3>30 Millions Euros<\/h3>\n\t\t\t\t\t\t\t\t\t\t\t\t\t\t\t\t\t\t\t\t\t\t\t\t\t<div class=\"elem-texte\"><p><img loading=\"lazy\" decoding=\"async\" class=\"aligncenter\" src=\"https:\/\/www.cailabs.com\/app\/uploads\/2025\/09\/logo-invest-2022.png\" width=\"404\" height=\"229\" \/><\/p>\n<\/div>\n\t\t\t\t\t\t\t\t\t\t\t\t\t\t\t<\/div>\n\t\t\t\t\t\t<\/div>\n\t\t\t\t\t\t\t\t\t\t\t<div class=\"swiper-slide slider-avec-chiffres__sliders__elems_elem\">\n\t\t\t\t\t\t\t\t\t\t\t\t\t\t<div class=\"elem-content\">\n\t\t\t\t\t\t\t\t\t\t\t\t\t\t\t\t\t\t\t\t\t\t\t\t\t<h3>7,9 Millions Euros<\/h3>\n\t\t\t\t\t\t\t\t\t\t\t\t\t\t\t\t\t\t\t\t\t\t\t\t\t<div class=\"elem-texte\"><p><img decoding=\"async\" class=\"aligncenter\" src=\"https:\/\/www.cailabs.com\/app\/uploads\/2024\/02\/logo-invest-2019-300x170.png\" alt=\"Logo Invest 2019\" \/><\/p>\n<\/div>\n\t\t\t\t\t\t\t\t\t\t\t\t\t\t\t<\/div>\n\t\t\t\t\t\t<\/div>\n\t\t\t\t\t\t\t\t\t\t\t<div class=\"swiper-slide slider-avec-chiffres__sliders__elems_elem\">\n\t\t\t\t\t\t\t\t\t\t\t\t\t\t<div class=\"elem-content\">\n\t\t\t\t\t\t\t\t\t\t\t\t\t\t\t\t\t\t\t\t\t\t\t\t\t<h3>5,5 Millions Euros<\/h3>\n\t\t\t\t\t\t\t\t\t\t\t\t\t\t\t\t\t\t\t\t\t\t\t\t\t<div class=\"elem-texte\"><p><img decoding=\"async\" class=\"aligncenter\" src=\"https:\/\/www.cailabs.com\/app\/uploads\/2024\/02\/logo-invest-2017-300x170.png\" alt=\"Logo Invest 2017\" \/><\/p>\n<\/div>\n\t\t\t\t\t\t\t\t\t\t\t\t\t\t\t<\/div>\n\t\t\t\t\t\t<\/div>\n\t\t\t\t\t\t\t\t\t\t\t<div class=\"swiper-slide slider-avec-chiffres__sliders__elems_elem\">\n\t\t\t\t\t\t\t\t\t\t\t\t\t\t<div class=\"elem-content\">\n\t\t\t\t\t\t\t\t\t\t\t\t\t\t\t\t\t\t\t\t\t\t\t\t\t<h3>2,6  Millions Euros<\/h3>\n\t\t\t\t\t\t\t\t\t\t\t\t\t\t\t\t\t\t\t\t\t\t\t\t\t<div class=\"elem-texte\"><p><img decoding=\"async\" class=\"aligncenter\" src=\"https:\/\/www.cailabs.com\/app\/uploads\/2024\/02\/logo-inveszt-2013-300x170.png\" alt=\"Logo Inveszt 2013\" \/><\/p>\n<\/div>\n\t\t\t\t\t\t\t\t\t\t\t\t\t\t\t<\/div>\n\t\t\t\t\t\t<\/div>\n\t\t\t\t\t\t\t\t\t<\/div>\n\t\t\t\t<div class=\"swiper-button-next\"><\/div>\n\t\t\t<\/div>\n\t\t<\/div>\n\t<\/div>\n<\/section>\n\n<section class=\"acf temoignages align wp-block-acf-temoignages\" id=\"block_d0443c99128e01237ed738a1a61ae967\">\n\t<div class=\"container container__large\">\n\t\t\t\t\t<h2>Temoignages<\/h2>\n\t\t\t\t\t\t\t<div class=\"temoignages__contain_list\">\n\t\t\t\t<div class=\"temoignages__list swiper\">\n\t\t\t\t\t<div class=\"swiper-button-prev\"><\/div>\n\t\t\t\t\t<div class=\"swiper-wrapper\">\n\t\t\t\t\t\t\t\t\t\t\t\t\t<div class=\"temoignages__item swiper-slide\">\n\t\t\t\t\t\t\t\t\t\t\t\t\t\t\t\t\t<picture>\n\t\t\t\t\t\t\t\t\t\t<source type=\"image\/webp\" srcset=\"https:\/\/www.cailabs.com\/app\/uploads\/2024\/02\/innovacom-300x100-1-lbox-350x70-trans.webp, https:\/\/www.cailabs.com\/app\/uploads\/2024\/02\/innovacom-300x100-1-lbox-350x70-trans@2x.webp 2x\">\n\t\t\t\t\t\t\t\t\t\t<source type=\"image\/jpeg\" srcset=\"https:\/\/www.cailabs.com\/app\/uploads\/2024\/02\/innovacom-300x100-1-lbox-350x70-trans.jpg, https:\/\/www.cailabs.com\/app\/uploads\/2024\/02\/innovacom-300x100-1-lbox-350x70-trans@2x.jpg 2x\">\n\t\t\t\t\t\t\t\t\t\t<img decoding=\"async\" loading=\"lazy\" src=\"https:\/\/www.cailabs.com\/app\/uploads\/2024\/02\/innovacom-300x100-1-lbox-350x70-trans.jpg\" alt=\"Logo Innovacom\" width=\"250\" height=\"50\"\/>\n\t\t\t\t\t\t\t\t\t<\/picture>\n\t\t\t\t\t\t\t\t\t\t\t\t\t\t\t\t\t\t\t\t\t\t\t\t\t<div class=\"txt\"><p>\u201cNous soutenons Cailabs depuis le d\u00e9but de son aventure. Nous avons \u00e9t\u00e9 particuli\u00e8rement s\u00e9duits par la profondeur technique de l&rsquo;\u00e9quipe \u00e0 l&rsquo;initiative de sa cr\u00e9ation. Nous y avons per\u00e7u une r\u00e9elle capacit\u00e9 \u00e0 cr\u00e9er un pionnier dans le domaine de la photonique, ce qui nous a rapidement inspir\u00e9 confiance quant \u00e0 l&rsquo;avenir de l&rsquo;entreprise.\u201d<\/p>\n<\/div>\n\t\t\t\t\t\t\t\t\t\t\t\t\t\t\t\t\t\t\t\t\t\t\t\t\t<div class=\"name-job\">\n\t\t\t\t\t\t\t\t\t\t\t\t\t\t\t\t\t\t\t\t\t<strong class=\"name\">Frederic Humbert<\/strong>\n\t\t\t\t\t\t\t\t\t\t\t\t\t\t\t\t\t\t\t\t\t\t\t\t\t\t\t\t\t\t\t<span class=\"job\">Partenaire<\/span>\n\t\t\t\t\t\t\t\t\t\t\t\t\t\t\t\t\t\t\t<\/div>\n\t\t\t\t\t\t\t\t\t\t\t\t\t\t\t<\/div>\n\t\t\t\t\t\t\t\t\t\t\t\t\t<div class=\"temoignages__item swiper-slide\">\n\t\t\t\t\t\t\t\t\t\t\t\t\t\t\t\t\t<picture>\n\t\t\t\t\t\t\t\t\t\t<source type=\"image\/webp\" srcset=\"https:\/\/www.cailabs.com\/app\/uploads\/2024\/02\/logo-newspace-300x0-c-default-1-lbox-350x70-trans.webp, https:\/\/www.cailabs.com\/app\/uploads\/2024\/02\/logo-newspace-300x0-c-default-1-lbox-350x70-trans@2x.webp 2x\">\n\t\t\t\t\t\t\t\t\t\t<source type=\"image\/jpeg\" srcset=\"https:\/\/www.cailabs.com\/app\/uploads\/2024\/02\/logo-newspace-300x0-c-default-1-lbox-350x70-trans.jpg, https:\/\/www.cailabs.com\/app\/uploads\/2024\/02\/logo-newspace-300x0-c-default-1-lbox-350x70-trans@2x.jpg 2x\">\n\t\t\t\t\t\t\t\t\t\t<img decoding=\"async\" loading=\"lazy\" src=\"https:\/\/www.cailabs.com\/app\/uploads\/2024\/02\/logo-newspace-300x0-c-default-1-lbox-350x70-trans.jpg\" alt=\"logo-newspace\" width=\"250\" height=\"50\"\/>\n\t\t\t\t\t\t\t\t\t<\/picture>\n\t\t\t\t\t\t\t\t\t\t\t\t\t\t\t\t\t\t\t\t\t\t\t\t\t<div class=\"txt\"><p>\u201cCailabs s&rsquo;impose comme le leader mondial de la mise en forme de la lumi\u00e8re dans un contexte o\u00f9 les cas d&rsquo;usage et les applications des technologies photoniques se d\u00e9veloppent rapidement au sein de nombreux secteurs, de l&rsquo;industrie \u00e0 la d\u00e9fense, en passant par le spatial. Une expertise et une exp\u00e9rience gigantesques dans l&rsquo;\u00e9quipe font incontestablement de Cailabs l&rsquo;une des entreprises les plus excitantes du secteur spatial.\u201d<\/p>\n<\/div>\n\t\t\t\t\t\t\t\t\t\t\t\t\t\t\t\t\t\t\t\t\t\t\t\t\t<div class=\"name-job\">\n\t\t\t\t\t\t\t\t\t\t\t\t\t\t\t\t\t\t\t\t\t<strong class=\"name\">Daniel Biedermann<\/strong>\n\t\t\t\t\t\t\t\t\t\t\t\t\t\t\t\t\t\t\t\t\t\t\t\t\t\t\t\t\t\t\t<span class=\"job\">Partenaire<\/span>\n\t\t\t\t\t\t\t\t\t\t\t\t\t\t\t\t\t\t\t<\/div>\n\t\t\t\t\t\t\t\t\t\t\t\t\t\t\t<\/div>\n\t\t\t\t\t\t\t\t\t\t\t\t\t<div class=\"temoignages__item swiper-slide\">\n\t\t\t\t\t\t\t\t\t\t\t\t\t\t\t\t\t<picture>\n\t\t\t\t\t\t\t\t\t\t<source type=\"image\/webp\" srcset=\"https:\/\/www.cailabs.com\/app\/uploads\/2024\/02\/sartquest-300x200-1-lbox-350x70-trans.webp, https:\/\/www.cailabs.com\/app\/uploads\/2024\/02\/sartquest-300x200-1-lbox-350x70-trans@2x.webp 2x\">\n\t\t\t\t\t\t\t\t\t\t<source type=\"image\/jpeg\" srcset=\"https:\/\/www.cailabs.com\/app\/uploads\/2024\/02\/sartquest-300x200-1-lbox-350x70-trans.jpg, https:\/\/www.cailabs.com\/app\/uploads\/2024\/02\/sartquest-300x200-1-lbox-350x70-trans@2x.jpg 2x\">\n\t\t\t\t\t\t\t\t\t\t<img decoding=\"async\" loading=\"lazy\" src=\"https:\/\/www.cailabs.com\/app\/uploads\/2024\/02\/sartquest-300x200-1-lbox-350x70-trans.jpg\" alt=\"Logo Sartquest\" width=\"250\" height=\"50\"\/>\n\t\t\t\t\t\t\t\t\t<\/picture>\n\t\t\t\t\t\t\t\t\t\t\t\t\t\t\t\t\t\t\t\t\t\t\t\t\t<div class=\"txt\"><p>\u201cNous avons pris tr\u00e8s t\u00f4t la d\u00e9cision de soutenir Cailabs, stimul\u00e9s par le challenge que repr\u00e9sentaient \u00e0 l&rsquo;\u00e9poque la complexit\u00e9 technologique de cette Deeptech et la forte sp\u00e9cificit\u00e9 des march\u00e9s vis\u00e9s. Nous avons \u00e9t\u00e9 impressionn\u00e9s par la capacit\u00e9 de l\u2019entreprise \u00e0 convertir ses expertises en verticales solvables et rentables, avec une pr\u00e9cision dans l\u2019ex\u00e9cution qu\u2019il est rare de croiser.\u201d<\/p>\n<\/div>\n\t\t\t\t\t\t\t\t\t\t\t\t\t\t\t\t\t\t\t\t\t\t\t\t\t<div class=\"name-job\">\n\t\t\t\t\t\t\t\t\t\t\t\t\t\t\t\t\t\t\t\t\t<strong class=\"name\">Arnaud Delattre<\/strong>\n\t\t\t\t\t\t\t\t\t\t\t\t\t\t\t\t\t\t\t\t\t\t\t\t\t\t\t\t\t\t\t<span class=\"job\">Pr\u00e9sident<\/span>\n\t\t\t\t\t\t\t\t\t\t\t\t\t\t\t\t\t\t\t<\/div>\n\t\t\t\t\t\t\t\t\t\t\t\t\t\t\t<\/div>\n\t\t\t\t\t\t\t\t\t\t\t\t\t<div class=\"temoignages__item swiper-slide\">\n\t\t\t\t\t\t\t\t\t\t\t\t\t\t\t\t\t<picture>\n\t\t\t\t\t\t\t\t\t\t<source type=\"image\/webp\" srcset=\"https:\/\/www.cailabs.com\/app\/uploads\/2024\/02\/logo-bpi-france-lbox-350x70-trans.webp, https:\/\/www.cailabs.com\/app\/uploads\/2024\/02\/logo-bpi-france-lbox-350x70-trans@2x.webp 2x\">\n\t\t\t\t\t\t\t\t\t\t<source type=\"image\/jpeg\" srcset=\"https:\/\/www.cailabs.com\/app\/uploads\/2024\/02\/logo-bpi-france-lbox-350x70-trans.jpg, https:\/\/www.cailabs.com\/app\/uploads\/2024\/02\/logo-bpi-france-lbox-350x70-trans@2x.jpg 2x\">\n\t\t\t\t\t\t\t\t\t\t<img decoding=\"async\" loading=\"lazy\" src=\"https:\/\/www.cailabs.com\/app\/uploads\/2024\/02\/logo-bpi-france-lbox-350x70-trans.jpg\" alt=\"Logo BPI France\" width=\"250\" height=\"50\"\/>\n\t\t\t\t\t\t\t\t\t<\/picture>\n\t\t\t\t\t\t\t\t\t\t\t\t\t\t\t\t\t\t\t\t\t\t\t\t\t<div class=\"txt\"><p>\u201cLa technologie disruptive de TILBA\u00ae offre des perspectives prometteuses pour les communications optiques satellite-sol. Elle repr\u00e9sente un avantage strat\u00e9gique consid\u00e9rable sur ce march\u00e9 aux enjeux souverains forts. Nous sommes fiers de contribuer \u00e0 la croissance de cette startup fran\u00e7aise, soutenue notamment par le projet national Keraunos, pour lequel Cailabs a d\u00e9velopp\u00e9 sa station-sol pilote.\u201d<\/p>\n<\/div>\n\t\t\t\t\t\t\t\t\t\t\t\t\t\t\t\t\t\t\t\t\t\t\t\t\t<div class=\"name-job\">\n\t\t\t\t\t\t\t\t\t\t\t\t\t\t\t\t\t\t\t\t\t<strong class=\"name\">Nicolas Berdou<\/strong>\n\t\t\t\t\t\t\t\t\t\t\t\t\t\t\t\t\t\t\t\t\t\t\t\t\t\t\t\t\t\t\t<span class=\"job\">Directeur d&rsquo;investissement<\/span>\n\t\t\t\t\t\t\t\t\t\t\t\t\t\t\t\t\t\t\t<\/div>\n\t\t\t\t\t\t\t\t\t\t\t\t\t\t\t<\/div>\n\t\t\t\t\t\t\t\t\t\t\t<\/div>\n\t\t\t\t\t<div class=\"swiper-button-next\"><\/div>\n\t\t\t\t<\/div>\n\t\t\t<\/div>\n\t\t\t<\/div>\n<\/section>","protected":false},"excerpt":{"rendered":"","protected":false},"author":1,"featured_media":0,"parent":0,"menu_order":0,"comment_status":"closed","ping_status":"closed","template":"","meta":{"_acf_changed":false,"content-type":"","_schema_org_content_json":"","footnotes":""},"class_list":["post-4699","page","type-page","status-publish","hentry"],"acf":[],"yoast_head":"<!-- This site is optimized with the Yoast SEO plugin v27.5 - https:\/\/yoast.com\/product\/yoast-seo-wordpress\/ -->\n<title>Nos investisseurs | Cailabs<\/title>\n<meta name=\"robots\" content=\"index, follow, max-snippet:-1, max-image-preview:large, max-video-preview:-1\" \/>\n<link rel=\"canonical\" href=\"https:\/\/www.cailabs.com\/fr\/nos-investisseurs\/\" \/>\n<meta property=\"og:locale\" content=\"fr_FR\" \/>\n<meta property=\"og:type\" content=\"article\" \/>\n<meta property=\"og:title\" content=\"Nos investisseurs | Cailabs\" \/>\n<meta property=\"og:url\" content=\"https:\/\/www.cailabs.com\/fr\/nos-investisseurs\/\" \/>\n<meta property=\"og:site_name\" content=\"Cailabs\" \/>\n<meta property=\"article:modified_time\" content=\"2025-09-26T13:28:04+00:00\" \/>\n<meta name=\"twitter:card\" content=\"summary_large_image\" \/>\n<script type=\"application\/ld+json\" class=\"yoast-schema-graph\">{\"@context\":\"https:\\\/\\\/schema.org\",\"@graph\":[{\"@type\":\"WebPage\",\"@id\":\"https:\\\/\\\/www.cailabs.com\\\/fr\\\/nos-investisseurs\\\/\",\"url\":\"https:\\\/\\\/www.cailabs.com\\\/fr\\\/nos-investisseurs\\\/\",\"name\":\"Nos investisseurs | Cailabs\",\"isPartOf\":{\"@id\":\"https:\\\/\\\/www.cailabs.com\\\/fr\\\/#website\"},\"datePublished\":\"2024-02-19T15:45:03+00:00\",\"dateModified\":\"2025-09-26T13:28:04+00:00\",\"breadcrumb\":{\"@id\":\"https:\\\/\\\/www.cailabs.com\\\/fr\\\/nos-investisseurs\\\/#breadcrumb\"},\"inLanguage\":\"fr-FR\",\"potentialAction\":[{\"@type\":\"ReadAction\",\"target\":[\"https:\\\/\\\/www.cailabs.com\\\/fr\\\/nos-investisseurs\\\/\"]}]},{\"@type\":\"BreadcrumbList\",\"@id\":\"https:\\\/\\\/www.cailabs.com\\\/fr\\\/nos-investisseurs\\\/#breadcrumb\",\"itemListElement\":[{\"@type\":\"ListItem\",\"position\":1,\"name\":\"Home\",\"item\":\"https:\\\/\\\/www.cailabs.com\\\/fr\\\/\"},{\"@type\":\"ListItem\",\"position\":2,\"name\":\"Nos investisseurs\"}]},{\"@type\":\"WebSite\",\"@id\":\"https:\\\/\\\/www.cailabs.com\\\/fr\\\/#website\",\"url\":\"https:\\\/\\\/www.cailabs.com\\\/fr\\\/\",\"name\":\"Cailabs\",\"description\":\"\",\"potentialAction\":[{\"@type\":\"SearchAction\",\"target\":{\"@type\":\"EntryPoint\",\"urlTemplate\":\"https:\\\/\\\/www.cailabs.com\\\/fr\\\/?s={search_term_string}\"},\"query-input\":{\"@type\":\"PropertyValueSpecification\",\"valueRequired\":true,\"valueName\":\"search_term_string\"}}],\"inLanguage\":\"fr-FR\"}]}<\/script>\n<!-- \/ Yoast SEO plugin. -->","yoast_head_json":{"title":"Nos investisseurs | Cailabs","robots":{"index":"index","follow":"follow","max-snippet":"max-snippet:-1","max-image-preview":"max-image-preview:large","max-video-preview":"max-video-preview:-1"},"canonical":"https:\/\/www.cailabs.com\/fr\/nos-investisseurs\/","og_locale":"fr_FR","og_type":"article","og_title":"Nos investisseurs | Cailabs","og_url":"https:\/\/www.cailabs.com\/fr\/nos-investisseurs\/","og_site_name":"Cailabs","article_modified_time":"2025-09-26T13:28:04+00:00","twitter_card":"summary_large_image","schema":{"@context":"https:\/\/schema.org","@graph":[{"@type":"WebPage","@id":"https:\/\/www.cailabs.com\/fr\/nos-investisseurs\/","url":"https:\/\/www.cailabs.com\/fr\/nos-investisseurs\/","name":"Nos investisseurs | Cailabs","isPartOf":{"@id":"https:\/\/www.cailabs.com\/fr\/#website"},"datePublished":"2024-02-19T15:45:03+00:00","dateModified":"2025-09-26T13:28:04+00:00","breadcrumb":{"@id":"https:\/\/www.cailabs.com\/fr\/nos-investisseurs\/#breadcrumb"},"inLanguage":"fr-FR","potentialAction":[{"@type":"ReadAction","target":["https:\/\/www.cailabs.com\/fr\/nos-investisseurs\/"]}]},{"@type":"BreadcrumbList","@id":"https:\/\/www.cailabs.com\/fr\/nos-investisseurs\/#breadcrumb","itemListElement":[{"@type":"ListItem","position":1,"name":"Home","item":"https:\/\/www.cailabs.com\/fr\/"},{"@type":"ListItem","position":2,"name":"Nos investisseurs"}]},{"@type":"WebSite","@id":"https:\/\/www.cailabs.com\/fr\/#website","url":"https:\/\/www.cailabs.com\/fr\/","name":"Cailabs","description":"","potentialAction":[{"@type":"SearchAction","target":{"@type":"EntryPoint","urlTemplate":"https:\/\/www.cailabs.com\/fr\/?s={search_term_string}"},"query-input":{"@type":"PropertyValueSpecification","valueRequired":true,"valueName":"search_term_string"}}],"inLanguage":"fr-FR"}]}},"_links":{"self":[{"href":"https:\/\/www.cailabs.com\/fr\/wp-json\/wp\/v2\/pages\/4699","targetHints":{"allow":["GET"]}}],"collection":[{"href":"https:\/\/www.cailabs.com\/fr\/wp-json\/wp\/v2\/pages"}],"about":[{"href":"https:\/\/www.cailabs.com\/fr\/wp-json\/wp\/v2\/types\/page"}],"author":[{"embeddable":true,"href":"https:\/\/www.cailabs.com\/fr\/wp-json\/wp\/v2\/users\/1"}],"replies":[{"embeddable":true,"href":"https:\/\/www.cailabs.com\/fr\/wp-json\/wp\/v2\/comments?post=4699"}],"version-history":[{"count":22,"href":"https:\/\/www.cailabs.com\/fr\/wp-json\/wp\/v2\/pages\/4699\/revisions"}],"predecessor-version":[{"id":12031,"href":"https:\/\/www.cailabs.com\/fr\/wp-json\/wp\/v2\/pages\/4699\/revisions\/12031"}],"wp:attachment":[{"href":"https:\/\/www.cailabs.com\/fr\/wp-json\/wp\/v2\/media?parent=4699"}],"curies":[{"name":"wp","href":"https:\/\/api.w.org\/{rel}","templated":true}]}}