{"id":6433,"date":"2024-01-08T10:57:07","date_gmt":"2024-01-08T09:57:07","guid":{"rendered":"https:\/\/www.cailabs.com\/privacy-policy\/"},"modified":"2026-02-16T13:24:56","modified_gmt":"2026-02-16T12:24:56","slug":"politique-de-confidentialite","status":"publish","type":"page","link":"https:\/\/www.cailabs.com\/fr\/politique-de-confidentialite\/","title":{"rendered":"Politique de confidentialit\u00e9"},"content":{"rendered":"\n<h1 class=\"wp-block-heading\">Politique de confidentialit\u00e9<\/h1>\n\n\n\n<h2 class=\"wp-block-heading\"><strong>\u00c9dition \/ publication du site :<\/strong><\/h2>\n\n\n\n<p><strong>CAILABS<\/strong><\/p>\n\n\n\n<p>1 rue Nicolas Joseph Cugnot &#8211; 35000 Rennes \/ FRANCE<\/p>\n\n\n\n<p><strong>E-mail&nbsp;:&nbsp;<\/strong>contact@cailabs.com<\/p>\n\n\n\n<p><strong>Raison sociale&nbsp;:&nbsp;<\/strong>Cailabs<\/p>\n\n\n\n<p><strong>Capital social :&nbsp;&nbsp;<\/strong>1 073 158&nbsp;\u20ac (au 15\/03\/2024)<\/p>\n\n\n\n<p><strong>RCS<\/strong>&nbsp;: Rennes B 793 861 493 du 05\/12\/2013<\/p>\n\n\n\n<p><strong>N\u00b0 TVA intracommunautaire<\/strong>&nbsp;: FR42 793 861 493<\/p>\n\n\n\n<p><strong>Directeur\/rice de la publication<\/strong>\u00a0:\u00a0 Hugues Gontier<\/p>\n\n\n\n<p><strong>Cr\u00e9dits photos\u00a0et visuels<\/strong> : Cailabs, Samira Timar et\u00a0Atypix<\/p>\n\n\n\n<h2 class=\"wp-block-heading\"><strong>Conception \/ R\u00e9alisation du site :<\/strong><\/h2>\n\n\n\n<p>Raison sociale : <a href=\"https:\/\/www.hiboost.fr\/\" target=\"_blank\" rel=\"noreferrer noopener\">Hiboost<\/a><br>Forme Juridique : Soci\u00e9t\u00e9 \u00e0 responsabilit\u00e9 limit\u00e9<br>Adresse du si\u00e8ge social : 74D Rue de Paris \u2013 35000 Rennes<\/p>\n\n\n\n<h2 class=\"wp-block-heading\"><strong>H\u00e9bergement du site :<\/strong><\/h2>\n\n\n\n<p>Les mentions l\u00e9gales qui suivent s\u2019appliquent \u00e0 tout internaute visitant ces sites, seule la version fran\u00e7aise faisant foi. Nous vous remercions d\u2019en prendre connaissance attentivement avant tout acc\u00e8s aux pages contenues dans ce site.<\/p>\n\n\n\n<h2 class=\"wp-block-heading\"><strong>Conditions d\u2019utilisation&nbsp;:<\/strong><\/h2>\n\n\n\n<p>L\u2019utilisation du pr\u00e9sent site implique l\u2019acceptation pleine et enti\u00e8re des conditions g\u00e9n\u00e9rales d\u2019utilisation d\u00e9crites ci-apr\u00e8s. Ces conditions d\u2019utilisation sont susceptibles d\u2019\u00eatre modifi\u00e9es ou compl\u00e9t\u00e9es \u00e0 tout moment.<\/p>\n\n\n\n<h2 class=\"wp-block-heading\"><strong>Contenus du Site :<\/strong><\/h2>\n\n\n\n<p>Cailabs fournit ces informations \u00e0 des fins purement informatives et s\u2019efforce d\u2019en contr\u00f4ler la v\u00e9racit\u00e9 et de maintenir son site \u00e0 jour. Cependant, aucune garantie n\u2019est apport\u00e9e concernant l\u2019exactitude, la pr\u00e9cision, la mise \u00e0 jour ou l\u2019exhaustivit\u00e9 des informations mises \u00e0 la disposition sur le site.<\/p>\n\n\n\n<p>Par cons\u00e9quent et \u00e0 l\u2019exception d\u2019une faute lourde ou intentionnelle, Cailabs d\u00e9cline toute responsabilit\u00e9 pour tout dommage r\u00e9sultant notamment d\u2019une impr\u00e9cision ou inexactitude des informations disponibles sur notre site ou pour toute atteinte r\u00e9sultant d\u2019une intrusion frauduleuse d\u2019un tiers sur notre site avec l\u2019intention de nuire aux int\u00e9r\u00eats ou \u00e0 l\u2019image de Cailabs, notamment en d\u00e9naturant les informations r\u00e9pertori\u00e9es sur le site. La responsabilit\u00e9 de Cailabs ne saurait \u00eatre retenue pour tout dommage ou virus qui pourrait endommager ou rendre inutilisable votre \u00e9quipement informatique suite \u00e0 la visite de notre site malgr\u00e9 les actions de s\u00e9curisation mises en \u0153uvre.<\/p>\n\n\n\n<h2 class=\"wp-block-heading\"><strong>Respect de la vie priv\u00e9e et des donn\u00e9es personnelles :<\/strong><\/h2>\n\n\n\n<p>Les informations recueillies via les formulaires de ce site sont enregistr\u00e9es dans un fichier informatis\u00e9 par la soci\u00e9t\u00e9 Cailabs pour r\u00e9pondre aux demandes des visiteurs ou leurs communiquer des informations concernant Cailabs, uniquement si ces derniers en ont formul\u00e9 l\u2019autorisation explicite.<\/p>\n\n\n\n<p>Ces informations sont r\u00e9serv\u00e9es \u00e0 l\u2019usage interne de Cailabs et sont conserv\u00e9es pendant une dur\u00e9e maximum de 3 ans. Conform\u00e9ment \u00e0 la loi n\u00b078-17 du 6 janvier 1978 modifi\u00e9e (Loi Informatique et Libert\u00e9s) et au R\u00e8glement G\u00e9n\u00e9ral sur la Protection des Donn\u00e9es (RGPD) du 27 avril 2016 (UE 2016\/679), vous pouvez exercer votre droit d\u2019acc\u00e8s aux donn\u00e9es vous concernant et les faire rectifier en contactant : legal@cailabs.com. Les donn\u00e9es sont collect\u00e9es dans le but exclusif d\u2019\u00e9tablir une relation commerciale et professionnelle avec les clients.<\/p>\n\n\n\n<p>Les donn\u00e9es \u00e0 caract\u00e8re personnel sont conserv\u00e9es par Cailabs pendant une p\u00e9riode raisonnable. Si la personne ne fournit pas toutes les informations demand\u00e9es de mani\u00e8re obligatoire dans les formulaires du site (*Champs obligatoires), il ne peut valider le formulaire et ne peut donc pas rentrer en contact avec Cailabs. Le droit d\u2019acc\u00e8s, de rectification, d\u2019effacement, de limitation, d\u2019opposition et de portabilit\u00e9 pr\u00e9vu \u00e0 l\u2019article 34 et suivants de la loi pr\u00e9cit\u00e9e s\u2019exerce par courrier \u00e0 l\u2019adresse : 1 rue Nicolas Joseph Cugnot \u2013 35000 Rennes,&nbsp;ou par email \u00e0 l\u2019adresse : legal@cailabs.com.<\/p>\n\n\n\n<p>Tout utilisateur dispose d\u2019un droit d\u2019acc\u00e8s, de rectification et d\u2019opposition aux donn\u00e9es personnelles le concernant, en effectuant sa demande \u00e9crite et sign\u00e9e, accompagn\u00e9e d\u2019une preuve d\u2019identit\u00e9.<\/p>\n\n\n\n<p>Vous pouvez \u00e0 tout moment vous d\u00e9sabonner de la newsletter Cailabs d\u2019un simple clic sur le lien pr\u00e9vu en bas de page de la derni\u00e8re newsletter que vous avez re\u00e7ue ou en nous contactant par le biais de notre formulaire de contact.<\/p>\n\n\n\n<h2 class=\"wp-block-heading\"><strong>Avis relatif \u00e0 la s\u00e9curit\u00e9 :<\/strong><\/h2>\n\n\n\n<p>Afin d\u2019assurer sa s\u00e9curit\u00e9 et de garantir son acc\u00e8s \u00e0 tous, ce site Internet emploie des logiciels pour contr\u00f4ler les flux sur le site, pour identifier les tentatives non autoris\u00e9es de connexion ou de changement de l\u2019information, ou toute autre initiative pouvant causer d\u2019autres dommages. Les tentatives non autoris\u00e9es de chargement d\u2019information, d\u2019alt\u00e9ration des informations, visant \u00e0 causer un dommage et d\u2019une mani\u00e8re g\u00e9n\u00e9rale toute atteinte \u00e0 la disponibilit\u00e9 et l\u2019int\u00e9grit\u00e9 de ce site sont strictement interdites et seront sanctionn\u00e9es par le code p\u00e9nal.<\/p>\n\n\n\n<p>Ainsi l\u2019article 323-1 du code p\u00e9nal pr\u00e9voit que le fait d\u2019acc\u00e9der ou de se maintenir frauduleusement, dans tout ou partie d\u2019un syst\u00e8me de traitement automatis\u00e9 de donn\u00e9es (c\u2019est le cas d\u2019un site Internet) est puni de deux ans d\u2019emprisonnement et de 30000 Euros d\u2019amende. L\u2019article 323-3 du m\u00eame code pr\u00e9voit que le fait d\u2019introduire frauduleusement des donn\u00e9es dans un syst\u00e8me de traitement automatis\u00e9 ou de supprimer ou de modifier frauduleusement les donn\u00e9es qu\u2019il contient est puni de cinq ans d\u2019emprisonnement et de 75000 Euros d\u2019amende.<\/p>\n\n\n\n<h2 class=\"wp-block-heading\"><strong>Les cookies&nbsp;:&nbsp;<\/strong><\/h2>\n\n\n\n<p>Ce site utilise des cookies. Les cookies sont des fichiers texte contenant des informations permettant d\u2019identifier les visiteurs r\u00e9currents pour la dur\u00e9e de leur visite sur ce site. Les cookies sont enregistr\u00e9s sur le disque dur de votre ordinateur et n\u2019y causent aucun dommage. Ils nous permettent d\u2019augmenter la convivialit\u00e9 du site, de mesurer l\u2019audience et d\u2019adapter pr\u00e9cis\u00e9ment les contenus \u00e0 vos besoins.<\/p>\n\n\n\n<p>Les cookies servent \u00e9galement \u00e0 v\u00e9rifier si votre ordinateur a d\u00e9j\u00e0 \u00e9t\u00e9 connect\u00e9 \u00e0 nos pages. Seul le cookie enregistr\u00e9 sur votre ordinateur est alors identifi\u00e9. Si vous avez donn\u00e9 votre accord, des donn\u00e9es personnelles seront enregistr\u00e9es sous la forme de cookies, par exemple pour faciliter l\u2019acc\u00e8s s\u00e9curis\u00e9 \u00e0 notre site en \u00e9vitant la saisie \u00e0 r\u00e9p\u00e9tition de votre identifiant et mot de passe.<\/p>\n\n\n\n<p>Les cookies du site ne contiennent pas de donn\u00e9es permettant de vous identifier personnellement, et ils sont con\u00e7us pour \u00eatre utilis\u00e9s uniquement par Cailabs.<\/p>\n\n\n\n<p>Nous vous informons que vous pouvez vous opposer \u00e0 l\u2019enregistrement de ces \u00ab&nbsp;cookies&nbsp;\u00bb en utilisant une option de configuration de votre navigateur, modalit\u00e9s d\u00e9taill\u00e9es sur le site&nbsp;<a href=\"http:\/\/www.cnil.fr\/\"><strong>http:\/\/www.cnil.fr<\/strong><\/a>.<\/p>\n\n\n\n<h2 class=\"wp-block-heading\"><strong>Liens vers d\u2019autres sites&nbsp;:&nbsp;<\/strong><\/h2>\n\n\n\n<p>Cailabs propose sur son site www.cailabs.com des liens vers des sites tiers.<\/p>\n\n\n\n<p>Cailabs ne pourra \u00eatre tenu responsable du contenu de ces sites et de l\u2019usage qui pourra en \u00eatre fait par les utilisateurs.<\/p>\n\n\n\n<p>De m\u00eame, des sites externes peuvent contenir des liens hypertextes pointant vers notre site sans que Cailabs n\u2019ait aucun moyen l\u00e9gal de s\u2019y opposer. Cailabs ne saurait en aucun cas \u00eatre tenu pour responsable de contenus issus de sites externes.<\/p>\n\n\n\n<h2 class=\"wp-block-heading\"><strong>Propri\u00e9t\u00e9 Intellectuelle&nbsp;:<\/strong><\/h2>\n\n\n\n<p>L\u2019ensemble de ce site rel\u00e8ve de la l\u00e9gislation fran\u00e7aise et internationale sur le droit d\u2019auteur et la propri\u00e9t\u00e9 intellectuelle. Tous les droits de reproduction sont r\u00e9serv\u00e9s, y compris pour les documents t\u00e9l\u00e9chargeables et les repr\u00e9sentations iconographiques et photographiques.<\/p>\n\n\n\n<p>Toute reproduction, repr\u00e9sentation, modification, publication, adaptation de tout ou partie des \u00e9l\u00e9ments du site, quel que soit le moyen ou le proc\u00e9d\u00e9 utilis\u00e9, est formellement interdite sauf autorisation expresse du directeur de la publication.<\/p>\n\n\n\n<p>Toute exploitation non autoris\u00e9e du site ou de l\u2019un quelconque des \u00e9l\u00e9ments qu\u2019il contient est consid\u00e9r\u00e9e comme constitutive d\u2019une contrefa\u00e7on et passible de poursuites.<\/p>\n\n\n\n<p>Les marques et logos reproduits sur le site sont d\u00e9pos\u00e9s par les soci\u00e9t\u00e9s qui en sont propri\u00e9taires.&nbsp;<\/p>\n\n\n\n<p>La reproduction des textes sur papier est autoris\u00e9e mais soumise aux trois conditions suivantes :<\/p>\n\n\n\n<p>&#8211; gratuit\u00e9 de la diffusion,<\/p>\n\n\n\n<p>&#8211; respect de l&rsquo;int\u00e9grit\u00e9 des documents reproduits : pas de modification ni d&rsquo;alt\u00e9ration,<\/p>\n\n\n\n<p>&#8211; citation claire et lisible de la source sous la forme suivante : \u00ab\u00a0Document issu des sites internet de Cailabs &#8211; www.cailabs.com\u00a0\u00bb. Les droits de reproduction sont r\u00e9serv\u00e9s et strictement limit\u00e9s.<\/p>\n\n\n\n<p>Pour toute autre utilisation, merci de nous contacter en envoyant un email via notre formulaire de contact sur la page d&rsquo;accueil.<\/p>\n\n\n\n<h2 class=\"wp-block-heading\"><strong>Conditions de modification des mentions l\u00e9gales :<\/strong><\/h2>\n\n\n\n<p>L\u2019\u00e9diteur du site se r\u00e9serve le droit de modifier les mentions l\u00e9gales afin d\u2019en garantir la conformit\u00e9 avec le droit en vigueur. Par cons\u00e9quent, l\u2019utilisateur est invit\u00e9 \u00e0 venir consulter r\u00e9guli\u00e8rement ces mentions l\u00e9gales afin de se tenir inform\u00e9 des derniers changements qui lui sont apport\u00e9s.<\/p>\n","protected":false},"excerpt":{"rendered":"<p>Politique de confidentialit\u00e9 \u00c9dition \/ publication du site : CAILABS 1 rue Nicolas Joseph Cugnot &#8211; 35000 Rennes \/ FRANCE E-mail&nbsp;:&nbsp;contact@cailabs.com Raison sociale&nbsp;:&nbsp;Cailabs Capital social :&nbsp;&nbsp;1 073 158&nbsp;\u20ac (au 15\/03\/2024) RCS&nbsp;: Rennes B 793 861 493 du 05\/12\/2013 N\u00b0 TVA intracommunautaire&nbsp;: FR42 793 861 493 Directeur\/rice de la publication\u00a0:\u00a0 Hugues Gontier Cr\u00e9dits photos\u00a0et visuels : [&hellip;]<\/p>\n","protected":false},"author":1,"featured_media":0,"parent":0,"menu_order":0,"comment_status":"closed","ping_status":"closed","template":"","meta":{"_acf_changed":false,"content-type":"","_schema_org_content_json":"","footnotes":""},"class_list":["post-6433","page","type-page","status-publish","hentry"],"acf":[],"yoast_head":"<!-- This site is optimized with the Yoast SEO plugin v27.4 - https:\/\/yoast.com\/product\/yoast-seo-wordpress\/ -->\n<title>Cailabs | Politique de confidentialit\u00e9<\/title>\n<meta name=\"robots\" content=\"index, follow, max-snippet:-1, max-image-preview:large, max-video-preview:-1\" \/>\n<link rel=\"canonical\" href=\"https:\/\/www.cailabs.com\/fr\/politique-de-confidentialite\/\" \/>\n<meta property=\"og:locale\" content=\"fr_FR\" \/>\n<meta property=\"og:type\" content=\"article\" \/>\n<meta property=\"og:title\" content=\"Cailabs | Politique de confidentialit\u00e9\" \/>\n<meta property=\"og:description\" content=\"Politique de confidentialit\u00e9 \u00c9dition \/ publication du site : CAILABS 1 rue Nicolas Joseph Cugnot &#8211; 35000 Rennes \/ FRANCE E-mail&nbsp;:&nbsp;contact@cailabs.com Raison sociale&nbsp;:&nbsp;Cailabs Capital social :&nbsp;&nbsp;1 073 158&nbsp;\u20ac (au 15\/03\/2024) RCS&nbsp;: Rennes B 793 861 493 du 05\/12\/2013 N\u00b0 TVA intracommunautaire&nbsp;: FR42 793 861 493 Directeur\/rice de la publication\u00a0:\u00a0 Hugues Gontier Cr\u00e9dits photos\u00a0et visuels : [&hellip;]\" \/>\n<meta property=\"og:url\" content=\"https:\/\/www.cailabs.com\/fr\/politique-de-confidentialite\/\" \/>\n<meta property=\"og:site_name\" content=\"Cailabs\" \/>\n<meta property=\"article:modified_time\" content=\"2026-02-16T12:24:56+00:00\" \/>\n<meta name=\"twitter:card\" content=\"summary_large_image\" \/>\n<meta name=\"twitter:label1\" content=\"Dur\u00e9e de lecture estim\u00e9e\" \/>\n\t<meta name=\"twitter:data1\" content=\"7 minutes\" \/>\n<script type=\"application\/ld+json\" class=\"yoast-schema-graph\">{\"@context\":\"https:\\\/\\\/schema.org\",\"@graph\":[{\"@type\":\"WebPage\",\"@id\":\"https:\\\/\\\/www.cailabs.com\\\/fr\\\/politique-de-confidentialite\\\/\",\"url\":\"https:\\\/\\\/www.cailabs.com\\\/fr\\\/politique-de-confidentialite\\\/\",\"name\":\"Cailabs | Politique de confidentialit\u00e9\",\"isPartOf\":{\"@id\":\"https:\\\/\\\/www.cailabs.com\\\/fr\\\/#website\"},\"datePublished\":\"2024-01-08T09:57:07+00:00\",\"dateModified\":\"2026-02-16T12:24:56+00:00\",\"breadcrumb\":{\"@id\":\"https:\\\/\\\/www.cailabs.com\\\/fr\\\/politique-de-confidentialite\\\/#breadcrumb\"},\"inLanguage\":\"fr-FR\",\"potentialAction\":[{\"@type\":\"ReadAction\",\"target\":[\"https:\\\/\\\/www.cailabs.com\\\/fr\\\/politique-de-confidentialite\\\/\"]}]},{\"@type\":\"BreadcrumbList\",\"@id\":\"https:\\\/\\\/www.cailabs.com\\\/fr\\\/politique-de-confidentialite\\\/#breadcrumb\",\"itemListElement\":[{\"@type\":\"ListItem\",\"position\":1,\"name\":\"Home\",\"item\":\"https:\\\/\\\/www.cailabs.com\\\/fr\\\/\"},{\"@type\":\"ListItem\",\"position\":2,\"name\":\"Politique de confidentialit\u00e9\"}]},{\"@type\":\"WebSite\",\"@id\":\"https:\\\/\\\/www.cailabs.com\\\/fr\\\/#website\",\"url\":\"https:\\\/\\\/www.cailabs.com\\\/fr\\\/\",\"name\":\"Cailabs\",\"description\":\"\",\"potentialAction\":[{\"@type\":\"SearchAction\",\"target\":{\"@type\":\"EntryPoint\",\"urlTemplate\":\"https:\\\/\\\/www.cailabs.com\\\/fr\\\/?s={search_term_string}\"},\"query-input\":{\"@type\":\"PropertyValueSpecification\",\"valueRequired\":true,\"valueName\":\"search_term_string\"}}],\"inLanguage\":\"fr-FR\"}]}<\/script>\n<!-- \/ Yoast SEO plugin. -->","yoast_head_json":{"title":"Cailabs | Politique de confidentialit\u00e9","robots":{"index":"index","follow":"follow","max-snippet":"max-snippet:-1","max-image-preview":"max-image-preview:large","max-video-preview":"max-video-preview:-1"},"canonical":"https:\/\/www.cailabs.com\/fr\/politique-de-confidentialite\/","og_locale":"fr_FR","og_type":"article","og_title":"Cailabs | Politique de confidentialit\u00e9","og_description":"Politique de confidentialit\u00e9 \u00c9dition \/ publication du site : CAILABS 1 rue Nicolas Joseph Cugnot &#8211; 35000 Rennes \/ FRANCE E-mail&nbsp;:&nbsp;contact@cailabs.com Raison sociale&nbsp;:&nbsp;Cailabs Capital social :&nbsp;&nbsp;1 073 158&nbsp;\u20ac (au 15\/03\/2024) RCS&nbsp;: Rennes B 793 861 493 du 05\/12\/2013 N\u00b0 TVA intracommunautaire&nbsp;: FR42 793 861 493 Directeur\/rice de la publication\u00a0:\u00a0 Hugues Gontier Cr\u00e9dits photos\u00a0et visuels : [&hellip;]","og_url":"https:\/\/www.cailabs.com\/fr\/politique-de-confidentialite\/","og_site_name":"Cailabs","article_modified_time":"2026-02-16T12:24:56+00:00","twitter_card":"summary_large_image","twitter_misc":{"Dur\u00e9e de lecture estim\u00e9e":"7 minutes"},"schema":{"@context":"https:\/\/schema.org","@graph":[{"@type":"WebPage","@id":"https:\/\/www.cailabs.com\/fr\/politique-de-confidentialite\/","url":"https:\/\/www.cailabs.com\/fr\/politique-de-confidentialite\/","name":"Cailabs | Politique de confidentialit\u00e9","isPartOf":{"@id":"https:\/\/www.cailabs.com\/fr\/#website"},"datePublished":"2024-01-08T09:57:07+00:00","dateModified":"2026-02-16T12:24:56+00:00","breadcrumb":{"@id":"https:\/\/www.cailabs.com\/fr\/politique-de-confidentialite\/#breadcrumb"},"inLanguage":"fr-FR","potentialAction":[{"@type":"ReadAction","target":["https:\/\/www.cailabs.com\/fr\/politique-de-confidentialite\/"]}]},{"@type":"BreadcrumbList","@id":"https:\/\/www.cailabs.com\/fr\/politique-de-confidentialite\/#breadcrumb","itemListElement":[{"@type":"ListItem","position":1,"name":"Home","item":"https:\/\/www.cailabs.com\/fr\/"},{"@type":"ListItem","position":2,"name":"Politique de confidentialit\u00e9"}]},{"@type":"WebSite","@id":"https:\/\/www.cailabs.com\/fr\/#website","url":"https:\/\/www.cailabs.com\/fr\/","name":"Cailabs","description":"","potentialAction":[{"@type":"SearchAction","target":{"@type":"EntryPoint","urlTemplate":"https:\/\/www.cailabs.com\/fr\/?s={search_term_string}"},"query-input":{"@type":"PropertyValueSpecification","valueRequired":true,"valueName":"search_term_string"}}],"inLanguage":"fr-FR"}]}},"_links":{"self":[{"href":"https:\/\/www.cailabs.com\/fr\/wp-json\/wp\/v2\/pages\/6433","targetHints":{"allow":["GET"]}}],"collection":[{"href":"https:\/\/www.cailabs.com\/fr\/wp-json\/wp\/v2\/pages"}],"about":[{"href":"https:\/\/www.cailabs.com\/fr\/wp-json\/wp\/v2\/types\/page"}],"author":[{"embeddable":true,"href":"https:\/\/www.cailabs.com\/fr\/wp-json\/wp\/v2\/users\/1"}],"replies":[{"embeddable":true,"href":"https:\/\/www.cailabs.com\/fr\/wp-json\/wp\/v2\/comments?post=6433"}],"version-history":[{"count":15,"href":"https:\/\/www.cailabs.com\/fr\/wp-json\/wp\/v2\/pages\/6433\/revisions"}],"predecessor-version":[{"id":12425,"href":"https:\/\/www.cailabs.com\/fr\/wp-json\/wp\/v2\/pages\/6433\/revisions\/12425"}],"wp:attachment":[{"href":"https:\/\/www.cailabs.com\/fr\/wp-json\/wp\/v2\/media?parent=6433"}],"curies":[{"name":"wp","href":"https:\/\/api.w.org\/{rel}","templated":true}]}}